{"id":21685,"date":"2024-07-16T10:51:18","date_gmt":"2024-07-16T08:51:18","guid":{"rendered":"https:\/\/infotel-software.com\/paris-france\/"},"modified":"2025-07-02T10:21:15","modified_gmt":"2025-07-02T08:21:15","slug":"paris-frankreich","status":"publish","type":"page","link":"https:\/\/infotel-software.com\/de\/paris-frankreich\/","title":{"rendered":"Paris &#8211; Frankreich"},"content":{"rendered":"<p>[et_pb_section fb_built=&#8220;1&#8243; fullwidth=&#8220;on&#8220; _builder_version=&#8220;4.17.4&#8243; _module_preset=&#8220;default&#8220; da_disable_devices=&#8220;off|off|off&#8220; collapsed=&#8220;on&#8220; global_colors_info=&#8220;{}&#8220; da_is_popup=&#8220;off&#8220; da_exit_intent=&#8220;off&#8220; da_has_close=&#8220;on&#8220; da_alt_close=&#8220;off&#8220; da_dark_close=&#8220;off&#8220; da_not_modal=&#8220;on&#8220; da_is_singular=&#8220;off&#8220; da_with_loader=&#8220;off&#8220; da_has_shadow=&#8220;on&#8220;][et_pb_fullwidth_slider _builder_version=&#8220;4.27.4&#8243; _module_preset=&#8220;default&#8220; header_font=&#8220;|700|||||||&#8220; background_image=&#8220;https:\/\/infotel-software.com\/wp-content\/uploads\/2024\/07\/Agence-France.png&#8220; hover_enabled=&#8220;0&#8243; global_colors_info=&#8220;{}&#8220; sticky_enabled=&#8220;0&#8243;][et_pb_slide heading=&#8220;Paris &#8211; Frankreich&#8220; admin_title=&#8220;History&#8220; _builder_version=&#8220;4.27.4&#8243; _module_preset=&#8220;default&#8220; header_level=&#8220;h1&#8243; header_font_size=&#8220;60px&#8220; hover_enabled=&#8220;0&#8243; global_colors_info=&#8220;{}&#8220; sticky_transition=&#8220;on&#8220; sticky_enabled=&#8220;0&#8243;][\/et_pb_slide][\/et_pb_fullwidth_slider][\/et_pb_section][et_pb_section fb_built=&#8220;1&#8243; _builder_version=&#8220;4.17.4&#8243; _module_preset=&#8220;default&#8220; da_disable_devices=&#8220;off|off|off&#8220; global_colors_info=&#8220;{}&#8220; da_is_popup=&#8220;off&#8220; da_exit_intent=&#8220;off&#8220; da_has_close=&#8220;on&#8220; da_alt_close=&#8220;off&#8220; da_dark_close=&#8220;off&#8220; da_not_modal=&#8220;on&#8220; da_is_singular=&#8220;off&#8220; da_with_loader=&#8220;off&#8220; da_has_shadow=&#8220;on&#8220;][et_pb_row column_structure=&#8220;3_5,2_5&#8243; make_equal=&#8220;on&#8220; disabled_on=&#8220;on|on|off&#8220; admin_label=&#8220;PC&#8220; _builder_version=&#8220;4.27.0&#8243; _module_preset=&#8220;default&#8220; custom_css_main_element=&#8220;align-items: center;&#8220; global_colors_info=&#8220;{}&#8220;][et_pb_column type=&#8220;3_5&#8243; _builder_version=&#8220;4.17.4&#8243; _module_preset=&#8220;default&#8220; global_colors_info=&#8220;{}&#8220;][et_pb_text _builder_version=&#8220;4.27.0&#8243; _module_preset=&#8220;default&#8220; text_font_size=&#8220;20px&#8220; header_3_font_size=&#8220;25px&#8220; hover_enabled=&#8220;0&#8243; global_colors_info=&#8220;{}&#8220; sticky_enabled=&#8220;0&#8243;]<\/p>\n<h3 class=\"title\" style=\"text-align: left;\"><strong>Infotel in Paris<\/strong><\/h3>\n<p>[\/et_pb_text][et_pb_text _builder_version=&#8220;4.27.4&#8243; _module_preset=&#8220;default&#8220; text_font_size=&#8220;20px&#8220; hover_enabled=&#8220;0&#8243; global_colors_info=&#8220;{}&#8220; sticky_enabled=&#8220;0&#8243;]<\/p>\n<p>\u200bNur wenige Schritte vom <strong>Bois de Vincennes<\/strong> entfernt und in der N\u00e4he der <strong>Metrostationen Linie 1 Saint-Mand\u00e9<\/strong> und <strong>Linie 9<\/strong> <strong>Porte de Montreuil<\/strong> befindet sich unser B\u00fcro in <strong>Valmy<\/strong> in einer idealen Lage, die leichten Zugang und eine angenehme Arbeitsumgebung miteinander verbindet.<\/p>\n<p>Paris mit seiner unvergleichlichen Energie und seiner reichen Geschichte ist der perfekte Ort, um Ihre Karriere im IT-Bereich zu entwickeln.<\/p>\n<p>Hier zu arbeiten bedeutet, im Rhythmus der Hauptstadt zu leben und gleichzeitig von einem Umfeld zu profitieren, das den Austausch und die Kreativit\u00e4t f\u00f6rdert.<\/p>\n<p>[\/et_pb_text][et_pb_text disabled_on=&#8220;on|on|off&#8220; _builder_version=&#8220;4.27.4&#8243; _module_preset=&#8220;default&#8220; header_2_text_color=&#8220;#FFFFFF&#8220; header_4_text_color=&#8220;#FFFFFF&#8220; background_color=&#8220;#2ea3f2&#8243; max_width=&#8220;50%&#8220; module_alignment=&#8220;center&#8220; custom_margin=&#8220;||||false|false&#8220; custom_padding=&#8220;20px|20px|20px|20px|false|false&#8220; hover_enabled=&#8220;0&#8243; border_radii=&#8220;on|5px|5px|5px|5px&#8220; border_width_all=&#8220;4px&#8220; border_color_all=&#8220;#2ea3f2&#8243; global_colors_info=&#8220;{}&#8220; sticky_enabled=&#8220;0&#8243;]<\/p>\n<h2 style=\"text-align: center;\"><strong>Infotel<\/strong><\/h2>\n<h4 style=\"text-align: center;\">Le Valmy, 6\/8\/18<\/h4>\n<h4 style=\"text-align: center;\">avenue L\u00e9on Gaumont 75020<\/h4>\n<h4 style=\"text-align: center;\">Paris, France<\/h4>\n<h4 style=\"text-align: center;\">+33 (0)1 48 97 38 38<br \/>software@infotel.com<\/h4>\n<p>[\/et_pb_text][\/et_pb_column][et_pb_column type=&#8220;2_5&#8243; _builder_version=&#8220;4.17.4&#8243; _module_preset=&#8220;default&#8220; global_colors_info=&#8220;{}&#8220;][et_pb_image src=&#8220;https:\/\/infotel-software.com\/wp-content\/uploads\/2024\/09\/Photo1-4-v2-1.png&#8220; title_text=&#8220;Photo1-4 v2&#8243; align=&#8220;center&#8220; _builder_version=&#8220;4.27.0&#8243; _module_preset=&#8220;default&#8220; max_width=&#8220;100%&#8220; global_colors_info=&#8220;{}&#8220;][\/et_pb_image][\/et_pb_column][\/et_pb_row][et_pb_row disabled_on=&#8220;off|off|on&#8220; admin_label=&#8220;Mobile&#8220; _builder_version=&#8220;4.24.3&#8243; _module_preset=&#8220;default&#8220; global_colors_info=&#8220;{}&#8220;][et_pb_column type=&#8220;4_4&#8243; _builder_version=&#8220;4.24.3&#8243; _module_preset=&#8220;default&#8220; global_colors_info=&#8220;{}&#8220;][et_pb_text _builder_version=&#8220;4.27.4&#8243; _module_preset=&#8220;default&#8220; hover_enabled=&#8220;0&#8243; global_colors_info=&#8220;{}&#8220; sticky_enabled=&#8220;0&#8243;]<\/p>\n<h3 class=\"title\" style=\"text-align: center;\"><strong>Infotel in Paris<\/strong><\/h3>\n<p>&nbsp;<\/p>\n<p>\u200bNur wenige Schritte vom <strong>Bois de Vincennes<\/strong> entfernt und in der N\u00e4he der <strong>Metrostationen Linie 1 Saint-Mand\u00e9<\/strong> und <strong>Linie 9<\/strong> <strong>Porte de Montreuil<\/strong> befindet sich unser B\u00fcro in <strong>Valmy<\/strong> in einer idealen Lage, die leichten Zugang und eine angenehme Arbeitsumgebung miteinander verbindet.<\/p>\n<p>Paris mit seiner unvergleichlichen Energie und seiner reichen Geschichte ist der perfekte Ort, um Ihre Karriere im IT-Bereich zu entwickeln.<\/p>\n<p>Hier zu arbeiten bedeutet, im Rhythmus der Hauptstadt zu leben und gleichzeitig von einem Umfeld zu profitieren, das den Austausch und die Kreativit\u00e4t f\u00f6rdert.<\/p>\n<p>[\/et_pb_text][et_pb_gallery gallery_ids=&#8220;14803,14802,14801,14439&#8243; posts_number=&#8220;1&#8243; show_title_and_caption=&#8220;off&#8220; disabled_on=&#8220;off|off|on&#8220; admin_label=&#8220;Gallery&#8220; _builder_version=&#8220;4.27.0&#8243; _module_preset=&#8220;default&#8220; hover_enabled=&#8220;0&#8243; global_colors_info=&#8220;{}&#8220; sticky_enabled=&#8220;0&#8243;][\/et_pb_gallery][et_pb_text disabled_on=&#8220;off|off|on&#8220; _builder_version=&#8220;4.27.4&#8243; _module_preset=&#8220;default&#8220; max_width=&#8220;100%&#8220; module_alignment=&#8220;center&#8220; custom_margin=&#8220;||||false|false&#8220; custom_padding=&#8220;20px|20px|20px|20px|false|false&#8220; hover_enabled=&#8220;0&#8243; border_radii=&#8220;on|5px|5px|5px|5px&#8220; border_width_all=&#8220;4px&#8220; border_color_all=&#8220;#0C71C3&#8243; global_colors_info=&#8220;{}&#8220; sticky_enabled=&#8220;0&#8243;]<\/p>\n<h2 style=\"text-align: center;\"><strong>Infotel<\/strong><\/h2>\n<h4 style=\"text-align: center;\">Le Valmy, 6\/8\/18<\/h4>\n<h4 style=\"text-align: center;\">avenue L\u00e9on Gaumont 75020<\/h4>\n<h4 style=\"text-align: center;\">Paris, France<\/h4>\n<h4 style=\"text-align: center;\">+33 (0)1 48 97 38 38<br \/>software@infotel.com<\/h4>\n<p>[\/et_pb_text][\/et_pb_column][\/et_pb_row][\/et_pb_section]<\/p>\n","protected":false},"excerpt":{"rendered":"<p>Infotel in Paris\u200bNur wenige Schritte vom Bois de Vincennes entfernt und in der N\u00e4he der Metrostationen Linie 1 Saint-Mand\u00e9 und Linie 9 Porte de Montreuil befindet sich unser B\u00fcro in Valmy in einer idealen Lage, die leichten Zugang und eine angenehme Arbeitsumgebung miteinander verbindet. Paris mit seiner unvergleichlichen Energie und seiner reichen Geschichte ist der [&hellip;]<\/p>\n","protected":false},"author":34,"featured_media":0,"parent":0,"menu_order":0,"comment_status":"closed","ping_status":"closed","template":"","meta":{"_et_pb_use_builder":"on","_et_pb_old_content":"<!-- wp:image {\"sizeSlug\":\"large\"} -->\r\n<figure class=\"wp-block-image size-large\"><img src=\"https:\/\/us-infotel.dev.infotel.com\/wp-content\/uploads\/2022\/05\/pablo-hermoso-FDgLKYrhT9w-unsplash-scaled.jpg\" alt=\"\"\/><\/figure>\r\n<!-- \/wp:image -->\r\n\r\n<!-- wp:stackable\/text {\"uniqueId\":\"272cbde\"} -->\r\n<div class=\"wp-block-stackable-text stk-block-text stk-block stk-272cbde\" data-block-id=\"272cbde\"><p class=\"stk-block-text__text\"><\/p><\/div>\r\n<!-- \/wp:stackable\/text -->\r\n\r\n<!-- wp:stackable\/heading {\"uniqueId\":\"7f02ba5\"} -->\r\n<div class=\"wp-block-stackable-heading stk-block-heading stk-block stk-7f02ba5\" id=\"history\" data-block-id=\"7f02ba5\"><h2 class=\"stk-block-heading__text\">History<\/h2><\/div>\r\n<!-- \/wp:stackable\/heading -->\r\n\r\n<!-- wp:table -->\r\n<figure class=\"wp-block-table\"><table><tbody><tr><td>History<\/td><td>Founded<\/td><td>Listed on Stock Exchange<\/td><\/tr><tr><td>4 Founders<\/td><td>1979<\/td><td>1999<\/td><\/tr><tr><td><img class=\"wp-image-11157\" style=\"width: 118px;\" src=\"https:\/\/infotel-software.com\/wp-content\/uploads\/2022\/06\/Asset-5-1.png\" alt=\"\"><\/td><td><img class=\"wp-image-11155\" style=\"width: 122px;\" src=\"https:\/\/infotel-software.com\/wp-content\/uploads\/2022\/06\/Asset-2-1.png\" alt=\"\"><\/td><td><img class=\"wp-image-11159\" style=\"width: 136px;\" src=\"https:\/\/infotel-software.com\/wp-content\/uploads\/2022\/06\/Asset-8-1.png\" alt=\"Data Governance\"><\/td><\/tr><\/tbody><\/table><\/figure>\r\n<!-- \/wp:table -->\r\n\r\n<!-- wp:image {\"id\":11158,\"sizeSlug\":\"full\",\"linkDestination\":\"none\"} -->\r\n<figure class=\"wp-block-image size-full\"><img src=\"https:\/\/infotel-software.com\/wp-content\/uploads\/2022\/06\/Asset-7-1.png\" alt=\"\" class=\"wp-image-11158\"\/><\/figure>\r\n<!-- \/wp:image -->\r\n\r\n<!-- wp:paragraph -->\r\n<p><\/p>\r\n<!-- \/wp:paragraph -->\r\n\r\n<!-- wp:heading {\"level\":3} -->\r\n<h3><strong>Company founded: a team of experts \/\u00a01979 \u2013 1988<\/strong><\/h3>\r\n<!-- \/wp:heading -->\r\n\r\n<!-- wp:paragraph -->\r\n<p>The\u00a0Infotel\u00a0Group was founded in 1979 by a team of experts:\u00a0Bernard Lafforet, Michel Koutchouk, Alain Hallereau and Josyane Muller.\u00a0In the beginning, the company was based in Paris, with a focus on providing databases as well as\u00a0services,\u00a0training\u00a0and\u00a0software for large companies. A few years after its founding and following on the success of its software,\u00a0Infotel opened an office in the U.S.<\/p>\r\n<!-- \/wp:paragraph -->\r\n\r\n<!-- wp:heading {\"level\":3} -->\r\n<h3>The Company grows: software and local services \/\u00a01989 \u2013 1998<\/h3>\r\n<!-- \/wp:heading -->\r\n\r\n<!-- wp:paragraph -->\r\n<p>The company continued to grow by opening its\u00a0Toulouse agency\u00a0in 1989 and setting up a new\u00a0Infotel company in Germany\u00a0(Infotel GmbH) in 1990.<\/p>\r\n<!-- \/wp:paragraph -->\r\n\r\n<!-- wp:paragraph -->\r\n<p>Throughout this period, the Group also undertook the development and launch of\u00a0new software utilities for databases. The Group carried out its first\u00a0external growth operation\u00a0in 1998 and obtained\u00a0ISO 9001 certification\u00a0in the same year.<\/p>\r\n<!-- \/wp:paragraph -->\r\n\r\n<!-- wp:heading {\"level\":3} -->\r\n<h3>Expansion around \u201cWeb-to-Database\u201d \/\u00a01999 \u2013 2008<\/h3>\r\n<!-- \/wp:heading -->\r\n\r\n<!-- wp:paragraph -->\r\n<p>On 21 January 1999, Infotel entered the New Paris Stock Market (now known as Euronext Paris, compartment B (Mid Cap)). This saw Infotel making another historic step forward in its development by acquiring the means of financing its\u00a0projects for growth. In the same year, the company signed its first\u00a0agreement with IBM\u00a0for the development of\u00a0Db2 utility software\u00a0sold by IBM.<\/p>\r\n<!-- \/wp:paragraph -->\r\n\r\n<!-- wp:paragraph -->\r\n<p>Also in 1999, Infotel adopted its strategic\u00a0Web-to-Database\u00a0positioning, a comprehensive technical offering to meet evolving needs and help companies open their information systems.<\/p>\r\n<!-- \/wp:paragraph -->\r\n\r\n<!-- wp:paragraph -->\r\n<p>In December 1999, the Group incorporated the\u00a0S12\u00a0company and, the following year, two other companies,\u00a0Sporen\u00a0and\u00a0Innovaco Formation.<\/p>\r\n<!-- \/wp:paragraph -->\r\n\r\n<!-- wp:paragraph -->\r\n<p>At the beginning of 2006, Infotel continued to follow its external growth strategy by acquiring and subsequently integrating the\u00a0Odaxys\u00a0group, based in Rennes and Nantes,\u00a0a major IT player in France\u2019s Western Region. Expansion continued with the\u00a0opening of regional agencies in Lyon, Bordeaux, Le Mans and Niort.<\/p>\r\n<!-- \/wp:paragraph -->\r\n\r\n<!-- wp:heading {\"level\":3} -->\r\n<h3>Ambitions 2012 \/\u00a02009 \u2013 2012<\/h3>\r\n<!-- \/wp:heading -->\r\n\r\n<!-- wp:paragraph -->\r\n<p>The company grew in geographic terms with the\u00a0acquisition of Addax\u00a0in 2010, giving it a presence in the Nice region (Sophia Antipolis), Aix-Marseille and Monaco. Subsequently, the\u00a0acquisition of Empeiria\u00a0in early 2012 provided coverage of the Lille region.<\/p>\r\n<!-- \/wp:paragraph -->\r\n\r\n<!-- wp:paragraph -->\r\n<p>Meanwhile, the software offering expanded by involvement in the\u00a0creation of Archive Data Software, opening up a new channel of distribution for\u00a0<a href=\"http:\/\/www.arcsys-software.fr\/\" target=\"_blank\" rel=\"noreferrer noopener\">Arcsys<\/a>\u00a0archiving software. Acquisition of the German company\u00a0<a href=\"https:\/\/insoft-software.com\/en\/home\/\" target=\"_blank\" rel=\"noreferrer noopener\"><u>Insoft Software GmbH<\/u><\/a>\u00a0took place in June 2011, completing this offering.<\/p>\r\n<!-- \/wp:paragraph -->\r\n\r\n<!-- wp:heading {\"level\":3} -->\r\n<h3>Performance Plan 2016 \/\u00a02013 \u2013 present<\/h3>\r\n<!-- \/wp:heading -->\r\n\r\n<!-- wp:paragraph -->\r\n<p>The Infotel Group is continuing its expansion by\u00a0pursuing a key account growth strategy accompanied by IT services focused on mobility. The company has also helped key accounts in\u00a0managing big data\u00a0and has increased the size of its international business.<\/p>\r\n<!-- \/wp:paragraph -->\r\n\r\n<!-- wp:spacer {\"height\":\"10px\"} -->\r\n<div style=\"height:10px\" aria-hidden=\"true\" class=\"wp-block-spacer\"><\/div>\r\n<!-- \/wp:spacer -->","_et_gb_content_width":"","footnotes":""},"class_list":["post-21685","page","type-page","status-publish","hentry"],"yoast_head":"<!-- This site is optimized with the Yoast SEO plugin v27.1.1 - https:\/\/yoast.com\/product\/yoast-seo-wordpress\/ -->\n<title>Insoft Infotel | Experts in mainframe performance and optimization<\/title>\n<meta name=\"description\" content=\"Insoft Infotel helps customers thrive in the digital age with smart software solutions that optimize and improve z\/OS usage and costs.\" \/>\n<meta name=\"robots\" content=\"index, follow, max-snippet:-1, max-image-preview:large, max-video-preview:-1\" \/>\n<link rel=\"canonical\" href=\"https:\/\/infotel-software.com\/de\/paris-frankreich\/\" \/>\n<meta property=\"og:locale\" content=\"de_DE\" \/>\n<meta property=\"og:type\" content=\"article\" \/>\n<meta property=\"og:title\" content=\"Insoft Infotel | Experts in mainframe performance and optimization\" \/>\n<meta property=\"og:description\" content=\"Insoft Infotel helps customers thrive in the digital age with smart software solutions that optimize and improve z\/OS usage and costs.\" \/>\n<meta property=\"og:url\" content=\"https:\/\/infotel-software.com\/de\/paris-frankreich\/\" \/>\n<meta property=\"og:site_name\" content=\"Infotel Software\" \/>\n<meta property=\"article:modified_time\" content=\"2025-07-02T08:21:15+00:00\" \/>\n<meta name=\"twitter:card\" content=\"summary_large_image\" \/>\n<meta name=\"twitter:label1\" content=\"Gesch\u00e4tzte Lesezeit\" \/>\n\t<meta name=\"twitter:data1\" content=\"2\u00a0Minuten\" \/>\n<script type=\"application\/ld+json\" class=\"yoast-schema-graph\">{\"@context\":\"https:\/\/schema.org\",\"@graph\":[{\"@type\":\"WebPage\",\"@id\":\"https:\/\/infotel-software.com\/de\/paris-frankreich\/\",\"url\":\"https:\/\/infotel-software.com\/de\/paris-frankreich\/\",\"name\":\"Insoft Infotel | Experts in mainframe performance and optimization\",\"isPartOf\":{\"@id\":\"https:\/\/infotel-software.com\/de\/#website\"},\"datePublished\":\"2024-07-16T08:51:18+00:00\",\"dateModified\":\"2025-07-02T08:21:15+00:00\",\"description\":\"Insoft Infotel helps customers thrive in the digital age with smart software solutions that optimize and improve z\/OS usage and costs.\",\"breadcrumb\":{\"@id\":\"https:\/\/infotel-software.com\/de\/paris-frankreich\/#breadcrumb\"},\"inLanguage\":\"de\",\"potentialAction\":[{\"@type\":\"ReadAction\",\"target\":[\"https:\/\/infotel-software.com\/de\/paris-frankreich\/\"]}]},{\"@type\":\"BreadcrumbList\",\"@id\":\"https:\/\/infotel-software.com\/de\/paris-frankreich\/#breadcrumb\",\"itemListElement\":[{\"@type\":\"ListItem\",\"position\":1,\"name\":\"Home\",\"item\":\"https:\/\/infotel-software.com\/de\/\"},{\"@type\":\"ListItem\",\"position\":2,\"name\":\"Paris &#8211; Frankreich\"}]},{\"@type\":\"WebSite\",\"@id\":\"https:\/\/infotel-software.com\/de\/#website\",\"url\":\"https:\/\/infotel-software.com\/de\/\",\"name\":\"Insoft Infotel\",\"description\":\"Maximize Performance, Optimize Costs\",\"publisher\":{\"@id\":\"https:\/\/infotel-software.com\/de\/#organization\"},\"potentialAction\":[{\"@type\":\"SearchAction\",\"target\":{\"@type\":\"EntryPoint\",\"urlTemplate\":\"https:\/\/infotel-software.com\/de\/?s={search_term_string}\"},\"query-input\":{\"@type\":\"PropertyValueSpecification\",\"valueRequired\":true,\"valueName\":\"search_term_string\"}}],\"inLanguage\":\"de\"},{\"@type\":\"Organization\",\"@id\":\"https:\/\/infotel-software.com\/de\/#organization\",\"name\":\"Insoft Infotel\",\"url\":\"https:\/\/infotel-software.com\/de\/\",\"logo\":{\"@type\":\"ImageObject\",\"inLanguage\":\"de\",\"@id\":\"https:\/\/infotel-software.com\/de\/#\/schema\/logo\/image\/\",\"url\":\"https:\/\/infotel-software.com\/wp-content\/uploads\/2024\/06\/logo-insoft-infotel-1.png\",\"contentUrl\":\"https:\/\/infotel-software.com\/wp-content\/uploads\/2024\/06\/logo-insoft-infotel-1.png\",\"width\":1278,\"height\":358,\"caption\":\"Insoft Infotel\"},\"image\":{\"@id\":\"https:\/\/infotel-software.com\/de\/#\/schema\/logo\/image\/\"}}]}<\/script>\n<!-- \/ Yoast SEO plugin. -->","yoast_head_json":{"title":"Insoft Infotel | Experts in mainframe performance and optimization","description":"Insoft Infotel helps customers thrive in the digital age with smart software solutions that optimize and improve z\/OS usage and costs.","robots":{"index":"index","follow":"follow","max-snippet":"max-snippet:-1","max-image-preview":"max-image-preview:large","max-video-preview":"max-video-preview:-1"},"canonical":"https:\/\/infotel-software.com\/de\/paris-frankreich\/","og_locale":"de_DE","og_type":"article","og_title":"Insoft Infotel | Experts in mainframe performance and optimization","og_description":"Insoft Infotel helps customers thrive in the digital age with smart software solutions that optimize and improve z\/OS usage and costs.","og_url":"https:\/\/infotel-software.com\/de\/paris-frankreich\/","og_site_name":"Infotel Software","article_modified_time":"2025-07-02T08:21:15+00:00","twitter_card":"summary_large_image","twitter_misc":{"Gesch\u00e4tzte Lesezeit":"2\u00a0Minuten"},"schema":{"@context":"https:\/\/schema.org","@graph":[{"@type":"WebPage","@id":"https:\/\/infotel-software.com\/de\/paris-frankreich\/","url":"https:\/\/infotel-software.com\/de\/paris-frankreich\/","name":"Insoft Infotel | Experts in mainframe performance and optimization","isPartOf":{"@id":"https:\/\/infotel-software.com\/de\/#website"},"datePublished":"2024-07-16T08:51:18+00:00","dateModified":"2025-07-02T08:21:15+00:00","description":"Insoft Infotel helps customers thrive in the digital age with smart software solutions that optimize and improve z\/OS usage and costs.","breadcrumb":{"@id":"https:\/\/infotel-software.com\/de\/paris-frankreich\/#breadcrumb"},"inLanguage":"de","potentialAction":[{"@type":"ReadAction","target":["https:\/\/infotel-software.com\/de\/paris-frankreich\/"]}]},{"@type":"BreadcrumbList","@id":"https:\/\/infotel-software.com\/de\/paris-frankreich\/#breadcrumb","itemListElement":[{"@type":"ListItem","position":1,"name":"Home","item":"https:\/\/infotel-software.com\/de\/"},{"@type":"ListItem","position":2,"name":"Paris &#8211; Frankreich"}]},{"@type":"WebSite","@id":"https:\/\/infotel-software.com\/de\/#website","url":"https:\/\/infotel-software.com\/de\/","name":"Insoft Infotel","description":"Maximize Performance, Optimize Costs","publisher":{"@id":"https:\/\/infotel-software.com\/de\/#organization"},"potentialAction":[{"@type":"SearchAction","target":{"@type":"EntryPoint","urlTemplate":"https:\/\/infotel-software.com\/de\/?s={search_term_string}"},"query-input":{"@type":"PropertyValueSpecification","valueRequired":true,"valueName":"search_term_string"}}],"inLanguage":"de"},{"@type":"Organization","@id":"https:\/\/infotel-software.com\/de\/#organization","name":"Insoft Infotel","url":"https:\/\/infotel-software.com\/de\/","logo":{"@type":"ImageObject","inLanguage":"de","@id":"https:\/\/infotel-software.com\/de\/#\/schema\/logo\/image\/","url":"https:\/\/infotel-software.com\/wp-content\/uploads\/2024\/06\/logo-insoft-infotel-1.png","contentUrl":"https:\/\/infotel-software.com\/wp-content\/uploads\/2024\/06\/logo-insoft-infotel-1.png","width":1278,"height":358,"caption":"Insoft Infotel"},"image":{"@id":"https:\/\/infotel-software.com\/de\/#\/schema\/logo\/image\/"}}]}},"_links":{"self":[{"href":"https:\/\/infotel-software.com\/de\/wp-json\/wp\/v2\/pages\/21685","targetHints":{"allow":["GET"]}}],"collection":[{"href":"https:\/\/infotel-software.com\/de\/wp-json\/wp\/v2\/pages"}],"about":[{"href":"https:\/\/infotel-software.com\/de\/wp-json\/wp\/v2\/types\/page"}],"author":[{"embeddable":true,"href":"https:\/\/infotel-software.com\/de\/wp-json\/wp\/v2\/users\/34"}],"replies":[{"embeddable":true,"href":"https:\/\/infotel-software.com\/de\/wp-json\/wp\/v2\/comments?post=21685"}],"version-history":[{"count":3,"href":"https:\/\/infotel-software.com\/de\/wp-json\/wp\/v2\/pages\/21685\/revisions"}],"predecessor-version":[{"id":23583,"href":"https:\/\/infotel-software.com\/de\/wp-json\/wp\/v2\/pages\/21685\/revisions\/23583"}],"wp:attachment":[{"href":"https:\/\/infotel-software.com\/de\/wp-json\/wp\/v2\/media?parent=21685"}],"curies":[{"name":"wp","href":"https:\/\/api.w.org\/{rel}","templated":true}]}}