{"id":21796,"date":"2022-11-08T23:00:25","date_gmt":"2022-11-08T22:00:25","guid":{"rendered":"https:\/\/infotel-software.com\/enterprise-information-management-solutions\/"},"modified":"2025-07-02T15:09:50","modified_gmt":"2025-07-02T13:09:50","slug":"loesungen-fuer-das-management-von-unternehmensinformationen","status":"publish","type":"page","link":"https:\/\/infotel-software.com\/de\/loesungen-fuer-das-management-von-unternehmensinformationen\/","title":{"rendered":"L\u00f6sungen f\u00fcr das Management von Unternehmensinformationen"},"content":{"rendered":"<p>[et_pb_section fb_built=&#8220;1&#8243; fullwidth=&#8220;on&#8220; admin_label=&#8220;Banni\u00e8re&#8220; _builder_version=&#8220;4.27.0&#8243; _module_preset=&#8220;default&#8220; da_disable_devices=&#8220;off|off|off&#8220; locked=&#8220;off&#8220; collapsed=&#8220;off&#8220; global_colors_info=&#8220;{}&#8220; da_is_popup=&#8220;off&#8220; da_exit_intent=&#8220;off&#8220; da_has_close=&#8220;on&#8220; da_alt_close=&#8220;off&#8220; da_dark_close=&#8220;off&#8220; da_not_modal=&#8220;on&#8220; da_is_singular=&#8220;off&#8220; da_with_loader=&#8220;off&#8220; da_has_shadow=&#8220;on&#8220;][et_pb_fullwidth_slider _builder_version=&#8220;4.27.4&#8243; _module_preset=&#8220;default&#8220; header_level=&#8220;h1&#8243; header_font_size=&#8220;60px&#8220; background_enable_color=&#8220;off&#8220; hover_enabled=&#8220;0&#8243; global_colors_info=&#8220;{}&#8220; sticky_enabled=&#8220;0&#8243;][et_pb_slide heading=&#8220;L\u00f6sungen f\u00fcr das Management von Unternehmensinformationen&#8220; use_bg_overlay=&#8220;on&#8220; use_text_overlay=&#8220;off&#8220; _builder_version=&#8220;4.27.4&#8243; _module_preset=&#8220;default&#8220; header_font=&#8220;Arial|700|||||||&#8220; header_font_size=&#8220;40px&#8220; background_enable_color=&#8220;off&#8220; use_background_color_gradient=&#8220;on&#8220; background_color_gradient_type=&#8220;circular&#8220; background_color_gradient_stops=&#8220;#2ea3f2 30%|#004f91 100%&#8220; background_enable_image=&#8220;off&#8220; header_font_size_tablet=&#8220;40px&#8220; header_font_size_phone=&#8220;24px&#8220; header_font_size_last_edited=&#8220;on|phone&#8220; custom_css_free_form=&#8220;.et_pb_bg_layout_dark.et_pb_slider_with_overlay .et_pb_slide_overlay_container, .et_pb_bg_layout_dark.et_pb_slider_with_text_overlay .et_pb_text_overlay_wrapper {||    background-color: rgba(0, 0, 0, 0)!important;||}&#8220; global_colors_info=&#8220;{}&#8220; sticky_transition=&#8220;on&#8220;][\/et_pb_slide][\/et_pb_fullwidth_slider][\/et_pb_section][et_pb_section fb_built=&#8220;1&#8243; fullwidth=&#8220;on&#8220; admin_label=&#8220;Bloc texte \/ Image 1&#8243; _builder_version=&#8220;4.27.0&#8243; _module_preset=&#8220;default&#8220; da_disable_devices=&#8220;off|off|off&#8220; locked=&#8220;off&#8220; collapsed=&#8220;off&#8220; global_colors_info=&#8220;{}&#8220; da_is_popup=&#8220;off&#8220; da_exit_intent=&#8220;off&#8220; da_has_close=&#8220;on&#8220; da_alt_close=&#8220;off&#8220; da_dark_close=&#8220;off&#8220; da_not_modal=&#8220;on&#8220; da_is_singular=&#8220;off&#8220; da_with_loader=&#8220;off&#8220; da_has_shadow=&#8220;on&#8220;][et_pb_fullwidth_header title=&#8220;Informationsgovernance im digitalen Zeitalter&#8220; header_image_url=&#8220;https:\/\/infotel-software.com\/wp-content\/uploads\/2024\/10\/Page-Gestion-de-linformation-1.png&#8220; _builder_version=&#8220;4.27.4&#8243; _module_preset=&#8220;default&#8220; title_level=&#8220;h3&#8243; title_text_color=&#8220;#2ea3f2&#8243; content_text_color=&#8220;#000000&#8243; background_enable_color=&#8220;off&#8220; custom_button_one=&#8220;on&#8220; button_one_text_color=&#8220;#FFFFFF&#8220; button_one_bg_color=&#8220;#2ea3f2&#8243; custom_padding_tablet=&#8220;&#8220; custom_padding_phone=&#8220;0px||||false|false&#8220; custom_padding_last_edited=&#8220;on|phone&#8220; link_option_url_new_window=&#8220;on&#8220; hover_enabled=&#8220;0&#8243; global_colors_info=&#8220;{}&#8220; sticky_enabled=&#8220;0&#8243;]<\/p>\n<p>Die Covid-19-Pandemie hat die gr\u00f6\u00dfte Modernisierung und digitale Migration in der Geschichte der IT-Dienstleistungen ausgel\u00f6st. Fast alle Organisationen, unabh\u00e4ngig von ihrer Gr\u00f6\u00dfe, haben Modernisierungs- und Digitalisierungsinitiativen umgesetzt, um den Anforderungen von Remote- und Hybrid-Arbeitsumgebungen gerecht zu werden.<\/p>\n<div class='et-learn-more clearfix'>\n\t\t\t\t\t<h3 class='heading-more'>Mehr erfahren<span class='et_learnmore_arrow'><span><\/span><\/span><\/h3>\n\t\t\t\t\t<div class='learn-more-content'>Zus\u00e4tzlich zu diesen Modernisierungsinitiativen erfordern neue Compliance-Vorgaben wie die DSGVO, der CCPA, der CPRA, die CDPA, die CDTPA und andere, dass Organisationen die komplexen Beziehungen zwischen den einzelnen Datenbanken in ihrer Umgebung verstehen und innerhalb weniger Stunden personenbezogene Daten von B\u00fcrgern auf Anfrage l\u00f6schen k\u00f6nnen. Diese monumentale Aufgabe kann ohne effektive L\u00f6sungen f\u00fcr das Management von Unternehmensinformationen, die sowohl die Compliance-Standards als auch die Beziehungen zwischen den darin enthaltenen Daten verstehen, nicht leicht bew\u00e4ltigt werden.<\/div>\n\t\t\t\t<\/div>\n<p>[\/et_pb_fullwidth_header][\/et_pb_section][et_pb_section fb_built=&#8220;1&#8243; fullwidth=&#8220;on&#8220; admin_label=&#8220;Texte centr\u00e9&#8220; _builder_version=&#8220;4.27.0&#8243; _module_preset=&#8220;default&#8220; da_disable_devices=&#8220;off|off|off&#8220; locked=&#8220;off&#8220; collapsed=&#8220;off&#8220; global_colors_info=&#8220;{}&#8220; da_is_popup=&#8220;off&#8220; da_exit_intent=&#8220;off&#8220; da_has_close=&#8220;on&#8220; da_alt_close=&#8220;off&#8220; da_dark_close=&#8220;off&#8220; da_not_modal=&#8220;on&#8220; da_is_singular=&#8220;off&#8220; da_with_loader=&#8220;off&#8220; da_has_shadow=&#8220;on&#8220;][et_pb_fullwidth_header text_orientation=&#8220;center&#8220; button_one_text=&#8220;Weitere Informationen zu Deepeo&#8220; button_one_url=&#8220;https:\/\/www.deepeo.eu\/&#8220; button_two_text=&#8220;Weitere Informationen zu Arcsys&#8220; button_two_url=&#8220;https:\/\/www.arcsys-software.de\/&#8220; _builder_version=&#8220;4.27.4&#8243; _module_preset=&#8220;default&#8220; content_font_size=&#8220;18px&#8220; link_option_url_new_window=&#8220;on&#8220; hover_enabled=&#8220;0&#8243; custom_css_free_form=&#8220;.et_pb_fullwidth_header .et_pb_fullwidth_header_container.center .header-content {||  width: 100%!important;||  max-width: 1920px!important;||}||||h4 {||  line-height:1.4em;||}&#8220; global_colors_info=&#8220;{}&#8220; sticky_enabled=&#8220;0&#8243;]<\/p>\n<h4 style=\"text-align: center;\"><strong>Deepeo\u2122<\/strong>\u00a0und\u00a0<strong>Arcsys\u2122<\/strong>, zwei Produkte von Infotel Software, erleichtern diese anspruchsvolle Aufgabe der Informationsgovernance, indem sie eine beispiellose Transparenz \u00fcber die datenbezogenen Anforderungen dieser Compliance-Vorgaben bieten.<\/h4>\n<p>[\/et_pb_fullwidth_header][\/et_pb_section]<\/p>\n","protected":false},"excerpt":{"rendered":"<p>Die Covid-19-Pandemie hat die gr\u00f6\u00dfte Modernisierung und digitale Migration in der Geschichte der IT-Dienstleistungen ausgel\u00f6st. Fast alle Organisationen, unabh\u00e4ngig von ihrer Gr\u00f6\u00dfe, haben Modernisierungs- und Digitalisierungsinitiativen umgesetzt, um den Anforderungen von Remote- und Hybrid-Arbeitsumgebungen gerecht zu werden. <div class='et-learn-more clearfix'>\n\t\t\t\t\t<h3 class='heading-more'>Mehr erfahren<span class='et_learnmore_arrow'><span><\/span><\/span><\/h3>\n\t\t\t\t\t<div class='learn-more-content'><\/div>\n\t\t\t\t<\/div> Zus\u00e4tzlich zu diesen Modernisierungsinitiativen erfordern neue Compliance-Vorgaben wie die DSGVO, der CCPA, der CPRA, die [&hellip;]<\/p>\n","protected":false},"author":34,"featured_media":0,"parent":0,"menu_order":0,"comment_status":"closed","ping_status":"closed","template":"","meta":{"_et_pb_use_builder":"on","_et_pb_old_content":"<!-- wp:image {\"sizeSlug\":\"large\"} -->\r\n<figure class=\"wp-block-image size-large\"><img src=\"https:\/\/us-infotel.dev.infotel.com\/wp-content\/uploads\/2022\/05\/ricardo-gomez-angel-2mjl2uvz9ic-unsplash-scaled.jpg\" alt=\"\"\/><\/figure>\r\n<!-- \/wp:image -->\r\n\r\n<!-- wp:heading -->\r\n<h2>Deep Clean Your Db2 Catalog to Improve Backups and REORGs<\/h2>\r\n<!-- \/wp:heading -->\r\n\r\n<!-- wp:paragraph -->\r\n<p>In today\u2019s high-paced mobile landscape where customers expect non-stop availability of applications, DevOps initiatives put pressure on development teams to roll out high-quality software with fast turnarounds and more frequent release cycles. In the sprint to build, test and deploy to tight deadlines and with countless changes being processed by the minute, overwhelmed teams don\u2019t have the bandwidth to consider the enormous build-up of packages inundating the Db2 Catalog \u2013 until that is, the clutter of unlinked modules delays subsystem services such as backups and REORGs.<\/p>\r\n<!-- \/wp:paragraph -->\r\n\r\n<!-- wp:paragraph -->\r\n<p>DB\/IQ Package Management (PackMan) helps manage the DevOps chaos by identifying redundant packages, removing them and reorganizing the Db2 Catalog. The result is a cleaner Db2 Catalog that is streamlined for more reliable application performance.<\/p>\r\n<!-- \/wp:paragraph -->\r\n\r\n<!-- wp:image {\"sizeSlug\":\"large\"} -->\r\n<figure class=\"wp-block-image size-large\"><img src=\"https:\/\/us-infotel.dev.infotel.com\/wp-content\/uploads\/2022\/05\/milad-fakurian-7wUorDiCMSU-unsplash-scaled.jpg\" alt=\"\"\/><\/figure>\r\n<!-- \/wp:image -->\r\n\r\n<!-- wp:heading -->\r\n<h2>With DB\/IQ PackMan, you can:<\/h2>\r\n<!-- \/wp:heading -->\r\n\r\n<!-- wp:list -->\r\n<ul><li>Clean up the Db2 Catalog by discarding non-required packages. An absolute must, when implementing Change Management Systems within the DevOps method<\/li><li>Prompt DBAs to easily build jobs and keep a clean and efficient Db2 Catalog<\/li><li>Avoid all potential -805\/-818 problems by determining inconsistencies between DBRMs, associated packages and load modules<\/li><li>Make migration to production systems secure by determining any inconsistencies, before the BIND process takes place<\/li><li>Maintain EXPLAIN tables down to the required minimum.<\/li><li>Improve BIND times<\/li><li>Recreate DBRM members or libraries from Catalog packages<\/li><li>Prevent unnecessary BIND by comparing a new DBRM with its predecessor version.<\/li><\/ul>\r\n<!-- \/wp:list -->\r\n\r\n<!-- wp:image {\"sizeSlug\":\"large\"} -->\r\n<figure class=\"wp-block-image size-large\"><img src=\"https:\/\/us-infotel.dev.infotel.com\/wp-content\/uploads\/2022\/05\/piron-guillaume-ePD6lh8341I-unsplash-scaled.jpg\" alt=\"\"\/><\/figure>\r\n<!-- \/wp:image -->\r\n\r\n<!-- wp:spacer {\"height\":\"10px\"} -->\r\n<div style=\"height:10px\" aria-hidden=\"true\" class=\"wp-block-spacer\"><\/div>\r\n<!-- \/wp:spacer -->","_et_gb_content_width":"","footnotes":""},"class_list":["post-21796","page","type-page","status-publish","hentry"],"yoast_head":"<!-- This site is optimized with the Yoast SEO plugin v27.1.1 - https:\/\/yoast.com\/product\/yoast-seo-wordpress\/ -->\n<title>Insoft Infotel | Experts in mainframe performance and optimization<\/title>\n<meta name=\"description\" content=\"Insoft Infotel helps customers thrive in the digital age with smart software solutions that optimize and improve z\/OS usage and costs.\" \/>\n<meta name=\"robots\" content=\"index, follow, max-snippet:-1, max-image-preview:large, max-video-preview:-1\" \/>\n<link rel=\"canonical\" href=\"https:\/\/infotel-software.com\/de\/loesungen-fuer-das-management-von-unternehmensinformationen\/\" \/>\n<meta property=\"og:locale\" content=\"de_DE\" \/>\n<meta property=\"og:type\" content=\"article\" \/>\n<meta property=\"og:title\" content=\"Insoft Infotel | Experts in mainframe performance and optimization\" \/>\n<meta property=\"og:description\" content=\"Insoft Infotel helps customers thrive in the digital age with smart software solutions that optimize and improve z\/OS usage and costs.\" \/>\n<meta property=\"og:url\" content=\"https:\/\/infotel-software.com\/de\/loesungen-fuer-das-management-von-unternehmensinformationen\/\" \/>\n<meta property=\"og:site_name\" content=\"Infotel Software\" \/>\n<meta property=\"article:modified_time\" content=\"2025-07-02T13:09:50+00:00\" \/>\n<meta name=\"twitter:card\" content=\"summary_large_image\" \/>\n<meta name=\"twitter:label1\" content=\"Gesch\u00e4tzte Lesezeit\" \/>\n\t<meta name=\"twitter:data1\" content=\"1\u00a0Minute\" \/>\n<script type=\"application\/ld+json\" class=\"yoast-schema-graph\">{\"@context\":\"https:\/\/schema.org\",\"@graph\":[{\"@type\":\"WebPage\",\"@id\":\"https:\/\/infotel-software.com\/de\/loesungen-fuer-das-management-von-unternehmensinformationen\/\",\"url\":\"https:\/\/infotel-software.com\/de\/loesungen-fuer-das-management-von-unternehmensinformationen\/\",\"name\":\"Insoft Infotel | Experts in mainframe performance and optimization\",\"isPartOf\":{\"@id\":\"https:\/\/infotel-software.com\/de\/#website\"},\"datePublished\":\"2022-11-08T22:00:25+00:00\",\"dateModified\":\"2025-07-02T13:09:50+00:00\",\"description\":\"Insoft Infotel helps customers thrive in the digital age with smart software solutions that optimize and improve z\/OS usage and costs.\",\"breadcrumb\":{\"@id\":\"https:\/\/infotel-software.com\/de\/loesungen-fuer-das-management-von-unternehmensinformationen\/#breadcrumb\"},\"inLanguage\":\"de\",\"potentialAction\":[{\"@type\":\"ReadAction\",\"target\":[\"https:\/\/infotel-software.com\/de\/loesungen-fuer-das-management-von-unternehmensinformationen\/\"]}]},{\"@type\":\"BreadcrumbList\",\"@id\":\"https:\/\/infotel-software.com\/de\/loesungen-fuer-das-management-von-unternehmensinformationen\/#breadcrumb\",\"itemListElement\":[{\"@type\":\"ListItem\",\"position\":1,\"name\":\"Home\",\"item\":\"https:\/\/infotel-software.com\/de\/\"},{\"@type\":\"ListItem\",\"position\":2,\"name\":\"L\u00f6sungen f\u00fcr das Management von Unternehmensinformationen\"}]},{\"@type\":\"WebSite\",\"@id\":\"https:\/\/infotel-software.com\/de\/#website\",\"url\":\"https:\/\/infotel-software.com\/de\/\",\"name\":\"Insoft Infotel\",\"description\":\"Maximize Performance, Optimize Costs\",\"publisher\":{\"@id\":\"https:\/\/infotel-software.com\/de\/#organization\"},\"potentialAction\":[{\"@type\":\"SearchAction\",\"target\":{\"@type\":\"EntryPoint\",\"urlTemplate\":\"https:\/\/infotel-software.com\/de\/?s={search_term_string}\"},\"query-input\":{\"@type\":\"PropertyValueSpecification\",\"valueRequired\":true,\"valueName\":\"search_term_string\"}}],\"inLanguage\":\"de\"},{\"@type\":\"Organization\",\"@id\":\"https:\/\/infotel-software.com\/de\/#organization\",\"name\":\"Insoft Infotel\",\"url\":\"https:\/\/infotel-software.com\/de\/\",\"logo\":{\"@type\":\"ImageObject\",\"inLanguage\":\"de\",\"@id\":\"https:\/\/infotel-software.com\/de\/#\/schema\/logo\/image\/\",\"url\":\"https:\/\/infotel-software.com\/wp-content\/uploads\/2024\/06\/logo-insoft-infotel-1.png\",\"contentUrl\":\"https:\/\/infotel-software.com\/wp-content\/uploads\/2024\/06\/logo-insoft-infotel-1.png\",\"width\":1278,\"height\":358,\"caption\":\"Insoft Infotel\"},\"image\":{\"@id\":\"https:\/\/infotel-software.com\/de\/#\/schema\/logo\/image\/\"}}]}<\/script>\n<!-- \/ Yoast SEO plugin. -->","yoast_head_json":{"title":"Insoft Infotel | Experts in mainframe performance and optimization","description":"Insoft Infotel helps customers thrive in the digital age with smart software solutions that optimize and improve z\/OS usage and costs.","robots":{"index":"index","follow":"follow","max-snippet":"max-snippet:-1","max-image-preview":"max-image-preview:large","max-video-preview":"max-video-preview:-1"},"canonical":"https:\/\/infotel-software.com\/de\/loesungen-fuer-das-management-von-unternehmensinformationen\/","og_locale":"de_DE","og_type":"article","og_title":"Insoft Infotel | Experts in mainframe performance and optimization","og_description":"Insoft Infotel helps customers thrive in the digital age with smart software solutions that optimize and improve z\/OS usage and costs.","og_url":"https:\/\/infotel-software.com\/de\/loesungen-fuer-das-management-von-unternehmensinformationen\/","og_site_name":"Infotel Software","article_modified_time":"2025-07-02T13:09:50+00:00","twitter_card":"summary_large_image","twitter_misc":{"Gesch\u00e4tzte Lesezeit":"1\u00a0Minute"},"schema":{"@context":"https:\/\/schema.org","@graph":[{"@type":"WebPage","@id":"https:\/\/infotel-software.com\/de\/loesungen-fuer-das-management-von-unternehmensinformationen\/","url":"https:\/\/infotel-software.com\/de\/loesungen-fuer-das-management-von-unternehmensinformationen\/","name":"Insoft Infotel | Experts in mainframe performance and optimization","isPartOf":{"@id":"https:\/\/infotel-software.com\/de\/#website"},"datePublished":"2022-11-08T22:00:25+00:00","dateModified":"2025-07-02T13:09:50+00:00","description":"Insoft Infotel helps customers thrive in the digital age with smart software solutions that optimize and improve z\/OS usage and costs.","breadcrumb":{"@id":"https:\/\/infotel-software.com\/de\/loesungen-fuer-das-management-von-unternehmensinformationen\/#breadcrumb"},"inLanguage":"de","potentialAction":[{"@type":"ReadAction","target":["https:\/\/infotel-software.com\/de\/loesungen-fuer-das-management-von-unternehmensinformationen\/"]}]},{"@type":"BreadcrumbList","@id":"https:\/\/infotel-software.com\/de\/loesungen-fuer-das-management-von-unternehmensinformationen\/#breadcrumb","itemListElement":[{"@type":"ListItem","position":1,"name":"Home","item":"https:\/\/infotel-software.com\/de\/"},{"@type":"ListItem","position":2,"name":"L\u00f6sungen f\u00fcr das Management von Unternehmensinformationen"}]},{"@type":"WebSite","@id":"https:\/\/infotel-software.com\/de\/#website","url":"https:\/\/infotel-software.com\/de\/","name":"Insoft Infotel","description":"Maximize Performance, Optimize Costs","publisher":{"@id":"https:\/\/infotel-software.com\/de\/#organization"},"potentialAction":[{"@type":"SearchAction","target":{"@type":"EntryPoint","urlTemplate":"https:\/\/infotel-software.com\/de\/?s={search_term_string}"},"query-input":{"@type":"PropertyValueSpecification","valueRequired":true,"valueName":"search_term_string"}}],"inLanguage":"de"},{"@type":"Organization","@id":"https:\/\/infotel-software.com\/de\/#organization","name":"Insoft Infotel","url":"https:\/\/infotel-software.com\/de\/","logo":{"@type":"ImageObject","inLanguage":"de","@id":"https:\/\/infotel-software.com\/de\/#\/schema\/logo\/image\/","url":"https:\/\/infotel-software.com\/wp-content\/uploads\/2024\/06\/logo-insoft-infotel-1.png","contentUrl":"https:\/\/infotel-software.com\/wp-content\/uploads\/2024\/06\/logo-insoft-infotel-1.png","width":1278,"height":358,"caption":"Insoft Infotel"},"image":{"@id":"https:\/\/infotel-software.com\/de\/#\/schema\/logo\/image\/"}}]}},"_links":{"self":[{"href":"https:\/\/infotel-software.com\/de\/wp-json\/wp\/v2\/pages\/21796","targetHints":{"allow":["GET"]}}],"collection":[{"href":"https:\/\/infotel-software.com\/de\/wp-json\/wp\/v2\/pages"}],"about":[{"href":"https:\/\/infotel-software.com\/de\/wp-json\/wp\/v2\/types\/page"}],"author":[{"embeddable":true,"href":"https:\/\/infotel-software.com\/de\/wp-json\/wp\/v2\/users\/34"}],"replies":[{"embeddable":true,"href":"https:\/\/infotel-software.com\/de\/wp-json\/wp\/v2\/comments?post=21796"}],"version-history":[{"count":4,"href":"https:\/\/infotel-software.com\/de\/wp-json\/wp\/v2\/pages\/21796\/revisions"}],"predecessor-version":[{"id":23669,"href":"https:\/\/infotel-software.com\/de\/wp-json\/wp\/v2\/pages\/21796\/revisions\/23669"}],"wp:attachment":[{"href":"https:\/\/infotel-software.com\/de\/wp-json\/wp\/v2\/media?parent=21796"}],"curies":[{"name":"wp","href":"https:\/\/api.w.org\/{rel}","templated":true}]}}