{"id":22606,"date":"2023-10-03T19:49:42","date_gmt":"2023-10-03T17:49:42","guid":{"rendered":"https:\/\/infotel-software.com\/demo\/"},"modified":"2025-07-03T16:30:49","modified_gmt":"2025-07-03T14:30:49","slug":"demo","status":"publish","type":"page","link":"https:\/\/infotel-software.com\/de\/demo\/","title":{"rendered":"Eine Demo anfordern"},"content":{"rendered":"<p>[et_pb_section fb_built=&#8220;1&#8243; _builder_version=&#8220;4.27.0&#8243; _module_preset=&#8220;default&#8220; background_color=&#8220;rgba(46,163,242,0.5)&#8220; background_image=&#8220;https:\/\/infotel-software.com\/wp-content\/uploads\/2022\/11\/bigstock-Concepts-Rules-And-Policies-C-461916787.jpg&#8220; background_blend=&#8220;overlay&#8220; da_disable_devices=&#8220;off|off|off&#8220; collapsed=&#8220;off&#8220; global_colors_info=&#8220;{}&#8220; da_is_popup=&#8220;off&#8220; da_exit_intent=&#8220;off&#8220; da_has_close=&#8220;on&#8220; da_alt_close=&#8220;off&#8220; da_dark_close=&#8220;off&#8220; da_not_modal=&#8220;on&#8220; da_is_singular=&#8220;off&#8220; da_with_loader=&#8220;off&#8220; da_has_shadow=&#8220;on&#8220;][et_pb_row _builder_version=&#8220;4.22.2&#8243; _module_preset=&#8220;default&#8220; global_colors_info=&#8220;{}&#8220;][et_pb_column type=&#8220;4_4&#8243; _builder_version=&#8220;4.22.2&#8243; _module_preset=&#8220;default&#8220; global_colors_info=&#8220;{}&#8220;][et_pb_text admin_label=&#8220;Text above form&#8220; _builder_version=&#8220;4.27.4&#8243; _module_preset=&#8220;default&#8220; text_text_color=&#8220;#FFFFFF&#8220; text_font_size=&#8220;16px&#8220; header_text_color=&#8220;#ffffff&#8220; header_font_size=&#8220;2em&#8220; header_2_text_color=&#8220;#FFFFFF&#8220; header_2_font_size=&#8220;50px&#8220; header_4_text_color=&#8220;#FFFFFF&#8220; background_color=&#8220;RGBA(255,255,255,0)&#8220; module_alignment=&#8220;center&#8220; custom_margin=&#8220;0px||0px||true|false&#8220; custom_padding=&#8220;2%|0px|2%|0px|true|true&#8220; hover_enabled=&#8220;0&#8243; text_text_shadow_style=&#8220;preset5&#8243; text_text_shadow_horizontal_length=&#8220;0.04em&#8220; text_text_shadow_vertical_length=&#8220;0.04em&#8220; text_text_shadow_blur_strength=&#8220;0.01em&#8220; text_text_shadow_color=&#8220;#000000&#8243; header_text_shadow_style=&#8220;preset5&#8243; header_text_shadow_horizontal_length=&#8220;0.05em&#8220; header_text_shadow_vertical_length=&#8220;0.05em&#8220; header_text_shadow_blur_strength=&#8220;0.03em&#8220; header_text_shadow_color=&#8220;#000000&#8243; header_2_text_shadow_style=&#8220;preset2&#8243; header_2_text_shadow_horizontal_length=&#8220;0.05em&#8220; header_2_text_shadow_vertical_length=&#8220;0.05em&#8220; header_2_text_shadow_blur_strength=&#8220;0.03em&#8220; header_2_text_shadow_color=&#8220;#000000&#8243; border_radii=&#8220;on|1%|1%|1%|1%&#8220; global_colors_info=&#8220;{}&#8220; sticky_enabled=&#8220;0&#8243;]<\/p>\n<h2 class=\"wp-block-heading\" style=\"text-align: center;\"><strong>Eine Demo anfordern<\/strong><\/h2>\n<p>[\/et_pb_text][\/et_pb_column][\/et_pb_row][et_pb_row _builder_version=&#8220;4.22.2&#8243; _module_preset=&#8220;default&#8220; background_color=&#8220;RGBA(255,255,255,0)&#8220; width=&#8220;45%&#8220; width_tablet=&#8220;50%&#8220; width_phone=&#8220;75%&#8220; width_last_edited=&#8220;on|phone&#8220; module_alignment=&#8220;center&#8220; custom_padding=&#8220;0%|0%|0%|0%|true|true&#8220; border_radii=&#8220;on|0.75%|0.75%|0.75%|0.75%&#8220; global_colors_info=&#8220;{}&#8220;][et_pb_column type=&#8220;4_4&#8243; _builder_version=&#8220;4.22.1&#8243; _module_preset=&#8220;default&#8220; global_colors_info=&#8220;{}&#8220;][et_pb_text _builder_version=&#8220;4.27.4&#8243; _module_preset=&#8220;default&#8220; header_4_text_color=&#8220;#FFFFFF&#8220; header_4_font_size=&#8220;37px&#8220; background_color=&#8220;RGBA(255,255,255,0)&#8220; hover_enabled=&#8220;0&#8243; header_4_text_shadow_style=&#8220;preset5&#8243; header_4_text_shadow_horizontal_length=&#8220;0.05em&#8220; header_4_text_shadow_vertical_length=&#8220;0.05em&#8220; header_4_text_shadow_blur_strength=&#8220;0.03em&#8220; header_4_text_shadow_color=&#8220;#000000&#8243; global_colors_info=&#8220;{}&#8220; sticky_enabled=&#8220;0&#8243;]<\/p>\n<h4>Planen Sie eine Demo<\/h4>\n<p>[\/et_pb_text][\/et_pb_column][\/et_pb_row][et_pb_row _builder_version=&#8220;4.27.0&#8243; _module_preset=&#8220;default&#8220; background_color=&#8220;rgba(10,10,10,0.52)&#8220; width=&#8220;45%&#8220; width_tablet=&#8220;50%&#8220; width_phone=&#8220;75%&#8220; width_last_edited=&#8220;on|phone&#8220; module_alignment=&#8220;center&#8220; custom_padding=&#8220;0%|0%|0%|0%|true|true&#8220; border_radii=&#8220;on|0.75%|0.75%|0.75%|0.75%&#8220; global_colors_info=&#8220;{}&#8220;][et_pb_column type=&#8220;4_4&#8243; _builder_version=&#8220;4.22.1&#8243; _module_preset=&#8220;default&#8220; global_colors_info=&#8220;{}&#8220;][et_pb_text admin_label=&#8220;Text above form&#8220; _builder_version=&#8220;4.27.4&#8243; _module_preset=&#8220;default&#8220; text_text_color=&#8220;#FFFFFF&#8220; text_font_size=&#8220;16px&#8220; header_text_color=&#8220;#ffffff&#8220; header_2_text_color=&#8220;#FFFFFF&#8220; header_4_text_color=&#8220;#243544&#8243; background_color=&#8220;RGBA(255,255,255,0)&#8220; module_alignment=&#8220;center&#8220; custom_margin=&#8220;0px||0px||true|false&#8220; custom_padding=&#8220;2%|2%|2%|2%|true|true&#8220; hover_enabled=&#8220;0&#8243; header_text_shadow_style=&#8220;preset5&#8243; header_text_shadow_horizontal_length=&#8220;0.05em&#8220; header_text_shadow_vertical_length=&#8220;0.05em&#8220; header_text_shadow_blur_strength=&#8220;0.03em&#8220; header_text_shadow_color=&#8220;#000000&#8243; header_2_text_shadow_style=&#8220;preset2&#8243; header_2_text_shadow_horizontal_length=&#8220;0.05em&#8220; header_2_text_shadow_vertical_length=&#8220;0.05em&#8220; header_2_text_shadow_blur_strength=&#8220;0.03em&#8220; header_2_text_shadow_color=&#8220;#000000&#8243; border_radii=&#8220;on|0.75%|0.75%|0.75%|0.75%&#8220; global_colors_info=&#8220;{}&#8220; sticky_enabled=&#8220;0&#8243;]<\/p>\n<p>Planen Sie jetzt eine Demo, um zu sehen, wie unsere Software Ihre Anforderungen erf\u00fcllen und Ihre Organisation zu neuen H\u00f6hen der Leistung und Sicherheit f\u00fchren kann.<\/p>\n<p>Bitte geben Sie unten Ihre Informationen ein und wir werden uns mit Ihnen in Verbindung setzen, um einen Termin zu vereinbaren :<\/p>\n<p>[\/et_pb_text][et_pb_code admin_label=&#8220;INSO-contact from website SharpSpring form code&#8220; _builder_version=&#8220;4.27.4&#8243; _module_preset=&#8220;default&#8220; background_color=&#8220;RGBA(255,255,255,0)&#8220; module_alignment=&#8220;center&#8220; custom_margin=&#8220;0px|0px||0px|false|true&#8220; custom_padding=&#8220;1%|1%|1%|1%|true|true&#8220; hover_enabled=&#8220;0&#8243; border_radii=&#8220;off||0%|0.75%|0.75%&#8220; global_colors_info=&#8220;{}&#8220; sticky_enabled=&#8220;0&#8243;]                        <!-- [et_pb_line_break_holder] --><!-- SharpSpring Form for Insoft-Infotel DE Site - Contact Us Form - Sept 2023  --><!-- [et_pb_line_break_holder] --><script type=\"text\/javascript\"><!-- [et_pb_line_break_holder] -->    var ss_form = {'account': 'MzawMDEztzQwAAA', 'formID': 'S0yxMDJIMzfTTTJNMtM1MUw10U0ySjPXTUlLMU9OSk0xsTS2BAA'};<!-- [et_pb_line_break_holder] -->    ss_form.width = '100%';<!-- [et_pb_line_break_holder] -->    ss_form.domain = 'app-3QNEK9I8Q4.marketingautomation.services';<!-- [et_pb_line_break_holder] -->    \/\/ ss_form.hidden = {'field_id': 'value'}; \/\/ Modify this for sending hidden variables, or overriding values<!-- [et_pb_line_break_holder] -->    \/\/ ss_form.target_id = 'target'; \/\/ Optional parameter: forms will be placed inside the element with the specified id<!-- [et_pb_line_break_holder] -->    \/\/ ss_form.polling = true; \/\/ Optional parameter: set to true ONLY if your page loads dynamically and the id needs to be polled continually.<!-- [et_pb_line_break_holder] --><\/script><!-- [et_pb_line_break_holder] --><script type=\"text\/javascript\" src=\"https:\/\/koi-3QNEK9I8Q4.marketingautomation.services\/client\/form.js?ver=2.0.1\"><\/script><!-- [et_pb_line_break_holder] -->                    [\/et_pb_code][\/et_pb_column][\/et_pb_row][\/et_pb_section]<\/p>\n","protected":false},"excerpt":{"rendered":"<p>Eine Demo anfordernPlanen Sie eine DemoPlanen Sie jetzt eine Demo, um zu sehen, wie unsere Software Ihre Anforderungen erf\u00fcllen und Ihre Organisation zu neuen H\u00f6hen der Leistung und Sicherheit f\u00fchren kann. Bitte geben Sie unten Ihre Informationen ein und wir werden uns mit Ihnen in Verbindung setzen, um einen Termin zu vereinbaren :<\/p>\n","protected":false},"author":34,"featured_media":0,"parent":0,"menu_order":0,"comment_status":"closed","ping_status":"closed","template":"","meta":{"_et_pb_use_builder":"on","_et_pb_old_content":"","_et_gb_content_width":"","footnotes":""},"class_list":["post-22606","page","type-page","status-publish","hentry"],"yoast_head":"<!-- This site is optimized with the Yoast SEO plugin v27.1.1 - https:\/\/yoast.com\/product\/yoast-seo-wordpress\/ -->\n<title>Eine Demo anfordern - Infotel Software<\/title>\n<meta name=\"robots\" content=\"index, follow, max-snippet:-1, max-image-preview:large, max-video-preview:-1\" \/>\n<link rel=\"canonical\" href=\"https:\/\/infotel-software.com\/de\/demo\/\" \/>\n<meta property=\"og:locale\" content=\"de_DE\" \/>\n<meta property=\"og:type\" content=\"article\" \/>\n<meta property=\"og:title\" content=\"Eine Demo anfordern - Infotel Software\" \/>\n<meta property=\"og:description\" content=\"Eine Demo anfordernPlanen Sie eine DemoPlanen Sie jetzt eine Demo, um zu sehen, wie unsere Software Ihre Anforderungen erf\u00fcllen und Ihre Organisation zu neuen H\u00f6hen der Leistung und Sicherheit f\u00fchren kann. Bitte geben Sie unten Ihre Informationen ein und wir werden uns mit Ihnen in Verbindung setzen, um einen Termin zu vereinbaren :\" \/>\n<meta property=\"og:url\" content=\"https:\/\/infotel-software.com\/de\/demo\/\" \/>\n<meta property=\"og:site_name\" content=\"Infotel Software\" \/>\n<meta property=\"article:modified_time\" content=\"2025-07-03T14:30:49+00:00\" \/>\n<meta name=\"twitter:card\" content=\"summary_large_image\" \/>\n<meta name=\"twitter:label1\" content=\"Gesch\u00e4tzte Lesezeit\" \/>\n\t<meta name=\"twitter:data1\" content=\"1\u00a0Minute\" \/>\n<script type=\"application\/ld+json\" class=\"yoast-schema-graph\">{\"@context\":\"https:\/\/schema.org\",\"@graph\":[{\"@type\":\"WebPage\",\"@id\":\"https:\/\/infotel-software.com\/de\/demo\/\",\"url\":\"https:\/\/infotel-software.com\/de\/demo\/\",\"name\":\"Eine Demo anfordern - Infotel Software\",\"isPartOf\":{\"@id\":\"https:\/\/infotel-software.com\/de\/#website\"},\"datePublished\":\"2023-10-03T17:49:42+00:00\",\"dateModified\":\"2025-07-03T14:30:49+00:00\",\"breadcrumb\":{\"@id\":\"https:\/\/infotel-software.com\/de\/demo\/#breadcrumb\"},\"inLanguage\":\"de\",\"potentialAction\":[{\"@type\":\"ReadAction\",\"target\":[\"https:\/\/infotel-software.com\/de\/demo\/\"]}]},{\"@type\":\"BreadcrumbList\",\"@id\":\"https:\/\/infotel-software.com\/de\/demo\/#breadcrumb\",\"itemListElement\":[{\"@type\":\"ListItem\",\"position\":1,\"name\":\"Home\",\"item\":\"https:\/\/infotel-software.com\/de\/\"},{\"@type\":\"ListItem\",\"position\":2,\"name\":\"Eine Demo anfordern\"}]},{\"@type\":\"WebSite\",\"@id\":\"https:\/\/infotel-software.com\/de\/#website\",\"url\":\"https:\/\/infotel-software.com\/de\/\",\"name\":\"Insoft Infotel\",\"description\":\"Maximize Performance, Optimize Costs\",\"publisher\":{\"@id\":\"https:\/\/infotel-software.com\/de\/#organization\"},\"potentialAction\":[{\"@type\":\"SearchAction\",\"target\":{\"@type\":\"EntryPoint\",\"urlTemplate\":\"https:\/\/infotel-software.com\/de\/?s={search_term_string}\"},\"query-input\":{\"@type\":\"PropertyValueSpecification\",\"valueRequired\":true,\"valueName\":\"search_term_string\"}}],\"inLanguage\":\"de\"},{\"@type\":\"Organization\",\"@id\":\"https:\/\/infotel-software.com\/de\/#organization\",\"name\":\"Insoft Infotel\",\"url\":\"https:\/\/infotel-software.com\/de\/\",\"logo\":{\"@type\":\"ImageObject\",\"inLanguage\":\"de\",\"@id\":\"https:\/\/infotel-software.com\/de\/#\/schema\/logo\/image\/\",\"url\":\"https:\/\/infotel-software.com\/wp-content\/uploads\/2024\/06\/logo-insoft-infotel-1.png\",\"contentUrl\":\"https:\/\/infotel-software.com\/wp-content\/uploads\/2024\/06\/logo-insoft-infotel-1.png\",\"width\":1278,\"height\":358,\"caption\":\"Insoft Infotel\"},\"image\":{\"@id\":\"https:\/\/infotel-software.com\/de\/#\/schema\/logo\/image\/\"}}]}<\/script>\n<!-- \/ Yoast SEO plugin. -->","yoast_head_json":{"title":"Eine Demo anfordern - Infotel Software","robots":{"index":"index","follow":"follow","max-snippet":"max-snippet:-1","max-image-preview":"max-image-preview:large","max-video-preview":"max-video-preview:-1"},"canonical":"https:\/\/infotel-software.com\/de\/demo\/","og_locale":"de_DE","og_type":"article","og_title":"Eine Demo anfordern - Infotel Software","og_description":"Eine Demo anfordernPlanen Sie eine DemoPlanen Sie jetzt eine Demo, um zu sehen, wie unsere Software Ihre Anforderungen erf\u00fcllen und Ihre Organisation zu neuen H\u00f6hen der Leistung und Sicherheit f\u00fchren kann. Bitte geben Sie unten Ihre Informationen ein und wir werden uns mit Ihnen in Verbindung setzen, um einen Termin zu vereinbaren :","og_url":"https:\/\/infotel-software.com\/de\/demo\/","og_site_name":"Infotel Software","article_modified_time":"2025-07-03T14:30:49+00:00","twitter_card":"summary_large_image","twitter_misc":{"Gesch\u00e4tzte Lesezeit":"1\u00a0Minute"},"schema":{"@context":"https:\/\/schema.org","@graph":[{"@type":"WebPage","@id":"https:\/\/infotel-software.com\/de\/demo\/","url":"https:\/\/infotel-software.com\/de\/demo\/","name":"Eine Demo anfordern - Infotel Software","isPartOf":{"@id":"https:\/\/infotel-software.com\/de\/#website"},"datePublished":"2023-10-03T17:49:42+00:00","dateModified":"2025-07-03T14:30:49+00:00","breadcrumb":{"@id":"https:\/\/infotel-software.com\/de\/demo\/#breadcrumb"},"inLanguage":"de","potentialAction":[{"@type":"ReadAction","target":["https:\/\/infotel-software.com\/de\/demo\/"]}]},{"@type":"BreadcrumbList","@id":"https:\/\/infotel-software.com\/de\/demo\/#breadcrumb","itemListElement":[{"@type":"ListItem","position":1,"name":"Home","item":"https:\/\/infotel-software.com\/de\/"},{"@type":"ListItem","position":2,"name":"Eine Demo anfordern"}]},{"@type":"WebSite","@id":"https:\/\/infotel-software.com\/de\/#website","url":"https:\/\/infotel-software.com\/de\/","name":"Insoft Infotel","description":"Maximize Performance, Optimize Costs","publisher":{"@id":"https:\/\/infotel-software.com\/de\/#organization"},"potentialAction":[{"@type":"SearchAction","target":{"@type":"EntryPoint","urlTemplate":"https:\/\/infotel-software.com\/de\/?s={search_term_string}"},"query-input":{"@type":"PropertyValueSpecification","valueRequired":true,"valueName":"search_term_string"}}],"inLanguage":"de"},{"@type":"Organization","@id":"https:\/\/infotel-software.com\/de\/#organization","name":"Insoft Infotel","url":"https:\/\/infotel-software.com\/de\/","logo":{"@type":"ImageObject","inLanguage":"de","@id":"https:\/\/infotel-software.com\/de\/#\/schema\/logo\/image\/","url":"https:\/\/infotel-software.com\/wp-content\/uploads\/2024\/06\/logo-insoft-infotel-1.png","contentUrl":"https:\/\/infotel-software.com\/wp-content\/uploads\/2024\/06\/logo-insoft-infotel-1.png","width":1278,"height":358,"caption":"Insoft Infotel"},"image":{"@id":"https:\/\/infotel-software.com\/de\/#\/schema\/logo\/image\/"}}]}},"_links":{"self":[{"href":"https:\/\/infotel-software.com\/de\/wp-json\/wp\/v2\/pages\/22606","targetHints":{"allow":["GET"]}}],"collection":[{"href":"https:\/\/infotel-software.com\/de\/wp-json\/wp\/v2\/pages"}],"about":[{"href":"https:\/\/infotel-software.com\/de\/wp-json\/wp\/v2\/types\/page"}],"author":[{"embeddable":true,"href":"https:\/\/infotel-software.com\/de\/wp-json\/wp\/v2\/users\/34"}],"replies":[{"embeddable":true,"href":"https:\/\/infotel-software.com\/de\/wp-json\/wp\/v2\/comments?post=22606"}],"version-history":[{"count":2,"href":"https:\/\/infotel-software.com\/de\/wp-json\/wp\/v2\/pages\/22606\/revisions"}],"predecessor-version":[{"id":23827,"href":"https:\/\/infotel-software.com\/de\/wp-json\/wp\/v2\/pages\/22606\/revisions\/23827"}],"wp:attachment":[{"href":"https:\/\/infotel-software.com\/de\/wp-json\/wp\/v2\/media?parent=22606"}],"curies":[{"name":"wp","href":"https:\/\/api.w.org\/{rel}","templated":true}]}}