{"id":22738,"date":"2024-09-27T10:18:45","date_gmt":"2024-09-27T08:18:45","guid":{"rendered":"https:\/\/infotel-software.com\/cybersecurity-and-compliance\/"},"modified":"2025-07-02T16:23:11","modified_gmt":"2025-07-02T14:23:11","slug":"cybersicherheit-und-compliance","status":"publish","type":"page","link":"https:\/\/infotel-software.com\/de\/cybersicherheit-und-compliance\/","title":{"rendered":"Cybersicherheit und Compliance"},"content":{"rendered":"<p>[et_pb_section fb_built=&#8220;1&#8243; fullwidth=&#8220;on&#8220; admin_label=&#8220;Banni\u00e8re&#8220; _builder_version=&#8220;4.17.4&#8243; _module_preset=&#8220;default&#8220; da_disable_devices=&#8220;off|off|off&#8220; locked=&#8220;off&#8220; collapsed=&#8220;on&#8220; global_colors_info=&#8220;{}&#8220; da_is_popup=&#8220;off&#8220; da_exit_intent=&#8220;off&#8220; da_has_close=&#8220;on&#8220; da_alt_close=&#8220;off&#8220; da_dark_close=&#8220;off&#8220; da_not_modal=&#8220;on&#8220; da_is_singular=&#8220;off&#8220; da_with_loader=&#8220;off&#8220; da_has_shadow=&#8220;on&#8220;][et_pb_fullwidth_slider _builder_version=&#8220;4.27.4&#8243; _module_preset=&#8220;default&#8220; header_level=&#8220;h1&#8243; header_font_size=&#8220;60px&#8220; background_enable_color=&#8220;off&#8220; global_colors_info=&#8220;{}&#8220;][et_pb_slide heading=&#8220;Cybersicherheit und Compliance&#8220; use_bg_overlay=&#8220;on&#8220; use_text_overlay=&#8220;off&#8220; admin_title=&#8220;Cybersecurity and Compliance &#8220; _builder_version=&#8220;4.27.4&#8243; _module_preset=&#8220;default&#8220; header_font=&#8220;Arial|700|||||||&#8220; header_font_size=&#8220;40px&#8220; background_enable_color=&#8220;off&#8220; use_background_color_gradient=&#8220;on&#8220; background_color_gradient_type=&#8220;circular&#8220; background_color_gradient_stops=&#8220;#2ea3f2 30%|#004f91 100%&#8220; background_enable_image=&#8220;off&#8220; header_font_size_tablet=&#8220;40px&#8220; header_font_size_phone=&#8220;24px&#8220; header_font_size_last_edited=&#8220;on|phone&#8220; custom_css_free_form=&#8220;.et_pb_bg_layout_dark.et_pb_slider_with_overlay .et_pb_slide_overlay_container, .et_pb_bg_layout_dark.et_pb_slider_with_text_overlay .et_pb_text_overlay_wrapper {||    background-color: rgba(0, 0, 0, 0)!important;||}&#8220; global_colors_info=&#8220;{}&#8220; sticky_transition=&#8220;on&#8220;][\/et_pb_slide][\/et_pb_fullwidth_slider][\/et_pb_section][et_pb_section fb_built=&#8220;1&#8243; _builder_version=&#8220;4.27.0&#8243; _module_preset=&#8220;default&#8220; custom_padding=&#8220;2%||0%||false|false&#8220; da_disable_devices=&#8220;off|off|off&#8220; collapsed=&#8220;off&#8220; global_colors_info=&#8220;{}&#8220; da_is_popup=&#8220;off&#8220; da_exit_intent=&#8220;off&#8220; da_has_close=&#8220;on&#8220; da_alt_close=&#8220;off&#8220; da_dark_close=&#8220;off&#8220; da_not_modal=&#8220;on&#8220; da_is_singular=&#8220;off&#8220; da_with_loader=&#8220;off&#8220; da_has_shadow=&#8220;on&#8220;][et_pb_row _builder_version=&#8220;4.27.0&#8243; _module_preset=&#8220;default&#8220; custom_padding=&#8220;||0px||false|false&#8220; collapsed=&#8220;off&#8220; global_colors_info=&#8220;{}&#8220;][et_pb_column type=&#8220;4_4&#8243; _builder_version=&#8220;4.17.4&#8243; _module_preset=&#8220;default&#8220; global_colors_info=&#8220;{}&#8220;][et_pb_text _builder_version=&#8220;4.27.4&#8243; _module_preset=&#8220;default&#8220; hover_enabled=&#8220;0&#8243; global_colors_info=&#8220;{}&#8220; sticky_enabled=&#8220;0&#8243;]<\/p>\n<h3 class=\"title\" style=\"text-align: center;\">Ma\u00dfgeschneiderte L\u00f6sungen f\u00fcr gro\u00dfe Organisationen<\/h3>\n<p>[\/et_pb_text][\/et_pb_column][\/et_pb_row][\/et_pb_section][et_pb_section fb_built=&#8220;1&#8243; fullwidth=&#8220;on&#8220; admin_label=&#8220;Cybers\u00e9curit\u00e9 et conformit\u00e9&#8220; module_id=&#8220;Data-Performance&#8220; _builder_version=&#8220;4.27.0&#8243; _module_preset=&#8220;default&#8220; module_alignment=&#8220;center&#8220; custom_padding=&#8220;0%||||false|false&#8220; da_disable_devices=&#8220;off|off|off&#8220; locked=&#8220;off&#8220; collapsed=&#8220;off&#8220; global_colors_info=&#8220;{}&#8220; da_is_popup=&#8220;off&#8220; da_exit_intent=&#8220;off&#8220; da_has_close=&#8220;on&#8220; da_alt_close=&#8220;off&#8220; da_dark_close=&#8220;off&#8220; da_not_modal=&#8220;on&#8220; da_is_singular=&#8220;off&#8220; da_with_loader=&#8220;off&#8220; da_has_shadow=&#8220;on&#8220;][et_pb_fullwidth_header title=&#8220;Einhaltung der DSGVO mit DEEPEO&#8220; button_one_text=&#8220;Mehr erfahren&#8220; button_one_url=&#8220;https:\/\/deepeo.eu\/&#8220; header_image_url=&#8220;https:\/\/infotel-software.com\/wp-content\/uploads\/2024\/11\/Conformite-RGPD-avec-DEEPEO.png&#8220; image_alt_text=&#8220;Data Performance&#8220; header_image_url_last_edited=&#8220;off|desktop&#8220; _builder_version=&#8220;4.27.4&#8243; _module_preset=&#8220;default&#8220; title_level=&#8220;h3&#8243; title_text_align=&#8220;left&#8220; title_text_color=&#8220;#2ea3f2&#8243; content_text_color=&#8220;#000000&#8243; content_font_size=&#8220;18px&#8220; subhead_font=&#8220;|700|||||||&#8220; subhead_text_align=&#8220;left&#8220; subhead_text_color=&#8220;#000000&#8243; subhead_font_size=&#8220;20px&#8220; background_color=&#8220;RGBA(255,255,255,0)&#8220; custom_padding_tablet=&#8220;&#8220; custom_padding_phone=&#8220;0px||||false|false&#8220; custom_padding_last_edited=&#8220;on|phone&#8220; animation_style=&#8220;slide&#8220; animation_delay=&#8220;250ms&#8220; hover_transition_delay=&#8220;100ms&#8220; link_option_url_new_window=&#8220;on&#8220; custom_css_free_form=&#8220;h2{||  padding-bottom : 20px||}||.et_pb_fullwidth_header .et_pb_fullwidth_header_container .header-content a.et_pb_button {||    background-color:  #2ea3f2 !important;||    color: white !important;||}&#8220; global_colors_info=&#8220;{}&#8220; header_image_url__hover_enabled=&#8220;off|desktop&#8220;]<\/p>\n<p><strong>DEEPEO<\/strong>\u00a0ist eine innovative L\u00f6sung, mit der Sie die Einhaltung der DSGVO in Ihrem Unternehmen sicherstellen k\u00f6nnen, indem Sie die Verwaltung personenbezogener Daten optimieren. Mit seinen erweiterten Funktionen identifiziert, klassifiziert und sichert DEEPEO Ihre sensiblen Informationen und gew\u00e4hrleistet so einen wirksamen Schutz vor den Risiken der Nichteinhaltung. Sein modularer Ansatz passt sich den spezifischen Bed\u00fcrfnissen jeder Organisation an und bietet vollst\u00e4ndige Transparenz und eine Echtzeit-\u00dcberwachung der Einhaltung der Vorschriften.<\/p>\n<p>[\/et_pb_fullwidth_header][et_pb_fullwidth_header title=&#8220;Orlando TechPubs&#8220; text_orientation=&#8220;right&#8220; button_one_text=&#8220;Mehr erfahren&#8220; button_one_url=&#8220;https:\/\/orlandotechpubs.com\/&#8220; header_image_url=&#8220;https:\/\/infotel-software.com\/wp-content\/uploads\/2024\/11\/Orlando-TechPubs.png&#8220; image_alt_text=&#8220;Data Performance&#8220; _builder_version=&#8220;4.27.4&#8243; _module_preset=&#8220;default&#8220; title_level=&#8220;h3&#8243; title_text_align=&#8220;left&#8220; title_text_color=&#8220;#2ea3f2&#8243; content_text_color=&#8220;#000000&#8243; content_font_size=&#8220;18px&#8220; subhead_font=&#8220;|700|||||||&#8220; subhead_text_align=&#8220;left&#8220; subhead_text_color=&#8220;#000000&#8243; subhead_font_size=&#8220;20px&#8220; background_color=&#8220;RGBA(255,255,255,0)&#8220; animation_style=&#8220;slide&#8220; animation_delay=&#8220;250ms&#8220; hover_transition_delay=&#8220;100ms&#8220; link_option_url_new_window=&#8220;on&#8220; custom_css_free_form=&#8220;h2{||  padding-bottom : 20px||}||.et_pb_fullwidth_header .et_pb_fullwidth_header_container.right .header-content {||  text-align:left!important;||}&#8220; global_colors_info=&#8220;{}&#8220;]<\/p>\n<p style=\"text-align: left;\"><strong>Orlando<\/strong>\u00a0ist ein f\u00fcr die Luftfahrtindustrie entwickeltes Dokumentenmanagementsystem, das die Verwaltung von Handb\u00fcchern und den Benutzerzugriff auf einer einzigen Plattform zentralisiert. Es bietet leistungsstarke Tools f\u00fcr die Bearbeitung, Anpassung und den Abgleich von Unternehmens- und Herstellerhandb\u00fcchern und verbessert so die Effizienz und die Einhaltung von Vorschriften beim digitalen \u00dcbergang. Die L\u00f6sung unterst\u00fctzt Organisationen bei der Modernisierung ihrer technischen Publikationen mit einer intuitiven Benutzeroberfl\u00e4che und fachkundigem Support.<\/p>\n<p>[\/et_pb_fullwidth_header][\/et_pb_section]<\/p>\n","protected":false},"excerpt":{"rendered":"<p>Ma\u00dfgeschneiderte L\u00f6sungen f\u00fcr gro\u00dfe OrganisationenDEEPEO\u00a0ist eine innovative L\u00f6sung, mit der Sie die Einhaltung der DSGVO in Ihrem Unternehmen sicherstellen k\u00f6nnen, indem Sie die Verwaltung personenbezogener Daten optimieren. Mit seinen erweiterten Funktionen identifiziert, klassifiziert und sichert DEEPEO Ihre sensiblen Informationen und gew\u00e4hrleistet so einen wirksamen Schutz vor den Risiken der Nichteinhaltung. Sein modularer Ansatz passt sich [&hellip;]<\/p>\n","protected":false},"author":34,"featured_media":0,"parent":0,"menu_order":0,"comment_status":"closed","ping_status":"closed","template":"","meta":{"_et_pb_use_builder":"on","_et_pb_old_content":"<!-- wp:image {\"sizeSlug\":\"large\"} -->\r\n<figure class=\"wp-block-image size-large\"><img src=\"https:\/\/us-infotel.dev.infotel.com\/wp-content\/uploads\/2022\/05\/pablo-hermoso-FDgLKYrhT9w-unsplash-scaled.jpg\" alt=\"\"\/><\/figure>\r\n<!-- \/wp:image -->\r\n\r\n<!-- wp:stackable\/text {\"uniqueId\":\"272cbde\"} -->\r\n<div class=\"wp-block-stackable-text stk-block-text stk-block stk-272cbde\" data-block-id=\"272cbde\"><p class=\"stk-block-text__text\"><\/p><\/div>\r\n<!-- \/wp:stackable\/text -->\r\n\r\n<!-- wp:stackable\/heading {\"uniqueId\":\"7f02ba5\"} -->\r\n<div class=\"wp-block-stackable-heading stk-block-heading stk-block stk-7f02ba5\" id=\"history\" data-block-id=\"7f02ba5\"><h2 class=\"stk-block-heading__text\">History<\/h2><\/div>\r\n<!-- \/wp:stackable\/heading -->\r\n\r\n<!-- wp:table -->\r\n<figure class=\"wp-block-table\"><table><tbody><tr><td>History<\/td><td>Founded<\/td><td>Listed on Stock Exchange<\/td><\/tr><tr><td>4 Founders<\/td><td>1979<\/td><td>1999<\/td><\/tr><tr><td><img class=\"wp-image-11157\" style=\"width: 118px;\" src=\"https:\/\/infotel-software.com\/wp-content\/uploads\/2022\/06\/Asset-5-1.png\" alt=\"\"><\/td><td><img class=\"wp-image-11155\" style=\"width: 122px;\" src=\"https:\/\/infotel-software.com\/wp-content\/uploads\/2022\/06\/Asset-2-1.png\" alt=\"\"><\/td><td><img class=\"wp-image-11159\" style=\"width: 136px;\" src=\"https:\/\/infotel-software.com\/wp-content\/uploads\/2022\/06\/Asset-8-1.png\" alt=\"Data Governance\"><\/td><\/tr><\/tbody><\/table><\/figure>\r\n<!-- \/wp:table -->\r\n\r\n<!-- wp:image {\"id\":11158,\"sizeSlug\":\"full\",\"linkDestination\":\"none\"} -->\r\n<figure class=\"wp-block-image size-full\"><img src=\"https:\/\/infotel-software.com\/wp-content\/uploads\/2022\/06\/Asset-7-1.png\" alt=\"\" class=\"wp-image-11158\"\/><\/figure>\r\n<!-- \/wp:image -->\r\n\r\n<!-- wp:paragraph -->\r\n<p><\/p>\r\n<!-- \/wp:paragraph -->\r\n\r\n<!-- wp:heading {\"level\":3} -->\r\n<h3><strong>Company founded: a team of experts \/\u00a01979 \u2013 1988<\/strong><\/h3>\r\n<!-- \/wp:heading -->\r\n\r\n<!-- wp:paragraph -->\r\n<p>The\u00a0Infotel\u00a0Group was founded in 1979 by a team of experts:\u00a0Bernard Lafforet, Michel Koutchouk, Alain Hallereau and Josyane Muller.\u00a0In the beginning, the company was based in Paris, with a focus on providing databases as well as\u00a0services,\u00a0training\u00a0and\u00a0software for large companies. A few years after its founding and following on the success of its software,\u00a0Infotel opened an office in the U.S.<\/p>\r\n<!-- \/wp:paragraph -->\r\n\r\n<!-- wp:heading {\"level\":3} -->\r\n<h3>The Company grows: software and local services \/\u00a01989 \u2013 1998<\/h3>\r\n<!-- \/wp:heading -->\r\n\r\n<!-- wp:paragraph -->\r\n<p>The company continued to grow by opening its\u00a0Toulouse agency\u00a0in 1989 and setting up a new\u00a0Infotel company in Germany\u00a0(Infotel GmbH) in 1990.<\/p>\r\n<!-- \/wp:paragraph -->\r\n\r\n<!-- wp:paragraph -->\r\n<p>Throughout this period, the Group also undertook the development and launch of\u00a0new software utilities for databases. The Group carried out its first\u00a0external growth operation\u00a0in 1998 and obtained\u00a0ISO 9001 certification\u00a0in the same year.<\/p>\r\n<!-- \/wp:paragraph -->\r\n\r\n<!-- wp:heading {\"level\":3} -->\r\n<h3>Expansion around \u201cWeb-to-Database\u201d \/\u00a01999 \u2013 2008<\/h3>\r\n<!-- \/wp:heading -->\r\n\r\n<!-- wp:paragraph -->\r\n<p>On 21 January 1999, Infotel entered the New Paris Stock Market (now known as Euronext Paris, compartment B (Mid Cap)). This saw Infotel making another historic step forward in its development by acquiring the means of financing its\u00a0projects for growth. In the same year, the company signed its first\u00a0agreement with IBM\u00a0for the development of\u00a0Db2 utility software\u00a0sold by IBM.<\/p>\r\n<!-- \/wp:paragraph -->\r\n\r\n<!-- wp:paragraph -->\r\n<p>Also in 1999, Infotel adopted its strategic\u00a0Web-to-Database\u00a0positioning, a comprehensive technical offering to meet evolving needs and help companies open their information systems.<\/p>\r\n<!-- \/wp:paragraph -->\r\n\r\n<!-- wp:paragraph -->\r\n<p>In December 1999, the Group incorporated the\u00a0S12\u00a0company and, the following year, two other companies,\u00a0Sporen\u00a0and\u00a0Innovaco Formation.<\/p>\r\n<!-- \/wp:paragraph -->\r\n\r\n<!-- wp:paragraph -->\r\n<p>At the beginning of 2006, Infotel continued to follow its external growth strategy by acquiring and subsequently integrating the\u00a0Odaxys\u00a0group, based in Rennes and Nantes,\u00a0a major IT player in France\u2019s Western Region. Expansion continued with the\u00a0opening of regional agencies in Lyon, Bordeaux, Le Mans and Niort.<\/p>\r\n<!-- \/wp:paragraph -->\r\n\r\n<!-- wp:heading {\"level\":3} -->\r\n<h3>Ambitions 2012 \/\u00a02009 \u2013 2012<\/h3>\r\n<!-- \/wp:heading -->\r\n\r\n<!-- wp:paragraph -->\r\n<p>The company grew in geographic terms with the\u00a0acquisition of Addax\u00a0in 2010, giving it a presence in the Nice region (Sophia Antipolis), Aix-Marseille and Monaco. Subsequently, the\u00a0acquisition of Empeiria\u00a0in early 2012 provided coverage of the Lille region.<\/p>\r\n<!-- \/wp:paragraph -->\r\n\r\n<!-- wp:paragraph -->\r\n<p>Meanwhile, the software offering expanded by involvement in the\u00a0creation of Archive Data Software, opening up a new channel of distribution for\u00a0<a href=\"http:\/\/www.arcsys-software.fr\/\" target=\"_blank\" rel=\"noreferrer noopener\">Arcsys<\/a>\u00a0archiving software. Acquisition of the German company\u00a0<a href=\"https:\/\/insoft-software.com\/en\/home\/\" target=\"_blank\" rel=\"noreferrer noopener\"><u>Insoft Software GmbH<\/u><\/a>\u00a0took place in June 2011, completing this offering.<\/p>\r\n<!-- \/wp:paragraph -->\r\n\r\n<!-- wp:heading {\"level\":3} -->\r\n<h3>Performance Plan 2016 \/\u00a02013 \u2013 present<\/h3>\r\n<!-- \/wp:heading -->\r\n\r\n<!-- wp:paragraph -->\r\n<p>The Infotel Group is continuing its expansion by\u00a0pursuing a key account growth strategy accompanied by IT services focused on mobility. The company has also helped key accounts in\u00a0managing big data\u00a0and has increased the size of its international business.<\/p>\r\n<!-- \/wp:paragraph -->\r\n\r\n<!-- wp:spacer {\"height\":\"10px\"} -->\r\n<div style=\"height:10px\" aria-hidden=\"true\" class=\"wp-block-spacer\"><\/div>\r\n<!-- \/wp:spacer -->","_et_gb_content_width":"","footnotes":""},"class_list":["post-22738","page","type-page","status-publish","hentry"],"yoast_head":"<!-- This site is optimized with the Yoast SEO plugin v27.1.1 - https:\/\/yoast.com\/product\/yoast-seo-wordpress\/ -->\n<title>Insoft Infotel | Experts in mainframe performance and optimization<\/title>\n<meta name=\"description\" content=\"Insoft Infotel helps customers thrive in the digital age with smart software solutions that optimize and improve z\/OS usage and costs.\" \/>\n<meta name=\"robots\" content=\"index, follow, max-snippet:-1, max-image-preview:large, max-video-preview:-1\" \/>\n<link rel=\"canonical\" href=\"https:\/\/infotel-software.com\/de\/cybersicherheit-und-compliance\/\" \/>\n<meta property=\"og:locale\" content=\"de_DE\" \/>\n<meta property=\"og:type\" content=\"article\" \/>\n<meta property=\"og:title\" content=\"Insoft Infotel | Experts in mainframe performance and optimization\" \/>\n<meta property=\"og:description\" content=\"Insoft Infotel helps customers thrive in the digital age with smart software solutions that optimize and improve z\/OS usage and costs.\" \/>\n<meta property=\"og:url\" content=\"https:\/\/infotel-software.com\/de\/cybersicherheit-und-compliance\/\" \/>\n<meta property=\"og:site_name\" content=\"Infotel Software\" \/>\n<meta property=\"article:modified_time\" content=\"2025-07-02T14:23:11+00:00\" \/>\n<meta name=\"twitter:card\" content=\"summary_large_image\" \/>\n<meta name=\"twitter:label1\" content=\"Gesch\u00e4tzte Lesezeit\" \/>\n\t<meta name=\"twitter:data1\" content=\"2\u00a0Minuten\" \/>\n<script type=\"application\/ld+json\" class=\"yoast-schema-graph\">{\"@context\":\"https:\/\/schema.org\",\"@graph\":[{\"@type\":\"WebPage\",\"@id\":\"https:\/\/infotel-software.com\/de\/cybersicherheit-und-compliance\/\",\"url\":\"https:\/\/infotel-software.com\/de\/cybersicherheit-und-compliance\/\",\"name\":\"Insoft Infotel | Experts in mainframe performance and optimization\",\"isPartOf\":{\"@id\":\"https:\/\/infotel-software.com\/de\/#website\"},\"datePublished\":\"2024-09-27T08:18:45+00:00\",\"dateModified\":\"2025-07-02T14:23:11+00:00\",\"description\":\"Insoft Infotel helps customers thrive in the digital age with smart software solutions that optimize and improve z\/OS usage and costs.\",\"breadcrumb\":{\"@id\":\"https:\/\/infotel-software.com\/de\/cybersicherheit-und-compliance\/#breadcrumb\"},\"inLanguage\":\"de\",\"potentialAction\":[{\"@type\":\"ReadAction\",\"target\":[\"https:\/\/infotel-software.com\/de\/cybersicherheit-und-compliance\/\"]}]},{\"@type\":\"BreadcrumbList\",\"@id\":\"https:\/\/infotel-software.com\/de\/cybersicherheit-und-compliance\/#breadcrumb\",\"itemListElement\":[{\"@type\":\"ListItem\",\"position\":1,\"name\":\"Home\",\"item\":\"https:\/\/infotel-software.com\/de\/\"},{\"@type\":\"ListItem\",\"position\":2,\"name\":\"Cybersicherheit und Compliance\"}]},{\"@type\":\"WebSite\",\"@id\":\"https:\/\/infotel-software.com\/de\/#website\",\"url\":\"https:\/\/infotel-software.com\/de\/\",\"name\":\"Insoft Infotel\",\"description\":\"Maximize Performance, Optimize Costs\",\"publisher\":{\"@id\":\"https:\/\/infotel-software.com\/de\/#organization\"},\"potentialAction\":[{\"@type\":\"SearchAction\",\"target\":{\"@type\":\"EntryPoint\",\"urlTemplate\":\"https:\/\/infotel-software.com\/de\/?s={search_term_string}\"},\"query-input\":{\"@type\":\"PropertyValueSpecification\",\"valueRequired\":true,\"valueName\":\"search_term_string\"}}],\"inLanguage\":\"de\"},{\"@type\":\"Organization\",\"@id\":\"https:\/\/infotel-software.com\/de\/#organization\",\"name\":\"Insoft Infotel\",\"url\":\"https:\/\/infotel-software.com\/de\/\",\"logo\":{\"@type\":\"ImageObject\",\"inLanguage\":\"de\",\"@id\":\"https:\/\/infotel-software.com\/de\/#\/schema\/logo\/image\/\",\"url\":\"https:\/\/infotel-software.com\/wp-content\/uploads\/2024\/06\/logo-insoft-infotel-1.png\",\"contentUrl\":\"https:\/\/infotel-software.com\/wp-content\/uploads\/2024\/06\/logo-insoft-infotel-1.png\",\"width\":1278,\"height\":358,\"caption\":\"Insoft Infotel\"},\"image\":{\"@id\":\"https:\/\/infotel-software.com\/de\/#\/schema\/logo\/image\/\"}}]}<\/script>\n<!-- \/ Yoast SEO plugin. -->","yoast_head_json":{"title":"Insoft Infotel | Experts in mainframe performance and optimization","description":"Insoft Infotel helps customers thrive in the digital age with smart software solutions that optimize and improve z\/OS usage and costs.","robots":{"index":"index","follow":"follow","max-snippet":"max-snippet:-1","max-image-preview":"max-image-preview:large","max-video-preview":"max-video-preview:-1"},"canonical":"https:\/\/infotel-software.com\/de\/cybersicherheit-und-compliance\/","og_locale":"de_DE","og_type":"article","og_title":"Insoft Infotel | Experts in mainframe performance and optimization","og_description":"Insoft Infotel helps customers thrive in the digital age with smart software solutions that optimize and improve z\/OS usage and costs.","og_url":"https:\/\/infotel-software.com\/de\/cybersicherheit-und-compliance\/","og_site_name":"Infotel Software","article_modified_time":"2025-07-02T14:23:11+00:00","twitter_card":"summary_large_image","twitter_misc":{"Gesch\u00e4tzte Lesezeit":"2\u00a0Minuten"},"schema":{"@context":"https:\/\/schema.org","@graph":[{"@type":"WebPage","@id":"https:\/\/infotel-software.com\/de\/cybersicherheit-und-compliance\/","url":"https:\/\/infotel-software.com\/de\/cybersicherheit-und-compliance\/","name":"Insoft Infotel | Experts in mainframe performance and optimization","isPartOf":{"@id":"https:\/\/infotel-software.com\/de\/#website"},"datePublished":"2024-09-27T08:18:45+00:00","dateModified":"2025-07-02T14:23:11+00:00","description":"Insoft Infotel helps customers thrive in the digital age with smart software solutions that optimize and improve z\/OS usage and costs.","breadcrumb":{"@id":"https:\/\/infotel-software.com\/de\/cybersicherheit-und-compliance\/#breadcrumb"},"inLanguage":"de","potentialAction":[{"@type":"ReadAction","target":["https:\/\/infotel-software.com\/de\/cybersicherheit-und-compliance\/"]}]},{"@type":"BreadcrumbList","@id":"https:\/\/infotel-software.com\/de\/cybersicherheit-und-compliance\/#breadcrumb","itemListElement":[{"@type":"ListItem","position":1,"name":"Home","item":"https:\/\/infotel-software.com\/de\/"},{"@type":"ListItem","position":2,"name":"Cybersicherheit und Compliance"}]},{"@type":"WebSite","@id":"https:\/\/infotel-software.com\/de\/#website","url":"https:\/\/infotel-software.com\/de\/","name":"Insoft Infotel","description":"Maximize Performance, Optimize Costs","publisher":{"@id":"https:\/\/infotel-software.com\/de\/#organization"},"potentialAction":[{"@type":"SearchAction","target":{"@type":"EntryPoint","urlTemplate":"https:\/\/infotel-software.com\/de\/?s={search_term_string}"},"query-input":{"@type":"PropertyValueSpecification","valueRequired":true,"valueName":"search_term_string"}}],"inLanguage":"de"},{"@type":"Organization","@id":"https:\/\/infotel-software.com\/de\/#organization","name":"Insoft Infotel","url":"https:\/\/infotel-software.com\/de\/","logo":{"@type":"ImageObject","inLanguage":"de","@id":"https:\/\/infotel-software.com\/de\/#\/schema\/logo\/image\/","url":"https:\/\/infotel-software.com\/wp-content\/uploads\/2024\/06\/logo-insoft-infotel-1.png","contentUrl":"https:\/\/infotel-software.com\/wp-content\/uploads\/2024\/06\/logo-insoft-infotel-1.png","width":1278,"height":358,"caption":"Insoft Infotel"},"image":{"@id":"https:\/\/infotel-software.com\/de\/#\/schema\/logo\/image\/"}}]}},"_links":{"self":[{"href":"https:\/\/infotel-software.com\/de\/wp-json\/wp\/v2\/pages\/22738","targetHints":{"allow":["GET"]}}],"collection":[{"href":"https:\/\/infotel-software.com\/de\/wp-json\/wp\/v2\/pages"}],"about":[{"href":"https:\/\/infotel-software.com\/de\/wp-json\/wp\/v2\/types\/page"}],"author":[{"embeddable":true,"href":"https:\/\/infotel-software.com\/de\/wp-json\/wp\/v2\/users\/34"}],"replies":[{"embeddable":true,"href":"https:\/\/infotel-software.com\/de\/wp-json\/wp\/v2\/comments?post=22738"}],"version-history":[{"count":4,"href":"https:\/\/infotel-software.com\/de\/wp-json\/wp\/v2\/pages\/22738\/revisions"}],"predecessor-version":[{"id":23690,"href":"https:\/\/infotel-software.com\/de\/wp-json\/wp\/v2\/pages\/22738\/revisions\/23690"}],"wp:attachment":[{"href":"https:\/\/infotel-software.com\/de\/wp-json\/wp\/v2\/media?parent=22738"}],"curies":[{"name":"wp","href":"https:\/\/api.w.org\/{rel}","templated":true}]}}