{"id":23262,"date":"2025-04-24T17:13:13","date_gmt":"2025-04-24T15:13:13","guid":{"rendered":"https:\/\/infotel-software.com\/aipg\/"},"modified":"2025-09-18T15:43:46","modified_gmt":"2025-09-18T13:43:46","slug":"aipg","status":"publish","type":"page","link":"https:\/\/infotel-software.com\/de\/aipg\/","title":{"rendered":"AIPG \u2013 Erweiterte Datenentladung f\u00fcr PostgreSQL"},"content":{"rendered":"<p>[et_pb_section fb_built=&#8220;1&#8243; fullwidth=&#8220;on&#8220; admin_label=&#8220;Banni\u00e8re&#8220; _builder_version=&#8220;4.17.4&#8243; _module_preset=&#8220;default&#8220; da_disable_devices=&#8220;off|off|off&#8220; locked=&#8220;off&#8220; collapsed=&#8220;off&#8220; global_colors_info=&#8220;{}&#8220; da_is_popup=&#8220;off&#8220; da_exit_intent=&#8220;off&#8220; da_has_close=&#8220;on&#8220; da_alt_close=&#8220;off&#8220; da_dark_close=&#8220;off&#8220; da_not_modal=&#8220;on&#8220; da_is_singular=&#8220;off&#8220; da_with_loader=&#8220;off&#8220; da_has_shadow=&#8220;on&#8220;][et_pb_fullwidth_slider _builder_version=&#8220;4.27.4&#8243; _module_preset=&#8220;default&#8220; header_level=&#8220;h1&#8243; header_font_size=&#8220;60px&#8220; background_enable_color=&#8220;off&#8220; global_colors_info=&#8220;{}&#8220;][et_pb_slide heading=&#8220;AIPG&#8220; use_bg_overlay=&#8220;on&#8220; use_text_overlay=&#8220;off&#8220; _builder_version=&#8220;4.27.4&#8243; _module_preset=&#8220;default&#8220; header_font=&#8220;Arial|700|||||||&#8220; header_font_size=&#8220;40px&#8220; background_enable_color=&#8220;off&#8220; use_background_color_gradient=&#8220;on&#8220; background_color_gradient_type=&#8220;circular&#8220; background_color_gradient_stops=&#8220;#2ea3f2 30%|#004f91 100%&#8220; background_enable_image=&#8220;off&#8220; header_font_size_tablet=&#8220;40px&#8220; header_font_size_phone=&#8220;24px&#8220; header_font_size_last_edited=&#8220;on|phone&#8220; custom_css_free_form=&#8220;.et_pb_bg_layout_dark.et_pb_slider_with_overlay .et_pb_slide_overlay_container, .et_pb_bg_layout_dark.et_pb_slider_with_text_overlay .et_pb_text_overlay_wrapper {||    background-color: rgba(0, 0, 0, 0)!important;||}&#8220; global_colors_info=&#8220;{}&#8220; sticky_transition=&#8220;on&#8220;][\/et_pb_slide][\/et_pb_fullwidth_slider][\/et_pb_section][et_pb_section fb_built=&#8220;1&#8243; fullwidth=&#8220;on&#8220; admin_label=&#8220;Bloc texte \/ Image 1&#8243; _builder_version=&#8220;4.27.0&#8243; _module_preset=&#8220;default&#8220; da_disable_devices=&#8220;off|off|off&#8220; locked=&#8220;off&#8220; collapsed=&#8220;off&#8220; global_colors_info=&#8220;{}&#8220; da_is_popup=&#8220;off&#8220; da_exit_intent=&#8220;off&#8220; da_has_close=&#8220;on&#8220; da_alt_close=&#8220;off&#8220; da_dark_close=&#8220;off&#8220; da_not_modal=&#8220;on&#8220; da_is_singular=&#8220;off&#8220; da_with_loader=&#8220;off&#8220; da_has_shadow=&#8220;on&#8220;][et_pb_fullwidth_header title=&#8220;Hochleistungs-Dienstprogramme f\u00fcr PostgreSQL&#8220; text_orientation=&#8220;right&#8220; button_one_text=&#8220;Jetzt herunterladen&#8220; button_one_url=&#8220;https:\/\/infotel-software.com\/de\/download-aipg\/&#8220; header_image_url=&#8220;https:\/\/infotel-software.com\/wp-content\/uploads\/2024\/11\/AIPG-for-postgreSQL.png&#8220; _builder_version=&#8220;4.27.4&#8243; _module_preset=&#8220;default&#8220; title_level=&#8220;h3&#8243; title_text_align=&#8220;left&#8220; title_text_color=&#8220;#2ea3f2&#8243; content_text_color=&#8220;#000000&#8243; background_enable_color=&#8220;off&#8220; custom_button_one=&#8220;on&#8220; button_one_text_color=&#8220;#FFFFFF&#8220; button_one_bg_color=&#8220;#2ea3f2&#8243; custom_padding_tablet=&#8220;&#8220; custom_padding_phone=&#8220;0px||||false|false&#8220; custom_padding_last_edited=&#8220;on|phone&#8220; link_option_url_new_window=&#8220;on&#8220; hover_enabled=&#8220;0&#8243; custom_css_free_form=&#8220;.et_pb_bg_layout_dark h3 {||    text-align: left;||}||||.et_pb_fullwidth_header .et_pb_fullwidth_header_container .header-content a.et_pb_button {||    background-color:  #2ea3f2 !important;||    color: white !important;||}||||.et_pb_fullwidth_header .et_pb_fullwidth_header_container.right .header-content {||    text-align: left !important;||}&#8220; global_colors_info=&#8220;{}&#8220; sticky_enabled=&#8220;0&#8243;]<\/p>\n<div class=\"et_pb_module et_pb_text et_pb_text_2 et_pb_text_align_left et_pb_bg_layout_light\">\n<div class=\"et_pb_text_inner\">\n<p><b>Advanced InfoUnload for PostgreSQL (AIPG)<\/b> ist ein umfassendes Hochleistungs-Dienstprogramm zum Entladen von PostgreSQL-Daten.<\/p>\n<p>Damit k\u00f6nnen Sie Ihre Daten schnell, einfach und intelligent aus PostgreSQL in ein beliebiges Datenrepository verschieben.<\/p>\n<\/div>\n<\/div>\n<p>[\/et_pb_fullwidth_header][\/et_pb_section][et_pb_section fb_built=&#8220;1&#8243; fullwidth=&#8220;on&#8220; admin_label=&#8220;Bloc texte \/ Image 2&#8243; _builder_version=&#8220;4.27.0&#8243; _module_preset=&#8220;default&#8220; da_disable_devices=&#8220;off|off|off&#8220; locked=&#8220;off&#8220; collapsed=&#8220;off&#8220; global_colors_info=&#8220;{}&#8220; da_is_popup=&#8220;off&#8220; da_exit_intent=&#8220;off&#8220; da_has_close=&#8220;on&#8220; da_alt_close=&#8220;off&#8220; da_dark_close=&#8220;off&#8220; da_not_modal=&#8220;on&#8220; da_is_singular=&#8220;off&#8220; da_with_loader=&#8220;off&#8220; da_has_shadow=&#8220;on&#8220;][et_pb_fullwidth_header title=&#8220;Was ist AIPG?&#8220; button_one_url=&#8220;https:\/\/infotel-software.com\/de\/demo\/&#8220; header_image_url=&#8220;https:\/\/infotel-software.com\/wp-content\/uploads\/2025\/01\/Page-InfoUnload-2.png&#8220; _builder_version=&#8220;4.27.4&#8243; _module_preset=&#8220;default&#8220; title_level=&#8220;h3&#8243; title_text_color=&#8220;#2ea3f2&#8243; content_text_color=&#8220;#000000&#8243; background_enable_color=&#8220;off&#8220; custom_button_one=&#8220;on&#8220; button_one_text_color=&#8220;#FFFFFF&#8220; button_one_bg_color=&#8220;#2ea3f2&#8243; link_option_url_new_window=&#8220;on&#8220; global_colors_info=&#8220;{}&#8220;]<\/p>\n<p>Advanced InfoUnload for PostgreSQL ist ein eigenst\u00e4ndiges Dienstprogramm, das Massendatenexporte aus PostgreSQL-Datenbanken durchf\u00fchrt.<\/p>\n<ul>\n<li><b>Entladen Sie PostgreSQL-Daten<\/b> in Flatfiles, auf Bandger\u00e4te oder in Named Pipes.<\/li>\n<li><b>Erstellen Sie Dateien f\u00fcr mehrere Ziele<\/b>, auch wenn die Zieldateien unterschiedliche Import- oder Ladeformate erfordern. InfoUnload PostgreSQL unterst\u00fctzt mehrere Formate f\u00fcr Ausgabedateien (XML, JSON, getrennt, nicht getrennt).<\/li>\n<li><b>F\u00fchren Sie eine vollst\u00e4ndige<\/b> Systemmigration von einer PostgreSQL-Instanz zu einer anderen durch.<\/li>\n<li><b>Verzichten Sie auf spezielle Datenkonvertierungsanwendungen<\/b>. Die Spaltenfunktion von InfoUnload PostgreSQL unterst\u00fctzt die Konvertierung in eine Vielzahl von Datentypen mit der SELECT-Anweisung.<\/li>\n<li><b>Verwenden Sie leistungsstarke<\/b>, benutzerfreundliche und vertraute SELECT-Syntax, um die zu entladenden Spalten und Zeilen anzugeben.<\/li>\n<li><b>Entladen Sie eine PostgreSQL-Zeilenprobe<\/b> mit den Schl\u00fcsselw\u00f6rtern MAXROWS, SKIP und INTERVAL. Mit dieser Funktion k\u00f6nnen Sie die Syntax in einer Steuerdatei schnell \u00fcberpr\u00fcfen.<\/li>\n<\/ul>\n<p>Dar\u00fcber hinaus bietet InfoUnload PostgreSQL parallele Verarbeitung zur Maximierung der Leistung. Es erstellt detaillierte Zusammenfassungen der Entladevorg\u00e4nge, einschlie\u00dflich Prozessstatistiken, Ergebnissen und Fehlermeldungen.<\/p>\n<p>[\/et_pb_fullwidth_header][\/et_pb_section][et_pb_section fb_built=&#8220;1&#8243; fullwidth=&#8220;on&#8220; admin_label=&#8220;Bloc texte \/ Image 3&#8243; _builder_version=&#8220;4.27.0&#8243; _module_preset=&#8220;default&#8220; da_disable_devices=&#8220;off|off|off&#8220; locked=&#8220;off&#8220; collapsed=&#8220;off&#8220; global_colors_info=&#8220;{}&#8220; da_is_popup=&#8220;off&#8220; da_exit_intent=&#8220;off&#8220; da_has_close=&#8220;on&#8220; da_alt_close=&#8220;off&#8220; da_dark_close=&#8220;off&#8220; da_not_modal=&#8220;on&#8220; da_is_singular=&#8220;off&#8220; da_with_loader=&#8220;off&#8220; da_has_shadow=&#8220;on&#8220;][et_pb_fullwidth_header title=&#8220;Warum ein Entlade-Dienstprogramm?&#8220; text_orientation=&#8220;right&#8220; button_one_text=&#8220;Jetzt herunterladen&#8220; button_one_url=&#8220;https:\/\/infotel-software.com\/de\/download-aipg\/&#8220; header_image_url=&#8220;https:\/\/infotel-software.com\/wp-content\/uploads\/2025\/04\/export-data-768&#215;449-1.png&#8220; _builder_version=&#8220;4.27.4&#8243; _module_preset=&#8220;default&#8220; title_level=&#8220;h3&#8243; title_text_align=&#8220;left&#8220; title_text_color=&#8220;#2ea3f2&#8243; content_text_color=&#8220;#000000&#8243; background_enable_color=&#8220;off&#8220; custom_button_one=&#8220;on&#8220; button_one_text_color=&#8220;#FFFFFF&#8220; button_one_bg_color=&#8220;#2ea3f2&#8243; custom_padding_tablet=&#8220;&#8220; custom_padding_phone=&#8220;0px||||false|false&#8220; custom_padding_last_edited=&#8220;on|phone&#8220; link_option_url_new_window=&#8220;on&#8220; hover_enabled=&#8220;0&#8243; custom_css_free_form=&#8220;.et_pb_bg_layout_dark h3 {||    text-align: left;||}||||.et_pb_fullwidth_header .et_pb_fullwidth_header_container .header-content a.et_pb_button {||    background-color:  #2ea3f2 !important;||    color: white !important;||}||||.et_pb_fullwidth_header .et_pb_fullwidth_header_container.right .header-content {||    text-align: left !important;||}&#8220; global_colors_info=&#8220;{}&#8220; sticky_enabled=&#8220;0&#8243;]<\/p>\n<table style=\"border-collapse: collapse; width: 100%; height: 184px;\" border=\"1\">\n<tbody>\n<tr style=\"height: 23px;\">\n<td style=\"width: 55.8429%; height: 23px;\"><strong>Funktionen<\/strong><\/td>\n<td style=\"width: 23.4673%; height: 23px;\"><strong>pg_dump<\/strong><\/td>\n<td style=\"width: 20.6897%; height: 23px;\"><strong>AIPG<\/strong><\/td>\n<\/tr>\n<tr style=\"height: 23px;\">\n<td style=\"width: 55.8429%; height: 23px;\">Vollst\u00e4ndiges Entladen der Datenbank<\/td>\n<td style=\"width: 23.4673%; height: 23px;\">\u2705<\/td>\n<td style=\"width: 20.6897%; height: 23px;\">\u2705<\/td>\n<\/tr>\n<tr style=\"height: 23px;\">\n<td style=\"width: 55.8429%; height: 23px;\">Table entladen<\/td>\n<td style=\"width: 23.4673%; height: 23px;\">\u2705<\/td>\n<td style=\"width: 20.6897%; height: 23px;\">\u2705<\/td>\n<\/tr>\n<tr style=\"height: 23px;\">\n<td style=\"width: 55.8429%; height: 23px;\">SQL-Abfrage-basiertes Entladen<\/td>\n<td style=\"width: 23.4673%; height: 23px;\">\u274c<\/td>\n<td style=\"width: 20.6897%; height: 23px;\">\u2705<\/td>\n<\/tr>\n<tr style=\"height: 23px;\">\n<td style=\"width: 55.8429%; height: 23px;\">Auf einen entfernten Server \u00fcbertragen<\/td>\n<td style=\"width: 23.4673%; height: 23px;\">\u274c<\/td>\n<td style=\"width: 20.6897%; height: 23px;\">\u2705<\/td>\n<\/tr>\n<tr style=\"height: 23px;\">\n<td style=\"width: 55.8429%; height: 23px;\">\u00dcbertragung auf einen anderen Servertyp (NoSQL-Datenbank)<\/td>\n<td style=\"width: 23.4673%; height: 23px;\">\u274c<\/td>\n<td style=\"width: 20.6897%; height: 23px;\">\u2705<\/td>\n<\/tr>\n<tr style=\"height: 23px;\">\n<td style=\"width: 55.8429%; height: 23px;\">Unterst\u00fctzung f\u00fcr flache Dateiformate (Json, XML, getrennte Datei)<\/td>\n<td style=\"width: 23.4673%; height: 23px;\">\u274c<\/td>\n<td style=\"width: 20.6897%; height: 23px;\">\u2705<\/td>\n<\/tr>\n<tr style=\"height: 23px;\">\n<td style=\"width: 55.8429%; height: 23px;\">Mehrere Ausg\u00e4nge<\/td>\n<td style=\"width: 23.4673%; height: 23px;\">\u274c<\/td>\n<td style=\"width: 20.6897%; height: 23px;\">\u2705<\/td>\n<\/tr>\n<\/tbody>\n<\/table>\n<p>[\/et_pb_fullwidth_header][\/et_pb_section][et_pb_section fb_built=&#8220;1&#8243; fullwidth=&#8220;on&#8220; admin_label=&#8220;Bloc texte \/ Image 4&#8243; _builder_version=&#8220;4.27.0&#8243; _module_preset=&#8220;default&#8220; da_disable_devices=&#8220;off|off|off&#8220; locked=&#8220;off&#8220; collapsed=&#8220;off&#8220; global_colors_info=&#8220;{}&#8220; da_is_popup=&#8220;off&#8220; da_exit_intent=&#8220;off&#8220; da_has_close=&#8220;on&#8220; da_alt_close=&#8220;off&#8220; da_dark_close=&#8220;off&#8220; da_not_modal=&#8220;on&#8220; da_is_singular=&#8220;off&#8220; da_with_loader=&#8220;off&#8220; da_has_shadow=&#8220;on&#8220;][et_pb_fullwidth_header title=&#8220;Kurz gesagt!&#8220; button_one_url=&#8220;https:\/\/infotel-software.com\/demo\/&#8220; header_image_url=&#8220;https:\/\/infotel-software.com\/wp-content\/uploads\/2025\/03\/Page-X-bref.png&#8220; _builder_version=&#8220;4.27.4&#8243; _module_preset=&#8220;default&#8220; title_level=&#8220;h3&#8243; title_text_align=&#8220;left&#8220; title_text_color=&#8220;#2ea3f2&#8243; content_text_color=&#8220;#000000&#8243; background_enable_color=&#8220;off&#8220; custom_button_one=&#8220;on&#8220; button_one_text_color=&#8220;#FFFFFF&#8220; button_one_bg_color=&#8220;#2ea3f2&#8243; custom_padding_tablet=&#8220;&#8220; custom_padding_phone=&#8220;0px||||false|false&#8220; custom_padding_last_edited=&#8220;on|phone&#8220; link_option_url_new_window=&#8220;on&#8220; custom_css_free_form=&#8220;.et_pb_bg_layout_dark h3 {||    text-align: left;||}||||.et_pb_fullwidth_header .et_pb_fullwidth_header_container .header-content a.et_pb_button {||    background-color:  #2ea3f2 !important;||    color: white !important;||}||||.et_pb_fullwidth_header .et_pb_fullwidth_header_container.right .header-content {||    text-align: left !important;||}&#8220; global_colors_info=&#8220;{}&#8220;]<\/p>\n<ul>\n<li><b>Ultraschnell<\/b>: Exportieren Sie Daten schneller als mit jedem anderen Dienstprogramm<\/li>\n<li><b>Mehrere Ausgabeformate<\/b>: Erstellen Sie Dateien in den Formaten XML, JSON, Delimited und Non-delimited in einem einzigen Entladevorgang<\/li>\n<li><b>Selektives Entladen<\/b>: Laden Sie ausgew\u00e4hlte Zeilen und Spalten mit leistungsstarker SQL-Syntax<\/li>\n<li><b>Datensortierung<\/b>: Sortieren Sie Daten w\u00e4hrend des Entladevorgangs<\/li>\n<li><b>Parallele Verarbeitung<\/b>: Maximieren Sie die Leistung, indem Sie alle verf\u00fcgbaren Systemprozessoren nutzen<\/li>\n<li><b>Flexible Migration<\/b>: F\u00fchren Sie komplette Systemmigrationen durch oder \u00fcbertragen Sie Daten auf entfernte oder andere Server (einschlie\u00dflich NoSQL-Datenbanken)<\/li>\n<li><b>Zuverl\u00e4ssigkeit auf Unternehmensniveau<\/b>: Unterst\u00fctzt von der Infotel Group, einem europ\u00e4ischen Marktf\u00fchrer im Bereich der digitalen Transformation von Unternehmen, der seit \u00fcber 40 Jahren Software entwickelt und IT-Dienstleistungen anbietet<\/li>\n<\/ul>\n<p>[\/et_pb_fullwidth_header][\/et_pb_section]<\/p>\n","protected":false},"excerpt":{"rendered":"<p>Advanced InfoUnload for PostgreSQL (AIPG) ist ein umfassendes Hochleistungs-Dienstprogramm zum Entladen von PostgreSQL-Daten. Damit k\u00f6nnen Sie Ihre Daten schnell, einfach und intelligent aus PostgreSQL in ein beliebiges Datenrepository verschieben. Advanced InfoUnload for PostgreSQL ist ein eigenst\u00e4ndiges Dienstprogramm, das Massendatenexporte aus PostgreSQL-Datenbanken durchf\u00fchrt. Entladen Sie PostgreSQL-Daten in Flatfiles, auf Bandger\u00e4te oder in Named Pipes. Erstellen Sie [&hellip;]<\/p>\n","protected":false},"author":34,"featured_media":0,"parent":0,"menu_order":0,"comment_status":"closed","ping_status":"closed","template":"","meta":{"_et_pb_use_builder":"on","_et_pb_old_content":"","_et_gb_content_width":"","footnotes":""},"class_list":["post-23262","page","type-page","status-publish","hentry"],"yoast_head":"<!-- This site is optimized with the Yoast SEO plugin v27.1.1 - https:\/\/yoast.com\/product\/yoast-seo-wordpress\/ -->\n<title>Infotel Software | AIPG<\/title>\n<meta name=\"description\" content=\"Advanced InfoUnload for PostgreSQL (AIPG) ist ein umfassendes Hochleistungs-Dienstprogramm zum Entladen von PostgreSQL-Daten.\" \/>\n<meta name=\"robots\" content=\"index, follow, max-snippet:-1, max-image-preview:large, max-video-preview:-1\" \/>\n<link rel=\"canonical\" href=\"https:\/\/infotel-software.com\/de\/aipg\/\" \/>\n<meta property=\"og:locale\" content=\"de_DE\" \/>\n<meta property=\"og:type\" content=\"article\" \/>\n<meta property=\"og:title\" content=\"Infotel Software | AIPG\" \/>\n<meta property=\"og:description\" content=\"Advanced InfoUnload for PostgreSQL (AIPG) ist ein umfassendes Hochleistungs-Dienstprogramm zum Entladen von PostgreSQL-Daten.\" \/>\n<meta property=\"og:url\" content=\"https:\/\/infotel-software.com\/de\/aipg\/\" \/>\n<meta property=\"og:site_name\" content=\"Infotel Software\" \/>\n<meta property=\"article:modified_time\" content=\"2025-09-18T13:43:46+00:00\" \/>\n<meta name=\"twitter:card\" content=\"summary_large_image\" \/>\n<meta name=\"twitter:label1\" content=\"Gesch\u00e4tzte Lesezeit\" \/>\n\t<meta name=\"twitter:data1\" content=\"3\u00a0Minuten\" \/>\n<script type=\"application\/ld+json\" class=\"yoast-schema-graph\">{\"@context\":\"https:\/\/schema.org\",\"@graph\":[{\"@type\":\"WebPage\",\"@id\":\"https:\/\/infotel-software.com\/de\/aipg\/\",\"url\":\"https:\/\/infotel-software.com\/de\/aipg\/\",\"name\":\"Infotel Software | AIPG\",\"isPartOf\":{\"@id\":\"https:\/\/infotel-software.com\/de\/#website\"},\"datePublished\":\"2025-04-24T15:13:13+00:00\",\"dateModified\":\"2025-09-18T13:43:46+00:00\",\"description\":\"Advanced InfoUnload for PostgreSQL (AIPG) ist ein umfassendes Hochleistungs-Dienstprogramm zum Entladen von PostgreSQL-Daten.\",\"breadcrumb\":{\"@id\":\"https:\/\/infotel-software.com\/de\/aipg\/#breadcrumb\"},\"inLanguage\":\"de\",\"potentialAction\":[{\"@type\":\"ReadAction\",\"target\":[\"https:\/\/infotel-software.com\/de\/aipg\/\"]}]},{\"@type\":\"BreadcrumbList\",\"@id\":\"https:\/\/infotel-software.com\/de\/aipg\/#breadcrumb\",\"itemListElement\":[{\"@type\":\"ListItem\",\"position\":1,\"name\":\"Home\",\"item\":\"https:\/\/infotel-software.com\/de\/\"},{\"@type\":\"ListItem\",\"position\":2,\"name\":\"AIPG \u2013 Erweiterte Datenentladung f\u00fcr PostgreSQL\"}]},{\"@type\":\"WebSite\",\"@id\":\"https:\/\/infotel-software.com\/de\/#website\",\"url\":\"https:\/\/infotel-software.com\/de\/\",\"name\":\"Insoft Infotel\",\"description\":\"Maximize Performance, Optimize Costs\",\"publisher\":{\"@id\":\"https:\/\/infotel-software.com\/de\/#organization\"},\"potentialAction\":[{\"@type\":\"SearchAction\",\"target\":{\"@type\":\"EntryPoint\",\"urlTemplate\":\"https:\/\/infotel-software.com\/de\/?s={search_term_string}\"},\"query-input\":{\"@type\":\"PropertyValueSpecification\",\"valueRequired\":true,\"valueName\":\"search_term_string\"}}],\"inLanguage\":\"de\"},{\"@type\":\"Organization\",\"@id\":\"https:\/\/infotel-software.com\/de\/#organization\",\"name\":\"Insoft Infotel\",\"url\":\"https:\/\/infotel-software.com\/de\/\",\"logo\":{\"@type\":\"ImageObject\",\"inLanguage\":\"de\",\"@id\":\"https:\/\/infotel-software.com\/de\/#\/schema\/logo\/image\/\",\"url\":\"https:\/\/infotel-software.com\/wp-content\/uploads\/2024\/06\/logo-insoft-infotel-1.png\",\"contentUrl\":\"https:\/\/infotel-software.com\/wp-content\/uploads\/2024\/06\/logo-insoft-infotel-1.png\",\"width\":1278,\"height\":358,\"caption\":\"Insoft Infotel\"},\"image\":{\"@id\":\"https:\/\/infotel-software.com\/de\/#\/schema\/logo\/image\/\"}}]}<\/script>\n<!-- \/ Yoast SEO plugin. -->","yoast_head_json":{"title":"Infotel Software | AIPG","description":"Advanced InfoUnload for PostgreSQL (AIPG) ist ein umfassendes Hochleistungs-Dienstprogramm zum Entladen von PostgreSQL-Daten.","robots":{"index":"index","follow":"follow","max-snippet":"max-snippet:-1","max-image-preview":"max-image-preview:large","max-video-preview":"max-video-preview:-1"},"canonical":"https:\/\/infotel-software.com\/de\/aipg\/","og_locale":"de_DE","og_type":"article","og_title":"Infotel Software | AIPG","og_description":"Advanced InfoUnload for PostgreSQL (AIPG) ist ein umfassendes Hochleistungs-Dienstprogramm zum Entladen von PostgreSQL-Daten.","og_url":"https:\/\/infotel-software.com\/de\/aipg\/","og_site_name":"Infotel Software","article_modified_time":"2025-09-18T13:43:46+00:00","twitter_card":"summary_large_image","twitter_misc":{"Gesch\u00e4tzte Lesezeit":"3\u00a0Minuten"},"schema":{"@context":"https:\/\/schema.org","@graph":[{"@type":"WebPage","@id":"https:\/\/infotel-software.com\/de\/aipg\/","url":"https:\/\/infotel-software.com\/de\/aipg\/","name":"Infotel Software | AIPG","isPartOf":{"@id":"https:\/\/infotel-software.com\/de\/#website"},"datePublished":"2025-04-24T15:13:13+00:00","dateModified":"2025-09-18T13:43:46+00:00","description":"Advanced InfoUnload for PostgreSQL (AIPG) ist ein umfassendes Hochleistungs-Dienstprogramm zum Entladen von PostgreSQL-Daten.","breadcrumb":{"@id":"https:\/\/infotel-software.com\/de\/aipg\/#breadcrumb"},"inLanguage":"de","potentialAction":[{"@type":"ReadAction","target":["https:\/\/infotel-software.com\/de\/aipg\/"]}]},{"@type":"BreadcrumbList","@id":"https:\/\/infotel-software.com\/de\/aipg\/#breadcrumb","itemListElement":[{"@type":"ListItem","position":1,"name":"Home","item":"https:\/\/infotel-software.com\/de\/"},{"@type":"ListItem","position":2,"name":"AIPG \u2013 Erweiterte Datenentladung f\u00fcr PostgreSQL"}]},{"@type":"WebSite","@id":"https:\/\/infotel-software.com\/de\/#website","url":"https:\/\/infotel-software.com\/de\/","name":"Insoft Infotel","description":"Maximize Performance, Optimize Costs","publisher":{"@id":"https:\/\/infotel-software.com\/de\/#organization"},"potentialAction":[{"@type":"SearchAction","target":{"@type":"EntryPoint","urlTemplate":"https:\/\/infotel-software.com\/de\/?s={search_term_string}"},"query-input":{"@type":"PropertyValueSpecification","valueRequired":true,"valueName":"search_term_string"}}],"inLanguage":"de"},{"@type":"Organization","@id":"https:\/\/infotel-software.com\/de\/#organization","name":"Insoft Infotel","url":"https:\/\/infotel-software.com\/de\/","logo":{"@type":"ImageObject","inLanguage":"de","@id":"https:\/\/infotel-software.com\/de\/#\/schema\/logo\/image\/","url":"https:\/\/infotel-software.com\/wp-content\/uploads\/2024\/06\/logo-insoft-infotel-1.png","contentUrl":"https:\/\/infotel-software.com\/wp-content\/uploads\/2024\/06\/logo-insoft-infotel-1.png","width":1278,"height":358,"caption":"Insoft Infotel"},"image":{"@id":"https:\/\/infotel-software.com\/de\/#\/schema\/logo\/image\/"}}]}},"_links":{"self":[{"href":"https:\/\/infotel-software.com\/de\/wp-json\/wp\/v2\/pages\/23262","targetHints":{"allow":["GET"]}}],"collection":[{"href":"https:\/\/infotel-software.com\/de\/wp-json\/wp\/v2\/pages"}],"about":[{"href":"https:\/\/infotel-software.com\/de\/wp-json\/wp\/v2\/types\/page"}],"author":[{"embeddable":true,"href":"https:\/\/infotel-software.com\/de\/wp-json\/wp\/v2\/users\/34"}],"replies":[{"embeddable":true,"href":"https:\/\/infotel-software.com\/de\/wp-json\/wp\/v2\/comments?post=23262"}],"version-history":[{"count":10,"href":"https:\/\/infotel-software.com\/de\/wp-json\/wp\/v2\/pages\/23262\/revisions"}],"predecessor-version":[{"id":24628,"href":"https:\/\/infotel-software.com\/de\/wp-json\/wp\/v2\/pages\/23262\/revisions\/24628"}],"wp:attachment":[{"href":"https:\/\/infotel-software.com\/de\/wp-json\/wp\/v2\/media?parent=23262"}],"curies":[{"name":"wp","href":"https:\/\/api.w.org\/{rel}","templated":true}]}}