{"id":23482,"date":"2018-02-28T17:56:52","date_gmt":"2018-02-28T16:56:52","guid":{"rendered":"https:\/\/infotel-software.com\/cookies-policy\/"},"modified":"2025-08-20T11:48:41","modified_gmt":"2025-08-20T09:48:41","slug":"cookies-politik","status":"publish","type":"page","link":"https:\/\/infotel-software.com\/de\/cookies-politik\/","title":{"rendered":"Cookies-Politik"},"content":{"rendered":"<p>[et_pb_section fb_built=&#8220;1&#8243; admin_label=&#8220;section&#8220; _builder_version=&#8220;4.16&#8243; da_disable_devices=&#8220;off|off|off&#8220; global_colors_info=&#8220;{}&#8220; da_is_popup=&#8220;off&#8220; da_exit_intent=&#8220;off&#8220; da_has_close=&#8220;on&#8220; da_alt_close=&#8220;off&#8220; da_dark_close=&#8220;off&#8220; da_not_modal=&#8220;on&#8220; da_is_singular=&#8220;off&#8220; da_with_loader=&#8220;off&#8220; da_has_shadow=&#8220;on&#8220;][et_pb_row admin_label=&#8220;row&#8220; _builder_version=&#8220;4.16&#8243; background_size=&#8220;initial&#8220; background_position=&#8220;top_left&#8220; background_repeat=&#8220;repeat&#8220; global_colors_info=&#8220;{}&#8220;][et_pb_column type=&#8220;4_4&#8243; _builder_version=&#8220;4.16&#8243; custom_padding=&#8220;|||&#8220; global_colors_info=&#8220;{}&#8220; custom_padding__hover=&#8220;|||&#8220;][et_pb_text admin_label=&#8220;Text&#8220; _builder_version=&#8220;4.27.4&#8243; background_size=&#8220;initial&#8220; background_position=&#8220;top_left&#8220; background_repeat=&#8220;repeat&#8220; global_colors_info=&#8220;{}&#8220;]<\/p>\n<h2><strong>Was ist ein Cookie?<\/strong><\/h2>\n<p>Cookies sind kleine Informationseinheiten, die von einer von Ihnen besuchten Webseite auf Ihrem Computer gespeichert werden. Cookies haben unterschiedliche Funktionen. Dank eines Cookies kann die Website, die es hinterlegt hat, einen Benutzer anhand einer eindeutigen Kennung von Besuch zu Besuch erkennen. Einige Cookies k\u00f6nnen auch verwendet werden, um den Inhalt eines Warenkorbs zu speichern, andere zum Speichern der Spracheinstellungen einer Website, wieder andere, um Werbung gezielter zu platzieren, um Statistiken und Verkehrsinformationen zu verarbeiten, die Navigation zu erleichtern, den Service zu verbessern und die Website f\u00fcr die Besucher benutzerfreundlicher zu gestalten.<\/p>\n<h2>Welcher Rechtsrahmen ist anwendbar?<\/h2>\n<p>Gem\u00e4\u00df Artikel 32-II des Gesetzes vom 6. Januar 1978, ge\u00e4ndert durch die Verordnung Nr. 2011-1012 vom 24. August 2011, mit der die Richtlinie 2009\/136\/EG umgesetzt wurde, d\u00fcrfen zustimmungspflichtige Tracer (Cookies und andere) erst nach Zustimmung der Person auf dem Endger\u00e4t abgelegt oder gelesen werden.<\/p>\n<h2>Wie kann ich Cookies l\u00f6schen, die sich auf mein Surfen im Internet beziehen?<\/h2>\n<p>Sie k\u00f6nnen die Cookies in Ihrem Browser jederzeit deaktivieren, indem Sie die Anweisungen in den Hilfedateien Ihres Browsers befolgen.<\/p>\n<p><strong>Google Chrome:<\/strong>\u00a0Gehen Sie zum Men\u00fc \u201eExtras\u201c, klicken Sie auf \u201eEinstellungen\u201c, klicken Sie auf \u201eErweiterte Einstellungen anzeigen\u201c, dann auf \u201eInhaltseinstellungen\u201c. Die Option \u201eLokale Datenspeicherung zulassen\u201c sollte ausgew\u00e4hlt sein. W\u00e4hlen Sie anschlie\u00dfend \u201eAlle Cookies blockieren\u201c.<br \/><strong>Internet Explorer:<\/strong>\u00a0<a href=\"https:\/\/windows.microsoft.com\/de-us\/internet-explorer\/delete-manage-cookies\" target=\"_blank\" rel=\"noopener\">windows.microsoft.com\/de-us\/internet-explorer\/delete-manage-cookies<\/a><br \/><strong>Mozilla Firefox:<\/strong>\u00a0<a href=\"https:\/\/support.mozilla.org\/kb\/activate-deactivate-cookies\" target=\"_blank\" rel=\"noopener\">support.mozilla.org\/kb\/activate-deactivate-cookies<\/a><br \/><strong>Safari:<\/strong>\u00a0<a href=\"https:\/\/support.mozilla.org\/kb\/activate-deactivate-cookies\" target=\"_blank\" rel=\"noopener\">www.apple.com\/en\/privacy\/use-of-cookies\/<\/a><\/p>\n<p>[\/et_pb_text][\/et_pb_column][\/et_pb_row][\/et_pb_section]<\/p>\n","protected":false},"excerpt":{"rendered":"<p>Was ist ein Cookie? Cookies sind kleine Informationseinheiten, die von einer von Ihnen besuchten Webseite auf Ihrem Computer gespeichert werden. Cookies haben unterschiedliche Funktionen. Dank eines Cookies kann die Website, die es hinterlegt hat, einen Benutzer anhand einer eindeutigen Kennung von Besuch zu Besuch erkennen. Einige Cookies k\u00f6nnen auch verwendet werden, um den Inhalt eines [&hellip;]<\/p>\n","protected":false},"author":2,"featured_media":0,"parent":0,"menu_order":0,"comment_status":"closed","ping_status":"closed","template":"","meta":{"_et_pb_use_builder":"on","_et_pb_old_content":"<h2><strong>Qu'est-ce qu'un cookie ?<\/strong><\/h2>\r\nLes cookies sont de petits \u00e9l\u00e9ments d'information stock\u00e9s sur votre ordinateur par un site web que vous visitez. Ceux-ci ont diff\u00e9rentes fonctions. Un cookie peut permettre au site qui l'a d\u00e9pos\u00e9 de reconna\u00eetre un utilisateur d'une visite \u00e0 l'autre, au moyen d'un identifiant unique. Certains cookies peuvent \u00e9galement \u00eatre utilis\u00e9s pour m\u00e9moriser le contenu d'un panier d'achat, d'autres pour sauvegarder les param\u00e8tres linguistiques d'un site, d'autres encore pour cibler plus pr\u00e9cis\u00e9ment la publicit\u00e9, traiter des statistiques et des informations sur le trafic, faciliter la navigation, am\u00e9liorer le service et rendre le site plus convivial pour les visiteurs.\r\n<h2>Quel est le cadre juridique applicable ?<\/h2>\r\nEn application de l'article 32-II de la loi du 6 janvier 1978, modifi\u00e9 par l'ordonnance n\u00b0 2011-1012 du 24 ao\u00fbt 2011 qui a transpos\u00e9 la directive 2009\/136 \/ CE, les traceurs (cookies et autres) n\u00e9cessitant un consentement ne peuvent \u00eatre d\u00e9pos\u00e9s ou lus sur le terminal qu'apr\u00e8s le consentement de la personne.\r\n<h2>Comment supprimer les cookies li\u00e9s \u00e0 ma navigation sur Internet ?<\/h2>\r\nVous pouvez \u00e9galement choisir de d\u00e9sactiver les cookies dans votre navigateur \u00e0 tout moment en suivant les instructions fournies dans les fichiers d'aide de votre navigateur.\r\nGoogle Chrome : Rendez-vous dans le menu \u00ab Outils \u00bb, cliquez sur \u00ab Param\u00e8tres \u00bb, cliquez sur \u00ab Afficher les param\u00e8tres avanc\u00e9s \u00bb, puis sur \u00ab Param\u00e8tres de contenu \u00bb. L'option \u00ab Autoriser le stockage des donn\u00e9es locales \u00bb doit \u00eatre s\u00e9lectionn\u00e9e. Une fois cela fait, s\u00e9lectionnez \u00ab Bloquer tous les cookies \u00bb.\r\nInternet Explorer : windows.microsoft.com\/fr\/us\/internet-explorer\/delete-manage-cookies\r\nMozilla Firefox : support.mozilla.org\/kb\/activate-deactivate-cookies\r\nSafari : www.apple.com\/en\/privacy\/use-of-cookies\/","_et_gb_content_width":"","footnotes":""},"class_list":["post-23482","page","type-page","status-publish","hentry"],"yoast_head":"<!-- This site is optimized with the Yoast SEO plugin v27.1.1 - https:\/\/yoast.com\/product\/yoast-seo-wordpress\/ -->\n<title>Infotel Software | Cookies-Politik<\/title>\n<meta name=\"description\" content=\"Was ist ein Cookie? Cookies sind kleine Dateien, die von einer Website, die Sie besuchen, auf Ihrem Computer gespeichert werden.\" \/>\n<meta name=\"robots\" content=\"index, follow, max-snippet:-1, max-image-preview:large, max-video-preview:-1\" \/>\n<link rel=\"canonical\" href=\"https:\/\/infotel-software.com\/de\/cookies-politik\/\" \/>\n<meta property=\"og:locale\" content=\"de_DE\" \/>\n<meta property=\"og:type\" content=\"article\" \/>\n<meta property=\"og:title\" content=\"Infotel Software | Cookies-Politik\" \/>\n<meta property=\"og:description\" content=\"Was ist ein Cookie? Cookies sind kleine Dateien, die von einer Website, die Sie besuchen, auf Ihrem Computer gespeichert werden.\" \/>\n<meta property=\"og:url\" content=\"https:\/\/infotel-software.com\/de\/cookies-politik\/\" \/>\n<meta property=\"og:site_name\" content=\"Infotel Software\" \/>\n<meta property=\"article:modified_time\" content=\"2025-08-20T09:48:41+00:00\" \/>\n<meta name=\"twitter:card\" content=\"summary_large_image\" \/>\n<meta name=\"twitter:label1\" content=\"Gesch\u00e4tzte Lesezeit\" \/>\n\t<meta name=\"twitter:data1\" content=\"1\u00a0Minute\" \/>\n<script type=\"application\/ld+json\" class=\"yoast-schema-graph\">{\"@context\":\"https:\/\/schema.org\",\"@graph\":[{\"@type\":\"WebPage\",\"@id\":\"https:\/\/infotel-software.com\/de\/cookies-politik\/\",\"url\":\"https:\/\/infotel-software.com\/de\/cookies-politik\/\",\"name\":\"Infotel Software | Cookies-Politik\",\"isPartOf\":{\"@id\":\"https:\/\/infotel-software.com\/de\/#website\"},\"datePublished\":\"2018-02-28T16:56:52+00:00\",\"dateModified\":\"2025-08-20T09:48:41+00:00\",\"description\":\"Was ist ein Cookie? Cookies sind kleine Dateien, die von einer Website, die Sie besuchen, auf Ihrem Computer gespeichert werden.\",\"breadcrumb\":{\"@id\":\"https:\/\/infotel-software.com\/de\/cookies-politik\/#breadcrumb\"},\"inLanguage\":\"de\",\"potentialAction\":[{\"@type\":\"ReadAction\",\"target\":[\"https:\/\/infotel-software.com\/de\/cookies-politik\/\"]}]},{\"@type\":\"BreadcrumbList\",\"@id\":\"https:\/\/infotel-software.com\/de\/cookies-politik\/#breadcrumb\",\"itemListElement\":[{\"@type\":\"ListItem\",\"position\":1,\"name\":\"Home\",\"item\":\"https:\/\/infotel-software.com\/de\/\"},{\"@type\":\"ListItem\",\"position\":2,\"name\":\"Cookies-Politik\"}]},{\"@type\":\"WebSite\",\"@id\":\"https:\/\/infotel-software.com\/de\/#website\",\"url\":\"https:\/\/infotel-software.com\/de\/\",\"name\":\"Insoft Infotel\",\"description\":\"Maximize Performance, Optimize Costs\",\"publisher\":{\"@id\":\"https:\/\/infotel-software.com\/de\/#organization\"},\"potentialAction\":[{\"@type\":\"SearchAction\",\"target\":{\"@type\":\"EntryPoint\",\"urlTemplate\":\"https:\/\/infotel-software.com\/de\/?s={search_term_string}\"},\"query-input\":{\"@type\":\"PropertyValueSpecification\",\"valueRequired\":true,\"valueName\":\"search_term_string\"}}],\"inLanguage\":\"de\"},{\"@type\":\"Organization\",\"@id\":\"https:\/\/infotel-software.com\/de\/#organization\",\"name\":\"Insoft Infotel\",\"url\":\"https:\/\/infotel-software.com\/de\/\",\"logo\":{\"@type\":\"ImageObject\",\"inLanguage\":\"de\",\"@id\":\"https:\/\/infotel-software.com\/de\/#\/schema\/logo\/image\/\",\"url\":\"https:\/\/infotel-software.com\/wp-content\/uploads\/2024\/06\/logo-insoft-infotel-1.png\",\"contentUrl\":\"https:\/\/infotel-software.com\/wp-content\/uploads\/2024\/06\/logo-insoft-infotel-1.png\",\"width\":1278,\"height\":358,\"caption\":\"Insoft Infotel\"},\"image\":{\"@id\":\"https:\/\/infotel-software.com\/de\/#\/schema\/logo\/image\/\"}}]}<\/script>\n<!-- \/ Yoast SEO plugin. -->","yoast_head_json":{"title":"Infotel Software | Cookies-Politik","description":"Was ist ein Cookie? Cookies sind kleine Dateien, die von einer Website, die Sie besuchen, auf Ihrem Computer gespeichert werden.","robots":{"index":"index","follow":"follow","max-snippet":"max-snippet:-1","max-image-preview":"max-image-preview:large","max-video-preview":"max-video-preview:-1"},"canonical":"https:\/\/infotel-software.com\/de\/cookies-politik\/","og_locale":"de_DE","og_type":"article","og_title":"Infotel Software | Cookies-Politik","og_description":"Was ist ein Cookie? Cookies sind kleine Dateien, die von einer Website, die Sie besuchen, auf Ihrem Computer gespeichert werden.","og_url":"https:\/\/infotel-software.com\/de\/cookies-politik\/","og_site_name":"Infotel Software","article_modified_time":"2025-08-20T09:48:41+00:00","twitter_card":"summary_large_image","twitter_misc":{"Gesch\u00e4tzte Lesezeit":"1\u00a0Minute"},"schema":{"@context":"https:\/\/schema.org","@graph":[{"@type":"WebPage","@id":"https:\/\/infotel-software.com\/de\/cookies-politik\/","url":"https:\/\/infotel-software.com\/de\/cookies-politik\/","name":"Infotel Software | Cookies-Politik","isPartOf":{"@id":"https:\/\/infotel-software.com\/de\/#website"},"datePublished":"2018-02-28T16:56:52+00:00","dateModified":"2025-08-20T09:48:41+00:00","description":"Was ist ein Cookie? Cookies sind kleine Dateien, die von einer Website, die Sie besuchen, auf Ihrem Computer gespeichert werden.","breadcrumb":{"@id":"https:\/\/infotel-software.com\/de\/cookies-politik\/#breadcrumb"},"inLanguage":"de","potentialAction":[{"@type":"ReadAction","target":["https:\/\/infotel-software.com\/de\/cookies-politik\/"]}]},{"@type":"BreadcrumbList","@id":"https:\/\/infotel-software.com\/de\/cookies-politik\/#breadcrumb","itemListElement":[{"@type":"ListItem","position":1,"name":"Home","item":"https:\/\/infotel-software.com\/de\/"},{"@type":"ListItem","position":2,"name":"Cookies-Politik"}]},{"@type":"WebSite","@id":"https:\/\/infotel-software.com\/de\/#website","url":"https:\/\/infotel-software.com\/de\/","name":"Insoft Infotel","description":"Maximize Performance, Optimize Costs","publisher":{"@id":"https:\/\/infotel-software.com\/de\/#organization"},"potentialAction":[{"@type":"SearchAction","target":{"@type":"EntryPoint","urlTemplate":"https:\/\/infotel-software.com\/de\/?s={search_term_string}"},"query-input":{"@type":"PropertyValueSpecification","valueRequired":true,"valueName":"search_term_string"}}],"inLanguage":"de"},{"@type":"Organization","@id":"https:\/\/infotel-software.com\/de\/#organization","name":"Insoft Infotel","url":"https:\/\/infotel-software.com\/de\/","logo":{"@type":"ImageObject","inLanguage":"de","@id":"https:\/\/infotel-software.com\/de\/#\/schema\/logo\/image\/","url":"https:\/\/infotel-software.com\/wp-content\/uploads\/2024\/06\/logo-insoft-infotel-1.png","contentUrl":"https:\/\/infotel-software.com\/wp-content\/uploads\/2024\/06\/logo-insoft-infotel-1.png","width":1278,"height":358,"caption":"Insoft Infotel"},"image":{"@id":"https:\/\/infotel-software.com\/de\/#\/schema\/logo\/image\/"}}]}},"_links":{"self":[{"href":"https:\/\/infotel-software.com\/de\/wp-json\/wp\/v2\/pages\/23482","targetHints":{"allow":["GET"]}}],"collection":[{"href":"https:\/\/infotel-software.com\/de\/wp-json\/wp\/v2\/pages"}],"about":[{"href":"https:\/\/infotel-software.com\/de\/wp-json\/wp\/v2\/types\/page"}],"author":[{"embeddable":true,"href":"https:\/\/infotel-software.com\/de\/wp-json\/wp\/v2\/users\/2"}],"replies":[{"embeddable":true,"href":"https:\/\/infotel-software.com\/de\/wp-json\/wp\/v2\/comments?post=23482"}],"version-history":[{"count":3,"href":"https:\/\/infotel-software.com\/de\/wp-json\/wp\/v2\/pages\/23482\/revisions"}],"predecessor-version":[{"id":24490,"href":"https:\/\/infotel-software.com\/de\/wp-json\/wp\/v2\/pages\/23482\/revisions\/24490"}],"wp:attachment":[{"href":"https:\/\/infotel-software.com\/de\/wp-json\/wp\/v2\/media?parent=23482"}],"curies":[{"name":"wp","href":"https:\/\/api.w.org\/{rel}","templated":true}]}}