{"id":23490,"date":"2018-02-08T18:00:27","date_gmt":"2018-02-08T17:00:27","guid":{"rendered":"https:\/\/infotel-software.com\/privacy-policy\/"},"modified":"2025-07-03T16:25:49","modified_gmt":"2025-07-03T14:25:49","slug":"datenschutzbestimmungen","status":"publish","type":"page","link":"https:\/\/infotel-software.com\/de\/datenschutzbestimmungen\/","title":{"rendered":"Datenschutzbestimmungen"},"content":{"rendered":"<h2>Pr\u00e4ambel<\/h2>\n<p><strong>Sie besuchen gerade die Website <a href=\"http:\/\/www.infotel-software.com\/\">https:\/\/www.infotel-software.com\/<\/a>\u00a0(im Folgenden die \u201eWebsite\u201c genannt).<\/strong><\/p>\n<p>Die Website ist Eigentum der Insoft Infotel Software GmbH (im Folgenden \u201eInsoft Infotel\u201c genannt). Insoft Infotel ist Teil der Infotel-Gruppe.<\/p>\n<p>Insoft Infotel hat diese Webseite online gestellt, um die von ihm herausgegebenen und\/oder vertriebenen Produkte sowie sein Dienstleistungsangebot zusammen mit Informationen \u00fcber seine T\u00e4tigkeit zu pr\u00e4sentieren.<\/p>\n<p>Der Zugang und die Nutzung der Website unterliegen den nachstehend aufgef\u00fchrten Bedingungen (im Folgenden \u201eBedingungen\u201c genannt). Sie setzen voraus, dass Sie alle in den Allgemeinen Gesch\u00e4ftsbedingungen enthaltenen Bestimmungen vollst\u00e4ndig und vorbehaltlos anerkennen.<\/p>\n<p>Wenn Sie die Website besuchen, sollten Sie regelm\u00e4\u00dfig \u00fcberpr\u00fcfen, ob \u00c4nderungen an diesen Bedingungen vorgenommen wurden. Insoft Infotel beh\u00e4lt sich das Recht vor, die Allgemeinen Gesch\u00e4ftsbedingungen jederzeit und ohne vorherige Ank\u00fcndigung zu \u00e4ndern, ebenso wie alle Elemente, Produkte oder Dienstleistungen, die auf der Website angeboten werden k\u00f6nnen.<\/p>\n<h2>Ver\u00f6ffentlichungen und Hosting<\/h2>\n<p>Insoft Infotel Software GmbH<\/p>\n<p>Sternstr. 9-11<\/p>\n<p>40479 D\u00fcsseldorf\/Deutschland<\/p>\n<p>Tel.: +49 211 44 03 16 6<\/p>\n<p>Fax: +49 (0) 211 48 80 33<\/p>\n<p>Handelsregisternummer: HRB 20486 D\u00fcsseldorf<\/p>\n<p>Gesch\u00e4ftsf\u00fchrer: Jean-Fran\u00e7ois Castella<\/p>\n<p>UMSATZSTEUER-ID: DE 119253977<\/p>\n<p>Hosting: Infotel Conseil<\/p>\n<h2>Zugriff und Sicherheit der Website<\/h2>\n<p>Der Zugriff auf die Website ist kostenlos, abgesehen von den Zugangs- und Nutzungskosten des Telekommunikationsnetzes, f\u00fcr die Sie gem\u00e4\u00df den von Ihrem Internetzugangsanbieter oder Telekommunikationsbetreiber festgelegten Bedingungen bezahlen.<\/p>\n<p>Mit der Nutzung der Website verpflichten Sie sich, alle geltenden Gesetze und Vorschriften einzuhalten. In Anbetracht der internationalen Dimension des Internets weist Insoft Infotel Sie darauf hin, dass Sie die zwingenden Regeln der \u00f6ffentlichen Ordnung des Landes, in dem Sie leben, einhalten m\u00fcssen.<\/p>\n<p>Als Nutzer der Website verpflichten Sie sich, keine Manipulationen vorzunehmen, die die WebsiteWebseite besch\u00e4digen, st\u00f6ren oder beeintr\u00e4chtigen k\u00f6nnten. Sie werden darauf hingewiesen, dass der betr\u00fcgerische Zugriff auf ein bzw. der betr\u00fcgerische Verbleib in einem Computersystem, die Behinderung oder Verf\u00e4lschung des Betriebs eines solchen Systems, die betr\u00fcgerische Eingabe oder Ver\u00e4nderung von Daten in einem Computersystem eine Straftat darstellt, die strafrechtlich verfolgt wird.<\/p>\n<p>Im Falle einer illegalen oder unbefugten Nutzung der Website beh\u00e4lt sich Insoft Infotel das Recht vor, die ihm angemessen erscheinenden Ma\u00dfnahmen zu ergreifen und gegebenenfalls geeignete rechtliche Schritte einzuleiten und\/oder den Versto\u00df den Justiz- und Polizeibeh\u00f6rden zu melden.<\/p>\n<h2>Personenbezogene Daten<\/h2>\n<p>Insoft Infotel ist bestrebt, die Privatsph\u00e4re der Nutzer seiner Website im Rahmen der geltenden Gesetze und Vorschriften zu sch\u00fctzen.<\/p>\n<p>Insoft Infotel kann \u00fcber die Website personenbezogene Daten \u00fcber Sie sammeln. Dabei handelt es sich um Informationen zu Ihrem Verbindungsverlauf, Ihrer IP-Adresse und gelegentlich zu Ihrer Identit\u00e4t, wenn Sie Kontaktformulare verwenden, Informationen anfordern oder bestimmte Dokumente herunterladen.<\/p>\n<p>In \u00dcbereinstimmung mit den geltenden Gesetzen und Vorschriften sind die personenbezogenen Daten, die Infotel zur Bearbeitung Ihrer Anfragen ben\u00f6tigt, in den Formularen der Website mit einem Sternchen gekennzeichnet.<\/p>\n<p>Andere Anfragen nach personenbezogenen Daten, die eventuell gestellt werden und deren Beantwortung fakultativ ist, dienen dazu, Sie besser kennen zu lernen und so Ihr Website-Erlebnis zu verbessern, wobei die Sicherheit dieser Daten gew\u00e4hrleistet ist.<\/p>\n<p>Die auf der Website gesammelten personenbezogenen Daten sollen dazu dienen, den Inhalt der Website zu verbessern und uns zu helfen, mit Ihnen zu kommunizieren, indem wir eine Antwort auf die von Ihnen auf der Infotel-Website ge\u00e4u\u00dferten Bed\u00fcrfnisse geben.<\/p>\n<p>Indem Sie der Datenerfassung zustimmen, erkl\u00e4ren Sie sich mit der Erfassung folgender personenbezogener Daten einverstanden: Nachname, Name, E-Mail-Adresse, Firmenname, Stadt, Bundesland, Land, IP-Adresse und Telefon.<\/p>\n<p>Alle Ihre Daten sind vertraulich und nur autorisiertes Personal von Insoft Infotel kann zu streng internen Zwecken auf sie zugreifen. Insoft Infotel ergreift geeignete Ma\u00dfnahmen, um die Sicherheit Ihrer pers\u00f6nlichen Daten auf der Website zu gew\u00e4hrleisten.<\/p>\n<p>In \u00dcbereinstimmung mit der europ\u00e4ischen Gesetzgebung haben Sie ein Recht auf Zugang, Berichtigung und L\u00f6schung bez\u00fcglich der Sie betreffenden Daten sowie ein Recht auf Widerspruch gegen die Verarbeitung Ihrer Daten. Dieses Recht kann direkt per Post oder E-Mail an folgende Adresse ausge\u00fcbt werden: dpo@infotel.com, sofern nicht anders angegeben.<\/p>\n<h2>Geistiges Eigentum<\/h2>\n<h4>Urheberrecht<\/h4>\n<p>Insoft Infotel ist der ausschlie\u00dfliche Inhaber aller Rechte am geistigen Eigentum der Website.<\/p>\n<p>Alle Elemente der Website, einschlie\u00dflich der Texte, Bilder, Zeichnungen, Grafiken, Fotos, Datenbanken, T\u00f6ne, Videos und Software, sind Eigentum von Insoft Infotel oder von Dritten, die Insoft Infotel die Genehmigung erteilt haben, sie auf der Website zu verwenden und zu vervielf\u00e4ltigen.<\/p>\n<p>Der Zugriff auf die Website verleiht Ihnen keinerlei geistige Eigentumsrechte an der Website und den verschiedenen Elementen, aus denen sie besteht. Jegliche Vervielf\u00e4ltigung, Darstellung, Nutzung, Verbreitung, Ver\u00f6ffentlichung, Anpassung oder \u00c4nderung der gesamten Site oder eines Teils davon und ihrer Werke mit beliebigen Mitteln und in beliebigen Medien ist ohne vorherige schriftliche Genehmigung von Infotel verboten.<\/p>\n<p>Das Recht, die Website zu nutzen, wird Ihnen von Insoft Infotel ausschlie\u00dflich in digitaler Form zum Zweck der Betrachtung der aufgerufenen Seiten, f\u00fcr den pers\u00f6nlichen Gebrauch, nicht \u00fcbertragbar und nicht exklusiv gew\u00e4hrt. Die Vervielf\u00e4ltigung auf Papier oder in elektronischer Form der besagten Website und der darin wiedergegebenen Werke ist gestattet, sofern sie ausschlie\u00dflich f\u00fcr den pers\u00f6nlichen Gebrauch unter Ausschluss jeglicher Nutzung zu Werbe- und\/oder kommerziellen Zwecken erfolgt und die geistigen Eigentumsrechte beachtet werden. Jede andere Nutzung ist ohne die vorherige schriftliche Genehmigung von Infotel untersagt.<\/p>\n<h4>Warenzeichenrecht<\/h4>\n<p>Die Marken \u201eInsoft Infotel\u201c, die Namen der Produkte oder Dienstleistungen, die von Insoft Infotel angeboten werden, sowie die Logos, die diese Marken auf der Website begleiten, sind im Prinzip Marken, die von Insoft Infotel oder seinen Partnern angemeldet wurden oder werden, sofern nicht anders angegeben.<\/p>\n<p>Andere Marken k\u00f6nnen ebenfalls zitiert werden. Sie sind in der Regel durch einen Gro\u00dfbuchstaben gekennzeichnet. Sie werden von Insoft Infotel entweder mit Genehmigung des Inhabers oder als einfacher Hinweis auf bestehende Produkte oder Dienstleistungen verwendet.<\/p>\n<p>Jegliche Vervielf\u00e4ltigung, Nachahmung, vollst\u00e4ndige oder teilweise Verwendung dieser Marken oder Logos ohne die vorherige schriftliche Genehmigung von Insoft Infotel oder der jeweiligen Eigent\u00fcmer ist verboten und stellt eine Straftat der Nachahmung dar.<\/p>\n<h2>Garantie und Verantwortung<\/h2>\n<p>Insoft Infotel ist bestrebt, Ihnen zuverl\u00e4ssige und aktuelle Informationen auf seiner Website zur Verf\u00fcgung zu stellen, wenn Sie sie besuchen. Dennoch k\u00f6nnen Fehler oder Auslassungen auftreten.<\/p>\n<p>Um Sie so umfassend und aktuell wie m\u00f6glich zu informieren, aktualisiert Insoft Infotel die Site und die darin enthaltenen Informationen regelm\u00e4\u00dfig, wobei diese jederzeit und ohne vorherige Ank\u00fcndigung ge\u00e4ndert werden k\u00f6nnen.<\/p>\n<p>Die von Insoft Infotel auf der Website angek\u00fcndigten und\/oder vertriebenen Produkte sowie die angebotenen Dienstleistungen werden als Hinweise pr\u00e4sentiert und stellen in keinem Fall ein Verkaufsangebot dar.<\/p>\n<p>Die Website enth\u00e4lt auch vorl\u00e4ufige Informationen \u00fcber die finanzielle Situation, die Betriebsergebnisse, die Aktivit\u00e4ten und die Strategie von Insoft Infotel. Diese Informationen dienen ausschlie\u00dflich zu Informationszwecken. Infotel \u00fcbernimmt keine Verantwortung und gibt keine Garantie f\u00fcr die Aktualisierung der Prognosen aufgrund neuer Informationen oder zuk\u00fcnftiger oder anderer Ereignisse.<\/p>\n<p>Alle auf dieser Website enthaltenen Informationen werden \u201ewie sie sind\u201c, mit all ihren Unvollkommenheiten und wie verf\u00fcgbar, ohne jegliche ausdr\u00fcckliche oder stillschweigende Garantie bereitgestellt. Sie profitieren lediglich von den Garantien der \u00f6ffentlichen Ordnung, die das Gesetz bietet.<\/p>\n<p>Als Nutzer der Website erkennen Sie an und erkl\u00e4ren sich damit einverstanden, dass es bei Informations- und Telekommunikationssystemen zu Unterbrechungen oder Nichtverf\u00fcgbarkeit kommen kann, f\u00fcr die Insoft Infotel nicht verantwortlich gemacht werden kann. Insoft Infotel kann nicht garantieren, dass die Website ununterbrochen, reaktionsschnell, sicher und frei von Viren ist.<\/p>\n<p>Insoft Infotel kann nicht f\u00fcr die Nichteinhaltung der Allgemeinen Gesch\u00e4ftsbedingungen durch die Nutzer verantwortlich gemacht werden. Infotel beh\u00e4lt sich jedoch das Recht vor, die von ihm f\u00fcr angemessen erachteten Ma\u00dfnahmen zu ergreifen, wenn es auf solche Handlungen aufmerksam gemacht wird.<\/p>\n<p>Insoft Infotel, seine Direktoren, Anteilseigner oder Mitarbeiter k\u00f6nnen in keiner Weise f\u00fcr die Zahlung direkter, spezieller, indirekter, zuf\u00e4lliger oder sonstiger Sch\u00e4den haftbar gemacht werden, einschlie\u00dflich, aber nicht beschr\u00e4nkt auf Nutzungsausfall, entgangenen Gewinn oder Datenverluste, die sich aus der Nutzung der Website oder der darin enthaltenen oder zug\u00e4nglich gemachten Informationen ergeben oder damit in Zusammenhang stehen, unabh\u00e4ngig von der Ursache.<\/p>\n<h2>Hypertext-Links<\/h2>\n<p>Die Einrichtung von Hypertext-Links zur Site unterliegt der vorherigen schriftlichen Genehmigung von Insoft Infotel.<\/p>\n<p>Die Aufnahme eines Links auf der Site zu einer Webseite eines Dritten bedeutet nicht, dass Insoft Infotel die besagte Website billigt oder unterst\u00fctzt. Insoft Infotel hat keine Kontrolle \u00fcber den Inhalt von Websites Dritter; Sie greifen auf diese auf eigene Verantwortung zu. Infotel kann in keiner Weise f\u00fcr den Inhalt von Websites Dritter oder f\u00fcr Produkte oder Dienstleistungen, die auf Websites Dritter angeboten werden, verantwortlich gemacht werden.<\/p>\n<h2>Anwendbares Recht und Gerichtsstand<\/h2>\n<p>Die Allgemeinen Bedingungen der Website unterliegen deutschem Recht.<\/p>\n","protected":false},"excerpt":{"rendered":"<p>Pr\u00e4ambel Sie besuchen gerade die Website https:\/\/www.infotel-software.com\/\u00a0(im Folgenden die \u201eWebsite\u201c genannt). Die Website ist Eigentum der Insoft Infotel Software GmbH (im Folgenden \u201eInsoft Infotel\u201c genannt). Insoft Infotel ist Teil der Infotel-Gruppe. Insoft Infotel hat diese Webseite online gestellt, um die von ihm herausgegebenen und\/oder vertriebenen Produkte sowie sein Dienstleistungsangebot zusammen mit Informationen \u00fcber seine T\u00e4tigkeit [&hellip;]<\/p>\n","protected":false},"author":2,"featured_media":0,"parent":0,"menu_order":0,"comment_status":"closed","ping_status":"closed","template":"","meta":{"_et_pb_use_builder":"","_et_pb_old_content":"","_et_gb_content_width":"","footnotes":""},"class_list":["post-23490","page","type-page","status-publish","hentry"],"yoast_head":"<!-- This site is optimized with the Yoast SEO plugin v27.1.1 - https:\/\/yoast.com\/product\/yoast-seo-wordpress\/ -->\n<title>Datenschutzbestimmungen - Infotel Software<\/title>\n<meta name=\"description\" content=\"Infotel strives to protect the privacy of those using its Site as required by the laws and regulations currently in force.\" \/>\n<meta name=\"robots\" content=\"index, follow, max-snippet:-1, max-image-preview:large, max-video-preview:-1\" \/>\n<link rel=\"canonical\" href=\"https:\/\/infotel-software.com\/de\/datenschutzbestimmungen\/\" \/>\n<meta property=\"og:locale\" content=\"de_DE\" \/>\n<meta property=\"og:type\" content=\"article\" \/>\n<meta property=\"og:title\" content=\"Datenschutzbestimmungen - Infotel Software\" \/>\n<meta property=\"og:description\" content=\"Infotel strives to protect the privacy of those using its Site as required by the laws and regulations currently in force.\" \/>\n<meta property=\"og:url\" content=\"https:\/\/infotel-software.com\/de\/datenschutzbestimmungen\/\" \/>\n<meta property=\"og:site_name\" content=\"Infotel Software\" \/>\n<meta property=\"article:modified_time\" content=\"2025-07-03T14:25:49+00:00\" \/>\n<meta name=\"twitter:card\" content=\"summary_large_image\" \/>\n<meta name=\"twitter:label1\" content=\"Gesch\u00e4tzte Lesezeit\" \/>\n\t<meta name=\"twitter:data1\" content=\"6\u00a0Minuten\" \/>\n<script type=\"application\/ld+json\" class=\"yoast-schema-graph\">{\"@context\":\"https:\/\/schema.org\",\"@graph\":[{\"@type\":\"WebPage\",\"@id\":\"https:\/\/infotel-software.com\/de\/datenschutzbestimmungen\/\",\"url\":\"https:\/\/infotel-software.com\/de\/datenschutzbestimmungen\/\",\"name\":\"Datenschutzbestimmungen - Infotel Software\",\"isPartOf\":{\"@id\":\"https:\/\/infotel-software.com\/de\/#website\"},\"datePublished\":\"2018-02-08T17:00:27+00:00\",\"dateModified\":\"2025-07-03T14:25:49+00:00\",\"description\":\"Infotel strives to protect the privacy of those using its Site as required by the laws and regulations currently in force.\",\"breadcrumb\":{\"@id\":\"https:\/\/infotel-software.com\/de\/datenschutzbestimmungen\/#breadcrumb\"},\"inLanguage\":\"de\",\"potentialAction\":[{\"@type\":\"ReadAction\",\"target\":[\"https:\/\/infotel-software.com\/de\/datenschutzbestimmungen\/\"]}]},{\"@type\":\"BreadcrumbList\",\"@id\":\"https:\/\/infotel-software.com\/de\/datenschutzbestimmungen\/#breadcrumb\",\"itemListElement\":[{\"@type\":\"ListItem\",\"position\":1,\"name\":\"Home\",\"item\":\"https:\/\/infotel-software.com\/de\/\"},{\"@type\":\"ListItem\",\"position\":2,\"name\":\"Datenschutzbestimmungen\"}]},{\"@type\":\"WebSite\",\"@id\":\"https:\/\/infotel-software.com\/de\/#website\",\"url\":\"https:\/\/infotel-software.com\/de\/\",\"name\":\"Insoft Infotel\",\"description\":\"Maximize Performance, Optimize Costs\",\"publisher\":{\"@id\":\"https:\/\/infotel-software.com\/de\/#organization\"},\"potentialAction\":[{\"@type\":\"SearchAction\",\"target\":{\"@type\":\"EntryPoint\",\"urlTemplate\":\"https:\/\/infotel-software.com\/de\/?s={search_term_string}\"},\"query-input\":{\"@type\":\"PropertyValueSpecification\",\"valueRequired\":true,\"valueName\":\"search_term_string\"}}],\"inLanguage\":\"de\"},{\"@type\":\"Organization\",\"@id\":\"https:\/\/infotel-software.com\/de\/#organization\",\"name\":\"Insoft Infotel\",\"url\":\"https:\/\/infotel-software.com\/de\/\",\"logo\":{\"@type\":\"ImageObject\",\"inLanguage\":\"de\",\"@id\":\"https:\/\/infotel-software.com\/de\/#\/schema\/logo\/image\/\",\"url\":\"https:\/\/infotel-software.com\/wp-content\/uploads\/2024\/06\/logo-insoft-infotel-1.png\",\"contentUrl\":\"https:\/\/infotel-software.com\/wp-content\/uploads\/2024\/06\/logo-insoft-infotel-1.png\",\"width\":1278,\"height\":358,\"caption\":\"Insoft Infotel\"},\"image\":{\"@id\":\"https:\/\/infotel-software.com\/de\/#\/schema\/logo\/image\/\"}}]}<\/script>\n<!-- \/ Yoast SEO plugin. -->","yoast_head_json":{"title":"Datenschutzbestimmungen - Infotel Software","description":"Infotel strives to protect the privacy of those using its Site as required by the laws and regulations currently in force.","robots":{"index":"index","follow":"follow","max-snippet":"max-snippet:-1","max-image-preview":"max-image-preview:large","max-video-preview":"max-video-preview:-1"},"canonical":"https:\/\/infotel-software.com\/de\/datenschutzbestimmungen\/","og_locale":"de_DE","og_type":"article","og_title":"Datenschutzbestimmungen - Infotel Software","og_description":"Infotel strives to protect the privacy of those using its Site as required by the laws and regulations currently in force.","og_url":"https:\/\/infotel-software.com\/de\/datenschutzbestimmungen\/","og_site_name":"Infotel Software","article_modified_time":"2025-07-03T14:25:49+00:00","twitter_card":"summary_large_image","twitter_misc":{"Gesch\u00e4tzte Lesezeit":"6\u00a0Minuten"},"schema":{"@context":"https:\/\/schema.org","@graph":[{"@type":"WebPage","@id":"https:\/\/infotel-software.com\/de\/datenschutzbestimmungen\/","url":"https:\/\/infotel-software.com\/de\/datenschutzbestimmungen\/","name":"Datenschutzbestimmungen - Infotel Software","isPartOf":{"@id":"https:\/\/infotel-software.com\/de\/#website"},"datePublished":"2018-02-08T17:00:27+00:00","dateModified":"2025-07-03T14:25:49+00:00","description":"Infotel strives to protect the privacy of those using its Site as required by the laws and regulations currently in force.","breadcrumb":{"@id":"https:\/\/infotel-software.com\/de\/datenschutzbestimmungen\/#breadcrumb"},"inLanguage":"de","potentialAction":[{"@type":"ReadAction","target":["https:\/\/infotel-software.com\/de\/datenschutzbestimmungen\/"]}]},{"@type":"BreadcrumbList","@id":"https:\/\/infotel-software.com\/de\/datenschutzbestimmungen\/#breadcrumb","itemListElement":[{"@type":"ListItem","position":1,"name":"Home","item":"https:\/\/infotel-software.com\/de\/"},{"@type":"ListItem","position":2,"name":"Datenschutzbestimmungen"}]},{"@type":"WebSite","@id":"https:\/\/infotel-software.com\/de\/#website","url":"https:\/\/infotel-software.com\/de\/","name":"Insoft Infotel","description":"Maximize Performance, Optimize Costs","publisher":{"@id":"https:\/\/infotel-software.com\/de\/#organization"},"potentialAction":[{"@type":"SearchAction","target":{"@type":"EntryPoint","urlTemplate":"https:\/\/infotel-software.com\/de\/?s={search_term_string}"},"query-input":{"@type":"PropertyValueSpecification","valueRequired":true,"valueName":"search_term_string"}}],"inLanguage":"de"},{"@type":"Organization","@id":"https:\/\/infotel-software.com\/de\/#organization","name":"Insoft Infotel","url":"https:\/\/infotel-software.com\/de\/","logo":{"@type":"ImageObject","inLanguage":"de","@id":"https:\/\/infotel-software.com\/de\/#\/schema\/logo\/image\/","url":"https:\/\/infotel-software.com\/wp-content\/uploads\/2024\/06\/logo-insoft-infotel-1.png","contentUrl":"https:\/\/infotel-software.com\/wp-content\/uploads\/2024\/06\/logo-insoft-infotel-1.png","width":1278,"height":358,"caption":"Insoft Infotel"},"image":{"@id":"https:\/\/infotel-software.com\/de\/#\/schema\/logo\/image\/"}}]}},"_links":{"self":[{"href":"https:\/\/infotel-software.com\/de\/wp-json\/wp\/v2\/pages\/23490","targetHints":{"allow":["GET"]}}],"collection":[{"href":"https:\/\/infotel-software.com\/de\/wp-json\/wp\/v2\/pages"}],"about":[{"href":"https:\/\/infotel-software.com\/de\/wp-json\/wp\/v2\/types\/page"}],"author":[{"embeddable":true,"href":"https:\/\/infotel-software.com\/de\/wp-json\/wp\/v2\/users\/2"}],"replies":[{"embeddable":true,"href":"https:\/\/infotel-software.com\/de\/wp-json\/wp\/v2\/comments?post=23490"}],"version-history":[{"count":2,"href":"https:\/\/infotel-software.com\/de\/wp-json\/wp\/v2\/pages\/23490\/revisions"}],"predecessor-version":[{"id":23822,"href":"https:\/\/infotel-software.com\/de\/wp-json\/wp\/v2\/pages\/23490\/revisions\/23822"}],"wp:attachment":[{"href":"https:\/\/infotel-software.com\/de\/wp-json\/wp\/v2\/media?parent=23490"}],"curies":[{"name":"wp","href":"https:\/\/api.w.org\/{rel}","templated":true}]}}