{"id":21698,"date":"2024-07-17T11:01:46","date_gmt":"2024-07-17T09:01:46","guid":{"rendered":"https:\/\/infotel-software.com\/toulouse-france\/"},"modified":"2025-02-24T11:25:01","modified_gmt":"2025-02-24T10:25:01","slug":"toulouse-france","status":"publish","type":"page","link":"https:\/\/infotel-software.com\/fr\/toulouse-france\/","title":{"rendered":"Toulouse &#8211; France"},"content":{"rendered":"<p>[et_pb_section fb_built=\u00a0\u00bb1&Prime; fullwidth=\u00a0\u00bbon\u00a0\u00bb _builder_version=\u00a0\u00bb4.17.4&Prime; _module_preset=\u00a0\u00bbdefault\u00a0\u00bb da_disable_devices=\u00a0\u00bboff|off|off\u00a0\u00bb collapsed=\u00a0\u00bbon\u00a0\u00bb global_colors_info=\u00a0\u00bb{}\u00a0\u00bb da_is_popup=\u00a0\u00bboff\u00a0\u00bb da_exit_intent=\u00a0\u00bboff\u00a0\u00bb da_has_close=\u00a0\u00bbon\u00a0\u00bb da_alt_close=\u00a0\u00bboff\u00a0\u00bb da_dark_close=\u00a0\u00bboff\u00a0\u00bb da_not_modal=\u00a0\u00bbon\u00a0\u00bb da_is_singular=\u00a0\u00bboff\u00a0\u00bb da_with_loader=\u00a0\u00bboff\u00a0\u00bb da_has_shadow=\u00a0\u00bbon\u00a0\u00bb][et_pb_fullwidth_slider _builder_version=\u00a0\u00bb4.24.3&Prime; _module_preset=\u00a0\u00bbdefault\u00a0\u00bb header_font=\u00a0\u00bb|700|||||||\u00a0\u00bb background_image=\u00a0\u00bbhttps:\/\/infotel-software.com\/wp-content\/uploads\/2024\/07\/Toulouse.png\u00a0\u00bb global_colors_info=\u00a0\u00bb{}\u00a0\u00bb][et_pb_slide heading=\u00a0\u00bbToulouse &#8211; France\u00a0\u00bb admin_title=\u00a0\u00bbHistory\u00a0\u00bb _builder_version=\u00a0\u00bb4.24.3&Prime; _module_preset=\u00a0\u00bbdefault\u00a0\u00bb header_level=\u00a0\u00bbh1&Prime; header_font_size=\u00a0\u00bb60px\u00a0\u00bb global_colors_info=\u00a0\u00bb{}\u00a0\u00bb sticky_transition=\u00a0\u00bbon\u00a0\u00bb][\/et_pb_slide][\/et_pb_fullwidth_slider][\/et_pb_section][et_pb_section fb_built=\u00a0\u00bb1&Prime; _builder_version=\u00a0\u00bb4.17.4&Prime; _module_preset=\u00a0\u00bbdefault\u00a0\u00bb da_disable_devices=\u00a0\u00bboff|off|off\u00a0\u00bb global_colors_info=\u00a0\u00bb{}\u00a0\u00bb da_is_popup=\u00a0\u00bboff\u00a0\u00bb da_exit_intent=\u00a0\u00bboff\u00a0\u00bb da_has_close=\u00a0\u00bbon\u00a0\u00bb da_alt_close=\u00a0\u00bboff\u00a0\u00bb da_dark_close=\u00a0\u00bboff\u00a0\u00bb da_not_modal=\u00a0\u00bbon\u00a0\u00bb da_is_singular=\u00a0\u00bboff\u00a0\u00bb da_with_loader=\u00a0\u00bboff\u00a0\u00bb da_has_shadow=\u00a0\u00bbon\u00a0\u00bb][et_pb_row column_structure=\u00a0\u00bb3_5,2_5&Prime; make_equal=\u00a0\u00bbon\u00a0\u00bb disabled_on=\u00a0\u00bbon|on|off\u00a0\u00bb admin_label=\u00a0\u00bbPC3&Prime; _builder_version=\u00a0\u00bb4.27.0&Prime; _module_preset=\u00a0\u00bbdefault\u00a0\u00bb custom_css_main_element=\u00a0\u00bbalign-items: center;\u00a0\u00bb locked=\u00a0\u00bboff\u00a0\u00bb global_colors_info=\u00a0\u00bb{}\u00a0\u00bb][et_pb_column type=\u00a0\u00bb3_5&Prime; _builder_version=\u00a0\u00bb4.17.4&Prime; _module_preset=\u00a0\u00bbdefault\u00a0\u00bb global_colors_info=\u00a0\u00bb{}\u00a0\u00bb][et_pb_text _builder_version=\u00a0\u00bb4.27.4&Prime; _module_preset=\u00a0\u00bbdefault\u00a0\u00bb text_font_size=\u00a0\u00bb20px\u00a0\u00bb header_3_font_size=\u00a0\u00bb25px\u00a0\u00bb hover_enabled=\u00a0\u00bb0&Prime; global_colors_info=\u00a0\u00bb{}\u00a0\u00bb sticky_enabled=\u00a0\u00bb0&Prime;]<\/p>\n<h3 class=\"title\" style=\"text-align: left;\"><strong>Infotel \u00e0 Toulouse<\/strong><\/h3>\n<p>[\/et_pb_text][et_pb_text _builder_version=\u00a0\u00bb4.27.4&Prime; _module_preset=\u00a0\u00bbdefault\u00a0\u00bb text_font_size=\u00a0\u00bb20px\u00a0\u00bb hover_enabled=\u00a0\u00bb0&Prime; global_colors_info=\u00a0\u00bb{}\u00a0\u00bb sticky_enabled=\u00a0\u00bb0&Prime;]<\/p>\n<p>Install\u00e9e \u00e0\u00a0<strong>Blagnac<\/strong>, au\u00a0<strong>Parc Le Mill\u00e9naire, Avenue de l\u2019Escadrille Normandie Niemen<\/strong>, Infotel Toulouse b\u00e9n\u00e9ficie d\u2019un emplacement strat\u00e9gique, \u00e0 deux pas de l\u2019a\u00e9roport Toulouse-Blagnac.<\/p>\n<p>Nos locaux, moderne et fonctionnelle, vous offre un cadre de travail inspirant, \u00e0 proximit\u00e9 des principales voies d\u2019acc\u00e8s et des commodit\u00e9s.<\/p>\n<p>Rejoignez notre \u00e9quipe dans ce lieu o\u00f9 l\u2019innovation se conjugue \u00e0 la s\u00e9r\u00e9nit\u00e9, au c\u0153ur de l\u2019\u00e9cosyst\u00e8me technologique de la Ville Rose.<\/p>\n<p>[\/et_pb_text][et_pb_text disabled_on=\u00a0\u00bbon|on|off\u00a0\u00bb _builder_version=\u00a0\u00bb4.27.0&Prime; _module_preset=\u00a0\u00bbdefault\u00a0\u00bb header_2_text_color=\u00a0\u00bb#FFFFFF\u00a0\u00bb header_4_text_color=\u00a0\u00bb#FFFFFF\u00a0\u00bb background_color=\u00a0\u00bb#2ea3f2&Prime; max_width=\u00a0\u00bb50%\u00a0\u00bb module_alignment=\u00a0\u00bbcenter\u00a0\u00bb custom_margin=\u00a0\u00bb||||false|false\u00a0\u00bb custom_padding=\u00a0\u00bb20px|20px|20px|20px|false|false\u00a0\u00bb border_radii=\u00a0\u00bbon|5px|5px|5px|5px\u00a0\u00bb border_width_all=\u00a0\u00bb4px\u00a0\u00bb border_color_all=\u00a0\u00bb#2ea3f2&Prime; global_colors_info=\u00a0\u00bb{}\u00a0\u00bb]<\/p>\n<h2 style=\"text-align: center;\"><strong>Infotel<\/strong><\/h2>\n<h4 style=\"text-align: center;\">Avenue de l&rsquo;Escadrille Normandie Niemen,<\/h4>\n<h4 style=\"text-align: center;\">Parc Le Mill\u00e9naire, 31700<\/h4>\n<h4 style=\"text-align: center;\">Blagnac, France<\/h4>\n<h4 style=\"text-align: center;\">+33 (0)1 48 97 38 38<br \/>software@infotel.com<\/h4>\n<p>[\/et_pb_text][\/et_pb_column][et_pb_column type=\u00a0\u00bb2_5&Prime; _builder_version=\u00a0\u00bb4.17.4&Prime; _module_preset=\u00a0\u00bbdefault\u00a0\u00bb global_colors_info=\u00a0\u00bb{}\u00a0\u00bb][et_pb_image src=\u00a0\u00bbhttps:\/\/infotel-software.com\/wp-content\/uploads\/2024\/09\/Photo1-4-v2-2.png\u00a0\u00bb title_text=\u00a0\u00bbPhoto1-4 v2&Prime; align=\u00a0\u00bbcenter\u00a0\u00bb _builder_version=\u00a0\u00bb4.27.0&Prime; _module_preset=\u00a0\u00bbdefault\u00a0\u00bb max_width=\u00a0\u00bb100%\u00a0\u00bb global_colors_info=\u00a0\u00bb{}\u00a0\u00bb][\/et_pb_image][\/et_pb_column][\/et_pb_row][et_pb_row disabled_on=\u00a0\u00bboff|off|on\u00a0\u00bb admin_label=\u00a0\u00bbMobile\u00a0\u00bb _builder_version=\u00a0\u00bb4.24.3&Prime; _module_preset=\u00a0\u00bbdefault\u00a0\u00bb global_colors_info=\u00a0\u00bb{}\u00a0\u00bb][et_pb_column type=\u00a0\u00bb4_4&Prime; _builder_version=\u00a0\u00bb4.24.3&Prime; _module_preset=\u00a0\u00bbdefault\u00a0\u00bb global_colors_info=\u00a0\u00bb{}\u00a0\u00bb][et_pb_text _builder_version=\u00a0\u00bb4.27.4&Prime; _module_preset=\u00a0\u00bbdefault\u00a0\u00bb hover_enabled=\u00a0\u00bb0&Prime; global_colors_info=\u00a0\u00bb{}\u00a0\u00bb sticky_enabled=\u00a0\u00bb0&Prime;]<\/p>\n<h3 class=\"title\" style=\"text-align: center;\"><strong>Infotel \u00e0 Toulouse<\/strong><\/h3>\n<p>&nbsp;<\/p>\n<p>Install\u00e9e \u00e0\u00a0<strong>Blagnac<\/strong>, au\u00a0<strong>Parc Le Mill\u00e9naire, Avenue de l\u2019Escadrille Normandie Niemen<\/strong>, Infotel Toulouse b\u00e9n\u00e9ficie d\u2019un emplacement strat\u00e9gique, \u00e0 deux pas de l\u2019a\u00e9roport Toulouse-Blagnac.<\/p>\n<p>Nos locaux, moderne et fonctionnelle, vous offre un cadre de travail inspirant, \u00e0 proximit\u00e9 des principales voies d\u2019acc\u00e8s et des commodit\u00e9s.<\/p>\n<p>Rejoignez notre \u00e9quipe dans ce lieu o\u00f9 l\u2019innovation se conjugue \u00e0 la s\u00e9r\u00e9nit\u00e9, au c\u0153ur de l\u2019\u00e9cosyst\u00e8me technologique de la Ville Rose.<\/p>\n<p>[\/et_pb_text][et_pb_gallery gallery_ids=\u00a0\u00bb14401,14404,14403,14402&Prime; posts_number=\u00a0\u00bb1&Prime; show_title_and_caption=\u00a0\u00bboff\u00a0\u00bb disabled_on=\u00a0\u00bboff|off|on\u00a0\u00bb admin_label=\u00a0\u00bbGallery\u00a0\u00bb _builder_version=\u00a0\u00bb4.27.0&Prime; _module_preset=\u00a0\u00bbdefault\u00a0\u00bb global_colors_info=\u00a0\u00bb{}\u00a0\u00bb][\/et_pb_gallery][et_pb_text disabled_on=\u00a0\u00bboff|off|on\u00a0\u00bb _builder_version=\u00a0\u00bb4.27.4&Prime; _module_preset=\u00a0\u00bbdefault\u00a0\u00bb max_width=\u00a0\u00bb100%\u00a0\u00bb module_alignment=\u00a0\u00bbcenter\u00a0\u00bb custom_margin=\u00a0\u00bb||||false|false\u00a0\u00bb custom_padding=\u00a0\u00bb20px|20px|20px|20px|false|false\u00a0\u00bb hover_enabled=\u00a0\u00bb0&Prime; border_radii=\u00a0\u00bbon|5px|5px|5px|5px\u00a0\u00bb border_width_all=\u00a0\u00bb4px\u00a0\u00bb border_color_all=\u00a0\u00bb#0C71C3&Prime; global_colors_info=\u00a0\u00bb{}\u00a0\u00bb sticky_enabled=\u00a0\u00bb0&Prime;]<\/p>\n<h2 style=\"text-align: center;\"><strong>Infotel<\/strong><\/h2>\n<h4 style=\"text-align: center;\">Avenue de l&rsquo;Escadrille Normandie Niemen,<\/h4>\n<h4 style=\"text-align: center;\">Parc Le Mill\u00e9naire, 31700<\/h4>\n<h4 style=\"text-align: center;\">Blagnac, France<\/h4>\n<h4 style=\"text-align: center;\">+33 (0)1 48 97 38 38<br \/>software@infotel.com<\/h4>\n<p>[\/et_pb_text][\/et_pb_column][\/et_pb_row][\/et_pb_section]<\/p>\n","protected":false},"excerpt":{"rendered":"<p>Infotel \u00e0 ToulouseInstall\u00e9e \u00e0\u00a0Blagnac, au\u00a0Parc Le Mill\u00e9naire, Avenue de l\u2019Escadrille Normandie Niemen, Infotel Toulouse b\u00e9n\u00e9ficie d\u2019un emplacement strat\u00e9gique, \u00e0 deux pas de l\u2019a\u00e9roport Toulouse-Blagnac. Nos locaux, moderne et fonctionnelle, vous offre un cadre de travail inspirant, \u00e0 proximit\u00e9 des principales voies d\u2019acc\u00e8s et des commodit\u00e9s. Rejoignez notre \u00e9quipe dans ce lieu o\u00f9 l\u2019innovation se conjugue [&hellip;]<\/p>\n","protected":false},"author":34,"featured_media":0,"parent":0,"menu_order":0,"comment_status":"closed","ping_status":"closed","template":"","meta":{"_et_pb_use_builder":"on","_et_pb_old_content":"<!-- wp:image {\"sizeSlug\":\"large\"} -->\r\n<figure class=\"wp-block-image size-large\"><img src=\"https:\/\/us-infotel.dev.infotel.com\/wp-content\/uploads\/2022\/05\/pablo-hermoso-FDgLKYrhT9w-unsplash-scaled.jpg\" alt=\"\"\/><\/figure>\r\n<!-- \/wp:image -->\r\n\r\n<!-- wp:stackable\/text {\"uniqueId\":\"272cbde\"} -->\r\n<div class=\"wp-block-stackable-text stk-block-text stk-block stk-272cbde\" data-block-id=\"272cbde\"><p class=\"stk-block-text__text\"><\/p><\/div>\r\n<!-- \/wp:stackable\/text -->\r\n\r\n<!-- wp:stackable\/heading {\"uniqueId\":\"7f02ba5\"} -->\r\n<div class=\"wp-block-stackable-heading stk-block-heading stk-block stk-7f02ba5\" id=\"history\" data-block-id=\"7f02ba5\"><h2 class=\"stk-block-heading__text\">History<\/h2><\/div>\r\n<!-- \/wp:stackable\/heading -->\r\n\r\n<!-- wp:table -->\r\n<figure class=\"wp-block-table\"><table><tbody><tr><td>History<\/td><td>Founded<\/td><td>Listed on Stock Exchange<\/td><\/tr><tr><td>4 Founders<\/td><td>1979<\/td><td>1999<\/td><\/tr><tr><td><img class=\"wp-image-11157\" style=\"width: 118px;\" src=\"https:\/\/infotel-software.com\/wp-content\/uploads\/2022\/06\/Asset-5-1.png\" alt=\"\"><\/td><td><img class=\"wp-image-11155\" style=\"width: 122px;\" src=\"https:\/\/infotel-software.com\/wp-content\/uploads\/2022\/06\/Asset-2-1.png\" alt=\"\"><\/td><td><img class=\"wp-image-11159\" style=\"width: 136px;\" src=\"https:\/\/infotel-software.com\/wp-content\/uploads\/2022\/06\/Asset-8-1.png\" alt=\"Data Governance\"><\/td><\/tr><\/tbody><\/table><\/figure>\r\n<!-- \/wp:table -->\r\n\r\n<!-- wp:image {\"id\":11158,\"sizeSlug\":\"full\",\"linkDestination\":\"none\"} -->\r\n<figure class=\"wp-block-image size-full\"><img src=\"https:\/\/infotel-software.com\/wp-content\/uploads\/2022\/06\/Asset-7-1.png\" alt=\"\" class=\"wp-image-11158\"\/><\/figure>\r\n<!-- \/wp:image -->\r\n\r\n<!-- wp:paragraph -->\r\n<p><\/p>\r\n<!-- \/wp:paragraph -->\r\n\r\n<!-- wp:heading {\"level\":3} -->\r\n<h3><strong>Company founded: a team of experts \/\u00a01979 \u2013 1988<\/strong><\/h3>\r\n<!-- \/wp:heading -->\r\n\r\n<!-- wp:paragraph -->\r\n<p>The\u00a0Infotel\u00a0Group was founded in 1979 by a team of experts:\u00a0Bernard Lafforet, Michel Koutchouk, Alain Hallereau and Josyane Muller.\u00a0In the beginning, the company was based in Paris, with a focus on providing databases as well as\u00a0services,\u00a0training\u00a0and\u00a0software for large companies. A few years after its founding and following on the success of its software,\u00a0Infotel opened an office in the U.S.<\/p>\r\n<!-- \/wp:paragraph -->\r\n\r\n<!-- wp:heading {\"level\":3} -->\r\n<h3>The Company grows: software and local services \/\u00a01989 \u2013 1998<\/h3>\r\n<!-- \/wp:heading -->\r\n\r\n<!-- wp:paragraph -->\r\n<p>The company continued to grow by opening its\u00a0Toulouse agency\u00a0in 1989 and setting up a new\u00a0Infotel company in Germany\u00a0(Infotel GmbH) in 1990.<\/p>\r\n<!-- \/wp:paragraph -->\r\n\r\n<!-- wp:paragraph -->\r\n<p>Throughout this period, the Group also undertook the development and launch of\u00a0new software utilities for databases. The Group carried out its first\u00a0external growth operation\u00a0in 1998 and obtained\u00a0ISO 9001 certification\u00a0in the same year.<\/p>\r\n<!-- \/wp:paragraph -->\r\n\r\n<!-- wp:heading {\"level\":3} -->\r\n<h3>Expansion around \u201cWeb-to-Database\u201d \/\u00a01999 \u2013 2008<\/h3>\r\n<!-- \/wp:heading -->\r\n\r\n<!-- wp:paragraph -->\r\n<p>On 21 January 1999, Infotel entered the New Paris Stock Market (now known as Euronext Paris, compartment B (Mid Cap)). This saw Infotel making another historic step forward in its development by acquiring the means of financing its\u00a0projects for growth. In the same year, the company signed its first\u00a0agreement with IBM\u00a0for the development of\u00a0Db2 utility software\u00a0sold by IBM.<\/p>\r\n<!-- \/wp:paragraph -->\r\n\r\n<!-- wp:paragraph -->\r\n<p>Also in 1999, Infotel adopted its strategic\u00a0Web-to-Database\u00a0positioning, a comprehensive technical offering to meet evolving needs and help companies open their information systems.<\/p>\r\n<!-- \/wp:paragraph -->\r\n\r\n<!-- wp:paragraph -->\r\n<p>In December 1999, the Group incorporated the\u00a0S12\u00a0company and, the following year, two other companies,\u00a0Sporen\u00a0and\u00a0Innovaco Formation.<\/p>\r\n<!-- \/wp:paragraph -->\r\n\r\n<!-- wp:paragraph -->\r\n<p>At the beginning of 2006, Infotel continued to follow its external growth strategy by acquiring and subsequently integrating the\u00a0Odaxys\u00a0group, based in Rennes and Nantes,\u00a0a major IT player in France\u2019s Western Region. Expansion continued with the\u00a0opening of regional agencies in Lyon, Bordeaux, Le Mans and Niort.<\/p>\r\n<!-- \/wp:paragraph -->\r\n\r\n<!-- wp:heading {\"level\":3} -->\r\n<h3>Ambitions 2012 \/\u00a02009 \u2013 2012<\/h3>\r\n<!-- \/wp:heading -->\r\n\r\n<!-- wp:paragraph -->\r\n<p>The company grew in geographic terms with the\u00a0acquisition of Addax\u00a0in 2010, giving it a presence in the Nice region (Sophia Antipolis), Aix-Marseille and Monaco. Subsequently, the\u00a0acquisition of Empeiria\u00a0in early 2012 provided coverage of the Lille region.<\/p>\r\n<!-- \/wp:paragraph -->\r\n\r\n<!-- wp:paragraph -->\r\n<p>Meanwhile, the software offering expanded by involvement in the\u00a0creation of Archive Data Software, opening up a new channel of distribution for\u00a0<a href=\"http:\/\/www.arcsys-software.fr\/\" target=\"_blank\" rel=\"noreferrer noopener\">Arcsys<\/a>\u00a0archiving software. Acquisition of the German company\u00a0<a href=\"https:\/\/insoft-software.com\/en\/home\/\" target=\"_blank\" rel=\"noreferrer noopener\"><u>Insoft Software GmbH<\/u><\/a>\u00a0took place in June 2011, completing this offering.<\/p>\r\n<!-- \/wp:paragraph -->\r\n\r\n<!-- wp:heading {\"level\":3} -->\r\n<h3>Performance Plan 2016 \/\u00a02013 \u2013 present<\/h3>\r\n<!-- \/wp:heading -->\r\n\r\n<!-- wp:paragraph -->\r\n<p>The Infotel Group is continuing its expansion by\u00a0pursuing a key account growth strategy accompanied by IT services focused on mobility. The company has also helped key accounts in\u00a0managing big data\u00a0and has increased the size of its international business.<\/p>\r\n<!-- \/wp:paragraph -->\r\n\r\n<!-- wp:spacer {\"height\":\"10px\"} -->\r\n<div style=\"height:10px\" aria-hidden=\"true\" class=\"wp-block-spacer\"><\/div>\r\n<!-- \/wp:spacer -->","_et_gb_content_width":"","footnotes":""},"class_list":["post-21698","page","type-page","status-publish","hentry"],"yoast_head":"<!-- This site is optimized with the Yoast SEO plugin v27.1.1 - https:\/\/yoast.com\/product\/yoast-seo-wordpress\/ -->\n<title>Insoft Infotel | Experts in mainframe performance and optimization<\/title>\n<meta name=\"description\" content=\"Insoft Infotel helps customers thrive in the digital age with smart software solutions that optimize and improve z\/OS usage and costs.\" \/>\n<meta name=\"robots\" content=\"index, follow, max-snippet:-1, max-image-preview:large, max-video-preview:-1\" \/>\n<link rel=\"canonical\" href=\"https:\/\/infotel-software.com\/fr\/toulouse-france\/\" \/>\n<meta property=\"og:locale\" content=\"fr_FR\" \/>\n<meta property=\"og:type\" content=\"article\" \/>\n<meta property=\"og:title\" content=\"Insoft Infotel | Experts in mainframe performance and optimization\" \/>\n<meta property=\"og:description\" content=\"Insoft Infotel helps customers thrive in the digital age with smart software solutions that optimize and improve z\/OS usage and costs.\" \/>\n<meta property=\"og:url\" content=\"https:\/\/infotel-software.com\/fr\/toulouse-france\/\" \/>\n<meta property=\"og:site_name\" content=\"Infotel Software\" \/>\n<meta property=\"article:modified_time\" content=\"2025-02-24T10:25:01+00:00\" \/>\n<meta name=\"twitter:card\" content=\"summary_large_image\" \/>\n<meta name=\"twitter:label1\" content=\"Dur\u00e9e de lecture estim\u00e9e\" \/>\n\t<meta name=\"twitter:data1\" content=\"2 minutes\" \/>\n<script type=\"application\/ld+json\" class=\"yoast-schema-graph\">{\"@context\":\"https:\/\/schema.org\",\"@graph\":[{\"@type\":\"WebPage\",\"@id\":\"https:\/\/infotel-software.com\/fr\/toulouse-france\/\",\"url\":\"https:\/\/infotel-software.com\/fr\/toulouse-france\/\",\"name\":\"Insoft Infotel | Experts in mainframe performance and optimization\",\"isPartOf\":{\"@id\":\"https:\/\/infotel-software.com\/fr\/#website\"},\"datePublished\":\"2024-07-17T09:01:46+00:00\",\"dateModified\":\"2025-02-24T10:25:01+00:00\",\"description\":\"Insoft Infotel helps customers thrive in the digital age with smart software solutions that optimize and improve z\/OS usage and costs.\",\"breadcrumb\":{\"@id\":\"https:\/\/infotel-software.com\/fr\/toulouse-france\/#breadcrumb\"},\"inLanguage\":\"fr-FR\",\"potentialAction\":[{\"@type\":\"ReadAction\",\"target\":[\"https:\/\/infotel-software.com\/fr\/toulouse-france\/\"]}]},{\"@type\":\"BreadcrumbList\",\"@id\":\"https:\/\/infotel-software.com\/fr\/toulouse-france\/#breadcrumb\",\"itemListElement\":[{\"@type\":\"ListItem\",\"position\":1,\"name\":\"Home\",\"item\":\"https:\/\/infotel-software.com\/fr\/\"},{\"@type\":\"ListItem\",\"position\":2,\"name\":\"Toulouse &#8211; France\"}]},{\"@type\":\"WebSite\",\"@id\":\"https:\/\/infotel-software.com\/fr\/#website\",\"url\":\"https:\/\/infotel-software.com\/fr\/\",\"name\":\"Insoft Infotel\",\"description\":\"Maximize Performance, Optimize Costs\",\"publisher\":{\"@id\":\"https:\/\/infotel-software.com\/fr\/#organization\"},\"potentialAction\":[{\"@type\":\"SearchAction\",\"target\":{\"@type\":\"EntryPoint\",\"urlTemplate\":\"https:\/\/infotel-software.com\/fr\/?s={search_term_string}\"},\"query-input\":{\"@type\":\"PropertyValueSpecification\",\"valueRequired\":true,\"valueName\":\"search_term_string\"}}],\"inLanguage\":\"fr-FR\"},{\"@type\":\"Organization\",\"@id\":\"https:\/\/infotel-software.com\/fr\/#organization\",\"name\":\"Insoft Infotel\",\"url\":\"https:\/\/infotel-software.com\/fr\/\",\"logo\":{\"@type\":\"ImageObject\",\"inLanguage\":\"fr-FR\",\"@id\":\"https:\/\/infotel-software.com\/fr\/#\/schema\/logo\/image\/\",\"url\":\"https:\/\/infotel-software.com\/wp-content\/uploads\/2024\/06\/logo-insoft-infotel-1.png\",\"contentUrl\":\"https:\/\/infotel-software.com\/wp-content\/uploads\/2024\/06\/logo-insoft-infotel-1.png\",\"width\":1278,\"height\":358,\"caption\":\"Insoft Infotel\"},\"image\":{\"@id\":\"https:\/\/infotel-software.com\/fr\/#\/schema\/logo\/image\/\"}}]}<\/script>\n<!-- \/ Yoast SEO plugin. -->","yoast_head_json":{"title":"Insoft Infotel | Experts in mainframe performance and optimization","description":"Insoft Infotel helps customers thrive in the digital age with smart software solutions that optimize and improve z\/OS usage and costs.","robots":{"index":"index","follow":"follow","max-snippet":"max-snippet:-1","max-image-preview":"max-image-preview:large","max-video-preview":"max-video-preview:-1"},"canonical":"https:\/\/infotel-software.com\/fr\/toulouse-france\/","og_locale":"fr_FR","og_type":"article","og_title":"Insoft Infotel | Experts in mainframe performance and optimization","og_description":"Insoft Infotel helps customers thrive in the digital age with smart software solutions that optimize and improve z\/OS usage and costs.","og_url":"https:\/\/infotel-software.com\/fr\/toulouse-france\/","og_site_name":"Infotel Software","article_modified_time":"2025-02-24T10:25:01+00:00","twitter_card":"summary_large_image","twitter_misc":{"Dur\u00e9e de lecture estim\u00e9e":"2 minutes"},"schema":{"@context":"https:\/\/schema.org","@graph":[{"@type":"WebPage","@id":"https:\/\/infotel-software.com\/fr\/toulouse-france\/","url":"https:\/\/infotel-software.com\/fr\/toulouse-france\/","name":"Insoft Infotel | Experts in mainframe performance and optimization","isPartOf":{"@id":"https:\/\/infotel-software.com\/fr\/#website"},"datePublished":"2024-07-17T09:01:46+00:00","dateModified":"2025-02-24T10:25:01+00:00","description":"Insoft Infotel helps customers thrive in the digital age with smart software solutions that optimize and improve z\/OS usage and costs.","breadcrumb":{"@id":"https:\/\/infotel-software.com\/fr\/toulouse-france\/#breadcrumb"},"inLanguage":"fr-FR","potentialAction":[{"@type":"ReadAction","target":["https:\/\/infotel-software.com\/fr\/toulouse-france\/"]}]},{"@type":"BreadcrumbList","@id":"https:\/\/infotel-software.com\/fr\/toulouse-france\/#breadcrumb","itemListElement":[{"@type":"ListItem","position":1,"name":"Home","item":"https:\/\/infotel-software.com\/fr\/"},{"@type":"ListItem","position":2,"name":"Toulouse &#8211; France"}]},{"@type":"WebSite","@id":"https:\/\/infotel-software.com\/fr\/#website","url":"https:\/\/infotel-software.com\/fr\/","name":"Insoft Infotel","description":"Maximize Performance, Optimize Costs","publisher":{"@id":"https:\/\/infotel-software.com\/fr\/#organization"},"potentialAction":[{"@type":"SearchAction","target":{"@type":"EntryPoint","urlTemplate":"https:\/\/infotel-software.com\/fr\/?s={search_term_string}"},"query-input":{"@type":"PropertyValueSpecification","valueRequired":true,"valueName":"search_term_string"}}],"inLanguage":"fr-FR"},{"@type":"Organization","@id":"https:\/\/infotel-software.com\/fr\/#organization","name":"Insoft Infotel","url":"https:\/\/infotel-software.com\/fr\/","logo":{"@type":"ImageObject","inLanguage":"fr-FR","@id":"https:\/\/infotel-software.com\/fr\/#\/schema\/logo\/image\/","url":"https:\/\/infotel-software.com\/wp-content\/uploads\/2024\/06\/logo-insoft-infotel-1.png","contentUrl":"https:\/\/infotel-software.com\/wp-content\/uploads\/2024\/06\/logo-insoft-infotel-1.png","width":1278,"height":358,"caption":"Insoft Infotel"},"image":{"@id":"https:\/\/infotel-software.com\/fr\/#\/schema\/logo\/image\/"}}]}},"_links":{"self":[{"href":"https:\/\/infotel-software.com\/fr\/wp-json\/wp\/v2\/pages\/21698","targetHints":{"allow":["GET"]}}],"collection":[{"href":"https:\/\/infotel-software.com\/fr\/wp-json\/wp\/v2\/pages"}],"about":[{"href":"https:\/\/infotel-software.com\/fr\/wp-json\/wp\/v2\/types\/page"}],"author":[{"embeddable":true,"href":"https:\/\/infotel-software.com\/fr\/wp-json\/wp\/v2\/users\/34"}],"replies":[{"embeddable":true,"href":"https:\/\/infotel-software.com\/fr\/wp-json\/wp\/v2\/comments?post=21698"}],"version-history":[{"count":2,"href":"https:\/\/infotel-software.com\/fr\/wp-json\/wp\/v2\/pages\/21698\/revisions"}],"predecessor-version":[{"id":21706,"href":"https:\/\/infotel-software.com\/fr\/wp-json\/wp\/v2\/pages\/21698\/revisions\/21706"}],"wp:attachment":[{"href":"https:\/\/infotel-software.com\/fr\/wp-json\/wp\/v2\/media?parent=21698"}],"curies":[{"name":"wp","href":"https:\/\/api.w.org\/{rel}","templated":true}]}}