{"id":21795,"date":"2022-11-08T23:00:25","date_gmt":"2022-11-08T22:00:25","guid":{"rendered":"https:\/\/infotel-software.com\/enterprise-information-management-solutions\/"},"modified":"2025-02-26T16:19:24","modified_gmt":"2025-02-26T15:19:24","slug":"solutions-de-gestion-des-informations-dentreprise","status":"publish","type":"page","link":"https:\/\/infotel-software.com\/fr\/solutions-de-gestion-des-informations-dentreprise\/","title":{"rendered":"Gestion de l&rsquo;information d\u2019entreprise"},"content":{"rendered":"<p>[et_pb_section fb_built=\u00a0\u00bb1&Prime; fullwidth=\u00a0\u00bbon\u00a0\u00bb admin_label=\u00a0\u00bbBanni\u00e8re\u00a0\u00bb _builder_version=\u00a0\u00bb4.27.0&Prime; _module_preset=\u00a0\u00bbdefault\u00a0\u00bb da_disable_devices=\u00a0\u00bboff|off|off\u00a0\u00bb locked=\u00a0\u00bboff\u00a0\u00bb collapsed=\u00a0\u00bbon\u00a0\u00bb global_colors_info=\u00a0\u00bb{}\u00a0\u00bb da_is_popup=\u00a0\u00bboff\u00a0\u00bb da_exit_intent=\u00a0\u00bboff\u00a0\u00bb da_has_close=\u00a0\u00bbon\u00a0\u00bb da_alt_close=\u00a0\u00bboff\u00a0\u00bb da_dark_close=\u00a0\u00bboff\u00a0\u00bb da_not_modal=\u00a0\u00bbon\u00a0\u00bb da_is_singular=\u00a0\u00bboff\u00a0\u00bb da_with_loader=\u00a0\u00bboff\u00a0\u00bb da_has_shadow=\u00a0\u00bbon\u00a0\u00bb][et_pb_fullwidth_slider _builder_version=\u00a0\u00bb4.27.4&Prime; _module_preset=\u00a0\u00bbdefault\u00a0\u00bb header_level=\u00a0\u00bbh1&Prime; header_font_size=\u00a0\u00bb60px\u00a0\u00bb background_enable_color=\u00a0\u00bboff\u00a0\u00bb global_colors_info=\u00a0\u00bb{}\u00a0\u00bb][et_pb_slide heading=\u00a0\u00bbSolutions de gestion des informations d\u2019entreprise\u00a0\u00bb use_bg_overlay=\u00a0\u00bbon\u00a0\u00bb use_text_overlay=\u00a0\u00bboff\u00a0\u00bb _builder_version=\u00a0\u00bb4.27.4&Prime; _module_preset=\u00a0\u00bbdefault\u00a0\u00bb header_font=\u00a0\u00bbArial|700|||||||\u00a0\u00bb header_font_size=\u00a0\u00bb40px\u00a0\u00bb background_enable_color=\u00a0\u00bboff\u00a0\u00bb use_background_color_gradient=\u00a0\u00bbon\u00a0\u00bb background_color_gradient_type=\u00a0\u00bbcircular\u00a0\u00bb background_color_gradient_stops=\u00a0\u00bb#2ea3f2 30%|#004f91 100%\u00a0\u00bb background_enable_image=\u00a0\u00bboff\u00a0\u00bb header_font_size_tablet=\u00a0\u00bb40px\u00a0\u00bb header_font_size_phone=\u00a0\u00bb24px\u00a0\u00bb header_font_size_last_edited=\u00a0\u00bbon|phone\u00a0\u00bb custom_css_free_form=\u00a0\u00bb.et_pb_bg_layout_dark.et_pb_slider_with_overlay .et_pb_slide_overlay_container, .et_pb_bg_layout_dark.et_pb_slider_with_text_overlay .et_pb_text_overlay_wrapper {||    background-color: rgba(0, 0, 0, 0)!important;||}\u00a0\u00bb global_colors_info=\u00a0\u00bb{}\u00a0\u00bb sticky_transition=\u00a0\u00bbon\u00a0\u00bb][\/et_pb_slide][\/et_pb_fullwidth_slider][\/et_pb_section][et_pb_section fb_built=\u00a0\u00bb1&Prime; fullwidth=\u00a0\u00bbon\u00a0\u00bb admin_label=\u00a0\u00bbBloc texte \/ Image 1&Prime; _builder_version=\u00a0\u00bb4.27.0&Prime; _module_preset=\u00a0\u00bbdefault\u00a0\u00bb da_disable_devices=\u00a0\u00bboff|off|off\u00a0\u00bb locked=\u00a0\u00bboff\u00a0\u00bb collapsed=\u00a0\u00bbon\u00a0\u00bb global_colors_info=\u00a0\u00bb{}\u00a0\u00bb da_is_popup=\u00a0\u00bboff\u00a0\u00bb da_exit_intent=\u00a0\u00bboff\u00a0\u00bb da_has_close=\u00a0\u00bbon\u00a0\u00bb da_alt_close=\u00a0\u00bboff\u00a0\u00bb da_dark_close=\u00a0\u00bboff\u00a0\u00bb da_not_modal=\u00a0\u00bbon\u00a0\u00bb da_is_singular=\u00a0\u00bboff\u00a0\u00bb da_with_loader=\u00a0\u00bboff\u00a0\u00bb da_has_shadow=\u00a0\u00bbon\u00a0\u00bb][et_pb_fullwidth_header title=\u00a0\u00bbGouvernance de l&rsquo;information \u00e0 l&rsquo;\u00e8re du num\u00e9rique\u00a0\u00bb subhead=\u00a0\u00bbGestion Informations Entreprise\u00a0\u00bb header_image_url=\u00a0\u00bbhttps:\/\/infotel-software.com\/wp-content\/uploads\/2024\/10\/Page-Gestion-de-linformation-1.png\u00a0\u00bb _builder_version=\u00a0\u00bb4.27.4&Prime; _module_preset=\u00a0\u00bbdefault\u00a0\u00bb title_level=\u00a0\u00bbh3&Prime; title_text_color=\u00a0\u00bb#2ea3f2&Prime; content_text_color=\u00a0\u00bb#000000&Prime; background_enable_color=\u00a0\u00bboff\u00a0\u00bb custom_button_one=\u00a0\u00bbon\u00a0\u00bb button_one_text_color=\u00a0\u00bb#FFFFFF\u00a0\u00bb button_one_bg_color=\u00a0\u00bb#2ea3f2&Prime; custom_padding_tablet=\u00a0\u00bb\u00a0\u00bb custom_padding_phone=\u00a0\u00bb0px||||false|false\u00a0\u00bb custom_padding_last_edited=\u00a0\u00bbon|phone\u00a0\u00bb link_option_url_new_window=\u00a0\u00bbon\u00a0\u00bb global_colors_info=\u00a0\u00bb{}\u00a0\u00bb]<\/p>\n<p>La pand\u00e9mie de Covid-19 a engendr\u00e9 la plus grande modernisation et migration num\u00e9rique de l\u2019histoire de la prestation de services informatiques. Presque toutes les organisations, quelles que soient leurs dimensions, ont mis en place des initiatives de modernisation et de num\u00e9risation, motiv\u00e9es par les exigences des environnements de t\u00e9l\u00e9travail et hybrides.<\/p>\n<div class='et-learn-more clearfix'>\n\t\t\t\t\t<h3 class='heading-more'>En savoir plus<span class='et_learnmore_arrow'><span><\/span><\/span><\/h3>\n\t\t\t\t\t<div class='learn-more-content'>Outre ces initiatives de modernisation, de nouveaux mandats de conformit\u00e9 tels que le RGPD, le CCPA, le CPRA, le CDPA, le CDTPA et d\u2019autres exigent que les organisations comprennent les relations complexes existant entre chaque banque de donn\u00e9es de leur environnement et suppriment sur demande (et ce en quelques heures seulement) les informations personnellement identifiables des citoyens. Cette t\u00e2che monumentale ne peut \u00eatre entreprise facilement sans des solutions efficaces de gestion des informations d\u2019entreprise qui comprennent les normes de conformit\u00e9 et les relations entre les donn\u00e9es qu\u2019elles contiennent.<\/div>\n\t\t\t\t<\/div>\n<p>[\/et_pb_fullwidth_header][\/et_pb_section][et_pb_section fb_built=\u00a0\u00bb1&Prime; fullwidth=\u00a0\u00bbon\u00a0\u00bb admin_label=\u00a0\u00bbTexte centr\u00e9\u00a0\u00bb _builder_version=\u00a0\u00bb4.27.0&Prime; _module_preset=\u00a0\u00bbdefault\u00a0\u00bb da_disable_devices=\u00a0\u00bboff|off|off\u00a0\u00bb locked=\u00a0\u00bboff\u00a0\u00bb collapsed=\u00a0\u00bbon\u00a0\u00bb global_colors_info=\u00a0\u00bb{}\u00a0\u00bb da_is_popup=\u00a0\u00bboff\u00a0\u00bb da_exit_intent=\u00a0\u00bboff\u00a0\u00bb da_has_close=\u00a0\u00bbon\u00a0\u00bb da_alt_close=\u00a0\u00bboff\u00a0\u00bb da_dark_close=\u00a0\u00bboff\u00a0\u00bb da_not_modal=\u00a0\u00bbon\u00a0\u00bb da_is_singular=\u00a0\u00bboff\u00a0\u00bb da_with_loader=\u00a0\u00bboff\u00a0\u00bb da_has_shadow=\u00a0\u00bbon\u00a0\u00bb][et_pb_fullwidth_header text_orientation=\u00a0\u00bbcenter\u00a0\u00bb button_one_text=\u00a0\u00bbPour plus d\u2019informations sur Deepeo\u00a0\u00bb button_one_url=\u00a0\u00bbhttps:\/\/www.deepeo.eu\/\u00a0\u00bb button_two_text=\u00a0\u00bbPour plus d\u2019informations sur Arcsys\u00a0\u00bb button_two_url=\u00a0\u00bbhttps:\/\/www.arcsys-software.fr\/\u00a0\u00bb _builder_version=\u00a0\u00bb4.27.4&Prime; _module_preset=\u00a0\u00bbdefault\u00a0\u00bb content_font_size=\u00a0\u00bb18px\u00a0\u00bb link_option_url_new_window=\u00a0\u00bbon\u00a0\u00bb custom_css_free_form=\u00a0\u00bb.et_pb_fullwidth_header .et_pb_fullwidth_header_container.center .header-content {||  width: 100%!important;||  max-width: 1920px!important;||}||||h4 {||  line-height:1.4em;||}\u00a0\u00bb global_colors_info=\u00a0\u00bb{}\u00a0\u00bb]<\/p>\n<h4 style=\"text-align: center;\"><strong>Deepeo\u2122<\/strong> et<strong> Arcsys\u2122<\/strong> d\u2019Infotel Software simplifient la gouvernance de l\u2019information en offrant une visibilit\u00e9 unique sur les donn\u00e9es de conformit\u00e9.<\/h4>\n<p>[\/et_pb_fullwidth_header][\/et_pb_section]<\/p>\n","protected":false},"excerpt":{"rendered":"<p>La pand\u00e9mie de Covid-19 a engendr\u00e9 la plus grande modernisation et migration num\u00e9rique de l\u2019histoire de la prestation de services informatiques. Presque toutes les organisations, quelles que soient leurs dimensions, ont mis en place des initiatives de modernisation et de num\u00e9risation, motiv\u00e9es par les exigences des environnements de t\u00e9l\u00e9travail et hybrides. <div class='et-learn-more clearfix'>\n\t\t\t\t\t<h3 class='heading-more'>En savoir plus<span class='et_learnmore_arrow'><span><\/span><\/span><\/h3>\n\t\t\t\t\t<div class='learn-more-content'><\/div>\n\t\t\t\t<\/div> [&hellip;]<\/p>\n","protected":false},"author":34,"featured_media":0,"parent":0,"menu_order":0,"comment_status":"closed","ping_status":"closed","template":"","meta":{"_et_pb_use_builder":"on","_et_pb_old_content":"<!-- wp:image {\"sizeSlug\":\"large\"} -->\r\n<figure class=\"wp-block-image size-large\"><img src=\"https:\/\/us-infotel.dev.infotel.com\/wp-content\/uploads\/2022\/05\/ricardo-gomez-angel-2mjl2uvz9ic-unsplash-scaled.jpg\" alt=\"\"\/><\/figure>\r\n<!-- \/wp:image -->\r\n\r\n<!-- wp:heading -->\r\n<h2>Deep Clean Your Db2 Catalog to Improve Backups and REORGs<\/h2>\r\n<!-- \/wp:heading -->\r\n\r\n<!-- wp:paragraph -->\r\n<p>In today\u2019s high-paced mobile landscape where customers expect non-stop availability of applications, DevOps initiatives put pressure on development teams to roll out high-quality software with fast turnarounds and more frequent release cycles. In the sprint to build, test and deploy to tight deadlines and with countless changes being processed by the minute, overwhelmed teams don\u2019t have the bandwidth to consider the enormous build-up of packages inundating the Db2 Catalog \u2013 until that is, the clutter of unlinked modules delays subsystem services such as backups and REORGs.<\/p>\r\n<!-- \/wp:paragraph -->\r\n\r\n<!-- wp:paragraph -->\r\n<p>DB\/IQ Package Management (PackMan) helps manage the DevOps chaos by identifying redundant packages, removing them and reorganizing the Db2 Catalog. The result is a cleaner Db2 Catalog that is streamlined for more reliable application performance.<\/p>\r\n<!-- \/wp:paragraph -->\r\n\r\n<!-- wp:image {\"sizeSlug\":\"large\"} -->\r\n<figure class=\"wp-block-image size-large\"><img src=\"https:\/\/us-infotel.dev.infotel.com\/wp-content\/uploads\/2022\/05\/milad-fakurian-7wUorDiCMSU-unsplash-scaled.jpg\" alt=\"\"\/><\/figure>\r\n<!-- \/wp:image -->\r\n\r\n<!-- wp:heading -->\r\n<h2>With DB\/IQ PackMan, you can:<\/h2>\r\n<!-- \/wp:heading -->\r\n\r\n<!-- wp:list -->\r\n<ul><li>Clean up the Db2 Catalog by discarding non-required packages. An absolute must, when implementing Change Management Systems within the DevOps method<\/li><li>Prompt DBAs to easily build jobs and keep a clean and efficient Db2 Catalog<\/li><li>Avoid all potential -805\/-818 problems by determining inconsistencies between DBRMs, associated packages and load modules<\/li><li>Make migration to production systems secure by determining any inconsistencies, before the BIND process takes place<\/li><li>Maintain EXPLAIN tables down to the required minimum.<\/li><li>Improve BIND times<\/li><li>Recreate DBRM members or libraries from Catalog packages<\/li><li>Prevent unnecessary BIND by comparing a new DBRM with its predecessor version.<\/li><\/ul>\r\n<!-- \/wp:list -->\r\n\r\n<!-- wp:image {\"sizeSlug\":\"large\"} -->\r\n<figure class=\"wp-block-image size-large\"><img src=\"https:\/\/us-infotel.dev.infotel.com\/wp-content\/uploads\/2022\/05\/piron-guillaume-ePD6lh8341I-unsplash-scaled.jpg\" alt=\"\"\/><\/figure>\r\n<!-- \/wp:image -->\r\n\r\n<!-- wp:spacer {\"height\":\"10px\"} -->\r\n<div style=\"height:10px\" aria-hidden=\"true\" class=\"wp-block-spacer\"><\/div>\r\n<!-- \/wp:spacer -->","_et_gb_content_width":"","footnotes":""},"class_list":["post-21795","page","type-page","status-publish","hentry"],"yoast_head":"<!-- This site is optimized with the Yoast SEO plugin v27.1.1 - https:\/\/yoast.com\/product\/yoast-seo-wordpress\/ -->\n<title>Insoft Infotel | Experts in mainframe performance and optimization<\/title>\n<meta name=\"description\" content=\"Insoft Infotel helps customers thrive in the digital age with smart software solutions that optimize and improve z\/OS usage and costs.\" \/>\n<meta name=\"robots\" content=\"index, follow, max-snippet:-1, max-image-preview:large, max-video-preview:-1\" \/>\n<link rel=\"canonical\" href=\"https:\/\/infotel-software.com\/fr\/solutions-de-gestion-des-informations-dentreprise\/\" \/>\n<meta property=\"og:locale\" content=\"fr_FR\" \/>\n<meta property=\"og:type\" content=\"article\" \/>\n<meta property=\"og:title\" content=\"Insoft Infotel | Experts in mainframe performance and optimization\" \/>\n<meta property=\"og:description\" content=\"Insoft Infotel helps customers thrive in the digital age with smart software solutions that optimize and improve z\/OS usage and costs.\" \/>\n<meta property=\"og:url\" content=\"https:\/\/infotel-software.com\/fr\/solutions-de-gestion-des-informations-dentreprise\/\" \/>\n<meta property=\"og:site_name\" content=\"Infotel Software\" \/>\n<meta property=\"article:modified_time\" content=\"2025-02-26T15:19:24+00:00\" \/>\n<meta name=\"twitter:card\" content=\"summary_large_image\" \/>\n<meta name=\"twitter:label1\" content=\"Dur\u00e9e de lecture estim\u00e9e\" \/>\n\t<meta name=\"twitter:data1\" content=\"2 minutes\" \/>\n<script type=\"application\/ld+json\" class=\"yoast-schema-graph\">{\"@context\":\"https:\/\/schema.org\",\"@graph\":[{\"@type\":\"WebPage\",\"@id\":\"https:\/\/infotel-software.com\/fr\/solutions-de-gestion-des-informations-dentreprise\/\",\"url\":\"https:\/\/infotel-software.com\/fr\/solutions-de-gestion-des-informations-dentreprise\/\",\"name\":\"Insoft Infotel | Experts in mainframe performance and optimization\",\"isPartOf\":{\"@id\":\"https:\/\/infotel-software.com\/fr\/#website\"},\"datePublished\":\"2022-11-08T22:00:25+00:00\",\"dateModified\":\"2025-02-26T15:19:24+00:00\",\"description\":\"Insoft Infotel helps customers thrive in the digital age with smart software solutions that optimize and improve z\/OS usage and costs.\",\"breadcrumb\":{\"@id\":\"https:\/\/infotel-software.com\/fr\/solutions-de-gestion-des-informations-dentreprise\/#breadcrumb\"},\"inLanguage\":\"fr-FR\",\"potentialAction\":[{\"@type\":\"ReadAction\",\"target\":[\"https:\/\/infotel-software.com\/fr\/solutions-de-gestion-des-informations-dentreprise\/\"]}]},{\"@type\":\"BreadcrumbList\",\"@id\":\"https:\/\/infotel-software.com\/fr\/solutions-de-gestion-des-informations-dentreprise\/#breadcrumb\",\"itemListElement\":[{\"@type\":\"ListItem\",\"position\":1,\"name\":\"Home\",\"item\":\"https:\/\/infotel-software.com\/fr\/\"},{\"@type\":\"ListItem\",\"position\":2,\"name\":\"Gestion de l&#8217;information d\u2019entreprise\"}]},{\"@type\":\"WebSite\",\"@id\":\"https:\/\/infotel-software.com\/fr\/#website\",\"url\":\"https:\/\/infotel-software.com\/fr\/\",\"name\":\"Insoft Infotel\",\"description\":\"Maximize Performance, Optimize Costs\",\"publisher\":{\"@id\":\"https:\/\/infotel-software.com\/fr\/#organization\"},\"potentialAction\":[{\"@type\":\"SearchAction\",\"target\":{\"@type\":\"EntryPoint\",\"urlTemplate\":\"https:\/\/infotel-software.com\/fr\/?s={search_term_string}\"},\"query-input\":{\"@type\":\"PropertyValueSpecification\",\"valueRequired\":true,\"valueName\":\"search_term_string\"}}],\"inLanguage\":\"fr-FR\"},{\"@type\":\"Organization\",\"@id\":\"https:\/\/infotel-software.com\/fr\/#organization\",\"name\":\"Insoft Infotel\",\"url\":\"https:\/\/infotel-software.com\/fr\/\",\"logo\":{\"@type\":\"ImageObject\",\"inLanguage\":\"fr-FR\",\"@id\":\"https:\/\/infotel-software.com\/fr\/#\/schema\/logo\/image\/\",\"url\":\"https:\/\/infotel-software.com\/wp-content\/uploads\/2024\/06\/logo-insoft-infotel-1.png\",\"contentUrl\":\"https:\/\/infotel-software.com\/wp-content\/uploads\/2024\/06\/logo-insoft-infotel-1.png\",\"width\":1278,\"height\":358,\"caption\":\"Insoft Infotel\"},\"image\":{\"@id\":\"https:\/\/infotel-software.com\/fr\/#\/schema\/logo\/image\/\"}}]}<\/script>\n<!-- \/ Yoast SEO plugin. -->","yoast_head_json":{"title":"Insoft Infotel | Experts in mainframe performance and optimization","description":"Insoft Infotel helps customers thrive in the digital age with smart software solutions that optimize and improve z\/OS usage and costs.","robots":{"index":"index","follow":"follow","max-snippet":"max-snippet:-1","max-image-preview":"max-image-preview:large","max-video-preview":"max-video-preview:-1"},"canonical":"https:\/\/infotel-software.com\/fr\/solutions-de-gestion-des-informations-dentreprise\/","og_locale":"fr_FR","og_type":"article","og_title":"Insoft Infotel | Experts in mainframe performance and optimization","og_description":"Insoft Infotel helps customers thrive in the digital age with smart software solutions that optimize and improve z\/OS usage and costs.","og_url":"https:\/\/infotel-software.com\/fr\/solutions-de-gestion-des-informations-dentreprise\/","og_site_name":"Infotel Software","article_modified_time":"2025-02-26T15:19:24+00:00","twitter_card":"summary_large_image","twitter_misc":{"Dur\u00e9e de lecture estim\u00e9e":"2 minutes"},"schema":{"@context":"https:\/\/schema.org","@graph":[{"@type":"WebPage","@id":"https:\/\/infotel-software.com\/fr\/solutions-de-gestion-des-informations-dentreprise\/","url":"https:\/\/infotel-software.com\/fr\/solutions-de-gestion-des-informations-dentreprise\/","name":"Insoft Infotel | Experts in mainframe performance and optimization","isPartOf":{"@id":"https:\/\/infotel-software.com\/fr\/#website"},"datePublished":"2022-11-08T22:00:25+00:00","dateModified":"2025-02-26T15:19:24+00:00","description":"Insoft Infotel helps customers thrive in the digital age with smart software solutions that optimize and improve z\/OS usage and costs.","breadcrumb":{"@id":"https:\/\/infotel-software.com\/fr\/solutions-de-gestion-des-informations-dentreprise\/#breadcrumb"},"inLanguage":"fr-FR","potentialAction":[{"@type":"ReadAction","target":["https:\/\/infotel-software.com\/fr\/solutions-de-gestion-des-informations-dentreprise\/"]}]},{"@type":"BreadcrumbList","@id":"https:\/\/infotel-software.com\/fr\/solutions-de-gestion-des-informations-dentreprise\/#breadcrumb","itemListElement":[{"@type":"ListItem","position":1,"name":"Home","item":"https:\/\/infotel-software.com\/fr\/"},{"@type":"ListItem","position":2,"name":"Gestion de l&#8217;information d\u2019entreprise"}]},{"@type":"WebSite","@id":"https:\/\/infotel-software.com\/fr\/#website","url":"https:\/\/infotel-software.com\/fr\/","name":"Insoft Infotel","description":"Maximize Performance, Optimize Costs","publisher":{"@id":"https:\/\/infotel-software.com\/fr\/#organization"},"potentialAction":[{"@type":"SearchAction","target":{"@type":"EntryPoint","urlTemplate":"https:\/\/infotel-software.com\/fr\/?s={search_term_string}"},"query-input":{"@type":"PropertyValueSpecification","valueRequired":true,"valueName":"search_term_string"}}],"inLanguage":"fr-FR"},{"@type":"Organization","@id":"https:\/\/infotel-software.com\/fr\/#organization","name":"Insoft Infotel","url":"https:\/\/infotel-software.com\/fr\/","logo":{"@type":"ImageObject","inLanguage":"fr-FR","@id":"https:\/\/infotel-software.com\/fr\/#\/schema\/logo\/image\/","url":"https:\/\/infotel-software.com\/wp-content\/uploads\/2024\/06\/logo-insoft-infotel-1.png","contentUrl":"https:\/\/infotel-software.com\/wp-content\/uploads\/2024\/06\/logo-insoft-infotel-1.png","width":1278,"height":358,"caption":"Insoft Infotel"},"image":{"@id":"https:\/\/infotel-software.com\/fr\/#\/schema\/logo\/image\/"}}]}},"_links":{"self":[{"href":"https:\/\/infotel-software.com\/fr\/wp-json\/wp\/v2\/pages\/21795","targetHints":{"allow":["GET"]}}],"collection":[{"href":"https:\/\/infotel-software.com\/fr\/wp-json\/wp\/v2\/pages"}],"about":[{"href":"https:\/\/infotel-software.com\/fr\/wp-json\/wp\/v2\/types\/page"}],"author":[{"embeddable":true,"href":"https:\/\/infotel-software.com\/fr\/wp-json\/wp\/v2\/users\/34"}],"replies":[{"embeddable":true,"href":"https:\/\/infotel-software.com\/fr\/wp-json\/wp\/v2\/comments?post=21795"}],"version-history":[{"count":7,"href":"https:\/\/infotel-software.com\/fr\/wp-json\/wp\/v2\/pages\/21795\/revisions"}],"predecessor-version":[{"id":21814,"href":"https:\/\/infotel-software.com\/fr\/wp-json\/wp\/v2\/pages\/21795\/revisions\/21814"}],"wp:attachment":[{"href":"https:\/\/infotel-software.com\/fr\/wp-json\/wp\/v2\/media?parent=21795"}],"curies":[{"name":"wp","href":"https:\/\/api.w.org\/{rel}","templated":true}]}}