{"id":22737,"date":"2024-09-27T10:18:45","date_gmt":"2024-09-27T08:18:45","guid":{"rendered":"https:\/\/infotel-software.com\/cybersecurity-and-compliance\/"},"modified":"2025-03-12T15:13:23","modified_gmt":"2025-03-12T14:13:23","slug":"cybersecurite-et-conformite","status":"publish","type":"page","link":"https:\/\/infotel-software.com\/fr\/cybersecurite-et-conformite\/","title":{"rendered":"Cybers\u00e9curit\u00e9 et conformit\u00e9"},"content":{"rendered":"<p>[et_pb_section fb_built=\u00a0\u00bb1&Prime; fullwidth=\u00a0\u00bbon\u00a0\u00bb admin_label=\u00a0\u00bbBanni\u00e8re\u00a0\u00bb _builder_version=\u00a0\u00bb4.17.4&Prime; _module_preset=\u00a0\u00bbdefault\u00a0\u00bb da_disable_devices=\u00a0\u00bboff|off|off\u00a0\u00bb locked=\u00a0\u00bboff\u00a0\u00bb collapsed=\u00a0\u00bbon\u00a0\u00bb global_colors_info=\u00a0\u00bb{}\u00a0\u00bb da_is_popup=\u00a0\u00bboff\u00a0\u00bb da_exit_intent=\u00a0\u00bboff\u00a0\u00bb da_has_close=\u00a0\u00bbon\u00a0\u00bb da_alt_close=\u00a0\u00bboff\u00a0\u00bb da_dark_close=\u00a0\u00bboff\u00a0\u00bb da_not_modal=\u00a0\u00bbon\u00a0\u00bb da_is_singular=\u00a0\u00bboff\u00a0\u00bb da_with_loader=\u00a0\u00bboff\u00a0\u00bb da_has_shadow=\u00a0\u00bbon\u00a0\u00bb][et_pb_fullwidth_slider _builder_version=\u00a0\u00bb4.27.4&Prime; _module_preset=\u00a0\u00bbdefault\u00a0\u00bb header_level=\u00a0\u00bbh1&Prime; header_font_size=\u00a0\u00bb60px\u00a0\u00bb background_enable_color=\u00a0\u00bboff\u00a0\u00bb hover_enabled=\u00a0\u00bb0&Prime; global_colors_info=\u00a0\u00bb{}\u00a0\u00bb sticky_enabled=\u00a0\u00bb0&Prime;][et_pb_slide heading=\u00a0\u00bbCybers\u00e9curit\u00e9 et conformit\u00e9\u00a0\u00bb use_bg_overlay=\u00a0\u00bbon\u00a0\u00bb use_text_overlay=\u00a0\u00bboff\u00a0\u00bb admin_title=\u00a0\u00bbCybersecurity and Compliance \u00a0\u00bb _builder_version=\u00a0\u00bb4.27.4&Prime; _module_preset=\u00a0\u00bbdefault\u00a0\u00bb header_font=\u00a0\u00bbArial|700|||||||\u00a0\u00bb header_font_size=\u00a0\u00bb40px\u00a0\u00bb background_enable_color=\u00a0\u00bboff\u00a0\u00bb use_background_color_gradient=\u00a0\u00bbon\u00a0\u00bb background_color_gradient_type=\u00a0\u00bbcircular\u00a0\u00bb background_color_gradient_stops=\u00a0\u00bb#2ea3f2 30%|#004f91 100%\u00a0\u00bb background_enable_image=\u00a0\u00bboff\u00a0\u00bb hover_enabled=\u00a0\u00bb0&Prime; header_font_size_tablet=\u00a0\u00bb40px\u00a0\u00bb header_font_size_phone=\u00a0\u00bb24px\u00a0\u00bb header_font_size_last_edited=\u00a0\u00bbon|phone\u00a0\u00bb custom_css_free_form=\u00a0\u00bb.et_pb_bg_layout_dark.et_pb_slider_with_overlay .et_pb_slide_overlay_container, .et_pb_bg_layout_dark.et_pb_slider_with_text_overlay .et_pb_text_overlay_wrapper {||    background-color: rgba(0, 0, 0, 0)!important;||}\u00a0\u00bb global_colors_info=\u00a0\u00bb{}\u00a0\u00bb sticky_transition=\u00a0\u00bbon\u00a0\u00bb sticky_enabled=\u00a0\u00bb0&Prime;][\/et_pb_slide][\/et_pb_fullwidth_slider][\/et_pb_section][et_pb_section fb_built=\u00a0\u00bb1&Prime; _builder_version=\u00a0\u00bb4.27.0&Prime; _module_preset=\u00a0\u00bbdefault\u00a0\u00bb custom_padding=\u00a0\u00bb2%||0%||false|false\u00a0\u00bb da_disable_devices=\u00a0\u00bboff|off|off\u00a0\u00bb collapsed=\u00a0\u00bbon\u00a0\u00bb global_colors_info=\u00a0\u00bb{}\u00a0\u00bb da_is_popup=\u00a0\u00bboff\u00a0\u00bb da_exit_intent=\u00a0\u00bboff\u00a0\u00bb da_has_close=\u00a0\u00bbon\u00a0\u00bb da_alt_close=\u00a0\u00bboff\u00a0\u00bb da_dark_close=\u00a0\u00bboff\u00a0\u00bb da_not_modal=\u00a0\u00bbon\u00a0\u00bb da_is_singular=\u00a0\u00bboff\u00a0\u00bb da_with_loader=\u00a0\u00bboff\u00a0\u00bb da_has_shadow=\u00a0\u00bbon\u00a0\u00bb][et_pb_row _builder_version=\u00a0\u00bb4.27.0&Prime; _module_preset=\u00a0\u00bbdefault\u00a0\u00bb custom_padding=\u00a0\u00bb||0px||false|false\u00a0\u00bb collapsed=\u00a0\u00bbon\u00a0\u00bb global_colors_info=\u00a0\u00bb{}\u00a0\u00bb][et_pb_column type=\u00a0\u00bb4_4&Prime; _builder_version=\u00a0\u00bb4.17.4&Prime; _module_preset=\u00a0\u00bbdefault\u00a0\u00bb global_colors_info=\u00a0\u00bb{}\u00a0\u00bb][et_pb_text _builder_version=\u00a0\u00bb4.27.4&Prime; _module_preset=\u00a0\u00bbdefault\u00a0\u00bb hover_enabled=\u00a0\u00bb0&Prime; global_colors_info=\u00a0\u00bb{}\u00a0\u00bb sticky_enabled=\u00a0\u00bb0&Prime;]<\/p>\n<h3 class=\"title\" style=\"text-align: center;\">Cybers\u00e9curit\u00e9 et conformit\u00e9 : des solutions sur mesure pour les grandes organisations<\/h3>\n<p style=\"text-align: center;\">D\u00e9couvrez comment Infotel renforce la cybers\u00e9curit\u00e9 et garantit la conformit\u00e9 des donn\u00e9es dans votre organisation \u00e0 travers des solutions.<\/p>\n<p>[\/et_pb_text][\/et_pb_column][\/et_pb_row][\/et_pb_section][et_pb_section fb_built=\u00a0\u00bb1&Prime; fullwidth=\u00a0\u00bbon\u00a0\u00bb admin_label=\u00a0\u00bbCybers\u00e9curit\u00e9 et conformit\u00e9\u00a0\u00bb module_id=\u00a0\u00bbData-Performance\u00a0\u00bb _builder_version=\u00a0\u00bb4.27.0&Prime; _module_preset=\u00a0\u00bbdefault\u00a0\u00bb module_alignment=\u00a0\u00bbcenter\u00a0\u00bb custom_padding=\u00a0\u00bb0%||||false|false\u00a0\u00bb da_disable_devices=\u00a0\u00bboff|off|off\u00a0\u00bb locked=\u00a0\u00bboff\u00a0\u00bb collapsed=\u00a0\u00bboff\u00a0\u00bb global_colors_info=\u00a0\u00bb{}\u00a0\u00bb da_is_popup=\u00a0\u00bboff\u00a0\u00bb da_exit_intent=\u00a0\u00bboff\u00a0\u00bb da_has_close=\u00a0\u00bbon\u00a0\u00bb da_alt_close=\u00a0\u00bboff\u00a0\u00bb da_dark_close=\u00a0\u00bboff\u00a0\u00bb da_not_modal=\u00a0\u00bbon\u00a0\u00bb da_is_singular=\u00a0\u00bboff\u00a0\u00bb da_with_loader=\u00a0\u00bboff\u00a0\u00bb da_has_shadow=\u00a0\u00bbon\u00a0\u00bb][et_pb_fullwidth_header title=\u00a0\u00bbConformit\u00e9 RGPD avec DEEPEO\u00a0\u00bb button_one_text=\u00a0\u00bbEn savoir plus\u00a0\u00bb button_one_url=\u00a0\u00bbhttps:\/\/deepeo.eu\/fr\/accueil\/\u00a0\u00bb header_image_url=\u00a0\u00bbhttps:\/\/infotel-software.com\/wp-content\/uploads\/2024\/11\/Conformite-RGPD-avec-DEEPEO.png\u00a0\u00bb image_alt_text=\u00a0\u00bbData Performance\u00a0\u00bb header_image_url_last_edited=\u00a0\u00bboff|desktop\u00a0\u00bb _builder_version=\u00a0\u00bb4.27.4&Prime; _module_preset=\u00a0\u00bbdefault\u00a0\u00bb title_level=\u00a0\u00bbh3&Prime; title_text_align=\u00a0\u00bbleft\u00a0\u00bb title_text_color=\u00a0\u00bb#2ea3f2&Prime; content_text_color=\u00a0\u00bb#000000&Prime; content_font_size=\u00a0\u00bb18px\u00a0\u00bb subhead_font=\u00a0\u00bb|700|||||||\u00a0\u00bb subhead_text_align=\u00a0\u00bbleft\u00a0\u00bb subhead_text_color=\u00a0\u00bb#000000&Prime; subhead_font_size=\u00a0\u00bb20px\u00a0\u00bb background_color=\u00a0\u00bbRGBA(255,255,255,0)\u00a0\u00bb custom_padding_tablet=\u00a0\u00bb\u00a0\u00bb custom_padding_phone=\u00a0\u00bb0px||||false|false\u00a0\u00bb custom_padding_last_edited=\u00a0\u00bbon|phone\u00a0\u00bb animation_style=\u00a0\u00bbslide\u00a0\u00bb animation_delay=\u00a0\u00bb250ms\u00a0\u00bb hover_transition_delay=\u00a0\u00bb100ms\u00a0\u00bb link_option_url_new_window=\u00a0\u00bbon\u00a0\u00bb hover_enabled=\u00a0\u00bb0&Prime; custom_css_free_form=\u00a0\u00bbh2{||  padding-bottom : 20px||}||.et_pb_fullwidth_header .et_pb_fullwidth_header_container .header-content a.et_pb_button {||    background-color:  #2ea3f2 !important;||    color: white !important;||}\u00a0\u00bb global_colors_info=\u00a0\u00bb{}\u00a0\u00bb header_image_url__hover_enabled=\u00a0\u00bboff|desktop\u00a0\u00bb sticky_enabled=\u00a0\u00bb0&Prime;]<\/p>\n<div class=\"et_pb_header_content_wrapper\">\n<p><b>DEEPEO\u00a0<\/b>est une solution innovante pour assurer la conformit\u00e9 RGPD de votre entreprise, en optimisant la gestion des donn\u00e9es personnelles. Gr\u00e2ce \u00e0 ses fonctionnalit\u00e9s avanc\u00e9es, DEEPEO identifie, classe et s\u00e9curise vos informations sensibles, garantissant une protection efficace contre les risques de non-conformit\u00e9. Son approche modulaire s\u2019adapte aux besoins sp\u00e9cifiques de chaque organisation, offrant une transparence totale et un suivi en temps r\u00e9el de la conformit\u00e9.<\/p>\n<\/div>\n<p>[\/et_pb_fullwidth_header][et_pb_fullwidth_header title=\u00a0\u00bbOrlando TechPubs\u00a0\u00bb text_orientation=\u00a0\u00bbright\u00a0\u00bb button_one_text=\u00a0\u00bbEn savoir plus\u00a0\u00bb button_one_url=\u00a0\u00bbhttps:\/\/orlandotechpubs.com\/\u00a0\u00bb header_image_url=\u00a0\u00bbhttps:\/\/infotel-software.com\/wp-content\/uploads\/2024\/11\/Orlando-TechPubs.png\u00a0\u00bb image_alt_text=\u00a0\u00bbData Performance\u00a0\u00bb _builder_version=\u00a0\u00bb4.27.4&Prime; _module_preset=\u00a0\u00bbdefault\u00a0\u00bb title_level=\u00a0\u00bbh3&Prime; title_text_align=\u00a0\u00bbleft\u00a0\u00bb title_text_color=\u00a0\u00bb#2ea3f2&Prime; content_text_color=\u00a0\u00bb#000000&Prime; content_font_size=\u00a0\u00bb18px\u00a0\u00bb subhead_font=\u00a0\u00bb|700|||||||\u00a0\u00bb subhead_text_align=\u00a0\u00bbleft\u00a0\u00bb subhead_text_color=\u00a0\u00bb#000000&Prime; subhead_font_size=\u00a0\u00bb20px\u00a0\u00bb background_color=\u00a0\u00bbRGBA(255,255,255,0)\u00a0\u00bb animation_style=\u00a0\u00bbslide\u00a0\u00bb animation_delay=\u00a0\u00bb250ms\u00a0\u00bb hover_transition_delay=\u00a0\u00bb100ms\u00a0\u00bb link_option_url_new_window=\u00a0\u00bbon\u00a0\u00bb hover_enabled=\u00a0\u00bb0&Prime; custom_css_free_form=\u00a0\u00bbh2{||  padding-bottom : 20px||}||.et_pb_fullwidth_header .et_pb_fullwidth_header_container.right .header-content {||  text-align:left!important;||}\u00a0\u00bb global_colors_info=\u00a0\u00bb{}\u00a0\u00bb sticky_enabled=\u00a0\u00bb0&Prime;]<\/p>\n<div class=\"et_pb_header_content_wrapper\">\n<p><strong>Orlando<\/strong> est un syst\u00e8me de gestion documentaire con\u00e7u pour le secteur de l\u2019aviation, centralisant la gestion des manuels et l\u2019acc\u00e8s utilisateur sur une seule plateforme. Elle propose des outils puissants pour l\u2019\u00e9dition, la personnalisation et la r\u00e9conciliation des manuels d\u2019entreprise et des constructeurs, am\u00e9liorant l\u2019efficacit\u00e9 et la conformit\u00e9 lors des transitions num\u00e9riques. Cette solution aide les organisations \u00e0 moderniser leurs publications techniques gr\u00e2ce \u00e0 une interface intuitive et un support expert.<\/p>\n<\/div>\n<p>[\/et_pb_fullwidth_header][\/et_pb_section][et_pb_section fb_built=\u00a0\u00bb1&Prime; theme_builder_area=\u00a0\u00bbpost_content\u00a0\u00bb _builder_version=\u00a0\u00bb4.27.4&Prime; _module_preset=\u00a0\u00bbdefault\u00a0\u00bb da_is_popup=\u00a0\u00bboff\u00a0\u00bb da_exit_intent=\u00a0\u00bboff\u00a0\u00bb da_has_close=\u00a0\u00bbon\u00a0\u00bb da_alt_close=\u00a0\u00bboff\u00a0\u00bb da_dark_close=\u00a0\u00bboff\u00a0\u00bb da_not_modal=\u00a0\u00bbon\u00a0\u00bb da_is_singular=\u00a0\u00bboff\u00a0\u00bb da_with_loader=\u00a0\u00bboff\u00a0\u00bb da_has_shadow=\u00a0\u00bbon\u00a0\u00bb da_disable_devices=\u00a0\u00bboff|off|off\u00a0\u00bb][et_pb_row _builder_version=\u00a0\u00bb4.27.4&Prime; _module_preset=\u00a0\u00bbdefault\u00a0\u00bb theme_builder_area=\u00a0\u00bbpost_content\u00a0\u00bb module_alignment=\u00a0\u00bbcenter\u00a0\u00bb hover_enabled=\u00a0\u00bb0&Prime; sticky_enabled=\u00a0\u00bb0&Prime;][et_pb_column _builder_version=\u00a0\u00bb4.27.4&Prime; _module_preset=\u00a0\u00bbdefault\u00a0\u00bb type=\u00a0\u00bb4_4&Prime; theme_builder_area=\u00a0\u00bbpost_content\u00a0\u00bb][et_pb_button _builder_version=\u00a0\u00bb4.27.4&Prime; _module_preset=\u00a0\u00bbdefault\u00a0\u00bb theme_builder_area=\u00a0\u00bbpost_content\u00a0\u00bb button_text=\u00a0\u00bbEn savoir plus sur nos solutions\u00a0\u00bb button_url=\u00a0\u00bbhttps:\/\/infotel-software.com\/fr\/solutions-de-gestion-des-informations-dentreprise\/\u00a0\u00bb button_alignment=\u00a0\u00bbcenter\u00a0\u00bb hover_enabled=\u00a0\u00bb0&Prime; sticky_enabled=\u00a0\u00bb0&Prime;][\/et_pb_button][\/et_pb_column][\/et_pb_row][\/et_pb_section]<\/p>\n","protected":false},"excerpt":{"rendered":"<p>Cybers\u00e9curit\u00e9 et conformit\u00e9 : des solutions sur mesure pour les grandes organisations D\u00e9couvrez comment Infotel renforce la cybers\u00e9curit\u00e9 et garantit la conformit\u00e9 des donn\u00e9es dans votre organisation \u00e0 travers des solutions. DEEPEO\u00a0est une solution innovante pour assurer la conformit\u00e9 RGPD de votre entreprise, en optimisant la gestion des donn\u00e9es personnelles. Gr\u00e2ce \u00e0 ses fonctionnalit\u00e9s avanc\u00e9es, [&hellip;]<\/p>\n","protected":false},"author":34,"featured_media":0,"parent":0,"menu_order":0,"comment_status":"closed","ping_status":"closed","template":"","meta":{"_et_pb_use_builder":"on","_et_pb_old_content":"<!-- wp:image {\"sizeSlug\":\"large\"} -->\r\n<figure class=\"wp-block-image size-large\"><img src=\"https:\/\/us-infotel.dev.infotel.com\/wp-content\/uploads\/2022\/05\/pablo-hermoso-FDgLKYrhT9w-unsplash-scaled.jpg\" alt=\"\"\/><\/figure>\r\n<!-- \/wp:image -->\r\n\r\n<!-- wp:stackable\/text {\"uniqueId\":\"272cbde\"} -->\r\n<div class=\"wp-block-stackable-text stk-block-text stk-block stk-272cbde\" data-block-id=\"272cbde\"><p class=\"stk-block-text__text\"><\/p><\/div>\r\n<!-- \/wp:stackable\/text -->\r\n\r\n<!-- wp:stackable\/heading {\"uniqueId\":\"7f02ba5\"} -->\r\n<div class=\"wp-block-stackable-heading stk-block-heading stk-block stk-7f02ba5\" id=\"history\" data-block-id=\"7f02ba5\"><h2 class=\"stk-block-heading__text\">History<\/h2><\/div>\r\n<!-- \/wp:stackable\/heading -->\r\n\r\n<!-- wp:table -->\r\n<figure class=\"wp-block-table\"><table><tbody><tr><td>History<\/td><td>Founded<\/td><td>Listed on Stock Exchange<\/td><\/tr><tr><td>4 Founders<\/td><td>1979<\/td><td>1999<\/td><\/tr><tr><td><img class=\"wp-image-11157\" style=\"width: 118px;\" src=\"https:\/\/infotel-software.com\/wp-content\/uploads\/2022\/06\/Asset-5-1.png\" alt=\"\"><\/td><td><img class=\"wp-image-11155\" style=\"width: 122px;\" src=\"https:\/\/infotel-software.com\/wp-content\/uploads\/2022\/06\/Asset-2-1.png\" alt=\"\"><\/td><td><img class=\"wp-image-11159\" style=\"width: 136px;\" src=\"https:\/\/infotel-software.com\/wp-content\/uploads\/2022\/06\/Asset-8-1.png\" alt=\"Data Governance\"><\/td><\/tr><\/tbody><\/table><\/figure>\r\n<!-- \/wp:table -->\r\n\r\n<!-- wp:image {\"id\":11158,\"sizeSlug\":\"full\",\"linkDestination\":\"none\"} -->\r\n<figure class=\"wp-block-image size-full\"><img src=\"https:\/\/infotel-software.com\/wp-content\/uploads\/2022\/06\/Asset-7-1.png\" alt=\"\" class=\"wp-image-11158\"\/><\/figure>\r\n<!-- \/wp:image -->\r\n\r\n<!-- wp:paragraph -->\r\n<p><\/p>\r\n<!-- \/wp:paragraph -->\r\n\r\n<!-- wp:heading {\"level\":3} -->\r\n<h3><strong>Company founded: a team of experts \/\u00a01979 \u2013 1988<\/strong><\/h3>\r\n<!-- \/wp:heading -->\r\n\r\n<!-- wp:paragraph -->\r\n<p>The\u00a0Infotel\u00a0Group was founded in 1979 by a team of experts:\u00a0Bernard Lafforet, Michel Koutchouk, Alain Hallereau and Josyane Muller.\u00a0In the beginning, the company was based in Paris, with a focus on providing databases as well as\u00a0services,\u00a0training\u00a0and\u00a0software for large companies. A few years after its founding and following on the success of its software,\u00a0Infotel opened an office in the U.S.<\/p>\r\n<!-- \/wp:paragraph -->\r\n\r\n<!-- wp:heading {\"level\":3} -->\r\n<h3>The Company grows: software and local services \/\u00a01989 \u2013 1998<\/h3>\r\n<!-- \/wp:heading -->\r\n\r\n<!-- wp:paragraph -->\r\n<p>The company continued to grow by opening its\u00a0Toulouse agency\u00a0in 1989 and setting up a new\u00a0Infotel company in Germany\u00a0(Infotel GmbH) in 1990.<\/p>\r\n<!-- \/wp:paragraph -->\r\n\r\n<!-- wp:paragraph -->\r\n<p>Throughout this period, the Group also undertook the development and launch of\u00a0new software utilities for databases. The Group carried out its first\u00a0external growth operation\u00a0in 1998 and obtained\u00a0ISO 9001 certification\u00a0in the same year.<\/p>\r\n<!-- \/wp:paragraph -->\r\n\r\n<!-- wp:heading {\"level\":3} -->\r\n<h3>Expansion around \u201cWeb-to-Database\u201d \/\u00a01999 \u2013 2008<\/h3>\r\n<!-- \/wp:heading -->\r\n\r\n<!-- wp:paragraph -->\r\n<p>On 21 January 1999, Infotel entered the New Paris Stock Market (now known as Euronext Paris, compartment B (Mid Cap)). This saw Infotel making another historic step forward in its development by acquiring the means of financing its\u00a0projects for growth. In the same year, the company signed its first\u00a0agreement with IBM\u00a0for the development of\u00a0Db2 utility software\u00a0sold by IBM.<\/p>\r\n<!-- \/wp:paragraph -->\r\n\r\n<!-- wp:paragraph -->\r\n<p>Also in 1999, Infotel adopted its strategic\u00a0Web-to-Database\u00a0positioning, a comprehensive technical offering to meet evolving needs and help companies open their information systems.<\/p>\r\n<!-- \/wp:paragraph -->\r\n\r\n<!-- wp:paragraph -->\r\n<p>In December 1999, the Group incorporated the\u00a0S12\u00a0company and, the following year, two other companies,\u00a0Sporen\u00a0and\u00a0Innovaco Formation.<\/p>\r\n<!-- \/wp:paragraph -->\r\n\r\n<!-- wp:paragraph -->\r\n<p>At the beginning of 2006, Infotel continued to follow its external growth strategy by acquiring and subsequently integrating the\u00a0Odaxys\u00a0group, based in Rennes and Nantes,\u00a0a major IT player in France\u2019s Western Region. Expansion continued with the\u00a0opening of regional agencies in Lyon, Bordeaux, Le Mans and Niort.<\/p>\r\n<!-- \/wp:paragraph -->\r\n\r\n<!-- wp:heading {\"level\":3} -->\r\n<h3>Ambitions 2012 \/\u00a02009 \u2013 2012<\/h3>\r\n<!-- \/wp:heading -->\r\n\r\n<!-- wp:paragraph -->\r\n<p>The company grew in geographic terms with the\u00a0acquisition of Addax\u00a0in 2010, giving it a presence in the Nice region (Sophia Antipolis), Aix-Marseille and Monaco. Subsequently, the\u00a0acquisition of Empeiria\u00a0in early 2012 provided coverage of the Lille region.<\/p>\r\n<!-- \/wp:paragraph -->\r\n\r\n<!-- wp:paragraph -->\r\n<p>Meanwhile, the software offering expanded by involvement in the\u00a0creation of Archive Data Software, opening up a new channel of distribution for\u00a0<a href=\"http:\/\/www.arcsys-software.fr\/\" target=\"_blank\" rel=\"noreferrer noopener\">Arcsys<\/a>\u00a0archiving software. Acquisition of the German company\u00a0<a href=\"https:\/\/insoft-software.com\/en\/home\/\" target=\"_blank\" rel=\"noreferrer noopener\"><u>Insoft Software GmbH<\/u><\/a>\u00a0took place in June 2011, completing this offering.<\/p>\r\n<!-- \/wp:paragraph -->\r\n\r\n<!-- wp:heading {\"level\":3} -->\r\n<h3>Performance Plan 2016 \/\u00a02013 \u2013 present<\/h3>\r\n<!-- \/wp:heading -->\r\n\r\n<!-- wp:paragraph -->\r\n<p>The Infotel Group is continuing its expansion by\u00a0pursuing a key account growth strategy accompanied by IT services focused on mobility. The company has also helped key accounts in\u00a0managing big data\u00a0and has increased the size of its international business.<\/p>\r\n<!-- \/wp:paragraph -->\r\n\r\n<!-- wp:spacer {\"height\":\"10px\"} -->\r\n<div style=\"height:10px\" aria-hidden=\"true\" class=\"wp-block-spacer\"><\/div>\r\n<!-- \/wp:spacer -->","_et_gb_content_width":"","footnotes":""},"class_list":["post-22737","page","type-page","status-publish","hentry"],"yoast_head":"<!-- This site is optimized with the Yoast SEO plugin v27.1.1 - https:\/\/yoast.com\/product\/yoast-seo-wordpress\/ -->\n<title>Insoft Infotel | Experts in mainframe performance and optimization<\/title>\n<meta name=\"description\" content=\"Insoft Infotel helps customers thrive in the digital age with smart software solutions that optimize and improve z\/OS usage and costs.\" \/>\n<meta name=\"robots\" content=\"index, follow, max-snippet:-1, max-image-preview:large, max-video-preview:-1\" \/>\n<link rel=\"canonical\" href=\"https:\/\/infotel-software.com\/fr\/cybersecurite-et-conformite\/\" \/>\n<meta property=\"og:locale\" content=\"fr_FR\" \/>\n<meta property=\"og:type\" content=\"article\" \/>\n<meta property=\"og:title\" content=\"Insoft Infotel | Experts in mainframe performance and optimization\" \/>\n<meta property=\"og:description\" content=\"Insoft Infotel helps customers thrive in the digital age with smart software solutions that optimize and improve z\/OS usage and costs.\" \/>\n<meta property=\"og:url\" content=\"https:\/\/infotel-software.com\/fr\/cybersecurite-et-conformite\/\" \/>\n<meta property=\"og:site_name\" content=\"Infotel Software\" \/>\n<meta property=\"article:modified_time\" content=\"2025-03-12T14:13:23+00:00\" \/>\n<meta name=\"twitter:card\" content=\"summary_large_image\" \/>\n<meta name=\"twitter:label1\" content=\"Dur\u00e9e de lecture estim\u00e9e\" \/>\n\t<meta name=\"twitter:data1\" content=\"2 minutes\" \/>\n<script type=\"application\/ld+json\" class=\"yoast-schema-graph\">{\"@context\":\"https:\/\/schema.org\",\"@graph\":[{\"@type\":\"WebPage\",\"@id\":\"https:\/\/infotel-software.com\/fr\/cybersecurite-et-conformite\/\",\"url\":\"https:\/\/infotel-software.com\/fr\/cybersecurite-et-conformite\/\",\"name\":\"Insoft Infotel | Experts in mainframe performance and optimization\",\"isPartOf\":{\"@id\":\"https:\/\/infotel-software.com\/fr\/#website\"},\"datePublished\":\"2024-09-27T08:18:45+00:00\",\"dateModified\":\"2025-03-12T14:13:23+00:00\",\"description\":\"Insoft Infotel helps customers thrive in the digital age with smart software solutions that optimize and improve z\/OS usage and costs.\",\"breadcrumb\":{\"@id\":\"https:\/\/infotel-software.com\/fr\/cybersecurite-et-conformite\/#breadcrumb\"},\"inLanguage\":\"fr-FR\",\"potentialAction\":[{\"@type\":\"ReadAction\",\"target\":[\"https:\/\/infotel-software.com\/fr\/cybersecurite-et-conformite\/\"]}]},{\"@type\":\"BreadcrumbList\",\"@id\":\"https:\/\/infotel-software.com\/fr\/cybersecurite-et-conformite\/#breadcrumb\",\"itemListElement\":[{\"@type\":\"ListItem\",\"position\":1,\"name\":\"Home\",\"item\":\"https:\/\/infotel-software.com\/fr\/\"},{\"@type\":\"ListItem\",\"position\":2,\"name\":\"Cybers\u00e9curit\u00e9 et conformit\u00e9\"}]},{\"@type\":\"WebSite\",\"@id\":\"https:\/\/infotel-software.com\/fr\/#website\",\"url\":\"https:\/\/infotel-software.com\/fr\/\",\"name\":\"Insoft Infotel\",\"description\":\"Maximize Performance, Optimize Costs\",\"publisher\":{\"@id\":\"https:\/\/infotel-software.com\/fr\/#organization\"},\"potentialAction\":[{\"@type\":\"SearchAction\",\"target\":{\"@type\":\"EntryPoint\",\"urlTemplate\":\"https:\/\/infotel-software.com\/fr\/?s={search_term_string}\"},\"query-input\":{\"@type\":\"PropertyValueSpecification\",\"valueRequired\":true,\"valueName\":\"search_term_string\"}}],\"inLanguage\":\"fr-FR\"},{\"@type\":\"Organization\",\"@id\":\"https:\/\/infotel-software.com\/fr\/#organization\",\"name\":\"Insoft Infotel\",\"url\":\"https:\/\/infotel-software.com\/fr\/\",\"logo\":{\"@type\":\"ImageObject\",\"inLanguage\":\"fr-FR\",\"@id\":\"https:\/\/infotel-software.com\/fr\/#\/schema\/logo\/image\/\",\"url\":\"https:\/\/infotel-software.com\/wp-content\/uploads\/2024\/06\/logo-insoft-infotel-1.png\",\"contentUrl\":\"https:\/\/infotel-software.com\/wp-content\/uploads\/2024\/06\/logo-insoft-infotel-1.png\",\"width\":1278,\"height\":358,\"caption\":\"Insoft Infotel\"},\"image\":{\"@id\":\"https:\/\/infotel-software.com\/fr\/#\/schema\/logo\/image\/\"}}]}<\/script>\n<!-- \/ Yoast SEO plugin. -->","yoast_head_json":{"title":"Insoft Infotel | Experts in mainframe performance and optimization","description":"Insoft Infotel helps customers thrive in the digital age with smart software solutions that optimize and improve z\/OS usage and costs.","robots":{"index":"index","follow":"follow","max-snippet":"max-snippet:-1","max-image-preview":"max-image-preview:large","max-video-preview":"max-video-preview:-1"},"canonical":"https:\/\/infotel-software.com\/fr\/cybersecurite-et-conformite\/","og_locale":"fr_FR","og_type":"article","og_title":"Insoft Infotel | Experts in mainframe performance and optimization","og_description":"Insoft Infotel helps customers thrive in the digital age with smart software solutions that optimize and improve z\/OS usage and costs.","og_url":"https:\/\/infotel-software.com\/fr\/cybersecurite-et-conformite\/","og_site_name":"Infotel Software","article_modified_time":"2025-03-12T14:13:23+00:00","twitter_card":"summary_large_image","twitter_misc":{"Dur\u00e9e de lecture estim\u00e9e":"2 minutes"},"schema":{"@context":"https:\/\/schema.org","@graph":[{"@type":"WebPage","@id":"https:\/\/infotel-software.com\/fr\/cybersecurite-et-conformite\/","url":"https:\/\/infotel-software.com\/fr\/cybersecurite-et-conformite\/","name":"Insoft Infotel | Experts in mainframe performance and optimization","isPartOf":{"@id":"https:\/\/infotel-software.com\/fr\/#website"},"datePublished":"2024-09-27T08:18:45+00:00","dateModified":"2025-03-12T14:13:23+00:00","description":"Insoft Infotel helps customers thrive in the digital age with smart software solutions that optimize and improve z\/OS usage and costs.","breadcrumb":{"@id":"https:\/\/infotel-software.com\/fr\/cybersecurite-et-conformite\/#breadcrumb"},"inLanguage":"fr-FR","potentialAction":[{"@type":"ReadAction","target":["https:\/\/infotel-software.com\/fr\/cybersecurite-et-conformite\/"]}]},{"@type":"BreadcrumbList","@id":"https:\/\/infotel-software.com\/fr\/cybersecurite-et-conformite\/#breadcrumb","itemListElement":[{"@type":"ListItem","position":1,"name":"Home","item":"https:\/\/infotel-software.com\/fr\/"},{"@type":"ListItem","position":2,"name":"Cybers\u00e9curit\u00e9 et conformit\u00e9"}]},{"@type":"WebSite","@id":"https:\/\/infotel-software.com\/fr\/#website","url":"https:\/\/infotel-software.com\/fr\/","name":"Insoft Infotel","description":"Maximize Performance, Optimize Costs","publisher":{"@id":"https:\/\/infotel-software.com\/fr\/#organization"},"potentialAction":[{"@type":"SearchAction","target":{"@type":"EntryPoint","urlTemplate":"https:\/\/infotel-software.com\/fr\/?s={search_term_string}"},"query-input":{"@type":"PropertyValueSpecification","valueRequired":true,"valueName":"search_term_string"}}],"inLanguage":"fr-FR"},{"@type":"Organization","@id":"https:\/\/infotel-software.com\/fr\/#organization","name":"Insoft Infotel","url":"https:\/\/infotel-software.com\/fr\/","logo":{"@type":"ImageObject","inLanguage":"fr-FR","@id":"https:\/\/infotel-software.com\/fr\/#\/schema\/logo\/image\/","url":"https:\/\/infotel-software.com\/wp-content\/uploads\/2024\/06\/logo-insoft-infotel-1.png","contentUrl":"https:\/\/infotel-software.com\/wp-content\/uploads\/2024\/06\/logo-insoft-infotel-1.png","width":1278,"height":358,"caption":"Insoft Infotel"},"image":{"@id":"https:\/\/infotel-software.com\/fr\/#\/schema\/logo\/image\/"}}]}},"_links":{"self":[{"href":"https:\/\/infotel-software.com\/fr\/wp-json\/wp\/v2\/pages\/22737","targetHints":{"allow":["GET"]}}],"collection":[{"href":"https:\/\/infotel-software.com\/fr\/wp-json\/wp\/v2\/pages"}],"about":[{"href":"https:\/\/infotel-software.com\/fr\/wp-json\/wp\/v2\/types\/page"}],"author":[{"embeddable":true,"href":"https:\/\/infotel-software.com\/fr\/wp-json\/wp\/v2\/users\/34"}],"replies":[{"embeddable":true,"href":"https:\/\/infotel-software.com\/fr\/wp-json\/wp\/v2\/comments?post=22737"}],"version-history":[{"count":2,"href":"https:\/\/infotel-software.com\/fr\/wp-json\/wp\/v2\/pages\/22737\/revisions"}],"predecessor-version":[{"id":22741,"href":"https:\/\/infotel-software.com\/fr\/wp-json\/wp\/v2\/pages\/22737\/revisions\/22741"}],"wp:attachment":[{"href":"https:\/\/infotel-software.com\/fr\/wp-json\/wp\/v2\/media?parent=22737"}],"curies":[{"name":"wp","href":"https:\/\/api.w.org\/{rel}","templated":true}]}}