{"id":22958,"date":"2022-06-24T11:34:36","date_gmt":"2022-06-24T09:34:36","guid":{"rendered":"https:\/\/infotel-software.com\/db-iq-package-management\/"},"modified":"2026-02-17T14:31:02","modified_gmt":"2026-02-17T13:31:02","slug":"db-iq-package-management","status":"publish","type":"page","link":"https:\/\/infotel-software.com\/fr\/db-iq-package-management\/","title":{"rendered":"DB\/IQ Package Management"},"content":{"rendered":"<p>[et_pb_section fb_built=\u00a0\u00bb1&Prime; fullwidth=\u00a0\u00bbon\u00a0\u00bb admin_label=\u00a0\u00bbBanni\u00e8re\u00a0\u00bb _builder_version=\u00a0\u00bb4.17.4&Prime; _module_preset=\u00a0\u00bbdefault\u00a0\u00bb da_disable_devices=\u00a0\u00bboff|off|off\u00a0\u00bb locked=\u00a0\u00bboff\u00a0\u00bb collapsed=\u00a0\u00bbon\u00a0\u00bb global_colors_info=\u00a0\u00bb{}\u00a0\u00bb da_is_popup=\u00a0\u00bboff\u00a0\u00bb da_exit_intent=\u00a0\u00bboff\u00a0\u00bb da_has_close=\u00a0\u00bbon\u00a0\u00bb da_alt_close=\u00a0\u00bboff\u00a0\u00bb da_dark_close=\u00a0\u00bboff\u00a0\u00bb da_not_modal=\u00a0\u00bbon\u00a0\u00bb da_is_singular=\u00a0\u00bboff\u00a0\u00bb da_with_loader=\u00a0\u00bboff\u00a0\u00bb da_has_shadow=\u00a0\u00bbon\u00a0\u00bb][et_pb_fullwidth_slider _builder_version=\u00a0\u00bb4.27.0&Prime; _module_preset=\u00a0\u00bbdefault\u00a0\u00bb header_level=\u00a0\u00bbh1&Prime; header_font_size=\u00a0\u00bb60px\u00a0\u00bb background_enable_color=\u00a0\u00bboff\u00a0\u00bb global_colors_info=\u00a0\u00bb{}\u00a0\u00bb][et_pb_slide heading=\u00a0\u00bbDB\/IQ Packman\u00a0\u00bb use_bg_overlay=\u00a0\u00bbon\u00a0\u00bb use_text_overlay=\u00a0\u00bboff\u00a0\u00bb _builder_version=\u00a0\u00bb4.27.0&Prime; _module_preset=\u00a0\u00bbdefault\u00a0\u00bb header_font=\u00a0\u00bbArial|700|||||||\u00a0\u00bb header_font_size=\u00a0\u00bb40px\u00a0\u00bb background_enable_color=\u00a0\u00bboff\u00a0\u00bb use_background_color_gradient=\u00a0\u00bbon\u00a0\u00bb background_color_gradient_type=\u00a0\u00bbcircular\u00a0\u00bb background_color_gradient_stops=\u00a0\u00bb#2ea3f2 30%|#004f91 100%\u00a0\u00bb background_enable_image=\u00a0\u00bboff\u00a0\u00bb header_font_size_tablet=\u00a0\u00bb40px\u00a0\u00bb header_font_size_phone=\u00a0\u00bb24px\u00a0\u00bb header_font_size_last_edited=\u00a0\u00bbon|phone\u00a0\u00bb custom_css_free_form=\u00a0\u00bb.et_pb_bg_layout_dark.et_pb_slider_with_overlay .et_pb_slide_overlay_container, .et_pb_bg_layout_dark.et_pb_slider_with_text_overlay .et_pb_text_overlay_wrapper {||    background-color: rgba(0, 0, 0, 0)!important;||}\u00a0\u00bb global_colors_info=\u00a0\u00bb{}\u00a0\u00bb sticky_transition=\u00a0\u00bbon\u00a0\u00bb][\/et_pb_slide][\/et_pb_fullwidth_slider][\/et_pb_section][et_pb_section fb_built=\u00a0\u00bb1&Prime; fullwidth=\u00a0\u00bbon\u00a0\u00bb admin_label=\u00a0\u00bbBloc texte \/ Image 1&Prime; _builder_version=\u00a0\u00bb4.27.4&Prime; _module_preset=\u00a0\u00bbdefault\u00a0\u00bb da_disable_devices=\u00a0\u00bboff|off|off\u00a0\u00bb locked=\u00a0\u00bboff\u00a0\u00bb collapsed=\u00a0\u00bbon\u00a0\u00bb global_colors_info=\u00a0\u00bb{}\u00a0\u00bb da_is_popup=\u00a0\u00bboff\u00a0\u00bb da_exit_intent=\u00a0\u00bboff\u00a0\u00bb da_has_close=\u00a0\u00bbon\u00a0\u00bb da_alt_close=\u00a0\u00bboff\u00a0\u00bb da_dark_close=\u00a0\u00bboff\u00a0\u00bb da_not_modal=\u00a0\u00bbon\u00a0\u00bb da_is_singular=\u00a0\u00bboff\u00a0\u00bb da_with_loader=\u00a0\u00bboff\u00a0\u00bb da_has_shadow=\u00a0\u00bbon\u00a0\u00bb][et_pb_fullwidth_header title=\u00a0\u00bbDB\/IQ Package Management\u00a0\u00bb text_orientation=\u00a0\u00bbright\u00a0\u00bb button_one_text=\u00a0\u00bbDemander une d\u00e9mo\u00a0\u00bb button_one_url=\u00a0\u00bbhttps:\/\/infotel-software.com\/fr\/demo\/\u00a0\u00bb header_image_url=\u00a0\u00bbhttps:\/\/infotel-software.com\/wp-content\/uploads\/2024\/11\/Page-DBIQ-Packman.png\u00a0\u00bb _builder_version=\u00a0\u00bb4.27.4&Prime; _module_preset=\u00a0\u00bbdefault\u00a0\u00bb title_level=\u00a0\u00bbh3&Prime; title_text_align=\u00a0\u00bbleft\u00a0\u00bb title_text_color=\u00a0\u00bb#2ea3f2&Prime; content_text_color=\u00a0\u00bb#000000&Prime; background_enable_color=\u00a0\u00bboff\u00a0\u00bb custom_button_one=\u00a0\u00bbon\u00a0\u00bb button_one_text_color=\u00a0\u00bb#FFFFFF\u00a0\u00bb button_one_bg_color=\u00a0\u00bb#2ea3f2&Prime; custom_padding_tablet=\u00a0\u00bb\u00a0\u00bb custom_padding_phone=\u00a0\u00bb0px||||false|false\u00a0\u00bb custom_padding_last_edited=\u00a0\u00bbon|phone\u00a0\u00bb link_option_url_new_window=\u00a0\u00bbon\u00a0\u00bb custom_css_free_form=\u00a0\u00bb.et_pb_bg_layout_dark h3 {||    text-align: left;||}||||.et_pb_fullwidth_header .et_pb_fullwidth_header_container .header-content a.et_pb_button {||    background-color:  #2ea3f2 !important;||    color: white !important;||}||||.et_pb_fullwidth_header .et_pb_fullwidth_header_container.right .header-content {||    text-align: left !important;||}\u00a0\u00bb global_colors_info=\u00a0\u00bb{}\u00a0\u00bb]<\/p>\n<div class=\"et_pb_module et_pb_text et_pb_text_2  et_pb_text_align_left et_pb_bg_layout_light\">\n<div class=\"et_pb_text_inner\">\n<p data-start=\"62\" data-end=\"457\">DB\/IQ Package Management (PackMan) est une solution avanc\u00e9e con\u00e7ue pour optimiser et rationaliser la gestion du catalogue Db2. Dans des environnements DevOps o\u00f9 les cycles de d\u00e9ploiement sont de plus en plus rapides, les paquets Db2 s\u2019accumulent au fil des versions et des tests, encombrant le catalogue et impactant les performances des sauvegardes, des r\u00e9organisations et des ex\u00e9cutions SQL.<\/p>\n<p data-start=\"459\" data-end=\"763\">PackMan agit comme un\u00a0<strong data-start=\"481\" data-end=\"526\">gestionnaire intelligent du catalogue Db2<\/strong>, en identifiant et en supprimant les paquets obsol\u00e8tes ou redondants. Il assure une maintenance proactive en r\u00e9organisant les m\u00e9tadonn\u00e9es, garantissant ainsi un acc\u00e8s plus rapide aux donn\u00e9es et une optimisation des ressources syst\u00e8me.<\/p>\n<\/div>\n<\/div>\n<p>[\/et_pb_fullwidth_header][\/et_pb_section][et_pb_section fb_built=\u00a0\u00bb1&Prime; fullwidth=\u00a0\u00bbon\u00a0\u00bb admin_label=\u00a0\u00bbBloc texte \/ Image 2&Prime; _builder_version=\u00a0\u00bb4.27.0&Prime; _module_preset=\u00a0\u00bbdefault\u00a0\u00bb da_disable_devices=\u00a0\u00bboff|off|off\u00a0\u00bb locked=\u00a0\u00bboff\u00a0\u00bb collapsed=\u00a0\u00bbon\u00a0\u00bb global_colors_info=\u00a0\u00bb{}\u00a0\u00bb da_is_popup=\u00a0\u00bboff\u00a0\u00bb da_exit_intent=\u00a0\u00bboff\u00a0\u00bb da_has_close=\u00a0\u00bbon\u00a0\u00bb da_alt_close=\u00a0\u00bboff\u00a0\u00bb da_dark_close=\u00a0\u00bboff\u00a0\u00bb da_not_modal=\u00a0\u00bbon\u00a0\u00bb da_is_singular=\u00a0\u00bboff\u00a0\u00bb da_with_loader=\u00a0\u00bboff\u00a0\u00bb da_has_shadow=\u00a0\u00bbon\u00a0\u00bb][et_pb_fullwidth_header title=\u00a0\u00bbLes fonctionnalit\u00e9s cl\u00e9s de DB\/IQ PackMan :\u00a0\u00bb button_one_text=\u00a0\u00bbDemander une d\u00e9mo\u00a0\u00bb button_one_url=\u00a0\u00bbhttps:\/\/infotel-software.com\/fr\/demo\/\u00a0\u00bb header_image_url=\u00a0\u00bbhttps:\/\/infotel-software.com\/wp-content\/uploads\/2024\/11\/PackMan-Triangle-500-500-420&#215;420-1.png\u00a0\u00bb _builder_version=\u00a0\u00bb4.27.4&Prime; _module_preset=\u00a0\u00bbdefault\u00a0\u00bb title_level=\u00a0\u00bbh3&Prime; title_text_color=\u00a0\u00bb#2ea3f2&Prime; content_text_color=\u00a0\u00bb#000000&Prime; background_enable_color=\u00a0\u00bboff\u00a0\u00bb custom_button_one=\u00a0\u00bbon\u00a0\u00bb button_one_text_color=\u00a0\u00bb#FFFFFF\u00a0\u00bb button_one_bg_color=\u00a0\u00bb#2ea3f2&Prime; link_option_url_new_window=\u00a0\u00bbon\u00a0\u00bb global_colors_info=\u00a0\u00bb{}\u00a0\u00bb]<\/p>\n<ul>\n<li data-start=\"87\" data-end=\"264\"><strong data-start=\"89\" data-end=\"118\">Assainir le catalogue Db2<\/strong>\u00a0en supprimant les paquets inutiles, une \u00e9tape essentielle dans la mise en place d\u2019une gestion efficace des changements en environnement DevOps.<\/li>\n<li data-start=\"87\" data-end=\"264\"><strong data-start=\"268\" data-end=\"300\">Faciliter le travail des DBA<\/strong>\u00a0en leur offrant des outils pour g\u00e9n\u00e9rer des t\u00e2ches rapidement et maintenir un catalogue Db2 structur\u00e9 et performant.<\/li>\n<li data-start=\"87\" data-end=\"264\"><strong data-start=\"423\" data-end=\"457\">Pr\u00e9venir les erreurs -805\/-818<\/strong>\u00a0en d\u00e9tectant les incoh\u00e9rences entre les DBRM, les paquets correspondants et les modules load, garantissant ainsi l\u2019int\u00e9grit\u00e9 des ex\u00e9cutions SQL.<\/li>\n<li data-start=\"606\" data-end=\"733\"><strong data-start=\"608\" data-end=\"652\">S\u00e9curiser les d\u00e9ploiements en production<\/strong>\u00a0en identifiant en amont toute anomalie pouvant compromettre le processus BIND.<\/li>\n<li data-start=\"735\" data-end=\"852\"><strong data-start=\"737\" data-end=\"769\">Optimiser les tables EXPLAIN<\/strong>\u00a0en les maintenant au strict n\u00e9cessaire pour une analyse de performance efficace.<\/li>\n<li data-start=\"854\" data-end=\"949\"><strong data-start=\"856\" data-end=\"885\">R\u00e9duire les temps de BIND<\/strong>, am\u00e9liorant ainsi la r\u00e9activit\u00e9 des d\u00e9ploiements applicatifs.<\/li>\n<li data-start=\"951\" data-end=\"1072\"><strong data-start=\"953\" data-end=\"985\">Restaurer les DBRM manquants<\/strong>\u00a0en recr\u00e9ant des membres ou des biblioth\u00e8ques DBRM \u00e0 partir des paquets du catalogue.<\/li>\n<li data-start=\"1074\" data-end=\"1199\"><strong data-start=\"1076\" data-end=\"1104\">\u00c9viter les BIND inutiles<\/strong>\u00a0en comparant les versions successives des DBRM et en ne lan\u00e7ant l\u2019op\u00e9ration que si n\u00e9cessaire.<\/li>\n<\/ul>\n<p>[\/et_pb_fullwidth_header][\/et_pb_section][et_pb_section fb_built=\u00a0\u00bb1&Prime; fullwidth=\u00a0\u00bbon\u00a0\u00bb admin_label=\u00a0\u00bbBloc texte \/ Image 3&Prime; _builder_version=\u00a0\u00bb4.27.4&Prime; _module_preset=\u00a0\u00bbdefault\u00a0\u00bb da_disable_devices=\u00a0\u00bboff|off|off\u00a0\u00bb locked=\u00a0\u00bboff\u00a0\u00bb collapsed=\u00a0\u00bboff\u00a0\u00bb global_colors_info=\u00a0\u00bb{}\u00a0\u00bb da_is_popup=\u00a0\u00bboff\u00a0\u00bb da_exit_intent=\u00a0\u00bboff\u00a0\u00bb da_has_close=\u00a0\u00bbon\u00a0\u00bb da_alt_close=\u00a0\u00bboff\u00a0\u00bb da_dark_close=\u00a0\u00bboff\u00a0\u00bb da_not_modal=\u00a0\u00bbon\u00a0\u00bb da_is_singular=\u00a0\u00bboff\u00a0\u00bb da_with_loader=\u00a0\u00bboff\u00a0\u00bb da_has_shadow=\u00a0\u00bbon\u00a0\u00bb][et_pb_fullwidth_header title=\u00a0\u00bbQuel probl\u00e8me cela r\u00e9sout ?\u00a0\u00bb text_orientation=\u00a0\u00bbright\u00a0\u00bb button_one_url=\u00a0\u00bbhttps:\/\/infotel-software.com\/fr\/demo\/\u00a0\u00bb header_image_url=\u00a0\u00bbhttps:\/\/infotel-software.com\/wp-content\/uploads\/2025\/03\/Page-X-bref.png\u00a0\u00bb _builder_version=\u00a0\u00bb4.27.4&Prime; _module_preset=\u00a0\u00bbdefault\u00a0\u00bb title_level=\u00a0\u00bbh3&Prime; title_text_align=\u00a0\u00bbleft\u00a0\u00bb title_text_color=\u00a0\u00bb#2ea3f2&Prime; content_text_color=\u00a0\u00bb#000000&Prime; background_enable_color=\u00a0\u00bboff\u00a0\u00bb custom_button_one=\u00a0\u00bbon\u00a0\u00bb button_one_text_color=\u00a0\u00bb#FFFFFF\u00a0\u00bb button_one_bg_color=\u00a0\u00bb#2ea3f2&Prime; custom_padding_tablet=\u00a0\u00bb\u00a0\u00bb custom_padding_phone=\u00a0\u00bb0px||||false|false\u00a0\u00bb custom_padding_last_edited=\u00a0\u00bbon|phone\u00a0\u00bb link_option_url_new_window=\u00a0\u00bbon\u00a0\u00bb hover_enabled=\u00a0\u00bb0&Prime; custom_css_free_form=\u00a0\u00bb.et_pb_bg_layout_dark h3 {||    text-align: left;||}||||.et_pb_fullwidth_header .et_pb_fullwidth_header_container .header-content a.et_pb_button {||    background-color:  #2ea3f2 !important;||    color: white !important;||}||||.et_pb_fullwidth_header .et_pb_fullwidth_header_container.right .header-content {||    text-align: left !important;||}\u00a0\u00bb global_colors_info=\u00a0\u00bb{}\u00a0\u00bb sticky_enabled=\u00a0\u00bb0&Prime;]<\/p>\n<div class=\"et_pb_module et_pb_text et_pb_text_2  et_pb_text_align_left et_pb_bg_layout_light\">\n<div class=\"et_pb_text_inner\">\n<p>\u00c0 chaque compilation, un programmeur g\u00e9n\u00e8re un <strong>PACKAGE<\/strong> Db2 ainsi qu\u2019une <strong>entr\u00e9e dans le catalogue<\/strong> pour chaque instruction SQL. Avec le temps, si ces packages ne sont pas r\u00e9guli\u00e8rement nettoy\u00e9s, la taille du <strong>catalogue Db2<\/strong> augmente fortement.<\/p>\n<p>R\u00e9sultat : les op\u00e9rations d\u2019administration deviennent plus co\u00fbteuses et plus lentes. Le syst\u00e8me met davantage de temps \u00e0 :<\/p>\n<ul>\n<li>effectuer les <strong>sauvegardes<\/strong>,<\/li>\n<li>ex\u00e9cuter les <strong>REORG<\/strong>,<\/li>\n<li>et, plus globalement, certaines t\u00e2ches peuvent \u00eatre ralenties.<\/li>\n<\/ul>\n<p>Ne pas nettoyer les packages a un co\u00fbt :<\/p>\n<ul>\n<li><strong>stockage<\/strong>,<\/li>\n<li><strong>CPU et I\/O disque<\/strong> pour la maintenance du catalogue Db2 (backup, reorg),<\/li>\n<li><strong>ralentissement des op\u00e9rations de BIND<\/strong>.<\/li>\n<\/ul>\n<p><strong>La r\u00e9ponse : DB\/IQ PM \u2013 PackMan<\/strong><\/p>\n<p>Les utilitaires <strong>PM (PackMan)<\/strong> vous aident \u00e0 utiliser vos ressources de fa\u00e7on plus \u00e9conomique en <strong>identifiant<\/strong> puis en <strong>supprimant de mani\u00e8re s\u00e9curis\u00e9e<\/strong> :<\/p>\n<ul>\n<li>les <strong>PACKAGES inutiles<\/strong>,<\/li>\n<li>les <strong>donn\u00e9es inutiles<\/strong> dans les <strong>tables EXPLAIN<\/strong>.<\/li>\n<\/ul>\n<p>DB\/IQ PM permet donc de nettoyer le catalogue Db2 et de purger les donn\u00e9es EXPLAIN superflues de mani\u00e8re <strong>efficace et s\u00e9curis\u00e9e<\/strong>.<\/p>\n<p><strong>Point cl\u00e9 :<\/strong> ces t\u00e2ches ne peuvent pas \u00eatre r\u00e9alis\u00e9es correctement \u00e0 la main, ni avec un outil simple : la <strong>complexit\u00e9 et les d\u00e9pendances des packages<\/strong> rendent le nettoyage fiable beaucoup trop risqu\u00e9 sans une solution d\u00e9di\u00e9e.<\/p>\n<\/div>\n<\/div>\n<p>[\/et_pb_fullwidth_header][\/et_pb_section]<\/p>\n","protected":false},"excerpt":{"rendered":"<p>DB\/IQ Package Management (PackMan) est une solution avanc\u00e9e con\u00e7ue pour optimiser et rationaliser la gestion du catalogue Db2. Dans des environnements DevOps o\u00f9 les cycles de d\u00e9ploiement sont de plus en plus rapides, les paquets Db2 s\u2019accumulent au fil des versions et des tests, encombrant le catalogue et impactant les performances des sauvegardes, des r\u00e9organisations [&hellip;]<\/p>\n","protected":false},"author":34,"featured_media":0,"parent":0,"menu_order":0,"comment_status":"closed","ping_status":"closed","template":"","meta":{"_et_pb_use_builder":"on","_et_pb_old_content":"<!-- wp:image {\"id\":11221,\"sizeSlug\":\"full\",\"linkDestination\":\"none\"} -->\r\n<figure class=\"wp-block-image size-full\"><img src=\"https:\/\/infotel-software.com\/wp-content\/uploads\/2022\/06\/PackMan-Triangle-500-500-420x420-1.png\" alt=\"\" class=\"wp-image-11221\"\/><\/figure>\r\n<!-- \/wp:image -->\r\n\r\n<!-- wp:heading -->\r\n<h2>Deep Clean Your Db2 Catalog to Improve Backups and REORGs<\/h2>\r\n<!-- \/wp:heading -->\r\n\r\n<!-- wp:paragraph -->\r\n<p>In today\u2019s high-paced mobile landscape where customers expect non-stop availability of applications, DevOps initiatives put pressure on development teams to roll out high-quality software with fast turnarounds and more frequent release cycles. In the sprint to build, test and deploy to tight deadlines and with countless changes being processed by the minute, overwhelmed teams don\u2019t have the bandwidth to consider the enormous build-up of packages inundating the Db2 Catalog \u2013 until that is, the clutter of unlinked modules delays subsystem services such as backups and REORGs.<\/p>\r\n<!-- \/wp:paragraph -->\r\n\r\n<!-- wp:paragraph -->\r\n<p>DB\/IQ Package Management (PackMan) helps manage the DevOps chaos by identifying redundant packages, removing them and reorganizing the Db2 Catalog. The result is a cleaner Db2 Catalog that is streamlined for more reliable application performance.<\/p>\r\n<!-- \/wp:paragraph -->\r\n\r\n<!-- wp:image {\"id\":11222,\"sizeSlug\":\"full\",\"linkDestination\":\"none\"} -->\r\n<figure class=\"wp-block-image size-full\"><img src=\"https:\/\/infotel-software.com\/wp-content\/uploads\/2022\/06\/einstein-infotel-420x420-1.png\" alt=\"\" class=\"wp-image-11222\"\/><\/figure>\r\n<!-- \/wp:image -->\r\n\r\n<!-- wp:heading -->\r\n<h2>With DB\/IQ PackMan, you can:<\/h2>\r\n<!-- \/wp:heading -->\r\n\r\n<!-- wp:list -->\r\n<ul><li>Clean up the Db2 Catalog by discarding non-required packages. An absolute must, when implementing Change Management Systems within the DevOps method<\/li><li>Prompt DBAs to easily build jobs and keep a clean and efficient Db2 Catalog<\/li><li>Avoid all potential -805\/-818 problems by determining inconsistencies between DBRMs, associated packages and load modules<\/li><li>Make migration to production systems secure by determining any inconsistencies, before the BIND process takes place<\/li><li>Maintain EXPLAIN tables down to the required minimum.<\/li><li>Improve BIND times<\/li><li>Recreate DBRM members or libraries from Catalog packages<\/li><li>Prevent unnecessary BIND by comparing a new DBRM with its predecessor version.<\/li><\/ul>\r\n<!-- \/wp:list -->\r\n\r\n<!-- wp:spacer {\"height\":\"10px\"} -->\r\n<div style=\"height:10px\" aria-hidden=\"true\" class=\"wp-block-spacer\"><\/div>\r\n<!-- \/wp:spacer -->","_et_gb_content_width":"1080","footnotes":""},"class_list":["post-22958","page","type-page","status-publish","hentry"],"yoast_head":"<!-- This site is optimized with the Yoast SEO plugin v27.1.1 - https:\/\/yoast.com\/product\/yoast-seo-wordpress\/ -->\n<title>Insoft Infotel | Experts in mainframe performance and optimization<\/title>\n<meta name=\"description\" content=\"Insoft Infotel helps customers thrive in the digital age with smart software solutions that optimize and improve z\/OS usage and costs.\" \/>\n<meta name=\"robots\" content=\"index, follow, max-snippet:-1, max-image-preview:large, max-video-preview:-1\" \/>\n<link rel=\"canonical\" href=\"https:\/\/infotel-software.com\/fr\/db-iq-package-management\/\" \/>\n<meta property=\"og:locale\" content=\"fr_FR\" \/>\n<meta property=\"og:type\" content=\"article\" \/>\n<meta property=\"og:title\" content=\"Insoft Infotel | Experts in mainframe performance and optimization\" \/>\n<meta property=\"og:description\" content=\"Insoft Infotel helps customers thrive in the digital age with smart software solutions that optimize and improve z\/OS usage and costs.\" \/>\n<meta property=\"og:url\" content=\"https:\/\/infotel-software.com\/fr\/db-iq-package-management\/\" \/>\n<meta property=\"og:site_name\" content=\"Infotel Software\" \/>\n<meta property=\"article:modified_time\" content=\"2026-02-17T13:31:02+00:00\" \/>\n<meta name=\"twitter:card\" content=\"summary_large_image\" \/>\n<meta name=\"twitter:label1\" content=\"Dur\u00e9e de lecture estim\u00e9e\" \/>\n\t<meta name=\"twitter:data1\" content=\"3 minutes\" \/>\n<script type=\"application\/ld+json\" class=\"yoast-schema-graph\">{\"@context\":\"https:\/\/schema.org\",\"@graph\":[{\"@type\":\"WebPage\",\"@id\":\"https:\/\/infotel-software.com\/fr\/db-iq-package-management\/\",\"url\":\"https:\/\/infotel-software.com\/fr\/db-iq-package-management\/\",\"name\":\"Insoft Infotel | Experts in mainframe performance and optimization\",\"isPartOf\":{\"@id\":\"https:\/\/infotel-software.com\/fr\/#website\"},\"datePublished\":\"2022-06-24T09:34:36+00:00\",\"dateModified\":\"2026-02-17T13:31:02+00:00\",\"description\":\"Insoft Infotel helps customers thrive in the digital age with smart software solutions that optimize and improve z\/OS usage and costs.\",\"breadcrumb\":{\"@id\":\"https:\/\/infotel-software.com\/fr\/db-iq-package-management\/#breadcrumb\"},\"inLanguage\":\"fr-FR\",\"potentialAction\":[{\"@type\":\"ReadAction\",\"target\":[\"https:\/\/infotel-software.com\/fr\/db-iq-package-management\/\"]}]},{\"@type\":\"BreadcrumbList\",\"@id\":\"https:\/\/infotel-software.com\/fr\/db-iq-package-management\/#breadcrumb\",\"itemListElement\":[{\"@type\":\"ListItem\",\"position\":1,\"name\":\"Home\",\"item\":\"https:\/\/infotel-software.com\/fr\/\"},{\"@type\":\"ListItem\",\"position\":2,\"name\":\"DB\/IQ Package Management\"}]},{\"@type\":\"WebSite\",\"@id\":\"https:\/\/infotel-software.com\/fr\/#website\",\"url\":\"https:\/\/infotel-software.com\/fr\/\",\"name\":\"Insoft Infotel\",\"description\":\"Maximize Performance, Optimize Costs\",\"publisher\":{\"@id\":\"https:\/\/infotel-software.com\/fr\/#organization\"},\"potentialAction\":[{\"@type\":\"SearchAction\",\"target\":{\"@type\":\"EntryPoint\",\"urlTemplate\":\"https:\/\/infotel-software.com\/fr\/?s={search_term_string}\"},\"query-input\":{\"@type\":\"PropertyValueSpecification\",\"valueRequired\":true,\"valueName\":\"search_term_string\"}}],\"inLanguage\":\"fr-FR\"},{\"@type\":\"Organization\",\"@id\":\"https:\/\/infotel-software.com\/fr\/#organization\",\"name\":\"Insoft Infotel\",\"url\":\"https:\/\/infotel-software.com\/fr\/\",\"logo\":{\"@type\":\"ImageObject\",\"inLanguage\":\"fr-FR\",\"@id\":\"https:\/\/infotel-software.com\/fr\/#\/schema\/logo\/image\/\",\"url\":\"https:\/\/infotel-software.com\/wp-content\/uploads\/2024\/06\/logo-insoft-infotel-1.png\",\"contentUrl\":\"https:\/\/infotel-software.com\/wp-content\/uploads\/2024\/06\/logo-insoft-infotel-1.png\",\"width\":1278,\"height\":358,\"caption\":\"Insoft Infotel\"},\"image\":{\"@id\":\"https:\/\/infotel-software.com\/fr\/#\/schema\/logo\/image\/\"}}]}<\/script>\n<!-- \/ Yoast SEO plugin. -->","yoast_head_json":{"title":"Insoft Infotel | Experts in mainframe performance and optimization","description":"Insoft Infotel helps customers thrive in the digital age with smart software solutions that optimize and improve z\/OS usage and costs.","robots":{"index":"index","follow":"follow","max-snippet":"max-snippet:-1","max-image-preview":"max-image-preview:large","max-video-preview":"max-video-preview:-1"},"canonical":"https:\/\/infotel-software.com\/fr\/db-iq-package-management\/","og_locale":"fr_FR","og_type":"article","og_title":"Insoft Infotel | Experts in mainframe performance and optimization","og_description":"Insoft Infotel helps customers thrive in the digital age with smart software solutions that optimize and improve z\/OS usage and costs.","og_url":"https:\/\/infotel-software.com\/fr\/db-iq-package-management\/","og_site_name":"Infotel Software","article_modified_time":"2026-02-17T13:31:02+00:00","twitter_card":"summary_large_image","twitter_misc":{"Dur\u00e9e de lecture estim\u00e9e":"3 minutes"},"schema":{"@context":"https:\/\/schema.org","@graph":[{"@type":"WebPage","@id":"https:\/\/infotel-software.com\/fr\/db-iq-package-management\/","url":"https:\/\/infotel-software.com\/fr\/db-iq-package-management\/","name":"Insoft Infotel | Experts in mainframe performance and optimization","isPartOf":{"@id":"https:\/\/infotel-software.com\/fr\/#website"},"datePublished":"2022-06-24T09:34:36+00:00","dateModified":"2026-02-17T13:31:02+00:00","description":"Insoft Infotel helps customers thrive in the digital age with smart software solutions that optimize and improve z\/OS usage and costs.","breadcrumb":{"@id":"https:\/\/infotel-software.com\/fr\/db-iq-package-management\/#breadcrumb"},"inLanguage":"fr-FR","potentialAction":[{"@type":"ReadAction","target":["https:\/\/infotel-software.com\/fr\/db-iq-package-management\/"]}]},{"@type":"BreadcrumbList","@id":"https:\/\/infotel-software.com\/fr\/db-iq-package-management\/#breadcrumb","itemListElement":[{"@type":"ListItem","position":1,"name":"Home","item":"https:\/\/infotel-software.com\/fr\/"},{"@type":"ListItem","position":2,"name":"DB\/IQ Package Management"}]},{"@type":"WebSite","@id":"https:\/\/infotel-software.com\/fr\/#website","url":"https:\/\/infotel-software.com\/fr\/","name":"Insoft Infotel","description":"Maximize Performance, Optimize Costs","publisher":{"@id":"https:\/\/infotel-software.com\/fr\/#organization"},"potentialAction":[{"@type":"SearchAction","target":{"@type":"EntryPoint","urlTemplate":"https:\/\/infotel-software.com\/fr\/?s={search_term_string}"},"query-input":{"@type":"PropertyValueSpecification","valueRequired":true,"valueName":"search_term_string"}}],"inLanguage":"fr-FR"},{"@type":"Organization","@id":"https:\/\/infotel-software.com\/fr\/#organization","name":"Insoft Infotel","url":"https:\/\/infotel-software.com\/fr\/","logo":{"@type":"ImageObject","inLanguage":"fr-FR","@id":"https:\/\/infotel-software.com\/fr\/#\/schema\/logo\/image\/","url":"https:\/\/infotel-software.com\/wp-content\/uploads\/2024\/06\/logo-insoft-infotel-1.png","contentUrl":"https:\/\/infotel-software.com\/wp-content\/uploads\/2024\/06\/logo-insoft-infotel-1.png","width":1278,"height":358,"caption":"Insoft Infotel"},"image":{"@id":"https:\/\/infotel-software.com\/fr\/#\/schema\/logo\/image\/"}}]}},"_links":{"self":[{"href":"https:\/\/infotel-software.com\/fr\/wp-json\/wp\/v2\/pages\/22958","targetHints":{"allow":["GET"]}}],"collection":[{"href":"https:\/\/infotel-software.com\/fr\/wp-json\/wp\/v2\/pages"}],"about":[{"href":"https:\/\/infotel-software.com\/fr\/wp-json\/wp\/v2\/types\/page"}],"author":[{"embeddable":true,"href":"https:\/\/infotel-software.com\/fr\/wp-json\/wp\/v2\/users\/34"}],"replies":[{"embeddable":true,"href":"https:\/\/infotel-software.com\/fr\/wp-json\/wp\/v2\/comments?post=22958"}],"version-history":[{"count":4,"href":"https:\/\/infotel-software.com\/fr\/wp-json\/wp\/v2\/pages\/22958\/revisions"}],"predecessor-version":[{"id":26488,"href":"https:\/\/infotel-software.com\/fr\/wp-json\/wp\/v2\/pages\/22958\/revisions\/26488"}],"wp:attachment":[{"href":"https:\/\/infotel-software.com\/fr\/wp-json\/wp\/v2\/media?parent=22958"}],"curies":[{"name":"wp","href":"https:\/\/api.w.org\/{rel}","templated":true}]}}