{"id":23261,"date":"2025-04-24T17:13:13","date_gmt":"2025-04-24T15:13:13","guid":{"rendered":"https:\/\/infotel-software.com\/aipg\/"},"modified":"2025-09-18T15:47:49","modified_gmt":"2025-09-18T13:47:49","slug":"aipg","status":"publish","type":"page","link":"https:\/\/infotel-software.com\/fr\/aipg\/","title":{"rendered":"AIPG \u2013 D\u00e9chargement avanc\u00e9 d&rsquo;informations pour PostgreSQL"},"content":{"rendered":"<p>[et_pb_section fb_built=\u00a0\u00bb1&Prime; fullwidth=\u00a0\u00bbon\u00a0\u00bb admin_label=\u00a0\u00bbBanni\u00e8re\u00a0\u00bb _builder_version=\u00a0\u00bb4.17.4&Prime; _module_preset=\u00a0\u00bbdefault\u00a0\u00bb da_disable_devices=\u00a0\u00bboff|off|off\u00a0\u00bb locked=\u00a0\u00bboff\u00a0\u00bb collapsed=\u00a0\u00bboff\u00a0\u00bb global_colors_info=\u00a0\u00bb{}\u00a0\u00bb da_is_popup=\u00a0\u00bboff\u00a0\u00bb da_exit_intent=\u00a0\u00bboff\u00a0\u00bb da_has_close=\u00a0\u00bbon\u00a0\u00bb da_alt_close=\u00a0\u00bboff\u00a0\u00bb da_dark_close=\u00a0\u00bboff\u00a0\u00bb da_not_modal=\u00a0\u00bbon\u00a0\u00bb da_is_singular=\u00a0\u00bboff\u00a0\u00bb da_with_loader=\u00a0\u00bboff\u00a0\u00bb da_has_shadow=\u00a0\u00bbon\u00a0\u00bb][et_pb_fullwidth_slider _builder_version=\u00a0\u00bb4.27.4&Prime; _module_preset=\u00a0\u00bbdefault\u00a0\u00bb header_level=\u00a0\u00bbh1&Prime; header_font_size=\u00a0\u00bb60px\u00a0\u00bb background_enable_color=\u00a0\u00bboff\u00a0\u00bb global_colors_info=\u00a0\u00bb{}\u00a0\u00bb][et_pb_slide heading=\u00a0\u00bbAIPG\u00a0\u00bb use_bg_overlay=\u00a0\u00bbon\u00a0\u00bb use_text_overlay=\u00a0\u00bboff\u00a0\u00bb _builder_version=\u00a0\u00bb4.27.4&Prime; _module_preset=\u00a0\u00bbdefault\u00a0\u00bb header_font=\u00a0\u00bbArial|700|||||||\u00a0\u00bb header_font_size=\u00a0\u00bb40px\u00a0\u00bb background_enable_color=\u00a0\u00bboff\u00a0\u00bb use_background_color_gradient=\u00a0\u00bbon\u00a0\u00bb background_color_gradient_type=\u00a0\u00bbcircular\u00a0\u00bb background_color_gradient_stops=\u00a0\u00bb#2ea3f2 30%|#004f91 100%\u00a0\u00bb background_enable_image=\u00a0\u00bboff\u00a0\u00bb header_font_size_tablet=\u00a0\u00bb40px\u00a0\u00bb header_font_size_phone=\u00a0\u00bb24px\u00a0\u00bb header_font_size_last_edited=\u00a0\u00bbon|phone\u00a0\u00bb custom_css_free_form=\u00a0\u00bb.et_pb_bg_layout_dark.et_pb_slider_with_overlay .et_pb_slide_overlay_container, .et_pb_bg_layout_dark.et_pb_slider_with_text_overlay .et_pb_text_overlay_wrapper {||    background-color: rgba(0, 0, 0, 0)!important;||}\u00a0\u00bb global_colors_info=\u00a0\u00bb{}\u00a0\u00bb sticky_transition=\u00a0\u00bbon\u00a0\u00bb][\/et_pb_slide][\/et_pb_fullwidth_slider][\/et_pb_section][et_pb_section fb_built=\u00a0\u00bb1&Prime; fullwidth=\u00a0\u00bbon\u00a0\u00bb admin_label=\u00a0\u00bbBloc texte \/ Image 1&Prime; _builder_version=\u00a0\u00bb4.27.0&Prime; _module_preset=\u00a0\u00bbdefault\u00a0\u00bb da_disable_devices=\u00a0\u00bboff|off|off\u00a0\u00bb locked=\u00a0\u00bboff\u00a0\u00bb collapsed=\u00a0\u00bboff\u00a0\u00bb global_colors_info=\u00a0\u00bb{}\u00a0\u00bb da_is_popup=\u00a0\u00bboff\u00a0\u00bb da_exit_intent=\u00a0\u00bboff\u00a0\u00bb da_has_close=\u00a0\u00bbon\u00a0\u00bb da_alt_close=\u00a0\u00bboff\u00a0\u00bb da_dark_close=\u00a0\u00bboff\u00a0\u00bb da_not_modal=\u00a0\u00bbon\u00a0\u00bb da_is_singular=\u00a0\u00bboff\u00a0\u00bb da_with_loader=\u00a0\u00bboff\u00a0\u00bb da_has_shadow=\u00a0\u00bbon\u00a0\u00bb][et_pb_fullwidth_header title=\u00a0\u00bbUtilitaires haute performance pour PostgreSQL\u00a0\u00bb text_orientation=\u00a0\u00bbright\u00a0\u00bb button_one_text=\u00a0\u00bbT\u00e9l\u00e9charger maintenant\u00a0\u00bb button_one_url=\u00a0\u00bbhttps:\/\/infotel-software.com\/fr\/telecharger-aipg\/\u00a0\u00bb header_image_url=\u00a0\u00bbhttps:\/\/infotel-software.com\/wp-content\/uploads\/2024\/11\/AIPG-for-postgreSQL.png\u00a0\u00bb _builder_version=\u00a0\u00bb4.27.4&Prime; _module_preset=\u00a0\u00bbdefault\u00a0\u00bb title_level=\u00a0\u00bbh3&Prime; title_text_align=\u00a0\u00bbleft\u00a0\u00bb title_text_color=\u00a0\u00bb#2ea3f2&Prime; content_text_color=\u00a0\u00bb#000000&Prime; background_enable_color=\u00a0\u00bboff\u00a0\u00bb custom_button_one=\u00a0\u00bbon\u00a0\u00bb button_one_text_color=\u00a0\u00bb#FFFFFF\u00a0\u00bb button_one_bg_color=\u00a0\u00bb#2ea3f2&Prime; custom_padding_tablet=\u00a0\u00bb\u00a0\u00bb custom_padding_phone=\u00a0\u00bb0px||||false|false\u00a0\u00bb custom_padding_last_edited=\u00a0\u00bbon|phone\u00a0\u00bb link_option_url_new_window=\u00a0\u00bbon\u00a0\u00bb hover_enabled=\u00a0\u00bb0&Prime; custom_css_free_form=\u00a0\u00bb.et_pb_bg_layout_dark h3 {||    text-align: left;||}||||.et_pb_fullwidth_header .et_pb_fullwidth_header_container .header-content a.et_pb_button {||    background-color:  #2ea3f2 !important;||    color: white !important;||}||||.et_pb_fullwidth_header .et_pb_fullwidth_header_container.right .header-content {||    text-align: left !important;||}\u00a0\u00bb global_colors_info=\u00a0\u00bb{}\u00a0\u00bb sticky_enabled=\u00a0\u00bb0&Prime;]<\/p>\n<div class=\"et_pb_module et_pb_text et_pb_text_2 et_pb_text_align_left et_pb_bg_layout_light\">\n<div class=\"et_pb_text_inner\">\n<p><b>Advanced InfoUnload for PostgreSQL (AIPG)<\/b> est un utilitaire complet et hautement performant permettant de d\u00e9charger des donn\u00e9es PostgreSQL.<\/p>\n<p>Il vous permet de transf\u00e9rer vos donn\u00e9es depuis PostgreSQL vers n&rsquo;importe quel r\u00e9f\u00e9rentiel de donn\u00e9es de mani\u00e8re rapide, simple et intelligente.<\/p>\n<\/div>\n<\/div>\n<p>[\/et_pb_fullwidth_header][\/et_pb_section][et_pb_section fb_built=\u00a0\u00bb1&Prime; fullwidth=\u00a0\u00bbon\u00a0\u00bb admin_label=\u00a0\u00bbBloc texte \/ Image 2&Prime; _builder_version=\u00a0\u00bb4.27.0&Prime; _module_preset=\u00a0\u00bbdefault\u00a0\u00bb da_disable_devices=\u00a0\u00bboff|off|off\u00a0\u00bb locked=\u00a0\u00bboff\u00a0\u00bb collapsed=\u00a0\u00bboff\u00a0\u00bb global_colors_info=\u00a0\u00bb{}\u00a0\u00bb da_is_popup=\u00a0\u00bboff\u00a0\u00bb da_exit_intent=\u00a0\u00bboff\u00a0\u00bb da_has_close=\u00a0\u00bbon\u00a0\u00bb da_alt_close=\u00a0\u00bboff\u00a0\u00bb da_dark_close=\u00a0\u00bboff\u00a0\u00bb da_not_modal=\u00a0\u00bbon\u00a0\u00bb da_is_singular=\u00a0\u00bboff\u00a0\u00bb da_with_loader=\u00a0\u00bboff\u00a0\u00bb da_has_shadow=\u00a0\u00bbon\u00a0\u00bb][et_pb_fullwidth_header title=\u00a0\u00bbQu&rsquo;est-ce que AIPG ?\u00a0\u00bb button_one_url=\u00a0\u00bbhttps:\/\/infotel-software.com\/fr\/demo\/\u00a0\u00bb header_image_url=\u00a0\u00bbhttps:\/\/infotel-software.com\/wp-content\/uploads\/2025\/01\/Page-InfoUnload-2.png\u00a0\u00bb _builder_version=\u00a0\u00bb4.27.4&Prime; _module_preset=\u00a0\u00bbdefault\u00a0\u00bb title_level=\u00a0\u00bbh3&Prime; title_text_color=\u00a0\u00bb#2ea3f2&Prime; content_text_color=\u00a0\u00bb#000000&Prime; background_enable_color=\u00a0\u00bboff\u00a0\u00bb custom_button_one=\u00a0\u00bbon\u00a0\u00bb button_one_text_color=\u00a0\u00bb#FFFFFF\u00a0\u00bb button_one_bg_color=\u00a0\u00bb#2ea3f2&Prime; link_option_url_new_window=\u00a0\u00bbon\u00a0\u00bb global_colors_info=\u00a0\u00bb{}\u00a0\u00bb]<\/p>\n<p>Advanced InfoUnload for PostgreSQL est un programme utilitaire autonome qui permet d&rsquo;exporter en masse des donn\u00e9es de bases de donn\u00e9es PostgreSQL.<\/p>\n<ul>\n<li><b>D\u00e9chargez les donn\u00e9es PostgreSQL<\/b> vers des fichiers plats, des p\u00e9riph\u00e9riques de bande ou des tubes nomm\u00e9s.<\/li>\n<li><b>Cr\u00e9ez des fichiers pour plusieurs cibles<\/b>, m\u00eame si les fichiers cibles n\u00e9cessitent des formats d&rsquo;importation ou de chargement diff\u00e9rents. InfoUnload PostgreSQL prend en charge plusieurs formats pour les fichiers de sortie (XML, JSON, d\u00e9limit\u00e9, non d\u00e9limit\u00e9).<\/li>\n<li><b>Effectuez une migration compl\u00e8te<\/b> du syst\u00e8me d&rsquo;une instance PostgreSQL \u00e0 une autre.<\/li>\n<li><b>\u00c9liminez le besoin d&rsquo;applications sp\u00e9cifiques de conversion de donn\u00e9es<\/b>. La fonction de colonne InfoUnload PostgreSQL prend en charge la conversion vers un large \u00e9ventail de types de donn\u00e9es avec l&rsquo;instruction SELECT.<\/li>\n<li><b>Utilisez une syntaxe SELECT puissante<\/b>, facile \u00e0 utiliser et famili\u00e8re pour sp\u00e9cifier les colonnes et les lignes \u00e0 d\u00e9charger.<\/li>\n<li><b>D\u00e9chargez un \u00e9chantillon de ligne PostgreSQL<\/b> avec les mots-cl\u00e9s MAXROWS, SKIP et INTERVAL. Cette fonctionnalit\u00e9 peut \u00eatre utilis\u00e9e pour v\u00e9rifier rapidement la syntaxe dans un fichier de contr\u00f4le.<\/li>\n<\/ul>\n<p>De plus, <strong>InfoUnload PostgreSQL<\/strong> offre un traitement parall\u00e8le pour optimiser les performances. Il g\u00e9n\u00e8re des r\u00e9sum\u00e9s d\u00e9taill\u00e9s des op\u00e9rations de d\u00e9chargement, y compris les statistiques de processus, les r\u00e9sultats et les messages d&rsquo;erreur.<\/p>\n<p>[\/et_pb_fullwidth_header][\/et_pb_section][et_pb_section fb_built=\u00a0\u00bb1&Prime; fullwidth=\u00a0\u00bbon\u00a0\u00bb admin_label=\u00a0\u00bbBloc texte \/ Image 3&Prime; _builder_version=\u00a0\u00bb4.27.0&Prime; _module_preset=\u00a0\u00bbdefault\u00a0\u00bb da_disable_devices=\u00a0\u00bboff|off|off\u00a0\u00bb locked=\u00a0\u00bboff\u00a0\u00bb collapsed=\u00a0\u00bboff\u00a0\u00bb global_colors_info=\u00a0\u00bb{}\u00a0\u00bb da_is_popup=\u00a0\u00bboff\u00a0\u00bb da_exit_intent=\u00a0\u00bboff\u00a0\u00bb da_has_close=\u00a0\u00bbon\u00a0\u00bb da_alt_close=\u00a0\u00bboff\u00a0\u00bb da_dark_close=\u00a0\u00bboff\u00a0\u00bb da_not_modal=\u00a0\u00bbon\u00a0\u00bb da_is_singular=\u00a0\u00bboff\u00a0\u00bb da_with_loader=\u00a0\u00bboff\u00a0\u00bb da_has_shadow=\u00a0\u00bbon\u00a0\u00bb][et_pb_fullwidth_header title=\u00a0\u00bbPourquoi un utilitaire de d\u00e9chargement ?\u00a0\u00bb text_orientation=\u00a0\u00bbright\u00a0\u00bb button_one_text=\u00a0\u00bbT\u00e9l\u00e9charger maintenant\u00a0\u00bb button_one_url=\u00a0\u00bbhttps:\/\/infotel-software.com\/fr\/telecharger-aipg\/\u00a0\u00bb header_image_url=\u00a0\u00bbhttps:\/\/infotel-software.com\/wp-content\/uploads\/2025\/04\/export-data-768&#215;449-1.png\u00a0\u00bb _builder_version=\u00a0\u00bb4.27.4&Prime; _module_preset=\u00a0\u00bbdefault\u00a0\u00bb title_level=\u00a0\u00bbh3&Prime; title_text_align=\u00a0\u00bbleft\u00a0\u00bb title_text_color=\u00a0\u00bb#2ea3f2&Prime; content_text_color=\u00a0\u00bb#000000&Prime; background_enable_color=\u00a0\u00bboff\u00a0\u00bb custom_button_one=\u00a0\u00bbon\u00a0\u00bb button_one_text_color=\u00a0\u00bb#FFFFFF\u00a0\u00bb button_one_bg_color=\u00a0\u00bb#2ea3f2&Prime; custom_padding_tablet=\u00a0\u00bb\u00a0\u00bb custom_padding_phone=\u00a0\u00bb0px||||false|false\u00a0\u00bb custom_padding_last_edited=\u00a0\u00bbon|phone\u00a0\u00bb link_option_url_new_window=\u00a0\u00bbon\u00a0\u00bb hover_enabled=\u00a0\u00bb0&Prime; custom_css_free_form=\u00a0\u00bb.et_pb_bg_layout_dark h3 {||    text-align: left;||}||||.et_pb_fullwidth_header .et_pb_fullwidth_header_container .header-content a.et_pb_button {||    background-color:  #2ea3f2 !important;||    color: white !important;||}||||.et_pb_fullwidth_header .et_pb_fullwidth_header_container.right .header-content {||    text-align: left !important;||}\u00a0\u00bb global_colors_info=\u00a0\u00bb{}\u00a0\u00bb sticky_enabled=\u00a0\u00bb0&Prime;]<\/p>\n<table style=\"border-collapse: collapse; width: 100%; height: 184px;\" border=\"1\">\n<tbody>\n<tr style=\"height: 23px;\">\n<td style=\"width: 55.8429%; height: 23px;\"><strong>Fonctionnalit\u00e9s<\/strong><\/td>\n<td style=\"width: 23.4673%; height: 23px;\"><strong>pg_dump<\/strong><\/td>\n<td style=\"width: 20.6897%; height: 23px;\"><strong>AIPG<\/strong><\/td>\n<\/tr>\n<tr style=\"height: 23px;\">\n<td style=\"width: 55.8429%; height: 23px;\">D\u00e9chargement complet de la base de donn\u00e9es<\/td>\n<td style=\"width: 23.4673%; height: 23px;\">\u2705<\/td>\n<td style=\"width: 20.6897%; height: 23px;\">\u2705<\/td>\n<\/tr>\n<tr style=\"height: 23px;\">\n<td style=\"width: 55.8429%; height: 23px;\">D\u00e9chargement de la table<\/td>\n<td style=\"width: 23.4673%; height: 23px;\">\u2705<\/td>\n<td style=\"width: 20.6897%; height: 23px;\">\u2705<\/td>\n<\/tr>\n<tr style=\"height: 23px;\">\n<td style=\"width: 55.8429%; height: 23px;\">D\u00e9chargement bas\u00e9 sur une requ\u00eate SQL<\/td>\n<td style=\"width: 23.4673%; height: 23px;\">\u274c<\/td>\n<td style=\"width: 20.6897%; height: 23px;\">\u2705<\/td>\n<\/tr>\n<tr>\n<td style=\"width: 55.8429%;\">Transfert vers un serveur distant<\/td>\n<td style=\"width: 23.4673%;\">\u274c<\/td>\n<td style=\"width: 20.6897%; height: 23px;\">\u2705<\/td>\n<\/tr>\n<tr>\n<td style=\"width: 55.8429%;\">Transfert vers un autre type de serveur (base de donn\u00e9es NoSQL)<\/td>\n<td style=\"width: 23.4673%;\">\u274c<\/td>\n<td style=\"width: 20.6897%; height: 23px;\">\u2705<\/td>\n<\/tr>\n<tr>\n<td style=\"width: 55.8429%;\">Prise en charge du format de fichier plat (Json, XML, fichier d\u00e9limit\u00e9)<\/td>\n<td style=\"width: 23.4673%;\">\u274c<\/td>\n<td style=\"width: 20.6897%; height: 23px;\">\u2705<\/td>\n<\/tr>\n<tr>\n<td style=\"width: 55.8429%;\">Sorties multiples<\/td>\n<td style=\"width: 23.4673%;\">\u274c<\/td>\n<td style=\"width: 20.6897%; height: 23px;\">\u2705<\/td>\n<\/tr>\n<\/tbody>\n<\/table>\n<p>[\/et_pb_fullwidth_header][\/et_pb_section][et_pb_section fb_built=\u00a0\u00bb1&Prime; fullwidth=\u00a0\u00bbon\u00a0\u00bb admin_label=\u00a0\u00bbBloc texte \/ Image 4&Prime; _builder_version=\u00a0\u00bb4.27.0&Prime; _module_preset=\u00a0\u00bbdefault\u00a0\u00bb da_disable_devices=\u00a0\u00bboff|off|off\u00a0\u00bb locked=\u00a0\u00bboff\u00a0\u00bb collapsed=\u00a0\u00bboff\u00a0\u00bb global_colors_info=\u00a0\u00bb{}\u00a0\u00bb da_is_popup=\u00a0\u00bboff\u00a0\u00bb da_exit_intent=\u00a0\u00bboff\u00a0\u00bb da_has_close=\u00a0\u00bbon\u00a0\u00bb da_alt_close=\u00a0\u00bboff\u00a0\u00bb da_dark_close=\u00a0\u00bboff\u00a0\u00bb da_not_modal=\u00a0\u00bbon\u00a0\u00bb da_is_singular=\u00a0\u00bboff\u00a0\u00bb da_with_loader=\u00a0\u00bboff\u00a0\u00bb da_has_shadow=\u00a0\u00bbon\u00a0\u00bb][et_pb_fullwidth_header title=\u00a0\u00bbEn bref !\u00a0\u00bb button_one_url=\u00a0\u00bbhttps:\/\/infotel-software.com\/demo\/\u00a0\u00bb header_image_url=\u00a0\u00bbhttps:\/\/infotel-software.com\/wp-content\/uploads\/2025\/03\/Page-X-bref.png\u00a0\u00bb _builder_version=\u00a0\u00bb4.27.4&Prime; _module_preset=\u00a0\u00bbdefault\u00a0\u00bb title_level=\u00a0\u00bbh3&Prime; title_text_align=\u00a0\u00bbleft\u00a0\u00bb title_text_color=\u00a0\u00bb#2ea3f2&Prime; content_text_color=\u00a0\u00bb#000000&Prime; background_enable_color=\u00a0\u00bboff\u00a0\u00bb custom_button_one=\u00a0\u00bbon\u00a0\u00bb button_one_text_color=\u00a0\u00bb#FFFFFF\u00a0\u00bb button_one_bg_color=\u00a0\u00bb#2ea3f2&Prime; custom_padding_tablet=\u00a0\u00bb\u00a0\u00bb custom_padding_phone=\u00a0\u00bb0px||||false|false\u00a0\u00bb custom_padding_last_edited=\u00a0\u00bbon|phone\u00a0\u00bb link_option_url_new_window=\u00a0\u00bbon\u00a0\u00bb custom_css_free_form=\u00a0\u00bb.et_pb_bg_layout_dark h3 {||    text-align: left;||}||||.et_pb_fullwidth_header .et_pb_fullwidth_header_container .header-content a.et_pb_button {||    background-color:  #2ea3f2 !important;||    color: white !important;||}||||.et_pb_fullwidth_header .et_pb_fullwidth_header_container.right .header-content {||    text-align: left !important;||}\u00a0\u00bb global_colors_info=\u00a0\u00bb{}\u00a0\u00bb]<\/p>\n<ul>\n<li><b>Ultra-rapide<\/b> : exportez vos donn\u00e9es plus rapidement que n&rsquo;importe quel autre utilitaire<\/li>\n<li><b>Plusieurs formats de sortie<\/b> : cr\u00e9ez des fichiers aux formats XML, JSON, d\u00e9limit\u00e9 et non d\u00e9limit\u00e9 en un seul d\u00e9chargement<\/li>\n<li><b>D\u00e9chargement s\u00e9lectif<\/b> : d\u00e9chargez les lignes et colonnes s\u00e9lectionn\u00e9es \u00e0 l&rsquo;aide d&rsquo;une syntaxe SQL puissante<\/li>\n<li><b>Tri des donn\u00e9es<\/b> : triez les donn\u00e9es pendant le processus de d\u00e9chargement<\/li>\n<li><b>Traitement parall\u00e8le<\/b> : optimisez les performances en exploitant tous les processeurs disponibles du syst\u00e8me<\/li>\n<li><b>Migration flexible<\/b> : effectuez des migrations compl\u00e8tes du syst\u00e8me ou transf\u00e9rez des donn\u00e9es vers des serveurs distants ou diff\u00e9rents (y compris des bases de donn\u00e9es NoSQL)<\/li>\n<li><b>Fiabilit\u00e9 de niveau entreprise<\/b> : soutenu par Infotel Group, leader europ\u00e9en de la transformation num\u00e9rique des entreprises, qui d\u00e9veloppe des logiciels et fournit des services informatiques depuis plus de 40 ans<\/li>\n<\/ul>\n<p>[\/et_pb_fullwidth_header][\/et_pb_section]<\/p>\n","protected":false},"excerpt":{"rendered":"<p>Advanced InfoUnload for PostgreSQL (AIPG) est un utilitaire complet et hautement performant permettant de d\u00e9charger des donn\u00e9es PostgreSQL. Il vous permet de transf\u00e9rer vos donn\u00e9es depuis PostgreSQL vers n&rsquo;importe quel r\u00e9f\u00e9rentiel de donn\u00e9es de mani\u00e8re rapide, simple et intelligente. Advanced InfoUnload for PostgreSQL est un programme utilitaire autonome qui permet d&rsquo;exporter en masse des donn\u00e9es [&hellip;]<\/p>\n","protected":false},"author":34,"featured_media":0,"parent":0,"menu_order":0,"comment_status":"closed","ping_status":"closed","template":"","meta":{"_et_pb_use_builder":"on","_et_pb_old_content":"","_et_gb_content_width":"","footnotes":""},"class_list":["post-23261","page","type-page","status-publish","hentry"],"yoast_head":"<!-- This site is optimized with the Yoast SEO plugin v27.1.1 - https:\/\/yoast.com\/product\/yoast-seo-wordpress\/ -->\n<title>Infotel Software | AIPG<\/title>\n<meta name=\"description\" content=\"Advanced InfoUnload for PostgreSQL (AIPG) est un utilitaire complet et hautement performant permettant de d\u00e9charger des donn\u00e9es PostgreSQL.\" \/>\n<meta name=\"robots\" content=\"index, follow, max-snippet:-1, max-image-preview:large, max-video-preview:-1\" \/>\n<link rel=\"canonical\" href=\"https:\/\/infotel-software.com\/fr\/aipg\/\" \/>\n<meta property=\"og:locale\" content=\"fr_FR\" \/>\n<meta property=\"og:type\" content=\"article\" \/>\n<meta property=\"og:title\" content=\"Infotel Software | AIPG\" \/>\n<meta property=\"og:description\" content=\"Advanced InfoUnload for PostgreSQL (AIPG) est un utilitaire complet et hautement performant permettant de d\u00e9charger des donn\u00e9es PostgreSQL.\" \/>\n<meta property=\"og:url\" content=\"https:\/\/infotel-software.com\/fr\/aipg\/\" \/>\n<meta property=\"og:site_name\" content=\"Infotel Software\" \/>\n<meta property=\"article:modified_time\" content=\"2025-09-18T13:47:49+00:00\" \/>\n<meta name=\"twitter:card\" content=\"summary_large_image\" \/>\n<meta name=\"twitter:label1\" content=\"Dur\u00e9e de lecture estim\u00e9e\" \/>\n\t<meta name=\"twitter:data1\" content=\"3 minutes\" \/>\n<script type=\"application\/ld+json\" class=\"yoast-schema-graph\">{\"@context\":\"https:\/\/schema.org\",\"@graph\":[{\"@type\":\"WebPage\",\"@id\":\"https:\/\/infotel-software.com\/fr\/aipg\/\",\"url\":\"https:\/\/infotel-software.com\/fr\/aipg\/\",\"name\":\"Infotel Software | AIPG\",\"isPartOf\":{\"@id\":\"https:\/\/infotel-software.com\/fr\/#website\"},\"datePublished\":\"2025-04-24T15:13:13+00:00\",\"dateModified\":\"2025-09-18T13:47:49+00:00\",\"description\":\"Advanced InfoUnload for PostgreSQL (AIPG) est un utilitaire complet et hautement performant permettant de d\u00e9charger des donn\u00e9es PostgreSQL.\",\"breadcrumb\":{\"@id\":\"https:\/\/infotel-software.com\/fr\/aipg\/#breadcrumb\"},\"inLanguage\":\"fr-FR\",\"potentialAction\":[{\"@type\":\"ReadAction\",\"target\":[\"https:\/\/infotel-software.com\/fr\/aipg\/\"]}]},{\"@type\":\"BreadcrumbList\",\"@id\":\"https:\/\/infotel-software.com\/fr\/aipg\/#breadcrumb\",\"itemListElement\":[{\"@type\":\"ListItem\",\"position\":1,\"name\":\"Home\",\"item\":\"https:\/\/infotel-software.com\/fr\/\"},{\"@type\":\"ListItem\",\"position\":2,\"name\":\"AIPG \u2013 D\u00e9chargement avanc\u00e9 d&#8217;informations pour PostgreSQL\"}]},{\"@type\":\"WebSite\",\"@id\":\"https:\/\/infotel-software.com\/fr\/#website\",\"url\":\"https:\/\/infotel-software.com\/fr\/\",\"name\":\"Insoft Infotel\",\"description\":\"Maximize Performance, Optimize Costs\",\"publisher\":{\"@id\":\"https:\/\/infotel-software.com\/fr\/#organization\"},\"potentialAction\":[{\"@type\":\"SearchAction\",\"target\":{\"@type\":\"EntryPoint\",\"urlTemplate\":\"https:\/\/infotel-software.com\/fr\/?s={search_term_string}\"},\"query-input\":{\"@type\":\"PropertyValueSpecification\",\"valueRequired\":true,\"valueName\":\"search_term_string\"}}],\"inLanguage\":\"fr-FR\"},{\"@type\":\"Organization\",\"@id\":\"https:\/\/infotel-software.com\/fr\/#organization\",\"name\":\"Insoft Infotel\",\"url\":\"https:\/\/infotel-software.com\/fr\/\",\"logo\":{\"@type\":\"ImageObject\",\"inLanguage\":\"fr-FR\",\"@id\":\"https:\/\/infotel-software.com\/fr\/#\/schema\/logo\/image\/\",\"url\":\"https:\/\/infotel-software.com\/wp-content\/uploads\/2024\/06\/logo-insoft-infotel-1.png\",\"contentUrl\":\"https:\/\/infotel-software.com\/wp-content\/uploads\/2024\/06\/logo-insoft-infotel-1.png\",\"width\":1278,\"height\":358,\"caption\":\"Insoft Infotel\"},\"image\":{\"@id\":\"https:\/\/infotel-software.com\/fr\/#\/schema\/logo\/image\/\"}}]}<\/script>\n<!-- \/ Yoast SEO plugin. -->","yoast_head_json":{"title":"Infotel Software | AIPG","description":"Advanced InfoUnload for PostgreSQL (AIPG) est un utilitaire complet et hautement performant permettant de d\u00e9charger des donn\u00e9es PostgreSQL.","robots":{"index":"index","follow":"follow","max-snippet":"max-snippet:-1","max-image-preview":"max-image-preview:large","max-video-preview":"max-video-preview:-1"},"canonical":"https:\/\/infotel-software.com\/fr\/aipg\/","og_locale":"fr_FR","og_type":"article","og_title":"Infotel Software | AIPG","og_description":"Advanced InfoUnload for PostgreSQL (AIPG) est un utilitaire complet et hautement performant permettant de d\u00e9charger des donn\u00e9es PostgreSQL.","og_url":"https:\/\/infotel-software.com\/fr\/aipg\/","og_site_name":"Infotel Software","article_modified_time":"2025-09-18T13:47:49+00:00","twitter_card":"summary_large_image","twitter_misc":{"Dur\u00e9e de lecture estim\u00e9e":"3 minutes"},"schema":{"@context":"https:\/\/schema.org","@graph":[{"@type":"WebPage","@id":"https:\/\/infotel-software.com\/fr\/aipg\/","url":"https:\/\/infotel-software.com\/fr\/aipg\/","name":"Infotel Software | AIPG","isPartOf":{"@id":"https:\/\/infotel-software.com\/fr\/#website"},"datePublished":"2025-04-24T15:13:13+00:00","dateModified":"2025-09-18T13:47:49+00:00","description":"Advanced InfoUnload for PostgreSQL (AIPG) est un utilitaire complet et hautement performant permettant de d\u00e9charger des donn\u00e9es PostgreSQL.","breadcrumb":{"@id":"https:\/\/infotel-software.com\/fr\/aipg\/#breadcrumb"},"inLanguage":"fr-FR","potentialAction":[{"@type":"ReadAction","target":["https:\/\/infotel-software.com\/fr\/aipg\/"]}]},{"@type":"BreadcrumbList","@id":"https:\/\/infotel-software.com\/fr\/aipg\/#breadcrumb","itemListElement":[{"@type":"ListItem","position":1,"name":"Home","item":"https:\/\/infotel-software.com\/fr\/"},{"@type":"ListItem","position":2,"name":"AIPG \u2013 D\u00e9chargement avanc\u00e9 d&#8217;informations pour PostgreSQL"}]},{"@type":"WebSite","@id":"https:\/\/infotel-software.com\/fr\/#website","url":"https:\/\/infotel-software.com\/fr\/","name":"Insoft Infotel","description":"Maximize Performance, Optimize Costs","publisher":{"@id":"https:\/\/infotel-software.com\/fr\/#organization"},"potentialAction":[{"@type":"SearchAction","target":{"@type":"EntryPoint","urlTemplate":"https:\/\/infotel-software.com\/fr\/?s={search_term_string}"},"query-input":{"@type":"PropertyValueSpecification","valueRequired":true,"valueName":"search_term_string"}}],"inLanguage":"fr-FR"},{"@type":"Organization","@id":"https:\/\/infotel-software.com\/fr\/#organization","name":"Insoft Infotel","url":"https:\/\/infotel-software.com\/fr\/","logo":{"@type":"ImageObject","inLanguage":"fr-FR","@id":"https:\/\/infotel-software.com\/fr\/#\/schema\/logo\/image\/","url":"https:\/\/infotel-software.com\/wp-content\/uploads\/2024\/06\/logo-insoft-infotel-1.png","contentUrl":"https:\/\/infotel-software.com\/wp-content\/uploads\/2024\/06\/logo-insoft-infotel-1.png","width":1278,"height":358,"caption":"Insoft Infotel"},"image":{"@id":"https:\/\/infotel-software.com\/fr\/#\/schema\/logo\/image\/"}}]}},"_links":{"self":[{"href":"https:\/\/infotel-software.com\/fr\/wp-json\/wp\/v2\/pages\/23261","targetHints":{"allow":["GET"]}}],"collection":[{"href":"https:\/\/infotel-software.com\/fr\/wp-json\/wp\/v2\/pages"}],"about":[{"href":"https:\/\/infotel-software.com\/fr\/wp-json\/wp\/v2\/types\/page"}],"author":[{"embeddable":true,"href":"https:\/\/infotel-software.com\/fr\/wp-json\/wp\/v2\/users\/34"}],"replies":[{"embeddable":true,"href":"https:\/\/infotel-software.com\/fr\/wp-json\/wp\/v2\/comments?post=23261"}],"version-history":[{"count":10,"href":"https:\/\/infotel-software.com\/fr\/wp-json\/wp\/v2\/pages\/23261\/revisions"}],"predecessor-version":[{"id":24638,"href":"https:\/\/infotel-software.com\/fr\/wp-json\/wp\/v2\/pages\/23261\/revisions\/24638"}],"wp:attachment":[{"href":"https:\/\/infotel-software.com\/fr\/wp-json\/wp\/v2\/media?parent=23261"}],"curies":[{"name":"wp","href":"https:\/\/api.w.org\/{rel}","templated":true}]}}