{"id":23481,"date":"2018-02-28T17:56:52","date_gmt":"2018-02-28T16:56:52","guid":{"rendered":"https:\/\/infotel-software.com\/cookies-policy\/"},"modified":"2025-08-20T11:47:56","modified_gmt":"2025-08-20T09:47:56","slug":"politique-en-matiere-de-cookies","status":"publish","type":"page","link":"https:\/\/infotel-software.com\/fr\/politique-en-matiere-de-cookies\/","title":{"rendered":"Politique en mati\u00e8re de cookies"},"content":{"rendered":"<p>[et_pb_section fb_built=\u00a0\u00bb1&Prime; admin_label=\u00a0\u00bbsection\u00a0\u00bb _builder_version=\u00a0\u00bb4.16&Prime; da_disable_devices=\u00a0\u00bboff|off|off\u00a0\u00bb global_colors_info=\u00a0\u00bb{}\u00a0\u00bb da_is_popup=\u00a0\u00bboff\u00a0\u00bb da_exit_intent=\u00a0\u00bboff\u00a0\u00bb da_has_close=\u00a0\u00bbon\u00a0\u00bb da_alt_close=\u00a0\u00bboff\u00a0\u00bb da_dark_close=\u00a0\u00bboff\u00a0\u00bb da_not_modal=\u00a0\u00bbon\u00a0\u00bb da_is_singular=\u00a0\u00bboff\u00a0\u00bb da_with_loader=\u00a0\u00bboff\u00a0\u00bb da_has_shadow=\u00a0\u00bbon\u00a0\u00bb][et_pb_row admin_label=\u00a0\u00bbrow\u00a0\u00bb _builder_version=\u00a0\u00bb4.16&Prime; background_size=\u00a0\u00bbinitial\u00a0\u00bb background_position=\u00a0\u00bbtop_left\u00a0\u00bb background_repeat=\u00a0\u00bbrepeat\u00a0\u00bb global_colors_info=\u00a0\u00bb{}\u00a0\u00bb][et_pb_column type=\u00a0\u00bb4_4&Prime; _builder_version=\u00a0\u00bb4.16&Prime; custom_padding=\u00a0\u00bb|||\u00a0\u00bb global_colors_info=\u00a0\u00bb{}\u00a0\u00bb custom_padding__hover=\u00a0\u00bb|||\u00a0\u00bb][et_pb_text admin_label=\u00a0\u00bbText\u00a0\u00bb _builder_version=\u00a0\u00bb4.27.4&Prime; background_size=\u00a0\u00bbinitial\u00a0\u00bb background_position=\u00a0\u00bbtop_left\u00a0\u00bb background_repeat=\u00a0\u00bbrepeat\u00a0\u00bb global_colors_info=\u00a0\u00bb{}\u00a0\u00bb]<\/p>\n<h2><strong>Qu\u2019est-ce qu\u2019un cookie ?<\/strong><\/h2>\n<p>Les cookies sont de petits \u00e9l\u00e9ments d\u2019information stock\u00e9s sur votre ordinateur par un site web que vous visitez. Ceux-ci ont diff\u00e9rentes fonctions. Un cookie peut permettre au site qui l\u2019a d\u00e9pos\u00e9 de reconna\u00eetre un utilisateur d\u2019une visite \u00e0 l\u2019autre, au moyen d\u2019un identifiant unique. Certains cookies peuvent \u00e9galement \u00eatre utilis\u00e9s pour m\u00e9moriser le contenu d\u2019un panier d\u2019achat, d\u2019autres pour sauvegarder les param\u00e8tres linguistiques d\u2019un site, d\u2019autres encore pour cibler plus pr\u00e9cis\u00e9ment la publicit\u00e9, traiter des statistiques et des informations sur le trafic, faciliter la navigation, am\u00e9liorer le service et rendre le site plus convivial pour les visiteurs.<\/p>\n<h2>Quel est le cadre juridique applicable ?<\/h2>\n<p>En application de l\u2019article 32-II de la loi du 6 janvier 1978, modifi\u00e9 par l\u2019ordonnance n\u00b0 2011-1012 du 24 ao\u00fbt 2011 qui a transpos\u00e9 la directive 2009\/136 \/ CE, les traceurs (cookies et autres) n\u00e9cessitant un consentement ne peuvent \u00eatre d\u00e9pos\u00e9s ou lus sur le terminal qu\u2019apr\u00e8s le consentement de la personne.<\/p>\n<h2>Comment supprimer les cookies li\u00e9s \u00e0 ma navigation sur Internet ?<\/h2>\n<p>Vous pouvez \u00e9galement choisir de d\u00e9sactiver les cookies dans votre navigateur \u00e0 tout moment en suivant les instructions fournies dans les fichiers d\u2019aide de votre navigateur.<br \/><strong>Google Chrome<\/strong>\u00a0: Rendez-vous dans le menu \u00ab Outils \u00bb, cliquez sur \u00ab Param\u00e8tres \u00bb, cliquez sur \u00ab Afficher les param\u00e8tres avanc\u00e9s \u00bb, puis sur \u00ab Param\u00e8tres de contenu \u00bb. L\u2019option \u00ab Autoriser le stockage des donn\u00e9es locales \u00bb doit \u00eatre s\u00e9lectionn\u00e9e. Une fois cela fait, s\u00e9lectionnez \u00ab Bloquer tous les cookies \u00bb.<br \/><strong>Internet Explorer<\/strong>\u00a0:\u00a0<a href=\"https:\/\/windows.microsoft.com\/fr\/us\/internet-explorer\/delete-manage-cookies\" target=\"_blank\" rel=\"noopener\">windows.microsoft.com\/fr\/us\/internet-explorer\/delete-manage-cookies<\/a><br \/><strong>Mozilla Firefox<\/strong>\u00a0:\u00a0<a href=\"https:\/\/support.mozilla.org\/kb\/activate-deactivate-cookies\" target=\"_blank\" rel=\"noopener\">support.mozilla.org\/kb\/activate-deactivate-cookies<\/a><br \/><strong>Safari<\/strong>\u00a0:\u00a0<a href=\"https:\/\/www.apple.com\/en\/privacy\/use-of-cookies\/\" target=\"_blank\" rel=\"noopener\">www.apple.com\/en\/privacy\/use-of-cookies\/<\/a><\/p>\n<p>[\/et_pb_text][\/et_pb_column][\/et_pb_row][\/et_pb_section]<\/p>\n","protected":false},"excerpt":{"rendered":"<p>Qu\u2019est-ce qu\u2019un cookie ? Les cookies sont de petits \u00e9l\u00e9ments d\u2019information stock\u00e9s sur votre ordinateur par un site web que vous visitez. Ceux-ci ont diff\u00e9rentes fonctions. Un cookie peut permettre au site qui l\u2019a d\u00e9pos\u00e9 de reconna\u00eetre un utilisateur d\u2019une visite \u00e0 l\u2019autre, au moyen d\u2019un identifiant unique. Certains cookies peuvent \u00e9galement \u00eatre utilis\u00e9s pour [&hellip;]<\/p>\n","protected":false},"author":2,"featured_media":0,"parent":0,"menu_order":0,"comment_status":"closed","ping_status":"closed","template":"","meta":{"_et_pb_use_builder":"on","_et_pb_old_content":"<h2><strong>Qu'est-ce qu'un cookie ?<\/strong><\/h2>\r\nLes cookies sont de petits \u00e9l\u00e9ments d'information stock\u00e9s sur votre ordinateur par un site web que vous visitez. Ceux-ci ont diff\u00e9rentes fonctions. Un cookie peut permettre au site qui l'a d\u00e9pos\u00e9 de reconna\u00eetre un utilisateur d'une visite \u00e0 l'autre, au moyen d'un identifiant unique. Certains cookies peuvent \u00e9galement \u00eatre utilis\u00e9s pour m\u00e9moriser le contenu d'un panier d'achat, d'autres pour sauvegarder les param\u00e8tres linguistiques d'un site, d'autres encore pour cibler plus pr\u00e9cis\u00e9ment la publicit\u00e9, traiter des statistiques et des informations sur le trafic, faciliter la navigation, am\u00e9liorer le service et rendre le site plus convivial pour les visiteurs.\r\n<h2>Quel est le cadre juridique applicable ?<\/h2>\r\nEn application de l'article 32-II de la loi du 6 janvier 1978, modifi\u00e9 par l'ordonnance n\u00b0 2011-1012 du 24 ao\u00fbt 2011 qui a transpos\u00e9 la directive 2009\/136 \/ CE, les traceurs (cookies et autres) n\u00e9cessitant un consentement ne peuvent \u00eatre d\u00e9pos\u00e9s ou lus sur le terminal qu'apr\u00e8s le consentement de la personne.\r\n<h2>Comment supprimer les cookies li\u00e9s \u00e0 ma navigation sur Internet ?<\/h2>\r\nVous pouvez \u00e9galement choisir de d\u00e9sactiver les cookies dans votre navigateur \u00e0 tout moment en suivant les instructions fournies dans les fichiers d'aide de votre navigateur.\r\nGoogle Chrome : Rendez-vous dans le menu \u00ab Outils \u00bb, cliquez sur \u00ab Param\u00e8tres \u00bb, cliquez sur \u00ab Afficher les param\u00e8tres avanc\u00e9s \u00bb, puis sur \u00ab Param\u00e8tres de contenu \u00bb. L'option \u00ab Autoriser le stockage des donn\u00e9es locales \u00bb doit \u00eatre s\u00e9lectionn\u00e9e. Une fois cela fait, s\u00e9lectionnez \u00ab Bloquer tous les cookies \u00bb.\r\nInternet Explorer : windows.microsoft.com\/fr\/us\/internet-explorer\/delete-manage-cookies\r\nMozilla Firefox : support.mozilla.org\/kb\/activate-deactivate-cookies\r\nSafari : www.apple.com\/en\/privacy\/use-of-cookies\/","_et_gb_content_width":"","footnotes":""},"class_list":["post-23481","page","type-page","status-publish","hentry"],"yoast_head":"<!-- This site is optimized with the Yoast SEO plugin v27.1.1 - https:\/\/yoast.com\/product\/yoast-seo-wordpress\/ -->\n<title>Infotel Software | Politique en mati\u00e8re de cookies<\/title>\n<meta name=\"description\" content=\"Qu&#039;est-ce qu&#039;un cookie ? Les cookies sont de petits fichiers stock\u00e9s sur votre ordinateur par un site web que vous visitez.\" \/>\n<meta name=\"robots\" content=\"index, follow, max-snippet:-1, max-image-preview:large, max-video-preview:-1\" \/>\n<link rel=\"canonical\" href=\"https:\/\/infotel-software.com\/fr\/politique-en-matiere-de-cookies\/\" \/>\n<meta property=\"og:locale\" content=\"fr_FR\" \/>\n<meta property=\"og:type\" content=\"article\" \/>\n<meta property=\"og:title\" content=\"Infotel Software | Politique en mati\u00e8re de cookies\" \/>\n<meta property=\"og:description\" content=\"Qu&#039;est-ce qu&#039;un cookie ? Les cookies sont de petits fichiers stock\u00e9s sur votre ordinateur par un site web que vous visitez.\" \/>\n<meta property=\"og:url\" content=\"https:\/\/infotel-software.com\/fr\/politique-en-matiere-de-cookies\/\" \/>\n<meta property=\"og:site_name\" content=\"Infotel Software\" \/>\n<meta property=\"article:modified_time\" content=\"2025-08-20T09:47:56+00:00\" \/>\n<meta name=\"twitter:card\" content=\"summary_large_image\" \/>\n<meta name=\"twitter:label1\" content=\"Dur\u00e9e de lecture estim\u00e9e\" \/>\n\t<meta name=\"twitter:data1\" content=\"2 minutes\" \/>\n<script type=\"application\/ld+json\" class=\"yoast-schema-graph\">{\"@context\":\"https:\/\/schema.org\",\"@graph\":[{\"@type\":\"WebPage\",\"@id\":\"https:\/\/infotel-software.com\/fr\/politique-en-matiere-de-cookies\/\",\"url\":\"https:\/\/infotel-software.com\/fr\/politique-en-matiere-de-cookies\/\",\"name\":\"Infotel Software | Politique en mati\u00e8re de cookies\",\"isPartOf\":{\"@id\":\"https:\/\/infotel-software.com\/fr\/#website\"},\"datePublished\":\"2018-02-28T16:56:52+00:00\",\"dateModified\":\"2025-08-20T09:47:56+00:00\",\"description\":\"Qu'est-ce qu'un cookie ? Les cookies sont de petits fichiers stock\u00e9s sur votre ordinateur par un site web que vous visitez.\",\"breadcrumb\":{\"@id\":\"https:\/\/infotel-software.com\/fr\/politique-en-matiere-de-cookies\/#breadcrumb\"},\"inLanguage\":\"fr-FR\",\"potentialAction\":[{\"@type\":\"ReadAction\",\"target\":[\"https:\/\/infotel-software.com\/fr\/politique-en-matiere-de-cookies\/\"]}]},{\"@type\":\"BreadcrumbList\",\"@id\":\"https:\/\/infotel-software.com\/fr\/politique-en-matiere-de-cookies\/#breadcrumb\",\"itemListElement\":[{\"@type\":\"ListItem\",\"position\":1,\"name\":\"Home\",\"item\":\"https:\/\/infotel-software.com\/fr\/\"},{\"@type\":\"ListItem\",\"position\":2,\"name\":\"Politique en mati\u00e8re de cookies\"}]},{\"@type\":\"WebSite\",\"@id\":\"https:\/\/infotel-software.com\/fr\/#website\",\"url\":\"https:\/\/infotel-software.com\/fr\/\",\"name\":\"Insoft Infotel\",\"description\":\"Maximize Performance, Optimize Costs\",\"publisher\":{\"@id\":\"https:\/\/infotel-software.com\/fr\/#organization\"},\"potentialAction\":[{\"@type\":\"SearchAction\",\"target\":{\"@type\":\"EntryPoint\",\"urlTemplate\":\"https:\/\/infotel-software.com\/fr\/?s={search_term_string}\"},\"query-input\":{\"@type\":\"PropertyValueSpecification\",\"valueRequired\":true,\"valueName\":\"search_term_string\"}}],\"inLanguage\":\"fr-FR\"},{\"@type\":\"Organization\",\"@id\":\"https:\/\/infotel-software.com\/fr\/#organization\",\"name\":\"Insoft Infotel\",\"url\":\"https:\/\/infotel-software.com\/fr\/\",\"logo\":{\"@type\":\"ImageObject\",\"inLanguage\":\"fr-FR\",\"@id\":\"https:\/\/infotel-software.com\/fr\/#\/schema\/logo\/image\/\",\"url\":\"https:\/\/infotel-software.com\/wp-content\/uploads\/2024\/06\/logo-insoft-infotel-1.png\",\"contentUrl\":\"https:\/\/infotel-software.com\/wp-content\/uploads\/2024\/06\/logo-insoft-infotel-1.png\",\"width\":1278,\"height\":358,\"caption\":\"Insoft Infotel\"},\"image\":{\"@id\":\"https:\/\/infotel-software.com\/fr\/#\/schema\/logo\/image\/\"}}]}<\/script>\n<!-- \/ Yoast SEO plugin. -->","yoast_head_json":{"title":"Infotel Software | Politique en mati\u00e8re de cookies","description":"Qu'est-ce qu'un cookie ? Les cookies sont de petits fichiers stock\u00e9s sur votre ordinateur par un site web que vous visitez.","robots":{"index":"index","follow":"follow","max-snippet":"max-snippet:-1","max-image-preview":"max-image-preview:large","max-video-preview":"max-video-preview:-1"},"canonical":"https:\/\/infotel-software.com\/fr\/politique-en-matiere-de-cookies\/","og_locale":"fr_FR","og_type":"article","og_title":"Infotel Software | Politique en mati\u00e8re de cookies","og_description":"Qu'est-ce qu'un cookie ? Les cookies sont de petits fichiers stock\u00e9s sur votre ordinateur par un site web que vous visitez.","og_url":"https:\/\/infotel-software.com\/fr\/politique-en-matiere-de-cookies\/","og_site_name":"Infotel Software","article_modified_time":"2025-08-20T09:47:56+00:00","twitter_card":"summary_large_image","twitter_misc":{"Dur\u00e9e de lecture estim\u00e9e":"2 minutes"},"schema":{"@context":"https:\/\/schema.org","@graph":[{"@type":"WebPage","@id":"https:\/\/infotel-software.com\/fr\/politique-en-matiere-de-cookies\/","url":"https:\/\/infotel-software.com\/fr\/politique-en-matiere-de-cookies\/","name":"Infotel Software | Politique en mati\u00e8re de cookies","isPartOf":{"@id":"https:\/\/infotel-software.com\/fr\/#website"},"datePublished":"2018-02-28T16:56:52+00:00","dateModified":"2025-08-20T09:47:56+00:00","description":"Qu'est-ce qu'un cookie ? Les cookies sont de petits fichiers stock\u00e9s sur votre ordinateur par un site web que vous visitez.","breadcrumb":{"@id":"https:\/\/infotel-software.com\/fr\/politique-en-matiere-de-cookies\/#breadcrumb"},"inLanguage":"fr-FR","potentialAction":[{"@type":"ReadAction","target":["https:\/\/infotel-software.com\/fr\/politique-en-matiere-de-cookies\/"]}]},{"@type":"BreadcrumbList","@id":"https:\/\/infotel-software.com\/fr\/politique-en-matiere-de-cookies\/#breadcrumb","itemListElement":[{"@type":"ListItem","position":1,"name":"Home","item":"https:\/\/infotel-software.com\/fr\/"},{"@type":"ListItem","position":2,"name":"Politique en mati\u00e8re de cookies"}]},{"@type":"WebSite","@id":"https:\/\/infotel-software.com\/fr\/#website","url":"https:\/\/infotel-software.com\/fr\/","name":"Insoft Infotel","description":"Maximize Performance, Optimize Costs","publisher":{"@id":"https:\/\/infotel-software.com\/fr\/#organization"},"potentialAction":[{"@type":"SearchAction","target":{"@type":"EntryPoint","urlTemplate":"https:\/\/infotel-software.com\/fr\/?s={search_term_string}"},"query-input":{"@type":"PropertyValueSpecification","valueRequired":true,"valueName":"search_term_string"}}],"inLanguage":"fr-FR"},{"@type":"Organization","@id":"https:\/\/infotel-software.com\/fr\/#organization","name":"Insoft Infotel","url":"https:\/\/infotel-software.com\/fr\/","logo":{"@type":"ImageObject","inLanguage":"fr-FR","@id":"https:\/\/infotel-software.com\/fr\/#\/schema\/logo\/image\/","url":"https:\/\/infotel-software.com\/wp-content\/uploads\/2024\/06\/logo-insoft-infotel-1.png","contentUrl":"https:\/\/infotel-software.com\/wp-content\/uploads\/2024\/06\/logo-insoft-infotel-1.png","width":1278,"height":358,"caption":"Insoft Infotel"},"image":{"@id":"https:\/\/infotel-software.com\/fr\/#\/schema\/logo\/image\/"}}]}},"_links":{"self":[{"href":"https:\/\/infotel-software.com\/fr\/wp-json\/wp\/v2\/pages\/23481","targetHints":{"allow":["GET"]}}],"collection":[{"href":"https:\/\/infotel-software.com\/fr\/wp-json\/wp\/v2\/pages"}],"about":[{"href":"https:\/\/infotel-software.com\/fr\/wp-json\/wp\/v2\/types\/page"}],"author":[{"embeddable":true,"href":"https:\/\/infotel-software.com\/fr\/wp-json\/wp\/v2\/users\/2"}],"replies":[{"embeddable":true,"href":"https:\/\/infotel-software.com\/fr\/wp-json\/wp\/v2\/comments?post=23481"}],"version-history":[{"count":3,"href":"https:\/\/infotel-software.com\/fr\/wp-json\/wp\/v2\/pages\/23481\/revisions"}],"predecessor-version":[{"id":23486,"href":"https:\/\/infotel-software.com\/fr\/wp-json\/wp\/v2\/pages\/23481\/revisions\/23486"}],"wp:attachment":[{"href":"https:\/\/infotel-software.com\/fr\/wp-json\/wp\/v2\/media?parent=23481"}],"curies":[{"name":"wp","href":"https:\/\/api.w.org\/{rel}","templated":true}]}}