{"id":24005,"date":"2024-09-27T16:02:48","date_gmt":"2024-09-27T14:02:48","guid":{"rendered":"https:\/\/infotel-software.com\/thanks\/"},"modified":"2025-07-10T15:33:01","modified_gmt":"2025-07-10T13:33:01","slug":"remerciement","status":"publish","type":"page","link":"https:\/\/infotel-software.com\/fr\/remerciement\/","title":{"rendered":"Remerciement"},"content":{"rendered":"<p>[et_pb_section fb_built=\u00a0\u00bb1&Prime; _builder_version=\u00a0\u00bb4.27.0&Prime; _module_preset=\u00a0\u00bbdefault\u00a0\u00bb custom_padding=\u00a0\u00bb0%||||false|false\u00a0\u00bb da_disable_devices=\u00a0\u00bboff|off|off\u00a0\u00bb global_colors_info=\u00a0\u00bb{}\u00a0\u00bb da_is_popup=\u00a0\u00bboff\u00a0\u00bb da_exit_intent=\u00a0\u00bboff\u00a0\u00bb da_has_close=\u00a0\u00bbon\u00a0\u00bb da_alt_close=\u00a0\u00bboff\u00a0\u00bb da_dark_close=\u00a0\u00bboff\u00a0\u00bb da_not_modal=\u00a0\u00bbon\u00a0\u00bb da_is_singular=\u00a0\u00bboff\u00a0\u00bb da_with_loader=\u00a0\u00bboff\u00a0\u00bb da_has_shadow=\u00a0\u00bbon\u00a0\u00bb][et_pb_row _builder_version=\u00a0\u00bb4.17.4&Prime; _module_preset=\u00a0\u00bbdefault\u00a0\u00bb global_colors_info=\u00a0\u00bb{}\u00a0\u00bb][et_pb_column type=\u00a0\u00bb4_4&Prime; _builder_version=\u00a0\u00bb4.17.4&Prime; _module_preset=\u00a0\u00bbdefault\u00a0\u00bb global_colors_info=\u00a0\u00bb{}\u00a0\u00bb][et_pb_text _builder_version=\u00a0\u00bb4.27.4&Prime; _module_preset=\u00a0\u00bbdefault\u00a0\u00bb header_3_font_size=\u00a0\u00bb40px\u00a0\u00bb header_4_font_size=\u00a0\u00bb33px\u00a0\u00bb header_5_font_size=\u00a0\u00bb29px\u00a0\u00bb hover_enabled=\u00a0\u00bb0&Prime; global_colors_info=\u00a0\u00bb{}\u00a0\u00bb sticky_enabled=\u00a0\u00bb0&Prime;]<\/p>\n<h3 style=\"text-align: center;\"><strong>Merci de l&rsquo;int\u00e9r\u00eat que vous portez au logiciel Infotel.<\/strong><\/h3>\n<h4 style=\"text-align: center;\"><strong>Nous vous r\u00e9pondrons dans les plus brefs d\u00e9lais.<\/strong><\/h4>\n<h5 style=\"text-align: center;\">En attendant, pourquoi ne pas d\u00e9couvrir nos derniers articles ?<\/h5>\n<p>[\/et_pb_text][\/et_pb_column][\/et_pb_row][et_pb_row column_structure=\u00a0\u00bb1_3,1_3,1_3&Prime; _builder_version=\u00a0\u00bb4.27.0&Prime; _module_preset=\u00a0\u00bbdefault\u00a0\u00bb global_colors_info=\u00a0\u00bb{}\u00a0\u00bb][et_pb_column type=\u00a0\u00bb1_3&Prime; _builder_version=\u00a0\u00bb4.27.0&Prime; _module_preset=\u00a0\u00bbdefault\u00a0\u00bb global_colors_info=\u00a0\u00bb{}\u00a0\u00bb][et_pb_blog posts_number=\u00a0\u00bb1&Prime; show_author=\u00a0\u00bboff\u00a0\u00bb show_date=\u00a0\u00bboff\u00a0\u00bb show_categories=\u00a0\u00bboff\u00a0\u00bb show_pagination=\u00a0\u00bboff\u00a0\u00bb _builder_version=\u00a0\u00bb4.27.4&Prime; _module_preset=\u00a0\u00bbdefault\u00a0\u00bb hover_enabled=\u00a0\u00bb0&Prime; global_colors_info=\u00a0\u00bb{}\u00a0\u00bb include_categories=\u00a0\u00bball\u00a0\u00bb sticky_enabled=\u00a0\u00bb0&Prime;][\/et_pb_blog][\/et_pb_column][et_pb_column type=\u00a0\u00bb1_3&Prime; _builder_version=\u00a0\u00bb4.27.0&Prime; _module_preset=\u00a0\u00bbdefault\u00a0\u00bb global_colors_info=\u00a0\u00bb{}\u00a0\u00bb][et_pb_blog posts_number=\u00a0\u00bb1&Prime; show_author=\u00a0\u00bboff\u00a0\u00bb show_date=\u00a0\u00bboff\u00a0\u00bb show_categories=\u00a0\u00bboff\u00a0\u00bb show_pagination=\u00a0\u00bboff\u00a0\u00bb offset_number=\u00a0\u00bb1&Prime; _builder_version=\u00a0\u00bb4.27.4&Prime; _module_preset=\u00a0\u00bbdefault\u00a0\u00bb hover_enabled=\u00a0\u00bb0&Prime; global_colors_info=\u00a0\u00bb{}\u00a0\u00bb include_categories=\u00a0\u00bball\u00a0\u00bb sticky_enabled=\u00a0\u00bb0&Prime;][\/et_pb_blog][\/et_pb_column][et_pb_column type=\u00a0\u00bb1_3&Prime; _builder_version=\u00a0\u00bb4.27.0&Prime; _module_preset=\u00a0\u00bbdefault\u00a0\u00bb global_colors_info=\u00a0\u00bb{}\u00a0\u00bb][et_pb_blog posts_number=\u00a0\u00bb1&Prime; show_author=\u00a0\u00bboff\u00a0\u00bb show_date=\u00a0\u00bboff\u00a0\u00bb show_categories=\u00a0\u00bboff\u00a0\u00bb show_pagination=\u00a0\u00bboff\u00a0\u00bb offset_number=\u00a0\u00bb2&Prime; _builder_version=\u00a0\u00bb4.27.4&Prime; _module_preset=\u00a0\u00bbdefault\u00a0\u00bb hover_enabled=\u00a0\u00bb0&Prime; global_colors_info=\u00a0\u00bb{}\u00a0\u00bb include_categories=\u00a0\u00bball\u00a0\u00bb sticky_enabled=\u00a0\u00bb0&Prime;][\/et_pb_blog][\/et_pb_column][\/et_pb_row][\/et_pb_section]<\/p>\n","protected":false},"excerpt":{"rendered":"<p>Merci de l&rsquo;int\u00e9r\u00eat que vous portez au logiciel Infotel. Nous vous r\u00e9pondrons dans les plus brefs d\u00e9lais. En attendant, pourquoi ne pas d\u00e9couvrir nos derniers articles ?<\/p>\n","protected":false},"author":34,"featured_media":0,"parent":0,"menu_order":0,"comment_status":"closed","ping_status":"closed","template":"","meta":{"_et_pb_use_builder":"on","_et_pb_old_content":"<!-- wp:image {\"sizeSlug\":\"large\"} -->\r\n<figure class=\"wp-block-image size-large\"><img src=\"https:\/\/us-infotel.dev.infotel.com\/wp-content\/uploads\/2022\/05\/pablo-hermoso-FDgLKYrhT9w-unsplash-scaled.jpg\" alt=\"\"\/><\/figure>\r\n<!-- \/wp:image -->\r\n\r\n<!-- wp:stackable\/text {\"uniqueId\":\"272cbde\"} -->\r\n<div class=\"wp-block-stackable-text stk-block-text stk-block stk-272cbde\" data-block-id=\"272cbde\"><p class=\"stk-block-text__text\"><\/p><\/div>\r\n<!-- \/wp:stackable\/text -->\r\n\r\n<!-- wp:stackable\/heading {\"uniqueId\":\"7f02ba5\"} -->\r\n<div class=\"wp-block-stackable-heading stk-block-heading stk-block stk-7f02ba5\" id=\"history\" data-block-id=\"7f02ba5\"><h2 class=\"stk-block-heading__text\">History<\/h2><\/div>\r\n<!-- \/wp:stackable\/heading -->\r\n\r\n<!-- wp:table -->\r\n<figure class=\"wp-block-table\"><table><tbody><tr><td>History<\/td><td>Founded<\/td><td>Listed on Stock Exchange<\/td><\/tr><tr><td>4 Founders<\/td><td>1979<\/td><td>1999<\/td><\/tr><tr><td><img class=\"wp-image-11157\" style=\"width: 118px;\" src=\"https:\/\/infotel-software.com\/wp-content\/uploads\/2022\/06\/Asset-5-1.png\" alt=\"\"><\/td><td><img class=\"wp-image-11155\" style=\"width: 122px;\" src=\"https:\/\/infotel-software.com\/wp-content\/uploads\/2022\/06\/Asset-2-1.png\" alt=\"\"><\/td><td><img class=\"wp-image-11159\" style=\"width: 136px;\" src=\"https:\/\/infotel-software.com\/wp-content\/uploads\/2022\/06\/Asset-8-1.png\" alt=\"Data Governance\"><\/td><\/tr><\/tbody><\/table><\/figure>\r\n<!-- \/wp:table -->\r\n\r\n<!-- wp:image {\"id\":11158,\"sizeSlug\":\"full\",\"linkDestination\":\"none\"} -->\r\n<figure class=\"wp-block-image size-full\"><img src=\"https:\/\/infotel-software.com\/wp-content\/uploads\/2022\/06\/Asset-7-1.png\" alt=\"\" class=\"wp-image-11158\"\/><\/figure>\r\n<!-- \/wp:image -->\r\n\r\n<!-- wp:paragraph -->\r\n<p><\/p>\r\n<!-- \/wp:paragraph -->\r\n\r\n<!-- wp:heading {\"level\":3} -->\r\n<h3><strong>Company founded: a team of experts \/\u00a01979 \u2013 1988<\/strong><\/h3>\r\n<!-- \/wp:heading -->\r\n\r\n<!-- wp:paragraph -->\r\n<p>The\u00a0Infotel\u00a0Group was founded in 1979 by a team of experts:\u00a0Bernard Lafforet, Michel Koutchouk, Alain Hallereau and Josyane Muller.\u00a0In the beginning, the company was based in Paris, with a focus on providing databases as well as\u00a0services,\u00a0training\u00a0and\u00a0software for large companies. A few years after its founding and following on the success of its software,\u00a0Infotel opened an office in the U.S.<\/p>\r\n<!-- \/wp:paragraph -->\r\n\r\n<!-- wp:heading {\"level\":3} -->\r\n<h3>The Company grows: software and local services \/\u00a01989 \u2013 1998<\/h3>\r\n<!-- \/wp:heading -->\r\n\r\n<!-- wp:paragraph -->\r\n<p>The company continued to grow by opening its\u00a0Toulouse agency\u00a0in 1989 and setting up a new\u00a0Infotel company in Germany\u00a0(Infotel GmbH) in 1990.<\/p>\r\n<!-- \/wp:paragraph -->\r\n\r\n<!-- wp:paragraph -->\r\n<p>Throughout this period, the Group also undertook the development and launch of\u00a0new software utilities for databases. The Group carried out its first\u00a0external growth operation\u00a0in 1998 and obtained\u00a0ISO 9001 certification\u00a0in the same year.<\/p>\r\n<!-- \/wp:paragraph -->\r\n\r\n<!-- wp:heading {\"level\":3} -->\r\n<h3>Expansion around \u201cWeb-to-Database\u201d \/\u00a01999 \u2013 2008<\/h3>\r\n<!-- \/wp:heading -->\r\n\r\n<!-- wp:paragraph -->\r\n<p>On 21 January 1999, Infotel entered the New Paris Stock Market (now known as Euronext Paris, compartment B (Mid Cap)). This saw Infotel making another historic step forward in its development by acquiring the means of financing its\u00a0projects for growth. In the same year, the company signed its first\u00a0agreement with IBM\u00a0for the development of\u00a0Db2 utility software\u00a0sold by IBM.<\/p>\r\n<!-- \/wp:paragraph -->\r\n\r\n<!-- wp:paragraph -->\r\n<p>Also in 1999, Infotel adopted its strategic\u00a0Web-to-Database\u00a0positioning, a comprehensive technical offering to meet evolving needs and help companies open their information systems.<\/p>\r\n<!-- \/wp:paragraph -->\r\n\r\n<!-- wp:paragraph -->\r\n<p>In December 1999, the Group incorporated the\u00a0S12\u00a0company and, the following year, two other companies,\u00a0Sporen\u00a0and\u00a0Innovaco Formation.<\/p>\r\n<!-- \/wp:paragraph -->\r\n\r\n<!-- wp:paragraph -->\r\n<p>At the beginning of 2006, Infotel continued to follow its external growth strategy by acquiring and subsequently integrating the\u00a0Odaxys\u00a0group, based in Rennes and Nantes,\u00a0a major IT player in France\u2019s Western Region. Expansion continued with the\u00a0opening of regional agencies in Lyon, Bordeaux, Le Mans and Niort.<\/p>\r\n<!-- \/wp:paragraph -->\r\n\r\n<!-- wp:heading {\"level\":3} -->\r\n<h3>Ambitions 2012 \/\u00a02009 \u2013 2012<\/h3>\r\n<!-- \/wp:heading -->\r\n\r\n<!-- wp:paragraph -->\r\n<p>The company grew in geographic terms with the\u00a0acquisition of Addax\u00a0in 2010, giving it a presence in the Nice region (Sophia Antipolis), Aix-Marseille and Monaco. Subsequently, the\u00a0acquisition of Empeiria\u00a0in early 2012 provided coverage of the Lille region.<\/p>\r\n<!-- \/wp:paragraph -->\r\n\r\n<!-- wp:paragraph -->\r\n<p>Meanwhile, the software offering expanded by involvement in the\u00a0creation of Archive Data Software, opening up a new channel of distribution for\u00a0<a href=\"http:\/\/www.arcsys-software.fr\/\" target=\"_blank\" rel=\"noreferrer noopener\">Arcsys<\/a>\u00a0archiving software. Acquisition of the German company\u00a0<a href=\"https:\/\/insoft-software.com\/en\/home\/\" target=\"_blank\" rel=\"noreferrer noopener\"><u>Insoft Software GmbH<\/u><\/a>\u00a0took place in June 2011, completing this offering.<\/p>\r\n<!-- \/wp:paragraph -->\r\n\r\n<!-- wp:heading {\"level\":3} -->\r\n<h3>Performance Plan 2016 \/\u00a02013 \u2013 present<\/h3>\r\n<!-- \/wp:heading -->\r\n\r\n<!-- wp:paragraph -->\r\n<p>The Infotel Group is continuing its expansion by\u00a0pursuing a key account growth strategy accompanied by IT services focused on mobility. The company has also helped key accounts in\u00a0managing big data\u00a0and has increased the size of its international business.<\/p>\r\n<!-- \/wp:paragraph -->\r\n\r\n<!-- wp:spacer {\"height\":\"10px\"} -->\r\n<div style=\"height:10px\" aria-hidden=\"true\" class=\"wp-block-spacer\"><\/div>\r\n<!-- \/wp:spacer -->","_et_gb_content_width":"","footnotes":""},"class_list":["post-24005","page","type-page","status-publish","hentry"],"yoast_head":"<!-- This site is optimized with the Yoast SEO plugin v27.1.1 - https:\/\/yoast.com\/product\/yoast-seo-wordpress\/ -->\n<title>Insoft Infotel | Experts in mainframe performance and optimization<\/title>\n<meta name=\"description\" content=\"Insoft Infotel helps customers thrive in the digital age with smart software solutions that optimize and improve z\/OS usage and costs.\" \/>\n<meta name=\"robots\" content=\"index, follow, max-snippet:-1, max-image-preview:large, max-video-preview:-1\" \/>\n<link rel=\"canonical\" href=\"https:\/\/infotel-software.com\/fr\/remerciement\/\" \/>\n<meta property=\"og:locale\" content=\"fr_FR\" \/>\n<meta property=\"og:type\" content=\"article\" \/>\n<meta property=\"og:title\" content=\"Insoft Infotel | Experts in mainframe performance and optimization\" \/>\n<meta property=\"og:description\" content=\"Insoft Infotel helps customers thrive in the digital age with smart software solutions that optimize and improve z\/OS usage and costs.\" \/>\n<meta property=\"og:url\" content=\"https:\/\/infotel-software.com\/fr\/remerciement\/\" \/>\n<meta property=\"og:site_name\" content=\"Infotel Software\" \/>\n<meta property=\"article:modified_time\" content=\"2025-07-10T13:33:01+00:00\" \/>\n<meta name=\"twitter:card\" content=\"summary_large_image\" \/>\n<meta name=\"twitter:label1\" content=\"Dur\u00e9e de lecture estim\u00e9e\" \/>\n\t<meta name=\"twitter:data1\" content=\"2 minutes\" \/>\n<script type=\"application\/ld+json\" class=\"yoast-schema-graph\">{\"@context\":\"https:\/\/schema.org\",\"@graph\":[{\"@type\":\"WebPage\",\"@id\":\"https:\/\/infotel-software.com\/fr\/remerciement\/\",\"url\":\"https:\/\/infotel-software.com\/fr\/remerciement\/\",\"name\":\"Insoft Infotel | Experts in mainframe performance and optimization\",\"isPartOf\":{\"@id\":\"https:\/\/infotel-software.com\/fr\/#website\"},\"datePublished\":\"2024-09-27T14:02:48+00:00\",\"dateModified\":\"2025-07-10T13:33:01+00:00\",\"description\":\"Insoft Infotel helps customers thrive in the digital age with smart software solutions that optimize and improve z\/OS usage and costs.\",\"breadcrumb\":{\"@id\":\"https:\/\/infotel-software.com\/fr\/remerciement\/#breadcrumb\"},\"inLanguage\":\"fr-FR\",\"potentialAction\":[{\"@type\":\"ReadAction\",\"target\":[\"https:\/\/infotel-software.com\/fr\/remerciement\/\"]}]},{\"@type\":\"BreadcrumbList\",\"@id\":\"https:\/\/infotel-software.com\/fr\/remerciement\/#breadcrumb\",\"itemListElement\":[{\"@type\":\"ListItem\",\"position\":1,\"name\":\"Home\",\"item\":\"https:\/\/infotel-software.com\/fr\/\"},{\"@type\":\"ListItem\",\"position\":2,\"name\":\"Remerciement\"}]},{\"@type\":\"WebSite\",\"@id\":\"https:\/\/infotel-software.com\/fr\/#website\",\"url\":\"https:\/\/infotel-software.com\/fr\/\",\"name\":\"Insoft Infotel\",\"description\":\"Maximize Performance, Optimize Costs\",\"publisher\":{\"@id\":\"https:\/\/infotel-software.com\/fr\/#organization\"},\"potentialAction\":[{\"@type\":\"SearchAction\",\"target\":{\"@type\":\"EntryPoint\",\"urlTemplate\":\"https:\/\/infotel-software.com\/fr\/?s={search_term_string}\"},\"query-input\":{\"@type\":\"PropertyValueSpecification\",\"valueRequired\":true,\"valueName\":\"search_term_string\"}}],\"inLanguage\":\"fr-FR\"},{\"@type\":\"Organization\",\"@id\":\"https:\/\/infotel-software.com\/fr\/#organization\",\"name\":\"Insoft Infotel\",\"url\":\"https:\/\/infotel-software.com\/fr\/\",\"logo\":{\"@type\":\"ImageObject\",\"inLanguage\":\"fr-FR\",\"@id\":\"https:\/\/infotel-software.com\/fr\/#\/schema\/logo\/image\/\",\"url\":\"https:\/\/infotel-software.com\/wp-content\/uploads\/2024\/06\/logo-insoft-infotel-1.png\",\"contentUrl\":\"https:\/\/infotel-software.com\/wp-content\/uploads\/2024\/06\/logo-insoft-infotel-1.png\",\"width\":1278,\"height\":358,\"caption\":\"Insoft Infotel\"},\"image\":{\"@id\":\"https:\/\/infotel-software.com\/fr\/#\/schema\/logo\/image\/\"}}]}<\/script>\n<!-- \/ Yoast SEO plugin. -->","yoast_head_json":{"title":"Insoft Infotel | Experts in mainframe performance and optimization","description":"Insoft Infotel helps customers thrive in the digital age with smart software solutions that optimize and improve z\/OS usage and costs.","robots":{"index":"index","follow":"follow","max-snippet":"max-snippet:-1","max-image-preview":"max-image-preview:large","max-video-preview":"max-video-preview:-1"},"canonical":"https:\/\/infotel-software.com\/fr\/remerciement\/","og_locale":"fr_FR","og_type":"article","og_title":"Insoft Infotel | Experts in mainframe performance and optimization","og_description":"Insoft Infotel helps customers thrive in the digital age with smart software solutions that optimize and improve z\/OS usage and costs.","og_url":"https:\/\/infotel-software.com\/fr\/remerciement\/","og_site_name":"Infotel Software","article_modified_time":"2025-07-10T13:33:01+00:00","twitter_card":"summary_large_image","twitter_misc":{"Dur\u00e9e de lecture estim\u00e9e":"2 minutes"},"schema":{"@context":"https:\/\/schema.org","@graph":[{"@type":"WebPage","@id":"https:\/\/infotel-software.com\/fr\/remerciement\/","url":"https:\/\/infotel-software.com\/fr\/remerciement\/","name":"Insoft Infotel | Experts in mainframe performance and optimization","isPartOf":{"@id":"https:\/\/infotel-software.com\/fr\/#website"},"datePublished":"2024-09-27T14:02:48+00:00","dateModified":"2025-07-10T13:33:01+00:00","description":"Insoft Infotel helps customers thrive in the digital age with smart software solutions that optimize and improve z\/OS usage and costs.","breadcrumb":{"@id":"https:\/\/infotel-software.com\/fr\/remerciement\/#breadcrumb"},"inLanguage":"fr-FR","potentialAction":[{"@type":"ReadAction","target":["https:\/\/infotel-software.com\/fr\/remerciement\/"]}]},{"@type":"BreadcrumbList","@id":"https:\/\/infotel-software.com\/fr\/remerciement\/#breadcrumb","itemListElement":[{"@type":"ListItem","position":1,"name":"Home","item":"https:\/\/infotel-software.com\/fr\/"},{"@type":"ListItem","position":2,"name":"Remerciement"}]},{"@type":"WebSite","@id":"https:\/\/infotel-software.com\/fr\/#website","url":"https:\/\/infotel-software.com\/fr\/","name":"Insoft Infotel","description":"Maximize Performance, Optimize Costs","publisher":{"@id":"https:\/\/infotel-software.com\/fr\/#organization"},"potentialAction":[{"@type":"SearchAction","target":{"@type":"EntryPoint","urlTemplate":"https:\/\/infotel-software.com\/fr\/?s={search_term_string}"},"query-input":{"@type":"PropertyValueSpecification","valueRequired":true,"valueName":"search_term_string"}}],"inLanguage":"fr-FR"},{"@type":"Organization","@id":"https:\/\/infotel-software.com\/fr\/#organization","name":"Insoft Infotel","url":"https:\/\/infotel-software.com\/fr\/","logo":{"@type":"ImageObject","inLanguage":"fr-FR","@id":"https:\/\/infotel-software.com\/fr\/#\/schema\/logo\/image\/","url":"https:\/\/infotel-software.com\/wp-content\/uploads\/2024\/06\/logo-insoft-infotel-1.png","contentUrl":"https:\/\/infotel-software.com\/wp-content\/uploads\/2024\/06\/logo-insoft-infotel-1.png","width":1278,"height":358,"caption":"Insoft Infotel"},"image":{"@id":"https:\/\/infotel-software.com\/fr\/#\/schema\/logo\/image\/"}}]}},"_links":{"self":[{"href":"https:\/\/infotel-software.com\/fr\/wp-json\/wp\/v2\/pages\/24005","targetHints":{"allow":["GET"]}}],"collection":[{"href":"https:\/\/infotel-software.com\/fr\/wp-json\/wp\/v2\/pages"}],"about":[{"href":"https:\/\/infotel-software.com\/fr\/wp-json\/wp\/v2\/types\/page"}],"author":[{"embeddable":true,"href":"https:\/\/infotel-software.com\/fr\/wp-json\/wp\/v2\/users\/34"}],"replies":[{"embeddable":true,"href":"https:\/\/infotel-software.com\/fr\/wp-json\/wp\/v2\/comments?post=24005"}],"version-history":[{"count":3,"href":"https:\/\/infotel-software.com\/fr\/wp-json\/wp\/v2\/pages\/24005\/revisions"}],"predecessor-version":[{"id":24015,"href":"https:\/\/infotel-software.com\/fr\/wp-json\/wp\/v2\/pages\/24005\/revisions\/24015"}],"wp:attachment":[{"href":"https:\/\/infotel-software.com\/fr\/wp-json\/wp\/v2\/media?parent=24005"}],"curies":[{"name":"wp","href":"https:\/\/api.w.org\/{rel}","templated":true}]}}