{"id":24630,"date":"2025-04-28T16:16:05","date_gmt":"2025-04-28T14:16:05","guid":{"rendered":"https:\/\/infotel-software.com\/download-aipg\/"},"modified":"2025-09-18T15:47:27","modified_gmt":"2025-09-18T13:47:27","slug":"telecharger-aipg","status":"publish","type":"page","link":"https:\/\/infotel-software.com\/fr\/telecharger-aipg\/","title":{"rendered":"T\u00e9l\u00e9charger AIPG"},"content":{"rendered":"<p>[et_pb_section fb_built=\u00a0\u00bb1&Prime; _builder_version=\u00a0\u00bb4.22.2&Prime; _module_preset=\u00a0\u00bbdefault\u00a0\u00bb background_color=\u00a0\u00bb#3f3f3f\u00a0\u00bb background_image=\u00a0\u00bbhttps:\/\/infotel-software.com\/wp-content\/uploads\/2022\/11\/bigstock-Concepts-Rules-And-Policies-C-461916787.jpg\u00a0\u00bb background_blend=\u00a0\u00bboverlay\u00a0\u00bb da_disable_devices=\u00a0\u00bboff|off|off\u00a0\u00bb global_colors_info=\u00a0\u00bb{}\u00a0\u00bb da_is_popup=\u00a0\u00bboff\u00a0\u00bb da_exit_intent=\u00a0\u00bboff\u00a0\u00bb da_has_close=\u00a0\u00bbon\u00a0\u00bb da_alt_close=\u00a0\u00bboff\u00a0\u00bb da_dark_close=\u00a0\u00bboff\u00a0\u00bb da_not_modal=\u00a0\u00bbon\u00a0\u00bb da_is_singular=\u00a0\u00bboff\u00a0\u00bb da_with_loader=\u00a0\u00bboff\u00a0\u00bb da_has_shadow=\u00a0\u00bbon\u00a0\u00bb][et_pb_row _builder_version=\u00a0\u00bb4.22.2&Prime; _module_preset=\u00a0\u00bbdefault\u00a0\u00bb global_colors_info=\u00a0\u00bb{}\u00a0\u00bb][et_pb_column type=\u00a0\u00bb4_4&Prime; _builder_version=\u00a0\u00bb4.22.2&Prime; _module_preset=\u00a0\u00bbdefault\u00a0\u00bb global_colors_info=\u00a0\u00bb{}\u00a0\u00bb][et_pb_text admin_label=\u00a0\u00bbText above form\u00a0\u00bb _builder_version=\u00a0\u00bb4.27.4&Prime; _module_preset=\u00a0\u00bbdefault\u00a0\u00bb text_text_color=\u00a0\u00bb#FFFFFF\u00a0\u00bb text_font_size=\u00a0\u00bb16px\u00a0\u00bb header_text_color=\u00a0\u00bb#ffffff\u00a0\u00bb header_font_size=\u00a0\u00bb2em\u00a0\u00bb header_2_text_color=\u00a0\u00bb#FFFFFF\u00a0\u00bb header_2_font_size=\u00a0\u00bb50px\u00a0\u00bb header_4_text_color=\u00a0\u00bb#FFFFFF\u00a0\u00bb background_color=\u00a0\u00bbRGBA(255,255,255,0)\u00a0\u00bb module_alignment=\u00a0\u00bbcenter\u00a0\u00bb custom_margin=\u00a0\u00bb0px||0px||true|false\u00a0\u00bb custom_padding=\u00a0\u00bb2%|0px|2%|0px|true|true\u00a0\u00bb hover_enabled=\u00a0\u00bb0&Prime; text_text_shadow_style=\u00a0\u00bbpreset5&Prime; text_text_shadow_horizontal_length=\u00a0\u00bb0.04em\u00a0\u00bb text_text_shadow_vertical_length=\u00a0\u00bb0.04em\u00a0\u00bb text_text_shadow_blur_strength=\u00a0\u00bb0.01em\u00a0\u00bb text_text_shadow_color=\u00a0\u00bb#000000&Prime; header_text_shadow_style=\u00a0\u00bbpreset5&Prime; header_text_shadow_horizontal_length=\u00a0\u00bb0.05em\u00a0\u00bb header_text_shadow_vertical_length=\u00a0\u00bb0.05em\u00a0\u00bb header_text_shadow_blur_strength=\u00a0\u00bb0.03em\u00a0\u00bb header_text_shadow_color=\u00a0\u00bb#000000&Prime; header_2_text_shadow_style=\u00a0\u00bbpreset2&Prime; header_2_text_shadow_horizontal_length=\u00a0\u00bb0.05em\u00a0\u00bb header_2_text_shadow_vertical_length=\u00a0\u00bb0.05em\u00a0\u00bb header_2_text_shadow_blur_strength=\u00a0\u00bb0.03em\u00a0\u00bb header_2_text_shadow_color=\u00a0\u00bb#000000&Prime; border_radii=\u00a0\u00bbon|1%|1%|1%|1%\u00a0\u00bb global_colors_info=\u00a0\u00bb{}\u00a0\u00bb sticky_enabled=\u00a0\u00bb0&Prime;]<\/p>\n<h2 class=\"wp-block-heading\" style=\"text-align: center;\"><strong>T\u00e9l\u00e9charger\u200b AIPG<\/strong><\/h2>\n<h2>\u00a0<\/h2>\n<p class=\"wp-block-heading\"><strong>Une p\u00e9riode d&rsquo;essai gratuite de 30 jours est incluse avec votre installation !<\/strong><\/p>\n<p>Apr\u00e8s avoir soumis ce formulaire, vous recevrez un e-mail contenant le lien de t\u00e9l\u00e9chargement pour AIPG et sa documentation. Vous recevrez ensuite un deuxi\u00e8me e-mail contenant une licence d&rsquo;essai de 30 jours.<\/p>\n<p>Apr\u00e8s la p\u00e9riode d&rsquo;essai gratuite de 30 jours, vous devrez souscrire \u00e0 la licence pour continuer \u00e0 utiliser AIPG. Veuillez contacter notre \u00e9quipe commerciale pour plus d&rsquo;informations.<\/p>\n<p>[\/et_pb_text][\/et_pb_column][\/et_pb_row][et_pb_row _builder_version=\u00a0\u00bb4.27.4&Prime; _module_preset=\u00a0\u00bbdefault\u00a0\u00bb background_enable_color=\u00a0\u00bboff\u00a0\u00bb width=\u00a0\u00bb70%\u00a0\u00bb width_tablet=\u00a0\u00bb50%\u00a0\u00bb width_phone=\u00a0\u00bb75%\u00a0\u00bb width_last_edited=\u00a0\u00bbon|phone\u00a0\u00bb module_alignment=\u00a0\u00bbcenter\u00a0\u00bb custom_padding=\u00a0\u00bb0%|0%|0%|0%|true|true\u00a0\u00bb border_radii=\u00a0\u00bbon|0.75%|0.75%|0.75%|0.75%\u00a0\u00bb global_colors_info=\u00a0\u00bb{}\u00a0\u00bb][et_pb_column type=\u00a0\u00bb4_4&Prime; _builder_version=\u00a0\u00bb4.22.1&Prime; _module_preset=\u00a0\u00bbdefault\u00a0\u00bb global_colors_info=\u00a0\u00bb{}\u00a0\u00bb][et_pb_code admin_label=\u00a0\u00bbFormulaire\u00a0\u00bb _builder_version=\u00a0\u00bb4.27.4&Prime; _module_preset=\u00a0\u00bbdefault\u00a0\u00bb background_color=\u00a0\u00bbRGBA(255,255,255,0)\u00a0\u00bb module_alignment=\u00a0\u00bbcenter\u00a0\u00bb custom_margin=\u00a0\u00bb0px|0px||0px|false|true\u00a0\u00bb custom_padding=\u00a0\u00bb1%|1%|1%|1%|true|true\u00a0\u00bb border_radii=\u00a0\u00bboff||0%|0.75%|0.75%\u00a0\u00bb global_colors_info=\u00a0\u00bb{}\u00a0\u00bb]                        <!-- [et_pb_line_break_holder] --><!-- SharpSpring Form for Infotel Software EN - AIPG  Download form  --><!-- [et_pb_line_break_holder] --><script type=\"text\/javascript\"><!-- [et_pb_line_break_holder] -->    var ss_form = {'account': 'MzawMDEztzQwAAA', 'formID': 'SzE3MDdLM0vRNbdMMtQ1MbEw17VMNjLVTUo0TTRMNDZJNE0yAQA'};<!-- [et_pb_line_break_holder] -->    ss_form.width = '100%';<!-- [et_pb_line_break_holder] -->    ss_form.domain = 'app-3QNEK9I8Q4.marketingautomation.services';<!-- [et_pb_line_break_holder] -->    \/\/ ss_form.hidden = {'field_id': 'value'}; \/\/ Modify this for sending hidden variables, or overriding values<!-- [et_pb_line_break_holder] -->    \/\/ ss_form.target_id = 'target'; \/\/ Optional parameter: forms will be placed inside the element with the specified id<!-- [et_pb_line_break_holder] -->    \/\/ ss_form.polling = true; \/\/ Optional parameter: set to true ONLY if your page loads dynamically and the id needs to be polled continually.<!-- [et_pb_line_break_holder] --><\/script><!-- [et_pb_line_break_holder] --><script type=\"text\/javascript\" src=\"https:\/\/koi-3QNEK9I8Q4.marketingautomation.services\/client\/form.js?ver=2.0.1\"><\/script><!-- [et_pb_line_break_holder] -->                    [\/et_pb_code][\/et_pb_column][\/et_pb_row][\/et_pb_section]<\/p>\n","protected":false},"excerpt":{"rendered":"<p>T\u00e9l\u00e9charger\u200b AIPG \u00a0 Une p\u00e9riode d&rsquo;essai gratuite de 30 jours est incluse avec votre installation ! Apr\u00e8s avoir soumis ce formulaire, vous recevrez un e-mail contenant le lien de t\u00e9l\u00e9chargement pour AIPG et sa documentation. Vous recevrez ensuite un deuxi\u00e8me e-mail contenant une licence d&rsquo;essai de 30 jours. Apr\u00e8s la p\u00e9riode d&rsquo;essai gratuite de 30 [&hellip;]<\/p>\n","protected":false},"author":34,"featured_media":0,"parent":0,"menu_order":0,"comment_status":"closed","ping_status":"closed","template":"","meta":{"_et_pb_use_builder":"on","_et_pb_old_content":"","_et_gb_content_width":"","footnotes":""},"class_list":["post-24630","page","type-page","status-publish","hentry"],"yoast_head":"<!-- This site is optimized with the Yoast SEO plugin v27.1.1 - https:\/\/yoast.com\/product\/yoast-seo-wordpress\/ -->\n<title>T\u00e9l\u00e9charger AIPG - Infotel Software<\/title>\n<meta name=\"robots\" content=\"index, follow, max-snippet:-1, max-image-preview:large, max-video-preview:-1\" \/>\n<link rel=\"canonical\" href=\"https:\/\/infotel-software.com\/fr\/telecharger-aipg\/\" \/>\n<meta property=\"og:locale\" content=\"fr_FR\" \/>\n<meta property=\"og:type\" content=\"article\" \/>\n<meta property=\"og:title\" content=\"T\u00e9l\u00e9charger AIPG - Infotel Software\" \/>\n<meta property=\"og:description\" content=\"T\u00e9l\u00e9charger\u200b AIPG \u00a0 Une p\u00e9riode d&#039;essai gratuite de 30 jours est incluse avec votre installation ! Apr\u00e8s avoir soumis ce formulaire, vous recevrez un e-mail contenant le lien de t\u00e9l\u00e9chargement pour AIPG et sa documentation. Vous recevrez ensuite un deuxi\u00e8me e-mail contenant une licence d&#039;essai de 30 jours. Apr\u00e8s la p\u00e9riode d&#039;essai gratuite de 30 [&hellip;]\" \/>\n<meta property=\"og:url\" content=\"https:\/\/infotel-software.com\/fr\/telecharger-aipg\/\" \/>\n<meta property=\"og:site_name\" content=\"Infotel Software\" \/>\n<meta property=\"article:modified_time\" content=\"2025-09-18T13:47:27+00:00\" \/>\n<meta name=\"twitter:card\" content=\"summary_large_image\" \/>\n<meta name=\"twitter:label1\" content=\"Dur\u00e9e de lecture estim\u00e9e\" \/>\n\t<meta name=\"twitter:data1\" content=\"1 minute\" \/>\n<script type=\"application\/ld+json\" class=\"yoast-schema-graph\">{\"@context\":\"https:\/\/schema.org\",\"@graph\":[{\"@type\":\"WebPage\",\"@id\":\"https:\/\/infotel-software.com\/fr\/telecharger-aipg\/\",\"url\":\"https:\/\/infotel-software.com\/fr\/telecharger-aipg\/\",\"name\":\"T\u00e9l\u00e9charger AIPG - Infotel Software\",\"isPartOf\":{\"@id\":\"https:\/\/infotel-software.com\/fr\/#website\"},\"datePublished\":\"2025-04-28T14:16:05+00:00\",\"dateModified\":\"2025-09-18T13:47:27+00:00\",\"breadcrumb\":{\"@id\":\"https:\/\/infotel-software.com\/fr\/telecharger-aipg\/#breadcrumb\"},\"inLanguage\":\"fr-FR\",\"potentialAction\":[{\"@type\":\"ReadAction\",\"target\":[\"https:\/\/infotel-software.com\/fr\/telecharger-aipg\/\"]}]},{\"@type\":\"BreadcrumbList\",\"@id\":\"https:\/\/infotel-software.com\/fr\/telecharger-aipg\/#breadcrumb\",\"itemListElement\":[{\"@type\":\"ListItem\",\"position\":1,\"name\":\"Home\",\"item\":\"https:\/\/infotel-software.com\/fr\/\"},{\"@type\":\"ListItem\",\"position\":2,\"name\":\"T\u00e9l\u00e9charger AIPG\"}]},{\"@type\":\"WebSite\",\"@id\":\"https:\/\/infotel-software.com\/fr\/#website\",\"url\":\"https:\/\/infotel-software.com\/fr\/\",\"name\":\"Insoft Infotel\",\"description\":\"Maximize Performance, Optimize Costs\",\"publisher\":{\"@id\":\"https:\/\/infotel-software.com\/fr\/#organization\"},\"potentialAction\":[{\"@type\":\"SearchAction\",\"target\":{\"@type\":\"EntryPoint\",\"urlTemplate\":\"https:\/\/infotel-software.com\/fr\/?s={search_term_string}\"},\"query-input\":{\"@type\":\"PropertyValueSpecification\",\"valueRequired\":true,\"valueName\":\"search_term_string\"}}],\"inLanguage\":\"fr-FR\"},{\"@type\":\"Organization\",\"@id\":\"https:\/\/infotel-software.com\/fr\/#organization\",\"name\":\"Insoft Infotel\",\"url\":\"https:\/\/infotel-software.com\/fr\/\",\"logo\":{\"@type\":\"ImageObject\",\"inLanguage\":\"fr-FR\",\"@id\":\"https:\/\/infotel-software.com\/fr\/#\/schema\/logo\/image\/\",\"url\":\"https:\/\/infotel-software.com\/wp-content\/uploads\/2024\/06\/logo-insoft-infotel-1.png\",\"contentUrl\":\"https:\/\/infotel-software.com\/wp-content\/uploads\/2024\/06\/logo-insoft-infotel-1.png\",\"width\":1278,\"height\":358,\"caption\":\"Insoft Infotel\"},\"image\":{\"@id\":\"https:\/\/infotel-software.com\/fr\/#\/schema\/logo\/image\/\"}}]}<\/script>\n<!-- \/ Yoast SEO plugin. -->","yoast_head_json":{"title":"T\u00e9l\u00e9charger AIPG - Infotel Software","robots":{"index":"index","follow":"follow","max-snippet":"max-snippet:-1","max-image-preview":"max-image-preview:large","max-video-preview":"max-video-preview:-1"},"canonical":"https:\/\/infotel-software.com\/fr\/telecharger-aipg\/","og_locale":"fr_FR","og_type":"article","og_title":"T\u00e9l\u00e9charger AIPG - Infotel Software","og_description":"T\u00e9l\u00e9charger\u200b AIPG \u00a0 Une p\u00e9riode d'essai gratuite de 30 jours est incluse avec votre installation ! Apr\u00e8s avoir soumis ce formulaire, vous recevrez un e-mail contenant le lien de t\u00e9l\u00e9chargement pour AIPG et sa documentation. Vous recevrez ensuite un deuxi\u00e8me e-mail contenant une licence d'essai de 30 jours. Apr\u00e8s la p\u00e9riode d'essai gratuite de 30 [&hellip;]","og_url":"https:\/\/infotel-software.com\/fr\/telecharger-aipg\/","og_site_name":"Infotel Software","article_modified_time":"2025-09-18T13:47:27+00:00","twitter_card":"summary_large_image","twitter_misc":{"Dur\u00e9e de lecture estim\u00e9e":"1 minute"},"schema":{"@context":"https:\/\/schema.org","@graph":[{"@type":"WebPage","@id":"https:\/\/infotel-software.com\/fr\/telecharger-aipg\/","url":"https:\/\/infotel-software.com\/fr\/telecharger-aipg\/","name":"T\u00e9l\u00e9charger AIPG - Infotel Software","isPartOf":{"@id":"https:\/\/infotel-software.com\/fr\/#website"},"datePublished":"2025-04-28T14:16:05+00:00","dateModified":"2025-09-18T13:47:27+00:00","breadcrumb":{"@id":"https:\/\/infotel-software.com\/fr\/telecharger-aipg\/#breadcrumb"},"inLanguage":"fr-FR","potentialAction":[{"@type":"ReadAction","target":["https:\/\/infotel-software.com\/fr\/telecharger-aipg\/"]}]},{"@type":"BreadcrumbList","@id":"https:\/\/infotel-software.com\/fr\/telecharger-aipg\/#breadcrumb","itemListElement":[{"@type":"ListItem","position":1,"name":"Home","item":"https:\/\/infotel-software.com\/fr\/"},{"@type":"ListItem","position":2,"name":"T\u00e9l\u00e9charger AIPG"}]},{"@type":"WebSite","@id":"https:\/\/infotel-software.com\/fr\/#website","url":"https:\/\/infotel-software.com\/fr\/","name":"Insoft Infotel","description":"Maximize Performance, Optimize Costs","publisher":{"@id":"https:\/\/infotel-software.com\/fr\/#organization"},"potentialAction":[{"@type":"SearchAction","target":{"@type":"EntryPoint","urlTemplate":"https:\/\/infotel-software.com\/fr\/?s={search_term_string}"},"query-input":{"@type":"PropertyValueSpecification","valueRequired":true,"valueName":"search_term_string"}}],"inLanguage":"fr-FR"},{"@type":"Organization","@id":"https:\/\/infotel-software.com\/fr\/#organization","name":"Insoft Infotel","url":"https:\/\/infotel-software.com\/fr\/","logo":{"@type":"ImageObject","inLanguage":"fr-FR","@id":"https:\/\/infotel-software.com\/fr\/#\/schema\/logo\/image\/","url":"https:\/\/infotel-software.com\/wp-content\/uploads\/2024\/06\/logo-insoft-infotel-1.png","contentUrl":"https:\/\/infotel-software.com\/wp-content\/uploads\/2024\/06\/logo-insoft-infotel-1.png","width":1278,"height":358,"caption":"Insoft Infotel"},"image":{"@id":"https:\/\/infotel-software.com\/fr\/#\/schema\/logo\/image\/"}}]}},"_links":{"self":[{"href":"https:\/\/infotel-software.com\/fr\/wp-json\/wp\/v2\/pages\/24630","targetHints":{"allow":["GET"]}}],"collection":[{"href":"https:\/\/infotel-software.com\/fr\/wp-json\/wp\/v2\/pages"}],"about":[{"href":"https:\/\/infotel-software.com\/fr\/wp-json\/wp\/v2\/types\/page"}],"author":[{"embeddable":true,"href":"https:\/\/infotel-software.com\/fr\/wp-json\/wp\/v2\/users\/34"}],"replies":[{"embeddable":true,"href":"https:\/\/infotel-software.com\/fr\/wp-json\/wp\/v2\/comments?post=24630"}],"version-history":[{"count":2,"href":"https:\/\/infotel-software.com\/fr\/wp-json\/wp\/v2\/pages\/24630\/revisions"}],"predecessor-version":[{"id":24637,"href":"https:\/\/infotel-software.com\/fr\/wp-json\/wp\/v2\/pages\/24630\/revisions\/24637"}],"wp:attachment":[{"href":"https:\/\/infotel-software.com\/fr\/wp-json\/wp\/v2\/media?parent=24630"}],"curies":[{"name":"wp","href":"https:\/\/api.w.org\/{rel}","templated":true}]}}