{"id":26451,"date":"2026-02-17T14:12:21","date_gmt":"2026-02-17T13:12:21","guid":{"rendered":"https:\/\/infotel-software.com\/?page_id=26451"},"modified":"2026-02-17T14:13:20","modified_gmt":"2026-02-17T13:13:20","slug":"db-iq-quality-assurance","status":"publish","type":"page","link":"https:\/\/infotel-software.com\/fr\/db-iq-quality-assurance\/","title":{"rendered":"DB\/IQ QA+"},"content":{"rendered":"<p>[et_pb_section fb_built=\u00a0\u00bb1&Prime; fullwidth=\u00a0\u00bbon\u00a0\u00bb admin_label=\u00a0\u00bbBanni\u00e8re\u00a0\u00bb _builder_version=\u00a0\u00bb4.17.4&Prime; _module_preset=\u00a0\u00bbdefault\u00a0\u00bb da_disable_devices=\u00a0\u00bboff|off|off\u00a0\u00bb locked=\u00a0\u00bboff\u00a0\u00bb collapsed=\u00a0\u00bboff\u00a0\u00bb global_colors_info=\u00a0\u00bb{}\u00a0\u00bb da_is_popup=\u00a0\u00bboff\u00a0\u00bb da_exit_intent=\u00a0\u00bboff\u00a0\u00bb da_has_close=\u00a0\u00bbon\u00a0\u00bb da_alt_close=\u00a0\u00bboff\u00a0\u00bb da_dark_close=\u00a0\u00bboff\u00a0\u00bb da_not_modal=\u00a0\u00bbon\u00a0\u00bb da_is_singular=\u00a0\u00bboff\u00a0\u00bb da_with_loader=\u00a0\u00bboff\u00a0\u00bb da_has_shadow=\u00a0\u00bbon\u00a0\u00bb][et_pb_fullwidth_slider _builder_version=\u00a0\u00bb4.27.4&Prime; _module_preset=\u00a0\u00bbdefault\u00a0\u00bb header_level=\u00a0\u00bbh1&Prime; header_font_size=\u00a0\u00bb60px\u00a0\u00bb background_enable_color=\u00a0\u00bboff\u00a0\u00bb global_colors_info=\u00a0\u00bb{}\u00a0\u00bb][et_pb_slide heading=\u00a0\u00bbDB\/IQ QA+\u00a0\u00bb use_bg_overlay=\u00a0\u00bbon\u00a0\u00bb use_text_overlay=\u00a0\u00bboff\u00a0\u00bb _builder_version=\u00a0\u00bb4.27.4&Prime; _module_preset=\u00a0\u00bbdefault\u00a0\u00bb header_font=\u00a0\u00bbArial|700|||||||\u00a0\u00bb header_font_size=\u00a0\u00bb40px\u00a0\u00bb background_enable_color=\u00a0\u00bboff\u00a0\u00bb use_background_color_gradient=\u00a0\u00bbon\u00a0\u00bb background_color_gradient_type=\u00a0\u00bbcircular\u00a0\u00bb background_color_gradient_stops=\u00a0\u00bb#2ea3f2 30%|#004f91 100%\u00a0\u00bb background_enable_image=\u00a0\u00bboff\u00a0\u00bb header_font_size_tablet=\u00a0\u00bb40px\u00a0\u00bb header_font_size_phone=\u00a0\u00bb24px\u00a0\u00bb header_font_size_last_edited=\u00a0\u00bbon|phone\u00a0\u00bb custom_css_free_form=\u00a0\u00bb.et_pb_bg_layout_dark.et_pb_slider_with_overlay .et_pb_slide_overlay_container, .et_pb_bg_layout_dark.et_pb_slider_with_text_overlay .et_pb_text_overlay_wrapper {||    background-color: rgba(0, 0, 0, 0)!important;||}\u00a0\u00bb global_colors_info=\u00a0\u00bb{}\u00a0\u00bb sticky_transition=\u00a0\u00bbon\u00a0\u00bb][\/et_pb_slide][\/et_pb_fullwidth_slider][\/et_pb_section][et_pb_section fb_built=\u00a0\u00bb1&Prime; fullwidth=\u00a0\u00bbon\u00a0\u00bb admin_label=\u00a0\u00bbBloc texte \/ Image 1&Prime; _builder_version=\u00a0\u00bb4.27.4&Prime; _module_preset=\u00a0\u00bbdefault\u00a0\u00bb da_disable_devices=\u00a0\u00bboff|off|off\u00a0\u00bb locked=\u00a0\u00bboff\u00a0\u00bb collapsed=\u00a0\u00bboff\u00a0\u00bb global_colors_info=\u00a0\u00bb{}\u00a0\u00bb da_is_popup=\u00a0\u00bboff\u00a0\u00bb da_exit_intent=\u00a0\u00bboff\u00a0\u00bb da_has_close=\u00a0\u00bbon\u00a0\u00bb da_alt_close=\u00a0\u00bboff\u00a0\u00bb da_dark_close=\u00a0\u00bboff\u00a0\u00bb da_not_modal=\u00a0\u00bbon\u00a0\u00bb da_is_singular=\u00a0\u00bboff\u00a0\u00bb da_with_loader=\u00a0\u00bboff\u00a0\u00bb da_has_shadow=\u00a0\u00bbon\u00a0\u00bb][et_pb_fullwidth_header title=\u00a0\u00bbDB\/IQ QA+\u00a0\u00bb text_orientation=\u00a0\u00bbright\u00a0\u00bb button_one_text=\u00a0\u00bbDemander une d\u00e9mo\u00a0\u00bb button_one_url=\u00a0\u00bbhttps:\/\/infotel-software.com\/fr\/demo\/\u00a0\u00bb header_image_url=\u00a0\u00bbhttps:\/\/infotel-software.com\/wp-content\/uploads\/2024\/11\/Page-DBIQ-QA-1.png\u00a0\u00bb _builder_version=\u00a0\u00bb4.27.4&Prime; _module_preset=\u00a0\u00bbdefault\u00a0\u00bb title_level=\u00a0\u00bbh3&Prime; title_text_align=\u00a0\u00bbleft\u00a0\u00bb title_text_color=\u00a0\u00bb#2ea3f2&Prime; content_text_color=\u00a0\u00bb#000000&Prime; background_enable_color=\u00a0\u00bboff\u00a0\u00bb custom_button_one=\u00a0\u00bbon\u00a0\u00bb button_one_text_color=\u00a0\u00bb#FFFFFF\u00a0\u00bb button_one_bg_color=\u00a0\u00bb#2ea3f2&Prime; custom_padding_tablet=\u00a0\u00bb\u00a0\u00bb custom_padding_phone=\u00a0\u00bb0px||||false|false\u00a0\u00bb custom_padding_last_edited=\u00a0\u00bbon|phone\u00a0\u00bb link_option_url_new_window=\u00a0\u00bbon\u00a0\u00bb custom_css_free_form=\u00a0\u00bb.et_pb_bg_layout_dark h3 {||    text-align: left;||}||||.et_pb_fullwidth_header .et_pb_fullwidth_header_container .header-content a.et_pb_button {||    background-color:  #2ea3f2 !important;||    color: white !important;||}||||.et_pb_fullwidth_header .et_pb_fullwidth_header_container.right .header-content {||    text-align: left !important;||}\u00a0\u00bb global_colors_info=\u00a0\u00bb{}\u00a0\u00bb]<\/p>\n<div class=\"et_pb_module et_pb_text et_pb_text_2  et_pb_text_align_left et_pb_bg_layout_light\">\n<div class=\"et_pb_text_inner\">\n<p data-start=\"62\" data-end=\"457\"><span data-teams=\"true\"><strong>DB\/IQ QA+<\/strong> est un module de la suite DB\/IQ d\u00e9di\u00e9 \u00e0 l\u2019optimisation et \u00e0 la <strong>stabilisation des requ\u00eates SQL dynamiques<\/strong> Db2 for z\/OS. Il permet d\u2019exploiter le <strong>cache dynamique Db2<\/strong> (statistiques d\u2019ex\u00e9cution, fr\u00e9quence, consommation) pour identifier les requ\u00eates candidates et <strong>figer leurs plans d\u2019acc\u00e8s<\/strong> afin d\u2019obtenir des performances plus pr\u00e9visibles dans le temps.<\/span><\/p>\n<\/div>\n<\/div>\n<p>[\/et_pb_fullwidth_header][\/et_pb_section][et_pb_section fb_built=\u00a0\u00bb1&Prime; fullwidth=\u00a0\u00bbon\u00a0\u00bb admin_label=\u00a0\u00bbBloc texte \/ Image 2&Prime; _builder_version=\u00a0\u00bb4.27.0&Prime; _module_preset=\u00a0\u00bbdefault\u00a0\u00bb da_disable_devices=\u00a0\u00bboff|off|off\u00a0\u00bb locked=\u00a0\u00bboff\u00a0\u00bb collapsed=\u00a0\u00bboff\u00a0\u00bb global_colors_info=\u00a0\u00bb{}\u00a0\u00bb da_is_popup=\u00a0\u00bboff\u00a0\u00bb da_exit_intent=\u00a0\u00bboff\u00a0\u00bb da_has_close=\u00a0\u00bbon\u00a0\u00bb da_alt_close=\u00a0\u00bboff\u00a0\u00bb da_dark_close=\u00a0\u00bboff\u00a0\u00bb da_not_modal=\u00a0\u00bbon\u00a0\u00bb da_is_singular=\u00a0\u00bboff\u00a0\u00bb da_with_loader=\u00a0\u00bboff\u00a0\u00bb da_has_shadow=\u00a0\u00bbon\u00a0\u00bb][et_pb_fullwidth_header title=\u00a0\u00bbLes fonctionnalit\u00e9s cl\u00e9s de DB\/IQ QA+ :\u00a0\u00bb button_one_text=\u00a0\u00bbDemander une d\u00e9mo\u00a0\u00bb button_one_url=\u00a0\u00bbhttps:\/\/infotel-software.com\/fr\/demo\/\u00a0\u00bb header_image_url=\u00a0\u00bbhttps:\/\/infotel-software.com\/wp-content\/uploads\/2025\/03\/Page-DBIQ-QA-7.png\u00a0\u00bb _builder_version=\u00a0\u00bb4.27.4&Prime; _module_preset=\u00a0\u00bbdefault\u00a0\u00bb title_level=\u00a0\u00bbh3&Prime; title_text_color=\u00a0\u00bb#2ea3f2&Prime; content_text_color=\u00a0\u00bb#000000&Prime; background_enable_color=\u00a0\u00bboff\u00a0\u00bb custom_button_one=\u00a0\u00bbon\u00a0\u00bb button_one_text_color=\u00a0\u00bb#FFFFFF\u00a0\u00bb button_one_bg_color=\u00a0\u00bb#2ea3f2&Prime; link_option_url_new_window=\u00a0\u00bbon\u00a0\u00bb global_colors_info=\u00a0\u00bb{}\u00a0\u00bb]<\/p>\n<ul>\n<li><strong>Exploration du cache Db2<\/strong> : acc\u00e8s aux requ\u00eates dynamiques et \u00e0 leurs statistiques d\u2019ex\u00e9cution<\/li>\n<li><strong>Identification des meilleures candidates<\/strong> \u00e0 la stabilisation (requ\u00eates fr\u00e9quentes, co\u00fbteuses, sensibles aux variations)<\/li>\n<li><strong>S\u00e9lection guid\u00e9e<\/strong> des requ\u00eates \u00e0 stabiliser via une interface simple et intuitive<\/li>\n<li><strong>Stabilisation des requ\u00eates<\/strong> pour ma\u00eetriser le plan d\u2019ex\u00e9cution et limiter les d\u00e9rives de performance<\/li>\n<li><strong>Pilotage par le DBA<\/strong> : contr\u00f4le et s\u00e9curisation des actions avant mise en \u0153uvre<\/li>\n<\/ul>\n<p>[\/et_pb_fullwidth_header][\/et_pb_section][et_pb_section fb_built=\u00a0\u00bb1&Prime; fullwidth=\u00a0\u00bbon\u00a0\u00bb admin_label=\u00a0\u00bbBloc texte \/ Image 3&Prime; _builder_version=\u00a0\u00bb4.27.4&Prime; _module_preset=\u00a0\u00bbdefault\u00a0\u00bb da_disable_devices=\u00a0\u00bboff|off|off\u00a0\u00bb locked=\u00a0\u00bboff\u00a0\u00bb collapsed=\u00a0\u00bboff\u00a0\u00bb global_colors_info=\u00a0\u00bb{}\u00a0\u00bb da_is_popup=\u00a0\u00bboff\u00a0\u00bb da_exit_intent=\u00a0\u00bboff\u00a0\u00bb da_has_close=\u00a0\u00bbon\u00a0\u00bb da_alt_close=\u00a0\u00bboff\u00a0\u00bb da_dark_close=\u00a0\u00bboff\u00a0\u00bb da_not_modal=\u00a0\u00bbon\u00a0\u00bb da_is_singular=\u00a0\u00bboff\u00a0\u00bb da_with_loader=\u00a0\u00bboff\u00a0\u00bb da_has_shadow=\u00a0\u00bbon\u00a0\u00bb][et_pb_fullwidth_header title=\u00a0\u00bbQuel probl\u00e8me cela r\u00e9sout ?\u00a0\u00bb text_orientation=\u00a0\u00bbright\u00a0\u00bb button_one_url=\u00a0\u00bbhttps:\/\/infotel-software.com\/fr\/demo\/\u00a0\u00bb header_image_url=\u00a0\u00bbhttps:\/\/infotel-software.com\/wp-content\/uploads\/2024\/11\/Page-DBIQ-QA-5.png\u00a0\u00bb _builder_version=\u00a0\u00bb4.27.4&Prime; _module_preset=\u00a0\u00bbdefault\u00a0\u00bb title_level=\u00a0\u00bbh3&Prime; title_text_align=\u00a0\u00bbleft\u00a0\u00bb title_text_color=\u00a0\u00bb#2ea3f2&Prime; content_text_color=\u00a0\u00bb#000000&Prime; background_enable_color=\u00a0\u00bboff\u00a0\u00bb custom_button_one=\u00a0\u00bbon\u00a0\u00bb button_one_text_color=\u00a0\u00bb#FFFFFF\u00a0\u00bb button_one_bg_color=\u00a0\u00bb#2ea3f2&Prime; custom_padding_tablet=\u00a0\u00bb\u00a0\u00bb custom_padding_phone=\u00a0\u00bb0px||||false|false\u00a0\u00bb custom_padding_last_edited=\u00a0\u00bbon|phone\u00a0\u00bb link_option_url_new_window=\u00a0\u00bbon\u00a0\u00bb hover_enabled=\u00a0\u00bb0&Prime; custom_css_free_form=\u00a0\u00bb.et_pb_bg_layout_dark h3 {||    text-align: left;||}||||.et_pb_fullwidth_header .et_pb_fullwidth_header_container .header-content a.et_pb_button {||    background-color:  #2ea3f2 !important;||    color: white !important;||}||||.et_pb_fullwidth_header .et_pb_fullwidth_header_container.right .header-content {||    text-align: left !important;||}\u00a0\u00bb global_colors_info=\u00a0\u00bb{}\u00a0\u00bb sticky_enabled=\u00a0\u00bb0&Prime;]<\/p>\n<div class=\"et_pb_module et_pb_text et_pb_text_2  et_pb_text_align_left et_pb_bg_layout_light\">\n<div class=\"et_pb_text_inner\">\n<p>Depuis Db2 for z\/OS v12, il est possible de <strong>stabiliser les chemins d\u2019acc\u00e8s<\/strong> des requ\u00eates <strong>SQL dynamiques<\/strong> mises en cache et ex\u00e9cut\u00e9es de mani\u00e8re r\u00e9p\u00e9t\u00e9e, afin d\u2019obtenir une <strong>stabilit\u00e9 de performance<\/strong> comparable \u00e0 celle des applications utilisant du <strong>SQL statique<\/strong>.<\/p>\n<p>La <strong>stabilisation de plan Db2<\/strong> (disponible \u00e0 partir de Db2 v12 et des versions suivantes) permet de transformer des <strong>requ\u00eates dynamiques<\/strong>, compil\u00e9es \u00e0 l\u2019ex\u00e9cution et dont les performances peuvent varier, en requ\u00eates <strong>statiques<\/strong> b\u00e9n\u00e9ficiant d\u2019un <strong>plan d\u2019ex\u00e9cution fig\u00e9<\/strong>.<\/p>\n<p>Cette fonctionnalit\u00e9 est particuli\u00e8rement utile dans les environnements o\u00f9 la <strong>pr\u00e9visibilit\u00e9 des performances<\/strong> est critique (banque, assurance, t\u00e9l\u00e9com). Le principal b\u00e9n\u00e9fice est clair : <strong>de meilleures performances et surtout une performance plus stable<\/strong>.<\/p>\n<p>Pour am\u00e9liorer les performances de votre Db2 for z\/OS, vous pouvez donc <strong>stabiliser certaines requ\u00eates pr\u00e9sentes dans le cache<\/strong>.<br \/>Reste une question essentielle : <strong>lesquelles ?<\/strong> Celles ex\u00e9cut\u00e9es tr\u00e8s fr\u00e9quemment, g\u00e9n\u00e9ralement \u2014 mais encore faut-il <strong>analyser et explorer le cache Db2<\/strong> pour les identifier.<\/p>\n<p><strong>DB\/IQ QA+<\/strong> offre une approche simple et intuitive pour <strong>stabiliser vos requ\u00eates dynamiques<\/strong> via une interface conviviale. L\u2019outil permet au DBA de <strong>parcourir le cache Db2<\/strong> (requ\u00eates avec statistiques d\u2019ex\u00e9cution) et de <strong>s\u00e9lectionner facilement les statements \u00e0 stabiliser<\/strong>.<\/p>\n<\/div>\n<\/div>\n<p>[\/et_pb_fullwidth_header][\/et_pb_section]<\/p>\n","protected":false},"excerpt":{"rendered":"<p>DB\/IQ QA+ est un module de la suite DB\/IQ d\u00e9di\u00e9 \u00e0 l\u2019optimisation et \u00e0 la stabilisation des requ\u00eates SQL dynamiques Db2 for z\/OS. Il permet d\u2019exploiter le cache dynamique Db2 (statistiques d\u2019ex\u00e9cution, fr\u00e9quence, consommation) pour identifier les requ\u00eates candidates et figer leurs plans d\u2019acc\u00e8s afin d\u2019obtenir des performances plus pr\u00e9visibles dans le temps. Exploration du [&hellip;]<\/p>\n","protected":false},"author":34,"featured_media":0,"parent":0,"menu_order":0,"comment_status":"closed","ping_status":"closed","template":"","meta":{"_et_pb_use_builder":"on","_et_pb_old_content":"<!-- wp:image {\"id\":11221,\"sizeSlug\":\"full\",\"linkDestination\":\"none\"} -->\r\n<figure class=\"wp-block-image size-full\"><img src=\"https:\/\/infotel-software.com\/wp-content\/uploads\/2022\/06\/PackMan-Triangle-500-500-420x420-1.png\" alt=\"\" class=\"wp-image-11221\"\/><\/figure>\r\n<!-- \/wp:image -->\r\n\r\n<!-- wp:heading -->\r\n<h2>Deep Clean Your Db2 Catalog to Improve Backups and REORGs<\/h2>\r\n<!-- \/wp:heading -->\r\n\r\n<!-- wp:paragraph -->\r\n<p>In today\u2019s high-paced mobile landscape where customers expect non-stop availability of applications, DevOps initiatives put pressure on development teams to roll out high-quality software with fast turnarounds and more frequent release cycles. In the sprint to build, test and deploy to tight deadlines and with countless changes being processed by the minute, overwhelmed teams don\u2019t have the bandwidth to consider the enormous build-up of packages inundating the Db2 Catalog \u2013 until that is, the clutter of unlinked modules delays subsystem services such as backups and REORGs.<\/p>\r\n<!-- \/wp:paragraph -->\r\n\r\n<!-- wp:paragraph -->\r\n<p>DB\/IQ Package Management (PackMan) helps manage the DevOps chaos by identifying redundant packages, removing them and reorganizing the Db2 Catalog. The result is a cleaner Db2 Catalog that is streamlined for more reliable application performance.<\/p>\r\n<!-- \/wp:paragraph -->\r\n\r\n<!-- wp:image {\"id\":11222,\"sizeSlug\":\"full\",\"linkDestination\":\"none\"} -->\r\n<figure class=\"wp-block-image size-full\"><img src=\"https:\/\/infotel-software.com\/wp-content\/uploads\/2022\/06\/einstein-infotel-420x420-1.png\" alt=\"\" class=\"wp-image-11222\"\/><\/figure>\r\n<!-- \/wp:image -->\r\n\r\n<!-- wp:heading -->\r\n<h2>With DB\/IQ PackMan, you can:<\/h2>\r\n<!-- \/wp:heading -->\r\n\r\n<!-- wp:list -->\r\n<ul><li>Clean up the Db2 Catalog by discarding non-required packages. An absolute must, when implementing Change Management Systems within the DevOps method<\/li><li>Prompt DBAs to easily build jobs and keep a clean and efficient Db2 Catalog<\/li><li>Avoid all potential -805\/-818 problems by determining inconsistencies between DBRMs, associated packages and load modules<\/li><li>Make migration to production systems secure by determining any inconsistencies, before the BIND process takes place<\/li><li>Maintain EXPLAIN tables down to the required minimum.<\/li><li>Improve BIND times<\/li><li>Recreate DBRM members or libraries from Catalog packages<\/li><li>Prevent unnecessary BIND by comparing a new DBRM with its predecessor version.<\/li><\/ul>\r\n<!-- \/wp:list -->\r\n\r\n<!-- wp:spacer {\"height\":\"10px\"} -->\r\n<div style=\"height:10px\" aria-hidden=\"true\" class=\"wp-block-spacer\"><\/div>\r\n<!-- \/wp:spacer -->","_et_gb_content_width":"1080","footnotes":""},"class_list":["post-26451","page","type-page","status-publish","hentry"],"yoast_head":"<!-- This site is optimized with the Yoast SEO plugin v27.1.1 - https:\/\/yoast.com\/product\/yoast-seo-wordpress\/ -->\n<title>Insoft Infotel | Experts in mainframe performance and optimization<\/title>\n<meta name=\"description\" content=\"Insoft Infotel helps customers thrive in the digital age with smart software solutions that optimize and improve z\/OS usage and costs.\" \/>\n<meta name=\"robots\" content=\"index, follow, max-snippet:-1, max-image-preview:large, max-video-preview:-1\" \/>\n<link rel=\"canonical\" href=\"https:\/\/infotel-software.com\/fr\/db-iq-quality-assurance\/\" \/>\n<meta property=\"og:locale\" content=\"fr_FR\" \/>\n<meta property=\"og:type\" content=\"article\" \/>\n<meta property=\"og:title\" content=\"Insoft Infotel | Experts in mainframe performance and optimization\" \/>\n<meta property=\"og:description\" content=\"Insoft Infotel helps customers thrive in the digital age with smart software solutions that optimize and improve z\/OS usage and costs.\" \/>\n<meta property=\"og:url\" content=\"https:\/\/infotel-software.com\/fr\/db-iq-quality-assurance\/\" \/>\n<meta property=\"og:site_name\" content=\"Infotel Software\" \/>\n<meta property=\"article:modified_time\" content=\"2026-02-17T13:13:20+00:00\" \/>\n<meta name=\"twitter:card\" content=\"summary_large_image\" \/>\n<meta name=\"twitter:label1\" content=\"Dur\u00e9e de lecture estim\u00e9e\" \/>\n\t<meta name=\"twitter:data1\" content=\"3 minutes\" \/>\n<script type=\"application\/ld+json\" class=\"yoast-schema-graph\">{\"@context\":\"https:\/\/schema.org\",\"@graph\":[{\"@type\":\"WebPage\",\"@id\":\"https:\/\/infotel-software.com\/fr\/db-iq-quality-assurance\/\",\"url\":\"https:\/\/infotel-software.com\/fr\/db-iq-quality-assurance\/\",\"name\":\"Insoft Infotel | Experts in mainframe performance and optimization\",\"isPartOf\":{\"@id\":\"https:\/\/infotel-software.com\/fr\/#website\"},\"datePublished\":\"2026-02-17T13:12:21+00:00\",\"dateModified\":\"2026-02-17T13:13:20+00:00\",\"description\":\"Insoft Infotel helps customers thrive in the digital age with smart software solutions that optimize and improve z\/OS usage and costs.\",\"breadcrumb\":{\"@id\":\"https:\/\/infotel-software.com\/fr\/db-iq-quality-assurance\/#breadcrumb\"},\"inLanguage\":\"fr-FR\",\"potentialAction\":[{\"@type\":\"ReadAction\",\"target\":[\"https:\/\/infotel-software.com\/fr\/db-iq-quality-assurance\/\"]}]},{\"@type\":\"BreadcrumbList\",\"@id\":\"https:\/\/infotel-software.com\/fr\/db-iq-quality-assurance\/#breadcrumb\",\"itemListElement\":[{\"@type\":\"ListItem\",\"position\":1,\"name\":\"Home\",\"item\":\"https:\/\/infotel-software.com\/fr\/\"},{\"@type\":\"ListItem\",\"position\":2,\"name\":\"DB\/IQ QA+\"}]},{\"@type\":\"WebSite\",\"@id\":\"https:\/\/infotel-software.com\/fr\/#website\",\"url\":\"https:\/\/infotel-software.com\/fr\/\",\"name\":\"Insoft Infotel\",\"description\":\"Maximize Performance, Optimize Costs\",\"publisher\":{\"@id\":\"https:\/\/infotel-software.com\/fr\/#organization\"},\"potentialAction\":[{\"@type\":\"SearchAction\",\"target\":{\"@type\":\"EntryPoint\",\"urlTemplate\":\"https:\/\/infotel-software.com\/fr\/?s={search_term_string}\"},\"query-input\":{\"@type\":\"PropertyValueSpecification\",\"valueRequired\":true,\"valueName\":\"search_term_string\"}}],\"inLanguage\":\"fr-FR\"},{\"@type\":\"Organization\",\"@id\":\"https:\/\/infotel-software.com\/fr\/#organization\",\"name\":\"Insoft Infotel\",\"url\":\"https:\/\/infotel-software.com\/fr\/\",\"logo\":{\"@type\":\"ImageObject\",\"inLanguage\":\"fr-FR\",\"@id\":\"https:\/\/infotel-software.com\/fr\/#\/schema\/logo\/image\/\",\"url\":\"https:\/\/infotel-software.com\/wp-content\/uploads\/2024\/06\/logo-insoft-infotel-1.png\",\"contentUrl\":\"https:\/\/infotel-software.com\/wp-content\/uploads\/2024\/06\/logo-insoft-infotel-1.png\",\"width\":1278,\"height\":358,\"caption\":\"Insoft Infotel\"},\"image\":{\"@id\":\"https:\/\/infotel-software.com\/fr\/#\/schema\/logo\/image\/\"}}]}<\/script>\n<!-- \/ Yoast SEO plugin. -->","yoast_head_json":{"title":"Insoft Infotel | Experts in mainframe performance and optimization","description":"Insoft Infotel helps customers thrive in the digital age with smart software solutions that optimize and improve z\/OS usage and costs.","robots":{"index":"index","follow":"follow","max-snippet":"max-snippet:-1","max-image-preview":"max-image-preview:large","max-video-preview":"max-video-preview:-1"},"canonical":"https:\/\/infotel-software.com\/fr\/db-iq-quality-assurance\/","og_locale":"fr_FR","og_type":"article","og_title":"Insoft Infotel | Experts in mainframe performance and optimization","og_description":"Insoft Infotel helps customers thrive in the digital age with smart software solutions that optimize and improve z\/OS usage and costs.","og_url":"https:\/\/infotel-software.com\/fr\/db-iq-quality-assurance\/","og_site_name":"Infotel Software","article_modified_time":"2026-02-17T13:13:20+00:00","twitter_card":"summary_large_image","twitter_misc":{"Dur\u00e9e de lecture estim\u00e9e":"3 minutes"},"schema":{"@context":"https:\/\/schema.org","@graph":[{"@type":"WebPage","@id":"https:\/\/infotel-software.com\/fr\/db-iq-quality-assurance\/","url":"https:\/\/infotel-software.com\/fr\/db-iq-quality-assurance\/","name":"Insoft Infotel | Experts in mainframe performance and optimization","isPartOf":{"@id":"https:\/\/infotel-software.com\/fr\/#website"},"datePublished":"2026-02-17T13:12:21+00:00","dateModified":"2026-02-17T13:13:20+00:00","description":"Insoft Infotel helps customers thrive in the digital age with smart software solutions that optimize and improve z\/OS usage and costs.","breadcrumb":{"@id":"https:\/\/infotel-software.com\/fr\/db-iq-quality-assurance\/#breadcrumb"},"inLanguage":"fr-FR","potentialAction":[{"@type":"ReadAction","target":["https:\/\/infotel-software.com\/fr\/db-iq-quality-assurance\/"]}]},{"@type":"BreadcrumbList","@id":"https:\/\/infotel-software.com\/fr\/db-iq-quality-assurance\/#breadcrumb","itemListElement":[{"@type":"ListItem","position":1,"name":"Home","item":"https:\/\/infotel-software.com\/fr\/"},{"@type":"ListItem","position":2,"name":"DB\/IQ QA+"}]},{"@type":"WebSite","@id":"https:\/\/infotel-software.com\/fr\/#website","url":"https:\/\/infotel-software.com\/fr\/","name":"Insoft Infotel","description":"Maximize Performance, Optimize Costs","publisher":{"@id":"https:\/\/infotel-software.com\/fr\/#organization"},"potentialAction":[{"@type":"SearchAction","target":{"@type":"EntryPoint","urlTemplate":"https:\/\/infotel-software.com\/fr\/?s={search_term_string}"},"query-input":{"@type":"PropertyValueSpecification","valueRequired":true,"valueName":"search_term_string"}}],"inLanguage":"fr-FR"},{"@type":"Organization","@id":"https:\/\/infotel-software.com\/fr\/#organization","name":"Insoft Infotel","url":"https:\/\/infotel-software.com\/fr\/","logo":{"@type":"ImageObject","inLanguage":"fr-FR","@id":"https:\/\/infotel-software.com\/fr\/#\/schema\/logo\/image\/","url":"https:\/\/infotel-software.com\/wp-content\/uploads\/2024\/06\/logo-insoft-infotel-1.png","contentUrl":"https:\/\/infotel-software.com\/wp-content\/uploads\/2024\/06\/logo-insoft-infotel-1.png","width":1278,"height":358,"caption":"Insoft Infotel"},"image":{"@id":"https:\/\/infotel-software.com\/fr\/#\/schema\/logo\/image\/"}}]}},"_links":{"self":[{"href":"https:\/\/infotel-software.com\/fr\/wp-json\/wp\/v2\/pages\/26451","targetHints":{"allow":["GET"]}}],"collection":[{"href":"https:\/\/infotel-software.com\/fr\/wp-json\/wp\/v2\/pages"}],"about":[{"href":"https:\/\/infotel-software.com\/fr\/wp-json\/wp\/v2\/types\/page"}],"author":[{"embeddable":true,"href":"https:\/\/infotel-software.com\/fr\/wp-json\/wp\/v2\/users\/34"}],"replies":[{"embeddable":true,"href":"https:\/\/infotel-software.com\/fr\/wp-json\/wp\/v2\/comments?post=26451"}],"version-history":[{"count":4,"href":"https:\/\/infotel-software.com\/fr\/wp-json\/wp\/v2\/pages\/26451\/revisions"}],"predecessor-version":[{"id":26457,"href":"https:\/\/infotel-software.com\/fr\/wp-json\/wp\/v2\/pages\/26451\/revisions\/26457"}],"wp:attachment":[{"href":"https:\/\/infotel-software.com\/fr\/wp-json\/wp\/v2\/media?parent=26451"}],"curies":[{"name":"wp","href":"https:\/\/api.w.org\/{rel}","templated":true}]}}